{"id":15933,"date":"2023-06-22T08:28:28","date_gmt":"2023-06-22T08:28:28","guid":{"rendered":"http:\/\/discoveralmunecar.com\/?page_id=15933"},"modified":"2023-06-22T08:28:28","modified_gmt":"2023-06-22T08:28:28","slug":"straende-von-almunecar","status":"publish","type":"page","link":"https:\/\/discoveralmunecar.com\/de\/straende-von-almunecar\/","title":{"rendered":"Die Str\u00e4nde von Almu\u00f1\u00e9car, ein St\u00fcck vom Paradies zu Ihren F\u00fc\u00dfen"},"content":{"rendered":"<p>[vc_row][vc_column][vc_single_image image=&#8221;15178&#8243; img_size=&#8221;full&#8221; add_caption=&#8221;yes&#8221;]      <div class=\"row\">\n        <div class=\"post-grid-view\">\n                  <div class=\"col-sm-6 post-19433 post type-post status-publish format-standard has-post-thumbnail hentry category-la-herradura-de category-straende-von-almunecar category-was-ist-zu-tun\">\n\n            <div class=\"tt-post type-2\">\n                      <a class=\"tt-post-img custom-hover\" href=\"https:\/\/discoveralmunecar.com\/de\/strand-von-cantarrijan\/\">\n      <img fetchpriority=\"high\" decoding=\"async\" width=\"537\" height=\"307\" src=\"https:\/\/discoveralmunecar.com\/wp-content\/uploads\/2023\/07\/C1-537x307.webp\" class=\"img-responsive wp-post-image\" alt=\"\" \/>    <\/a>\n                <div class=\"tt-post-info\">\n                                    <a class=\"tt-post-title c-h4\" href=\"https:\/\/discoveralmunecar.com\/de\/strand-von-cantarrijan\/\"><small>Strand von Cantarrij\u00e1n<\/small><\/a>\n                      <div class=\"tt-post-label\">\n                <\/div>\n                      <div class=\"simple-text\">\n      <p><\/p>\n    <\/div>\n                                    <\/div>\n            <\/div>\n            <div class=\"empty-space marg-xs-b30\"><\/div> \n          <\/div>\n            <div class=\"col-xs-6 col-sm-4 col-lg-2 post-handy-picked post-19374 post type-post status-publish format-standard has-post-thumbnail hentry category-straende-von-almunecar category-was-ist-zu-tun\">\n      <div class=\"tt-post type-3\">\n                <a class=\"tt-post-img custom-hover\" href=\"https:\/\/discoveralmunecar.com\/de\/mit-haustieren-nach-almunecar-reisen\/\">\n      <img decoding=\"async\" width=\"183\" height=\"96\" src=\"https:\/\/discoveralmunecar.com\/wp-content\/uploads\/2025\/05\/2-183x96.webp\" class=\"img-responsive wp-post-image\" alt=\"\" \/>    <\/a>\n            <div class=\"tt-post-info\">\n                <a class=\"tt-post-title c-h5\" href=\"https:\/\/discoveralmunecar.com\/de\/mit-haustieren-nach-almunecar-reisen\/\">Mit Haustieren nach Almu\u00f1\u00e9car reisen<\/a>\n                  <div class=\"tt-post-label\">\n              <span class=\"tt-post-author-name\"><a href=\"https:\/\/discoveralmunecar.com\/de\/author\/pedro-espinosa\/\">Admin<\/a><\/span>\n                    <span class=\"tt-post-date\">Juli 25, 2025<\/span>\n          <\/div>\n            <\/div>\n      <\/div> \n      <div class=\"empty-space marg-lg-b25\"><\/div>                 \n    <\/div>\n      <div class=\"col-xs-6 col-sm-4 col-lg-2 post-handy-picked post-19026 post type-post status-publish format-standard has-post-thumbnail hentry category-straende-von-almunecar category-was-ist-zu-tun\">\n      <div class=\"tt-post type-3\">\n                <a class=\"tt-post-img custom-hover\" href=\"https:\/\/discoveralmunecar.com\/de\/almunecar-und-seine-blauen-flaggen-qualitaet-und-schoenheit-an-jedem-strand\/\">\n      <img decoding=\"async\" width=\"183\" height=\"96\" src=\"https:\/\/discoveralmunecar.com\/wp-content\/uploads\/2025\/05\/Banderas@0.5x-183x96.webp\" class=\"img-responsive wp-post-image\" alt=\"\" \/>    <\/a>\n            <div class=\"tt-post-info\">\n                <a class=\"tt-post-title c-h5\" href=\"https:\/\/discoveralmunecar.com\/de\/almunecar-und-seine-blauen-flaggen-qualitaet-und-schoenheit-an-jedem-strand\/\">Almu\u00f1\u00e9car und seine \u201eBlauen Flaggen\u201c: Qualit\u00e4t und Sch\u00f6nheit an jedem Strand<\/a>\n                  <div class=\"tt-post-label\">\n              <span class=\"tt-post-author-name\"><a href=\"https:\/\/discoveralmunecar.com\/de\/author\/pedro-espinosa\/\">Admin<\/a><\/span>\n                    <span class=\"tt-post-date\">Juli 7, 2025<\/span>\n          <\/div>\n            <\/div>\n      <\/div> \n      <div class=\"empty-space marg-lg-b25\"><\/div>                 \n    <\/div>\n          <\/div>\n      <\/div>\n      \n  <div class=\"text-block\" ><div class=\"simple-text \"><p>Almu\u00f1\u00e9car, die \u00e4lteste Stadt am spanischen Mittelmeer, hat auch die meisten K\u00fcstenkilometer in der Provinz Granada, mit fast 20 Kilometern K\u00fcstenlinie, die sich auf 18 Str\u00e4nde verteilen, darunter die der Stadt selbst, La Herradura und Marina del Este.<\/p>\n<p>Von Westen nach Osten sind dies:<\/p>\n<ul>\n<li>Cantarrij\u00e1n.<\/li>\n<li>Calaiza.<\/li>\n<li>La Herradura.<\/li>\n<li>Los Berengueles.<\/li>\n<li>El Muerto.<\/li>\n<li>Cotobro.<\/li>\n<li>La Veintiuna.<\/li>\n<li>El Rinc\u00f3n de la China.<\/li>\n<li>San Crist\u00f3bal.<\/li>\n<li>Caletilla.<\/li>\n<li>Puerta del Mar.<\/li>\n<li>Velilla.<\/li>\n<li>El Tesorillo<\/li>\n<li>El Pozuelo.<\/li>\n<li>Calabaj\u00edo.<\/li>\n<li>Cabria.<\/li>\n<li>Curumbico.<\/li>\n<li>Barranco de En Medio.<\/li>\n<\/ul>\n<p>Und wenn man zu all dem noch die umfangreiche Geschichte, die Denkm\u00e4ler und andere Attraktionen der Stadt hinzuf\u00fcgt, kann man mit Sicherheit sagen, dass wir uns in der wichtigsten Touristengegend der Provinz Granada und einer der wichtigsten an der Costa del Sol Tropical befinden.<\/p>\n<p>Denn in Almu\u00f1\u00e9car finden wir alle Arten von Str\u00e4nden, von den st\u00e4dtischsten Str\u00e4nden mit allen Dienstleistungen bis hin zu den abgelegensten, wildesten und unber\u00fchrtesten, und alle mit fetten Chinesen. Dank dieser Vielfalt ist Almu\u00f1\u00e9car in der Lage, seinen Besuchern und Einwohnern jeden Tag eine neue Erfahrung zu bieten, so dass keine Langeweile aufkommen kann.<\/p>\n<p>Einige der Str\u00e4nde von Almu\u00f1\u00e9car und La Herradura sind kleine Buchten mit ruhigem Wasser, wie Calaiza oder Cabria, und andere sind lange Stadtstr\u00e4nde wie San Crist\u00f3bal, wo es alle Arten von touristischen Dienstleistungen, Strandbars f\u00fcr jeden Geschmack, eine Promenade, einen Wasserpark (Aquatropic), Gesch\u00e4fte, Restaurants, Hotels und Wohnungen, und wir finden, unter anderem, das Naturdenkmal der Pe\u00f1ones del Santo.<\/p>\n<p>Es gibt auch Platz f\u00fcr FKK-Str\u00e4nde wie El Muerto (Almu\u00f1\u00e9car) und Cantarrij\u00e1n (in La Herradura). Au\u00dferdem kann man an allen Str\u00e4nden verschiedene Wassersportarten aus\u00fcben, wie Gleitschirmfliegen, Drachenfliegen, Tauchen oder Angeln, wobei das Gebiet Cerro Gordo-Maro aufgrund seiner landschaftlichen Sch\u00f6nheit und seines Naturschutzes eine der wichtigsten touristischen Attraktionen der Gemeinde ist.<\/p>\n<p>Es ist auch erw\u00e4hnenswert, dass mehrere Str\u00e4nde von Almu\u00f1\u00e9car mit dem Q f\u00fcr Qualit\u00e4t ausgezeichnet sind, der h\u00f6chsten Auszeichnung, die das spanische Institut f\u00fcr Tourismusqualit\u00e4t (ICTE) vergibt, wie z.B.: Velilla, Puerta del Mar, San Crist\u00f3bal und La Herradura. Dar\u00fcber hinaus werden die Gew\u00e4sser stets sauber gehalten, da die Gemeindeverwaltung \u00fcber Reinigungsboote verf\u00fcgt, die t\u00e4glich entlang der K\u00fcste fahren.<\/p>\n<p>Besonders erw\u00e4hnenswert ist der Strand von La Herradura, ein kleines mediterranes Paradies, das zwischen den Felsen Punta de la Mona und Cerro Gordo eingebettet ist, die eine nat\u00fcrliche Bucht in Form eines Hufeisens bilden, daher der Name. Dieser Strand erstreckt sich \u00fcber eine L\u00e4nge von etwa zwei Kilometern. Dank seiner Lage ist er v\u00f6llig windgesch\u00fctzt, so dass in seiner Umgebung ein Mikroklima herrscht, das zu jeder Jahreszeit angenehm ist.<\/p>\n<p>Dar\u00fcber hinaus zeichnen sich der Strand von La Herradura und die umliegenden Buchten unter anderem durch ihren einzigartigen Meeresboden aus, auf dem wir bedeutende Posidonia-Wiesen und interessante Meeresarten entdecken k\u00f6nnen.<\/p>\n<p>Und zwischen Almu\u00f1\u00e9car und La Herradura liegt ein weiteres Paradies, Marina del Este, mit zwei Str\u00e4nden: Berenguel, der von Fischern mit Booten genutzt wird, aber fast keine Dienstleistungen bietet, und Punta de la Mona, der breiter ist und eine Strandbar und andere Dienstleistungen bietet. Es ist auch ein privilegierter Ort zum Tauchen und Schnorcheln dank der Felsen \u00fcber dem Meer, die diese Aktivit\u00e4t und die Beobachtung der gesamten umfangreichen Meeresfauna erleichtern.<\/p>\n<\/div><\/div>[\/vc_column][\/vc_row]<\/p>\n","protected":false},"excerpt":{"rendered":"<p>[vc_row][vc_column][vc_single_image image=&#8221;15178&#8243; img_size=&#8221;full&#8221; add_caption=&#8221;yes&#8221;][\/vc_column][\/vc_row]<\/p>\n","protected":false},"author":9,"featured_media":0,"parent":0,"menu_order":0,"comment_status":"closed","ping_status":"closed","template":"","meta":{"footnotes":""},"class_list":["post-15933","page","type-page","status-publish","hentry"],"yoast_head":"<!-- This site is optimized with the Yoast SEO plugin v27.3 - https:\/\/yoast.com\/product\/yoast-seo-wordpress\/ -->\n<title>Die Str\u00e4nde von Almu\u00f1\u00e9car, ein St\u00fcck vom Paradies zu Ihren F\u00fc\u00dfen -<\/title>\n<meta name=\"description\" content=\"W\u00e4hlen Sie zwischen den Str\u00e4nden von Almu\u00f1\u00e9car und verbringen Sie Ihre Zeit an einem Ort, an dem Sie sich wie im Paradies f\u00fchlen werden.\" \/>\n<meta name=\"robots\" content=\"index, follow, max-snippet:-1, max-image-preview:large, max-video-preview:-1\" \/>\n<link rel=\"canonical\" href=\"https:\/\/discoveralmunecar.com\/de\/straende-von-almunecar\/\" \/>\n<meta property=\"og:locale\" content=\"de_DE\" \/>\n<meta property=\"og:type\" content=\"article\" \/>\n<meta property=\"og:title\" content=\"Die Str\u00e4nde von Almu\u00f1\u00e9car, ein St\u00fcck vom Paradies zu Ihren F\u00fc\u00dfen -\" \/>\n<meta property=\"og:description\" content=\"W\u00e4hlen Sie zwischen den Str\u00e4nden von Almu\u00f1\u00e9car und verbringen Sie Ihre Zeit an einem Ort, an dem Sie sich wie im Paradies f\u00fchlen werden.\" \/>\n<meta property=\"og:url\" content=\"https:\/\/discoveralmunecar.com\/de\/straende-von-almunecar\/\" \/>\n<meta name=\"twitter:card\" content=\"summary_large_image\" \/>\n<meta name=\"twitter:label1\" content=\"Gesch\u00e4tzte Lesezeit\" \/>\n\t<meta name=\"twitter:data1\" content=\"3\u00a0Minuten\" \/>\n<script type=\"application\/ld+json\" class=\"yoast-schema-graph\">{\"@context\":\"https:\\\/\\\/schema.org\",\"@graph\":[{\"@type\":\"WebPage\",\"@id\":\"https:\\\/\\\/discoveralmunecar.com\\\/de\\\/straende-von-almunecar\\\/\",\"url\":\"https:\\\/\\\/discoveralmunecar.com\\\/de\\\/straende-von-almunecar\\\/\",\"name\":\"Die Str\u00e4nde von Almu\u00f1\u00e9car, ein St\u00fcck vom Paradies zu Ihren F\u00fc\u00dfen -\",\"isPartOf\":{\"@id\":\"https:\\\/\\\/discoveralmunecar.com\\\/de\\\/#website\"},\"datePublished\":\"2023-06-22T08:28:28+00:00\",\"description\":\"W\u00e4hlen Sie zwischen den Str\u00e4nden von Almu\u00f1\u00e9car und verbringen Sie Ihre Zeit an einem Ort, an dem Sie sich wie im Paradies f\u00fchlen werden.\",\"breadcrumb\":{\"@id\":\"https:\\\/\\\/discoveralmunecar.com\\\/de\\\/straende-von-almunecar\\\/#breadcrumb\"},\"inLanguage\":\"de\",\"potentialAction\":[{\"@type\":\"ReadAction\",\"target\":[\"https:\\\/\\\/discoveralmunecar.com\\\/de\\\/straende-von-almunecar\\\/\"]}]},{\"@type\":\"BreadcrumbList\",\"@id\":\"https:\\\/\\\/discoveralmunecar.com\\\/de\\\/straende-von-almunecar\\\/#breadcrumb\",\"itemListElement\":[{\"@type\":\"ListItem\",\"position\":1,\"name\":\"Home\",\"item\":\"https:\\\/\\\/discoveralmunecar.com\\\/de\\\/\"},{\"@type\":\"ListItem\",\"position\":2,\"name\":\"Die Str\u00e4nde von Almu\u00f1\u00e9car, ein St\u00fcck vom Paradies zu Ihren F\u00fc\u00dfen\"}]},{\"@type\":\"WebSite\",\"@id\":\"https:\\\/\\\/discoveralmunecar.com\\\/de\\\/#website\",\"url\":\"https:\\\/\\\/discoveralmunecar.com\\\/de\\\/\",\"name\":\"\",\"description\":\"Just another WordPress site\\n\",\"potentialAction\":[{\"@type\":\"SearchAction\",\"target\":{\"@type\":\"EntryPoint\",\"urlTemplate\":\"https:\\\/\\\/discoveralmunecar.com\\\/de\\\/?s={search_term_string}\"},\"query-input\":{\"@type\":\"PropertyValueSpecification\",\"valueRequired\":true,\"valueName\":\"search_term_string\"}}],\"inLanguage\":\"de\"}]}<\/script>\n<!-- \/ Yoast SEO plugin. -->","yoast_head_json":{"title":"Die Str\u00e4nde von Almu\u00f1\u00e9car, ein St\u00fcck vom Paradies zu Ihren F\u00fc\u00dfen -","description":"W\u00e4hlen Sie zwischen den Str\u00e4nden von Almu\u00f1\u00e9car und verbringen Sie Ihre Zeit an einem Ort, an dem Sie sich wie im Paradies f\u00fchlen werden.","robots":{"index":"index","follow":"follow","max-snippet":"max-snippet:-1","max-image-preview":"max-image-preview:large","max-video-preview":"max-video-preview:-1"},"canonical":"https:\/\/discoveralmunecar.com\/de\/straende-von-almunecar\/","og_locale":"de_DE","og_type":"article","og_title":"Die Str\u00e4nde von Almu\u00f1\u00e9car, ein St\u00fcck vom Paradies zu Ihren F\u00fc\u00dfen -","og_description":"W\u00e4hlen Sie zwischen den Str\u00e4nden von Almu\u00f1\u00e9car und verbringen Sie Ihre Zeit an einem Ort, an dem Sie sich wie im Paradies f\u00fchlen werden.","og_url":"https:\/\/discoveralmunecar.com\/de\/straende-von-almunecar\/","twitter_card":"summary_large_image","twitter_misc":{"Gesch\u00e4tzte Lesezeit":"3\u00a0Minuten"},"schema":{"@context":"https:\/\/schema.org","@graph":[{"@type":"WebPage","@id":"https:\/\/discoveralmunecar.com\/de\/straende-von-almunecar\/","url":"https:\/\/discoveralmunecar.com\/de\/straende-von-almunecar\/","name":"Die Str\u00e4nde von Almu\u00f1\u00e9car, ein St\u00fcck vom Paradies zu Ihren F\u00fc\u00dfen -","isPartOf":{"@id":"https:\/\/discoveralmunecar.com\/de\/#website"},"datePublished":"2023-06-22T08:28:28+00:00","description":"W\u00e4hlen Sie zwischen den Str\u00e4nden von Almu\u00f1\u00e9car und verbringen Sie Ihre Zeit an einem Ort, an dem Sie sich wie im Paradies f\u00fchlen werden.","breadcrumb":{"@id":"https:\/\/discoveralmunecar.com\/de\/straende-von-almunecar\/#breadcrumb"},"inLanguage":"de","potentialAction":[{"@type":"ReadAction","target":["https:\/\/discoveralmunecar.com\/de\/straende-von-almunecar\/"]}]},{"@type":"BreadcrumbList","@id":"https:\/\/discoveralmunecar.com\/de\/straende-von-almunecar\/#breadcrumb","itemListElement":[{"@type":"ListItem","position":1,"name":"Home","item":"https:\/\/discoveralmunecar.com\/de\/"},{"@type":"ListItem","position":2,"name":"Die Str\u00e4nde von Almu\u00f1\u00e9car, ein St\u00fcck vom Paradies zu Ihren F\u00fc\u00dfen"}]},{"@type":"WebSite","@id":"https:\/\/discoveralmunecar.com\/de\/#website","url":"https:\/\/discoveralmunecar.com\/de\/","name":"","description":"Just another WordPress site\n","potentialAction":[{"@type":"SearchAction","target":{"@type":"EntryPoint","urlTemplate":"https:\/\/discoveralmunecar.com\/de\/?s={search_term_string}"},"query-input":{"@type":"PropertyValueSpecification","valueRequired":true,"valueName":"search_term_string"}}],"inLanguage":"de"}]}},"_links":{"self":[{"href":"https:\/\/discoveralmunecar.com\/de\/wp-json\/wp\/v2\/pages\/15933","targetHints":{"allow":["GET"]}}],"collection":[{"href":"https:\/\/discoveralmunecar.com\/de\/wp-json\/wp\/v2\/pages"}],"about":[{"href":"https:\/\/discoveralmunecar.com\/de\/wp-json\/wp\/v2\/types\/page"}],"author":[{"embeddable":true,"href":"https:\/\/discoveralmunecar.com\/de\/wp-json\/wp\/v2\/users\/9"}],"replies":[{"embeddable":true,"href":"https:\/\/discoveralmunecar.com\/de\/wp-json\/wp\/v2\/comments?post=15933"}],"version-history":[{"count":2,"href":"https:\/\/discoveralmunecar.com\/de\/wp-json\/wp\/v2\/pages\/15933\/revisions"}],"predecessor-version":[{"id":15935,"href":"https:\/\/discoveralmunecar.com\/de\/wp-json\/wp\/v2\/pages\/15933\/revisions\/15935"}],"wp:attachment":[{"href":"https:\/\/discoveralmunecar.com\/de\/wp-json\/wp\/v2\/media?parent=15933"}],"curies":[{"name":"wp","href":"https:\/\/api.w.org\/{rel}","templated":true}]}}