{"id":15939,"date":"2023-06-22T09:41:51","date_gmt":"2023-06-22T09:41:51","guid":{"rendered":"http:\/\/discoveralmunecar.com\/?page_id=15939"},"modified":"2023-06-22T09:47:18","modified_gmt":"2023-06-22T09:47:18","slug":"kultur-aus-almunecar","status":"publish","type":"page","link":"https:\/\/discoveralmunecar.com\/de\/kultur-aus-almunecar\/","title":{"rendered":"Kultur aus Almu\u00f1ecar"},"content":{"rendered":"<p>[vc_row][vc_column][vc_custom_heading text=&#8221;Culture from Almu\u00f1ecar, get to know our city through traditions and customs!&#8221; font_container=&#8221;tag:h1|font_size:27|text_align:left&#8221; use_theme_fonts=&#8221;yes&#8221;][vc_empty_space][vc_row_inner][vc_column_inner]<div class=\"text-block\" ><div class=\"simple-text \"><p>Lernen Sie die Kultur der Stadt Almu\u00f1ecar durch unsere ausf\u00fchrlichen Artikel kennen: Geschichte, Veranstaltungen, Feste und bald auch die kulturelle Agenda.<\/p>\n<p>Auf diese Weise k\u00f6nnen Sie nicht nur in die Vergangenheit der Stadt eintauchen, sondern auch in unser t\u00e4gliches Leben, so dass Sie Ihre sexitanische Erfahrung wie ein B\u00fcrger leben k\u00f6nnen.<\/p>\n<p>Entdecken Sie auch den Ursprung des Namens der Stadt, die Museen und die Geheimnisse unserer Traditionen. Auf diese Weise werden Sie die M\u00f6glichkeit haben, Ihre Reise oder Ihren Spaziergang durch Almu\u00f1ecar mit einem Wissen aus erster Hand zu erg\u00e4nzen, das in Ihnen die Neugierde wecken wird, unsere sch\u00f6ne Stadt weiter zu besuchen.<\/p>\n<p>Kommen Sie mit, die Kultur wartet auf Sie!<\/p>\n<\/div><\/div>[\/vc_column_inner][\/vc_row_inner][vc_empty_space][\/vc_column][\/vc_row][vc_row][vc_column][vc_row_inner][vc_column_inner][vc_custom_heading text=&#8221;Geschichte von Almu\u00f1ecar&#8221; font_container=&#8221;tag:h2|font_size:22|text_align:left&#8221; use_theme_fonts=&#8221;yes&#8221; link=&#8221;url:%2Fhistory-of-almunecar%2F|title:History%20of%20Almu%C3%B1%C3%A9car|target:_blank&#8221;][\/vc_column_inner][\/vc_row_inner][vc_empty_space]      <div class=\"row\">\n        <div class=\"post-grid-view\">\n                      <div class=\"col-xs-6 col-sm-4 col-lg-2 post-handy-picked post-19096 post type-post status-publish format-standard has-post-thumbnail hentry category-geschichte-von-almunecar category-kultur-in-almunecar category-kulturprogramm-von-almunecar category-veranstaltungen-in-almunecar\">\n      <div class=\"tt-post type-3\">\n                <a class=\"tt-post-img custom-hover\" href=\"https:\/\/discoveralmunecar.com\/de\/fest-der-jungfrau-von-carmen-in-almunecar\/\">\n      <img decoding=\"async\" width=\"183\" height=\"96\" src=\"https:\/\/discoveralmunecar.com\/wp-content\/uploads\/2025\/05\/Virgen-del-Carmen@0.5x-183x96.webp\" class=\"img-responsive wp-post-image\" alt=\"\" \/>    <\/a>\n            <div class=\"tt-post-info\">\n                <a class=\"tt-post-title c-h5\" href=\"https:\/\/discoveralmunecar.com\/de\/fest-der-jungfrau-von-carmen-in-almunecar\/\">Fest der Jungfrau von Carmen in Almu\u00f1\u00e9car<\/a>\n                  <div class=\"tt-post-label\">\n              <span class=\"tt-post-author-name\"><a href=\"https:\/\/discoveralmunecar.com\/de\/author\/pedro-espinosa\/\">Admin<\/a><\/span>\n                    <span class=\"tt-post-date\">Juli 15, 2025<\/span>\n          <\/div>\n            <\/div>\n      <\/div> \n      <div class=\"empty-space marg-lg-b25\"><\/div>                 \n    <\/div>\n                        <div class=\"col-xs-6 col-sm-4 col-lg-2 post-handy-picked post-18202 post type-post status-publish format-standard has-post-thumbnail hentry category-geschichte-von-almunecar category-kultur-in-almunecar category-kulturprogramm-von-almunecar\">\n      <div class=\"tt-post type-3\">\n                <a class=\"tt-post-img custom-hover\" href=\"https:\/\/discoveralmunecar.com\/de\/der-tag-des-kreuzes-in-almunecar\/\">\n      <img decoding=\"async\" width=\"183\" height=\"96\" src=\"https:\/\/discoveralmunecar.com\/wp-content\/uploads\/2025\/04\/20230504-_1170647Cruces-2023@0.5x-183x96.webp\" class=\"img-responsive wp-post-image\" alt=\"\" \/>    <\/a>\n            <div class=\"tt-post-info\">\n                <a class=\"tt-post-title c-h5\" href=\"https:\/\/discoveralmunecar.com\/de\/der-tag-des-kreuzes-in-almunecar\/\">Der Tag des Kreuzes in Almu\u00f1\u00e9car<\/a>\n                  <div class=\"tt-post-label\">\n              <span class=\"tt-post-author-name\"><a href=\"https:\/\/discoveralmunecar.com\/de\/author\/pedro-espinosa\/\">Admin<\/a><\/span>\n                    <span class=\"tt-post-date\">April 29, 2025<\/span>\n          <\/div>\n            <\/div>\n      <\/div> \n      <div class=\"empty-space marg-lg-b25\"><\/div>                 \n    <\/div>\n                        <div class=\"col-xs-6 col-sm-4 col-lg-2 post-handy-picked post-17510 post type-post status-publish format-standard has-post-thumbnail hentry category-geschichte-von-almunecar category-kultur-in-almunecar category-la-herradura-de category-veranstaltungen-in-almunecar\">\n      <div class=\"tt-post type-3\">\n                <a class=\"tt-post-img custom-hover\" href=\"https:\/\/discoveralmunecar.com\/de\/geschichte-der-feier-des-maikreuzes-2024\/\">\n      <img decoding=\"async\" width=\"183\" height=\"96\" src=\"https:\/\/discoveralmunecar.com\/wp-content\/uploads\/2024\/04\/Cruz-2-183x96.webp\" class=\"img-responsive wp-post-image\" alt=\"\" \/>    <\/a>\n            <div class=\"tt-post-info\">\n                <a class=\"tt-post-title c-h5\" href=\"https:\/\/discoveralmunecar.com\/de\/geschichte-der-feier-des-maikreuzes-2024\/\">Geschichte der Feier des Maikreuzes 2024<\/a>\n                  <div class=\"tt-post-label\">\n              <span class=\"tt-post-author-name\"><a href=\"https:\/\/discoveralmunecar.com\/de\/author\/pedro-espinosa\/\">Admin<\/a><\/span>\n                    <span class=\"tt-post-date\">Mai 3, 2024<\/span>\n          <\/div>\n            <\/div>\n      <\/div> \n      <div class=\"empty-space marg-lg-b25\"><\/div>                 \n    <\/div>\n                  <\/div>\n      <\/div>\n      \n  [vc_empty_space][vc_separator color=&#8221;turquoise&#8221;][\/vc_column][\/vc_row][vc_row][vc_column][vc_row_inner][vc_column_inner][vc_custom_heading text=&#8221;Museen und Denkm\u00e4ler aus Almu\u00f1ecar&#8221; font_container=&#8221;tag:h2|font_size:22|text_align:left&#8221; use_theme_fonts=&#8221;yes&#8221; link=&#8221;url:%2Fmuseums-and-monuments-in-almunecar-and-la-herradura%2F|title:Museums%20and%20monuments%20in%20Almu%C3%B1%C3%A9car%20and%20La%20Herradura|target:_blank&#8221;][\/vc_column_inner][\/vc_row_inner][vc_empty_space]      <div class=\"row\">\n        <div class=\"post-grid-view\">\n                <\/div>\n      <\/div>\n      \n  [vc_empty_space][vc_separator color=&#8221;turquoise&#8221;][\/vc_column][\/vc_row][vc_row][vc_column][vc_row_inner][vc_column_inner][vc_custom_heading text=&#8221;Festlichkeiten aus Almu\u00f1\u00e9car&#8221; font_container=&#8221;tag:h2|font_size:22|text_align:left&#8221; use_theme_fonts=&#8221;yes&#8221; link=&#8221;url:%2Ffestivities-of-almunecar%2F|title:Festivities%20of%20Almu%C3%B1ecar%2C%20feel%20like%20a%20local%20and%20enjoy%20our%20traditions|target:_blank&#8221;][\/vc_column_inner][\/vc_row_inner][vc_empty_space]      <div class=\"row\">\n        <div class=\"post-grid-view\">\n                      <div class=\"col-xs-6 col-sm-4 col-lg-2 post-handy-picked post-20274 post type-post status-publish format-standard has-post-thumbnail hentry category-kultur-in-almunecar category-kulturprogramm-von-almunecar category-la-herradura-de category-lokale-feste-in-almunecar category-veranstaltungen-in-almunecar\">\n      <div class=\"tt-post type-3\">\n                <a class=\"tt-post-img custom-hover\" href=\"https:\/\/discoveralmunecar.com\/de\/san-jose-fest-2026-in-la-herradura-programm-konzerte-und-prozession\/\">\n      <img loading=\"lazy\" decoding=\"async\" width=\"183\" height=\"96\" src=\"https:\/\/discoveralmunecar.com\/wp-content\/uploads\/2026\/03\/San-Jose2-183x96.webp\" class=\"img-responsive wp-post-image\" alt=\"\" \/>    <\/a>\n            <div class=\"tt-post-info\">\n                <a class=\"tt-post-title c-h5\" href=\"https:\/\/discoveralmunecar.com\/de\/san-jose-fest-2026-in-la-herradura-programm-konzerte-und-prozession\/\">San-Jos\u00e9-Fest 2026 in La Herradura: Programm, Konzerte und Prozession<\/a>\n                  <div class=\"tt-post-label\">\n              <span class=\"tt-post-author-name\"><a href=\"https:\/\/discoveralmunecar.com\/de\/author\/pedro-espinosa\/\">Admin<\/a><\/span>\n                    <span class=\"tt-post-date\">M\u00e4rz 11, 2026<\/span>\n          <\/div>\n            <\/div>\n      <\/div> \n      <div class=\"empty-space marg-lg-b25\"><\/div>                 \n    <\/div>\n                        <div class=\"col-xs-6 col-sm-4 col-lg-2 post-handy-picked post-17716 post type-post status-publish format-standard has-post-thumbnail hentry category-kultur-in-almunecar category-kulturprogramm-von-almunecar category-la-herradura-de category-lokale-feste-in-almunecar category-veranstaltungen-in-almunecar category-was-ist-zu-tun\">\n      <div class=\"tt-post type-3\">\n                <a class=\"tt-post-img custom-hover\" href=\"https:\/\/discoveralmunecar.com\/de\/die-magische-nacht-von-san-juan-in-almunecar-2024\/\">\n      <img loading=\"lazy\" decoding=\"async\" width=\"183\" height=\"96\" src=\"https:\/\/discoveralmunecar.com\/wp-content\/uploads\/2024\/06\/1170265-RW2_DxO_DeepPRIME@0.5x-183x96.webp\" class=\"img-responsive wp-post-image\" alt=\"\" \/>    <\/a>\n            <div class=\"tt-post-info\">\n                <a class=\"tt-post-title c-h5\" href=\"https:\/\/discoveralmunecar.com\/de\/die-magische-nacht-von-san-juan-in-almunecar-2024\/\">Die magische Nacht von San Juan in Almu\u00f1\u00e9car 2024<\/a>\n                  <div class=\"tt-post-label\">\n              <span class=\"tt-post-author-name\"><a href=\"https:\/\/discoveralmunecar.com\/de\/author\/pedro-espinosa\/\">Admin<\/a><\/span>\n                    <span class=\"tt-post-date\">Juni 21, 2024<\/span>\n          <\/div>\n            <\/div>\n      <\/div> \n      <div class=\"empty-space marg-lg-b25\"><\/div>                 \n    <\/div>\n                        <div class=\"col-xs-6 col-sm-4 col-lg-2 post-handy-picked post-17274 post type-post status-publish format-standard has-post-thumbnail hentry category-lokale-feste-in-almunecar category-veranstaltungen-in-almunecar\">\n      <div class=\"tt-post type-3\">\n                <a class=\"tt-post-img custom-hover\" href=\"https:\/\/discoveralmunecar.com\/de\/san-miguel-feierlichkeiten-2023-in-almunecar\/\">\n      <img loading=\"lazy\" decoding=\"async\" width=\"183\" height=\"96\" src=\"https:\/\/discoveralmunecar.com\/wp-content\/uploads\/2023\/09\/1150736-RW2_DxO_DeepPRIME-183x96.webp\" class=\"img-responsive wp-post-image\" alt=\"\" \/>    <\/a>\n            <div class=\"tt-post-info\">\n                <a class=\"tt-post-title c-h5\" href=\"https:\/\/discoveralmunecar.com\/de\/san-miguel-feierlichkeiten-2023-in-almunecar\/\">San-Miguel-Feierlichkeiten 2023 in Almu\u00f1\u00e9car<\/a>\n                  <div class=\"tt-post-label\">\n              <span class=\"tt-post-author-name\"><a href=\"https:\/\/discoveralmunecar.com\/de\/author\/pedro-espinosa\/\">Admin<\/a><\/span>\n                    <span class=\"tt-post-date\">September 28, 2023<\/span>\n          <\/div>\n            <\/div>\n      <\/div> \n      <div class=\"empty-space marg-lg-b25\"><\/div>                 \n    <\/div>\n                        <div class=\"col-xs-6 col-sm-4 col-lg-2 post-handy-picked post-17151 post type-post status-publish format-standard has-post-thumbnail hentry category-lokale-feste-in-almunecar category-was-ist-zu-tun\">\n      <div class=\"tt-post type-3\">\n                <a class=\"tt-post-img custom-hover\" href=\"https:\/\/discoveralmunecar.com\/de\/feuerwerk-in-almunecar-2023\/\">\n      <img loading=\"lazy\" decoding=\"async\" width=\"183\" height=\"96\" src=\"https:\/\/discoveralmunecar.com\/wp-content\/uploads\/2021\/04\/Almun\u0303e\u0301car-Castillo-de-Fuegos-183x96.webp\" class=\"img-responsive wp-post-image\" alt=\"\" \/>    <\/a>\n            <div class=\"tt-post-info\">\n                <a class=\"tt-post-title c-h5\" href=\"https:\/\/discoveralmunecar.com\/de\/feuerwerk-in-almunecar-2023\/\">Feuerwerk in Almu\u00f1ecar 2023<\/a>\n                  <div class=\"tt-post-label\">\n              <span class=\"tt-post-author-name\"><a href=\"https:\/\/discoveralmunecar.com\/de\/author\/pedro-espinosa\/\">Admin<\/a><\/span>\n                    <span class=\"tt-post-date\">August 10, 2023<\/span>\n          <\/div>\n            <\/div>\n      <\/div> \n      <div class=\"empty-space marg-lg-b25\"><\/div>                 \n    <\/div>\n                  <\/div>\n      <\/div>\n      \n  [vc_empty_space][vc_separator color=&#8221;turquoise&#8221;][\/vc_column][\/vc_row]<\/p>\n","protected":false},"excerpt":{"rendered":"<p>[vc_row][vc_column][vc_custom_heading text=&#8221;Culture from Almu\u00f1ecar, get to know our city through traditions and customs!&#8221; font_container=&#8221;tag:h1|font_size:27|text_align:left&#8221; use_theme_fonts=&#8221;yes&#8221;][vc_empty_space][vc_row_inner][vc_column_inner][\/vc_column_inner][\/vc_row_inner][vc_empty_space][\/vc_column][\/vc_row][vc_row][vc_column][vc_row_inner][vc_column_inner][vc_custom_heading text=&#8221;Geschichte von Almu\u00f1ecar&#8221; font_container=&#8221;tag:h2|font_size:22|text_align:left&#8221; use_theme_fonts=&#8221;yes&#8221; link=&#8221;url:%2Fhistory-of-almunecar%2F|title:History%20of%20Almu%C3%B1%C3%A9car|target:_blank&#8221;][\/vc_column_inner][\/vc_row_inner][vc_empty_space][vc_empty_space][vc_separator color=&#8221;turquoise&#8221;][\/vc_column][\/vc_row][vc_row][vc_column][vc_row_inner][vc_column_inner][vc_custom_heading text=&#8221;Museen und Denkm\u00e4ler aus Almu\u00f1ecar&#8221; font_container=&#8221;tag:h2|font_size:22|text_align:left&#8221; use_theme_fonts=&#8221;yes&#8221; link=&#8221;url:%2Fmuseums-and-monuments-in-almunecar-and-la-herradura%2F|title:Museums%20and%20monuments%20in%20Almu%C3%B1%C3%A9car%20and%20La%20Herradura|target:_blank&#8221;][\/vc_column_inner][\/vc_row_inner][vc_empty_space][vc_empty_space][vc_separator color=&#8221;turquoise&#8221;][\/vc_column][\/vc_row][vc_row][vc_column][vc_row_inner][vc_column_inner][vc_custom_heading text=&#8221;Festlichkeiten aus Almu\u00f1\u00e9car&#8221; font_container=&#8221;tag:h2|font_size:22|text_align:left&#8221; use_theme_fonts=&#8221;yes&#8221; link=&#8221;url:%2Ffestivities-of-almunecar%2F|title:Festivities%20of%20Almu%C3%B1ecar%2C%20feel%20like%20a%20local%20and%20enjoy%20our%20traditions|target:_blank&#8221;][\/vc_column_inner][\/vc_row_inner][vc_empty_space][vc_empty_space][vc_separator color=&#8221;turquoise&#8221;][\/vc_column][\/vc_row]<\/p>\n","protected":false},"author":9,"featured_media":0,"parent":0,"menu_order":0,"comment_status":"closed","ping_status":"closed","template":"","meta":{"footnotes":""},"class_list":["post-15939","page","type-page","status-publish","hentry"],"yoast_head":"<!-- This site is optimized with the Yoast SEO plugin v27.3 - https:\/\/yoast.com\/product\/yoast-seo-wordpress\/ -->\n<title>Kultur aus Almu\u00f1ecar -<\/title>\n<meta name=\"robots\" content=\"index, follow, max-snippet:-1, max-image-preview:large, max-video-preview:-1\" \/>\n<link rel=\"canonical\" href=\"https:\/\/discoveralmunecar.com\/de\/kultur-aus-almunecar\/\" \/>\n<meta property=\"og:locale\" content=\"de_DE\" \/>\n<meta property=\"og:type\" content=\"article\" \/>\n<meta property=\"og:title\" content=\"Kultur aus Almu\u00f1ecar -\" \/>\n<meta property=\"og:description\" content=\"[vc_row][vc_column][vc_custom_heading text=&#8221;Culture from Almu\u00f1ecar, get to know our city through traditions and customs!&#8221; font_container=&#8221;tag:h1|font_size:27|text_align:left&#8221; use_theme_fonts=&#8221;yes&#8221;][vc_empty_space][vc_row_inner][vc_column_inner][\/vc_column_inner][\/vc_row_inner][vc_empty_space][\/vc_column][\/vc_row][vc_row][vc_column][vc_row_inner][vc_column_inner][vc_custom_heading text=&#8221;Geschichte von Almu\u00f1ecar&#8221; font_container=&#8221;tag:h2|font_size:22|text_align:left&#8221; use_theme_fonts=&#8221;yes&#8221; link=&#8221;url:%2Fhistory-of-almunecar%2F|title:History%20of%20Almu%C3%B1%C3%A9car|target:_blank&#8221;][\/vc_column_inner][\/vc_row_inner][vc_empty_space][vc_empty_space][vc_separator color=&#8221;turquoise&#8221;][\/vc_column][\/vc_row][vc_row][vc_column][vc_row_inner][vc_column_inner][vc_custom_heading text=&#8221;Museen und Denkm\u00e4ler aus Almu\u00f1ecar&#8221; font_container=&#8221;tag:h2|font_size:22|text_align:left&#8221; use_theme_fonts=&#8221;yes&#8221; link=&#8221;url:%2Fmuseums-and-monuments-in-almunecar-and-la-herradura%2F|title:Museums%20and%20monuments%20in%20Almu%C3%B1%C3%A9car%20and%20La%20Herradura|target:_blank&#8221;][\/vc_column_inner][\/vc_row_inner][vc_empty_space][vc_empty_space][vc_separator color=&#8221;turquoise&#8221;][\/vc_column][\/vc_row][vc_row][vc_column][vc_row_inner][vc_column_inner][vc_custom_heading text=&#8221;Festlichkeiten aus Almu\u00f1\u00e9car&#8221; font_container=&#8221;tag:h2|font_size:22|text_align:left&#8221; use_theme_fonts=&#8221;yes&#8221; link=&#8221;url:%2Ffestivities-of-almunecar%2F|title:Festivities%20of%20Almu%C3%B1ecar%2C%20feel%20like%20a%20local%20and%20enjoy%20our%20traditions|target:_blank&#8221;][\/vc_column_inner][\/vc_row_inner][vc_empty_space][vc_empty_space][vc_separator color=&#8221;turquoise&#8221;][\/vc_column][\/vc_row]\" \/>\n<meta property=\"og:url\" content=\"https:\/\/discoveralmunecar.com\/de\/kultur-aus-almunecar\/\" \/>\n<meta property=\"article:modified_time\" content=\"2023-06-22T09:47:18+00:00\" \/>\n<meta name=\"twitter:card\" content=\"summary_large_image\" \/>\n<meta name=\"twitter:label1\" content=\"Gesch\u00e4tzte Lesezeit\" \/>\n\t<meta name=\"twitter:data1\" content=\"1\u00a0Minute\" \/>\n<script type=\"application\/ld+json\" class=\"yoast-schema-graph\">{\"@context\":\"https:\\\/\\\/schema.org\",\"@graph\":[{\"@type\":\"WebPage\",\"@id\":\"https:\\\/\\\/discoveralmunecar.com\\\/de\\\/kultur-aus-almunecar\\\/\",\"url\":\"https:\\\/\\\/discoveralmunecar.com\\\/de\\\/kultur-aus-almunecar\\\/\",\"name\":\"Kultur aus Almu\u00f1ecar -\",\"isPartOf\":{\"@id\":\"https:\\\/\\\/discoveralmunecar.com\\\/de\\\/#website\"},\"datePublished\":\"2023-06-22T09:41:51+00:00\",\"dateModified\":\"2023-06-22T09:47:18+00:00\",\"breadcrumb\":{\"@id\":\"https:\\\/\\\/discoveralmunecar.com\\\/de\\\/kultur-aus-almunecar\\\/#breadcrumb\"},\"inLanguage\":\"de\",\"potentialAction\":[{\"@type\":\"ReadAction\",\"target\":[\"https:\\\/\\\/discoveralmunecar.com\\\/de\\\/kultur-aus-almunecar\\\/\"]}]},{\"@type\":\"BreadcrumbList\",\"@id\":\"https:\\\/\\\/discoveralmunecar.com\\\/de\\\/kultur-aus-almunecar\\\/#breadcrumb\",\"itemListElement\":[{\"@type\":\"ListItem\",\"position\":1,\"name\":\"Home\",\"item\":\"https:\\\/\\\/discoveralmunecar.com\\\/de\\\/\"},{\"@type\":\"ListItem\",\"position\":2,\"name\":\"Kultur aus Almu\u00f1ecar\"}]},{\"@type\":\"WebSite\",\"@id\":\"https:\\\/\\\/discoveralmunecar.com\\\/de\\\/#website\",\"url\":\"https:\\\/\\\/discoveralmunecar.com\\\/de\\\/\",\"name\":\"\",\"description\":\"Just another WordPress site\\n\",\"potentialAction\":[{\"@type\":\"SearchAction\",\"target\":{\"@type\":\"EntryPoint\",\"urlTemplate\":\"https:\\\/\\\/discoveralmunecar.com\\\/de\\\/?s={search_term_string}\"},\"query-input\":{\"@type\":\"PropertyValueSpecification\",\"valueRequired\":true,\"valueName\":\"search_term_string\"}}],\"inLanguage\":\"de\"}]}<\/script>\n<!-- \/ Yoast SEO plugin. -->","yoast_head_json":{"title":"Kultur aus Almu\u00f1ecar -","robots":{"index":"index","follow":"follow","max-snippet":"max-snippet:-1","max-image-preview":"max-image-preview:large","max-video-preview":"max-video-preview:-1"},"canonical":"https:\/\/discoveralmunecar.com\/de\/kultur-aus-almunecar\/","og_locale":"de_DE","og_type":"article","og_title":"Kultur aus Almu\u00f1ecar -","og_description":"[vc_row][vc_column][vc_custom_heading text=&#8221;Culture from Almu\u00f1ecar, get to know our city through traditions and customs!&#8221; font_container=&#8221;tag:h1|font_size:27|text_align:left&#8221; use_theme_fonts=&#8221;yes&#8221;][vc_empty_space][vc_row_inner][vc_column_inner][\/vc_column_inner][\/vc_row_inner][vc_empty_space][\/vc_column][\/vc_row][vc_row][vc_column][vc_row_inner][vc_column_inner][vc_custom_heading text=&#8221;Geschichte von Almu\u00f1ecar&#8221; font_container=&#8221;tag:h2|font_size:22|text_align:left&#8221; use_theme_fonts=&#8221;yes&#8221; link=&#8221;url:%2Fhistory-of-almunecar%2F|title:History%20of%20Almu%C3%B1%C3%A9car|target:_blank&#8221;][\/vc_column_inner][\/vc_row_inner][vc_empty_space][vc_empty_space][vc_separator color=&#8221;turquoise&#8221;][\/vc_column][\/vc_row][vc_row][vc_column][vc_row_inner][vc_column_inner][vc_custom_heading text=&#8221;Museen und Denkm\u00e4ler aus Almu\u00f1ecar&#8221; font_container=&#8221;tag:h2|font_size:22|text_align:left&#8221; use_theme_fonts=&#8221;yes&#8221; link=&#8221;url:%2Fmuseums-and-monuments-in-almunecar-and-la-herradura%2F|title:Museums%20and%20monuments%20in%20Almu%C3%B1%C3%A9car%20and%20La%20Herradura|target:_blank&#8221;][\/vc_column_inner][\/vc_row_inner][vc_empty_space][vc_empty_space][vc_separator color=&#8221;turquoise&#8221;][\/vc_column][\/vc_row][vc_row][vc_column][vc_row_inner][vc_column_inner][vc_custom_heading text=&#8221;Festlichkeiten aus Almu\u00f1\u00e9car&#8221; font_container=&#8221;tag:h2|font_size:22|text_align:left&#8221; use_theme_fonts=&#8221;yes&#8221; link=&#8221;url:%2Ffestivities-of-almunecar%2F|title:Festivities%20of%20Almu%C3%B1ecar%2C%20feel%20like%20a%20local%20and%20enjoy%20our%20traditions|target:_blank&#8221;][\/vc_column_inner][\/vc_row_inner][vc_empty_space][vc_empty_space][vc_separator color=&#8221;turquoise&#8221;][\/vc_column][\/vc_row]","og_url":"https:\/\/discoveralmunecar.com\/de\/kultur-aus-almunecar\/","article_modified_time":"2023-06-22T09:47:18+00:00","twitter_card":"summary_large_image","twitter_misc":{"Gesch\u00e4tzte Lesezeit":"1\u00a0Minute"},"schema":{"@context":"https:\/\/schema.org","@graph":[{"@type":"WebPage","@id":"https:\/\/discoveralmunecar.com\/de\/kultur-aus-almunecar\/","url":"https:\/\/discoveralmunecar.com\/de\/kultur-aus-almunecar\/","name":"Kultur aus Almu\u00f1ecar -","isPartOf":{"@id":"https:\/\/discoveralmunecar.com\/de\/#website"},"datePublished":"2023-06-22T09:41:51+00:00","dateModified":"2023-06-22T09:47:18+00:00","breadcrumb":{"@id":"https:\/\/discoveralmunecar.com\/de\/kultur-aus-almunecar\/#breadcrumb"},"inLanguage":"de","potentialAction":[{"@type":"ReadAction","target":["https:\/\/discoveralmunecar.com\/de\/kultur-aus-almunecar\/"]}]},{"@type":"BreadcrumbList","@id":"https:\/\/discoveralmunecar.com\/de\/kultur-aus-almunecar\/#breadcrumb","itemListElement":[{"@type":"ListItem","position":1,"name":"Home","item":"https:\/\/discoveralmunecar.com\/de\/"},{"@type":"ListItem","position":2,"name":"Kultur aus Almu\u00f1ecar"}]},{"@type":"WebSite","@id":"https:\/\/discoveralmunecar.com\/de\/#website","url":"https:\/\/discoveralmunecar.com\/de\/","name":"","description":"Just another WordPress site\n","potentialAction":[{"@type":"SearchAction","target":{"@type":"EntryPoint","urlTemplate":"https:\/\/discoveralmunecar.com\/de\/?s={search_term_string}"},"query-input":{"@type":"PropertyValueSpecification","valueRequired":true,"valueName":"search_term_string"}}],"inLanguage":"de"}]}},"_links":{"self":[{"href":"https:\/\/discoveralmunecar.com\/de\/wp-json\/wp\/v2\/pages\/15939","targetHints":{"allow":["GET"]}}],"collection":[{"href":"https:\/\/discoveralmunecar.com\/de\/wp-json\/wp\/v2\/pages"}],"about":[{"href":"https:\/\/discoveralmunecar.com\/de\/wp-json\/wp\/v2\/types\/page"}],"author":[{"embeddable":true,"href":"https:\/\/discoveralmunecar.com\/de\/wp-json\/wp\/v2\/users\/9"}],"replies":[{"embeddable":true,"href":"https:\/\/discoveralmunecar.com\/de\/wp-json\/wp\/v2\/comments?post=15939"}],"version-history":[{"count":3,"href":"https:\/\/discoveralmunecar.com\/de\/wp-json\/wp\/v2\/pages\/15939\/revisions"}],"predecessor-version":[{"id":15941,"href":"https:\/\/discoveralmunecar.com\/de\/wp-json\/wp\/v2\/pages\/15939\/revisions\/15941"}],"wp:attachment":[{"href":"https:\/\/discoveralmunecar.com\/de\/wp-json\/wp\/v2\/media?parent=15939"}],"curies":[{"name":"wp","href":"https:\/\/api.w.org\/{rel}","templated":true}]}}