{"id":15943,"date":"2023-06-22T10:14:24","date_gmt":"2023-06-22T10:14:24","guid":{"rendered":"http:\/\/discoveralmunecar.com\/?page_id=15943"},"modified":"2023-06-22T10:16:15","modified_gmt":"2023-06-22T10:16:15","slug":"tapas-essen-in-almunecar","status":"publish","type":"page","link":"https:\/\/discoveralmunecar.com\/de\/tapas-essen-in-almunecar\/","title":{"rendered":"Tapas essen in Almu\u00f1\u00e9car, die besten Bars der Stadt"},"content":{"rendered":"<p>[vc_row][vc_column][vc_single_image image=&#8221;15177&#8243; img_size=&#8221;full&#8221;][vc_empty_space]<div class=\"text-block\" ><div class=\"simple-text \"><p>Wenn es etwas gibt, das f\u00fcr die gesamte Provinz Granada charakteristisch ist, dann sind es die Tapas, und Almu\u00f1\u00e9car und La Herradura an der Costa del Sol Tropical sind dank ihres privilegierten Klimas sowie der Gro\u00dfz\u00fcgigkeit ihrer Tapas zu jeder Jahreszeit einer der besten Orte f\u00fcr Tapas, die nicht unter den gro\u00dfen Touristenstr\u00f6men leiden wie in anderen westlichen K\u00fcstenorten Andalusiens.<\/p>\n<p>Tapas oder Tapas essen gehen ist ein Erlebnis, das man sich nicht entgehen lassen sollte.<br \/>\nEine Tapa ist ein kleiner Imbiss, der kostenlos zu jedem Getr\u00e4nk gereicht wird.<\/p>\n<p>Je nach der Politik des jeweiligen Lokals k\u00f6nnen Sie bis zu zwei Tapas pro Runde und Gruppe ausw\u00e4hlen, oder es gibt eine festgelegte Reihenfolge f\u00fcr die erste, zweite&#8230;, deren Portionen in der Regel mit zunehmender Anzahl der Runden zunehmen.<\/p>\n<p>Almu\u00f1\u00e9car und La Herradura sind f\u00fcr ihre riesigen Tapas zu sehr g\u00fcnstigen Preisen bekannt, so dass das Essen von Tapas immer eine sehr g\u00fcnstige und abwechslungsreiche Option ist. Ein Bier oder ein alkoholfreies Getr\u00e4nk kostet in allen Bars der Gegend etwa 2 Euro.<\/p>\n<p>Ein paar Getr\u00e4nke mit den dazugeh\u00f6rigen Tapas, oder drei f\u00fcr die Vielfra\u00dfe, entsprechen einem Tagesgericht in jeder anderen Bar oder jedem anderen Restaurant im restlichen Spanien.<\/p>\n<p>Wenn Sie also Almu\u00f1\u00e9car oder La Herradura besuchen, z\u00f6gern Sie nicht, ein paar Bier zum Mittag- oder Abendessen zu trinken, es ist sehr preiswert und Sie werden die lokale Gastronomie genie\u00dfen. Und wenn Sie genug getrunken haben oder nicht sehr durstig sind, k\u00f6nnen Sie in jeder Bar ein paar Raciones oder eine zus\u00e4tzliche Tapa bestellen.<\/p>\n<p>Einige, aber nicht alle, denn das Angebot ist fast unbegrenzt, der emblematischsten Bars in Almu\u00f1\u00e9car und La Herradura sind:<br \/>\nBar los Pajaritos, obwohl sie eine traditionelle Bar ist, ist sie auch sehr glamour\u00f6s, da sie von einigen Ber\u00fchmtheiten wie Eva Hache oder dem Loco de la Colina, Jes\u00fas Quintero, besucht wird.<\/p>\n<p>Die Bar liegt sehr zentral und ist an wichtigen Tagen immer bis auf den letzten Platz gef\u00fcllt. Und die Tapas bestehen immer aus Fisch und Meeresfr\u00fcchten.<\/p>\n<p>La Bodeguita ist ein weiterer Klassiker, der auf keiner Liste fehlen darf, auch hier sind die meisten Tapas &#8220;pesca\u00edto frito&#8221; (gebratener Fisch), so typisch f\u00fcr die Gegend.<\/p>\n<p>Bar Higuitos, die \u00fcber eine gro\u00dfe Terrasse verf\u00fcgt und f\u00fcr eine Tapas-Paella geeignet ist.<br \/>\nDas Restaurante Andalus\u00ed, das zwar ein Restaurant ist, aber auch einen Tapas-Bereich in seiner Bar in unmittelbarer N\u00e4he zum Strand hat.<\/p>\n<p>Der Ursprung dieses Brauchs ist unklar und verliert sich in der Geschichte, aber es gibt mehrere Hypothesen, von denen die eine besagt, dass es K\u00f6nig Alfons X. der Weise war, der von seinem Arzt wegen einer Krankheit verschrieben bekam, einen Schluck Wein zu trinken, und um die Auswirkungen des Alkohols zu vermeiden, a\u00df er zwischen den Schlucken eine kleine Portion K\u00e4se oder Schinken.<\/p>\n<p>Nach seiner Genesung ordnete er an, dass in den Wirtsh\u00e4usern seines K\u00f6nigreichs kein Wein mehr ausgeschenkt werden durfte, ohne dass eine Portion Essen dazu gereicht wurde, damit die G\u00e4ste nicht so stark vom Alkohol des Weins beeinflusst wurden, wodurch dessen Wirkung \u00fcberdeckt wurde.<\/p>\n<p>&nbsp;<\/p>\n<p>Es gibt auch die Vorstellung, dass im Mittelalter das Glas mit einem St\u00fcck Brot oder Schinken bedeckt wurde, um zu verhindern, dass Fliegen in das Getr\u00e4nk gelangten. Eine andere Version der Geschichte der Tapa besagt, dass die Katholischen K\u00f6nige anordneten, eine Portion Essen zu den Getr\u00e4nken zu servieren, um Schl\u00e4gereien und Pr\u00fcgeleien in den Tavernen wegen des Alkohols zu vermeiden.<\/p>\n<\/div><\/div>[vc_empty_space]      <div class=\"row\">\n        <div class=\"post-grid-view\">\n                  <div class=\"col-sm-6 post-20663 post type-post status-publish format-standard has-post-thumbnail hentry category-restaurants-de category-tapas-bars category-wo-man-essen-kann\">\n\n            <div class=\"tt-post type-2\">\n                      <a class=\"tt-post-img custom-hover\" href=\"https:\/\/discoveralmunecar.com\/de\/freiduria-lute-y-jesus-manchmal-braucht-man-nur-eine-tuete-um-gluecklich-zu-sein\/\">\n      <img fetchpriority=\"high\" decoding=\"async\" width=\"537\" height=\"307\" src=\"https:\/\/discoveralmunecar.com\/wp-content\/uploads\/2026\/03\/Freiduria-3-537x307.webp\" class=\"img-responsive wp-post-image\" alt=\"\" \/>    <\/a>\n                <div class=\"tt-post-info\">\n                                    <a class=\"tt-post-title c-h4\" href=\"https:\/\/discoveralmunecar.com\/de\/freiduria-lute-y-jesus-manchmal-braucht-man-nur-eine-tuete-um-gluecklich-zu-sein\/\"><small>Freidur\u00eda Lute y Jes\u00fas: Manchmal braucht man nur eine T\u00fcte, um gl\u00fccklich zu sein<\/small><\/a>\n                      <div class=\"tt-post-label\">\n                <\/div>\n                      <div class=\"simple-text\">\n      <p><\/p>\n    <\/div>\n                                    <\/div>\n            <\/div>\n            <div class=\"empty-space marg-xs-b30\"><\/div> \n          <\/div>\n                <\/div>\n      <\/div>\n      \n  [vc_empty_space][\/vc_column][\/vc_row]<\/p>\n","protected":false},"excerpt":{"rendered":"<p>[vc_row][vc_column][vc_single_image image=&#8221;15177&#8243; img_size=&#8221;full&#8221;][vc_empty_space][vc_empty_space][vc_empty_space][\/vc_column][\/vc_row]<\/p>\n","protected":false},"author":9,"featured_media":0,"parent":0,"menu_order":0,"comment_status":"closed","ping_status":"closed","template":"","meta":{"footnotes":""},"class_list":["post-15943","page","type-page","status-publish","hentry"],"yoast_head":"<!-- This site is optimized with the Yoast SEO plugin v27.3 - https:\/\/yoast.com\/product\/yoast-seo-wordpress\/ -->\n<title>Tapas essen in Almu\u00f1\u00e9car, die besten Bars der Stadt -<\/title>\n<meta name=\"description\" content=\"Entdecken Sie, wo Sie die besten Tapas in Almu\u00f1\u00e9car essen k\u00f6nnen, die besten Bars der Gegend stehen zu Ihrer Verf\u00fcgung!\" \/>\n<meta name=\"robots\" content=\"index, follow, max-snippet:-1, max-image-preview:large, max-video-preview:-1\" \/>\n<link rel=\"canonical\" href=\"https:\/\/discoveralmunecar.com\/de\/tapas-essen-in-almunecar\/\" \/>\n<meta property=\"og:locale\" content=\"de_DE\" \/>\n<meta property=\"og:type\" content=\"article\" \/>\n<meta property=\"og:title\" content=\"Tapas essen in Almu\u00f1\u00e9car, die besten Bars der Stadt -\" \/>\n<meta property=\"og:description\" content=\"Entdecken Sie, wo Sie die besten Tapas in Almu\u00f1\u00e9car essen k\u00f6nnen, die besten Bars der Gegend stehen zu Ihrer Verf\u00fcgung!\" \/>\n<meta property=\"og:url\" content=\"https:\/\/discoveralmunecar.com\/de\/tapas-essen-in-almunecar\/\" \/>\n<meta property=\"article:modified_time\" content=\"2023-06-22T10:16:15+00:00\" \/>\n<meta name=\"twitter:card\" content=\"summary_large_image\" \/>\n<meta name=\"twitter:label1\" content=\"Gesch\u00e4tzte Lesezeit\" \/>\n\t<meta name=\"twitter:data1\" content=\"3\u00a0Minuten\" \/>\n<script type=\"application\/ld+json\" class=\"yoast-schema-graph\">{\"@context\":\"https:\\\/\\\/schema.org\",\"@graph\":[{\"@type\":\"WebPage\",\"@id\":\"https:\\\/\\\/discoveralmunecar.com\\\/de\\\/tapas-essen-in-almunecar\\\/\",\"url\":\"https:\\\/\\\/discoveralmunecar.com\\\/de\\\/tapas-essen-in-almunecar\\\/\",\"name\":\"Tapas essen in Almu\u00f1\u00e9car, die besten Bars der Stadt -\",\"isPartOf\":{\"@id\":\"https:\\\/\\\/discoveralmunecar.com\\\/de\\\/#website\"},\"datePublished\":\"2023-06-22T10:14:24+00:00\",\"dateModified\":\"2023-06-22T10:16:15+00:00\",\"description\":\"Entdecken Sie, wo Sie die besten Tapas in Almu\u00f1\u00e9car essen k\u00f6nnen, die besten Bars der Gegend stehen zu Ihrer Verf\u00fcgung!\",\"breadcrumb\":{\"@id\":\"https:\\\/\\\/discoveralmunecar.com\\\/de\\\/tapas-essen-in-almunecar\\\/#breadcrumb\"},\"inLanguage\":\"de\",\"potentialAction\":[{\"@type\":\"ReadAction\",\"target\":[\"https:\\\/\\\/discoveralmunecar.com\\\/de\\\/tapas-essen-in-almunecar\\\/\"]}]},{\"@type\":\"BreadcrumbList\",\"@id\":\"https:\\\/\\\/discoveralmunecar.com\\\/de\\\/tapas-essen-in-almunecar\\\/#breadcrumb\",\"itemListElement\":[{\"@type\":\"ListItem\",\"position\":1,\"name\":\"Home\",\"item\":\"https:\\\/\\\/discoveralmunecar.com\\\/de\\\/\"},{\"@type\":\"ListItem\",\"position\":2,\"name\":\"Tapas essen in Almu\u00f1\u00e9car, die besten Bars der Stadt\"}]},{\"@type\":\"WebSite\",\"@id\":\"https:\\\/\\\/discoveralmunecar.com\\\/de\\\/#website\",\"url\":\"https:\\\/\\\/discoveralmunecar.com\\\/de\\\/\",\"name\":\"\",\"description\":\"Just another WordPress site\\n\",\"potentialAction\":[{\"@type\":\"SearchAction\",\"target\":{\"@type\":\"EntryPoint\",\"urlTemplate\":\"https:\\\/\\\/discoveralmunecar.com\\\/de\\\/?s={search_term_string}\"},\"query-input\":{\"@type\":\"PropertyValueSpecification\",\"valueRequired\":true,\"valueName\":\"search_term_string\"}}],\"inLanguage\":\"de\"}]}<\/script>\n<!-- \/ Yoast SEO plugin. -->","yoast_head_json":{"title":"Tapas essen in Almu\u00f1\u00e9car, die besten Bars der Stadt -","description":"Entdecken Sie, wo Sie die besten Tapas in Almu\u00f1\u00e9car essen k\u00f6nnen, die besten Bars der Gegend stehen zu Ihrer Verf\u00fcgung!","robots":{"index":"index","follow":"follow","max-snippet":"max-snippet:-1","max-image-preview":"max-image-preview:large","max-video-preview":"max-video-preview:-1"},"canonical":"https:\/\/discoveralmunecar.com\/de\/tapas-essen-in-almunecar\/","og_locale":"de_DE","og_type":"article","og_title":"Tapas essen in Almu\u00f1\u00e9car, die besten Bars der Stadt -","og_description":"Entdecken Sie, wo Sie die besten Tapas in Almu\u00f1\u00e9car essen k\u00f6nnen, die besten Bars der Gegend stehen zu Ihrer Verf\u00fcgung!","og_url":"https:\/\/discoveralmunecar.com\/de\/tapas-essen-in-almunecar\/","article_modified_time":"2023-06-22T10:16:15+00:00","twitter_card":"summary_large_image","twitter_misc":{"Gesch\u00e4tzte Lesezeit":"3\u00a0Minuten"},"schema":{"@context":"https:\/\/schema.org","@graph":[{"@type":"WebPage","@id":"https:\/\/discoveralmunecar.com\/de\/tapas-essen-in-almunecar\/","url":"https:\/\/discoveralmunecar.com\/de\/tapas-essen-in-almunecar\/","name":"Tapas essen in Almu\u00f1\u00e9car, die besten Bars der Stadt -","isPartOf":{"@id":"https:\/\/discoveralmunecar.com\/de\/#website"},"datePublished":"2023-06-22T10:14:24+00:00","dateModified":"2023-06-22T10:16:15+00:00","description":"Entdecken Sie, wo Sie die besten Tapas in Almu\u00f1\u00e9car essen k\u00f6nnen, die besten Bars der Gegend stehen zu Ihrer Verf\u00fcgung!","breadcrumb":{"@id":"https:\/\/discoveralmunecar.com\/de\/tapas-essen-in-almunecar\/#breadcrumb"},"inLanguage":"de","potentialAction":[{"@type":"ReadAction","target":["https:\/\/discoveralmunecar.com\/de\/tapas-essen-in-almunecar\/"]}]},{"@type":"BreadcrumbList","@id":"https:\/\/discoveralmunecar.com\/de\/tapas-essen-in-almunecar\/#breadcrumb","itemListElement":[{"@type":"ListItem","position":1,"name":"Home","item":"https:\/\/discoveralmunecar.com\/de\/"},{"@type":"ListItem","position":2,"name":"Tapas essen in Almu\u00f1\u00e9car, die besten Bars der Stadt"}]},{"@type":"WebSite","@id":"https:\/\/discoveralmunecar.com\/de\/#website","url":"https:\/\/discoveralmunecar.com\/de\/","name":"","description":"Just another WordPress site\n","potentialAction":[{"@type":"SearchAction","target":{"@type":"EntryPoint","urlTemplate":"https:\/\/discoveralmunecar.com\/de\/?s={search_term_string}"},"query-input":{"@type":"PropertyValueSpecification","valueRequired":true,"valueName":"search_term_string"}}],"inLanguage":"de"}]}},"_links":{"self":[{"href":"https:\/\/discoveralmunecar.com\/de\/wp-json\/wp\/v2\/pages\/15943","targetHints":{"allow":["GET"]}}],"collection":[{"href":"https:\/\/discoveralmunecar.com\/de\/wp-json\/wp\/v2\/pages"}],"about":[{"href":"https:\/\/discoveralmunecar.com\/de\/wp-json\/wp\/v2\/types\/page"}],"author":[{"embeddable":true,"href":"https:\/\/discoveralmunecar.com\/de\/wp-json\/wp\/v2\/users\/9"}],"replies":[{"embeddable":true,"href":"https:\/\/discoveralmunecar.com\/de\/wp-json\/wp\/v2\/comments?post=15943"}],"version-history":[{"count":4,"href":"https:\/\/discoveralmunecar.com\/de\/wp-json\/wp\/v2\/pages\/15943\/revisions"}],"predecessor-version":[{"id":15947,"href":"https:\/\/discoveralmunecar.com\/de\/wp-json\/wp\/v2\/pages\/15943\/revisions\/15947"}],"wp:attachment":[{"href":"https:\/\/discoveralmunecar.com\/de\/wp-json\/wp\/v2\/media?parent=15943"}],"curies":[{"name":"wp","href":"https:\/\/api.w.org\/{rel}","templated":true}]}}