{"id":15949,"date":"2023-06-22T10:21:30","date_gmt":"2023-06-22T10:21:30","guid":{"rendered":"http:\/\/discoveralmunecar.com\/?page_id=15949"},"modified":"2023-06-22T10:21:30","modified_gmt":"2023-06-22T10:21:30","slug":"feierlichkeiten-der-almunekar","status":"publish","type":"page","link":"https:\/\/discoveralmunecar.com\/de\/feierlichkeiten-der-almunekar\/","title":{"rendered":"Feste in Almu\u00f1ecar, f\u00fchlen Sie sich wie ein Einheimischer und genie\u00dfen Sie unsere Traditionen"},"content":{"rendered":"<p>[vc_row][vc_column]      <div class=\"row\">\n        <div class=\"post-grid-view\">\n                  <div class=\"col-sm-6 post-17274 post type-post status-publish format-standard has-post-thumbnail hentry category-lokale-feste-in-almunecar category-veranstaltungen-in-almunecar\">\n\n            <div class=\"tt-post type-2\">\n                      <a class=\"tt-post-img custom-hover\" href=\"https:\/\/discoveralmunecar.com\/de\/san-miguel-feierlichkeiten-2023-in-almunecar\/\">\n      <img fetchpriority=\"high\" decoding=\"async\" width=\"537\" height=\"307\" src=\"https:\/\/discoveralmunecar.com\/wp-content\/uploads\/2023\/09\/1150736-RW2_DxO_DeepPRIME-537x307.webp\" class=\"img-responsive wp-post-image\" alt=\"\" \/>    <\/a>\n                <div class=\"tt-post-info\">\n                                    <a class=\"tt-post-title c-h4\" href=\"https:\/\/discoveralmunecar.com\/de\/san-miguel-feierlichkeiten-2023-in-almunecar\/\"><small>San-Miguel-Feierlichkeiten 2023 in Almu\u00f1\u00e9car<\/small><\/a>\n                      <div class=\"tt-post-label\">\n                <\/div>\n                      <div class=\"simple-text\">\n      <p><\/p>\n    <\/div>\n                                    <\/div>\n            <\/div>\n            <div class=\"empty-space marg-xs-b30\"><\/div> \n          <\/div>\n            <div class=\"col-xs-6 col-sm-4 col-lg-2 post-handy-picked post-20274 post type-post status-publish format-standard has-post-thumbnail hentry category-kultur-in-almunecar category-kulturprogramm-von-almunecar category-la-herradura-de category-lokale-feste-in-almunecar category-veranstaltungen-in-almunecar\">\n      <div class=\"tt-post type-3\">\n                <a class=\"tt-post-img custom-hover\" href=\"https:\/\/discoveralmunecar.com\/de\/san-jose-fest-2026-in-la-herradura-programm-konzerte-und-prozession\/\">\n      <img decoding=\"async\" width=\"183\" height=\"96\" src=\"https:\/\/discoveralmunecar.com\/wp-content\/uploads\/2026\/03\/San-Jose2-183x96.webp\" class=\"img-responsive wp-post-image\" alt=\"\" \/>    <\/a>\n            <div class=\"tt-post-info\">\n                <a class=\"tt-post-title c-h5\" href=\"https:\/\/discoveralmunecar.com\/de\/san-jose-fest-2026-in-la-herradura-programm-konzerte-und-prozession\/\">San-Jos\u00e9-Fest 2026 in La Herradura: Programm, Konzerte und Prozession<\/a>\n                  <div class=\"tt-post-label\">\n              <span class=\"tt-post-author-name\"><a href=\"https:\/\/discoveralmunecar.com\/de\/author\/pedro-espinosa\/\">Admin<\/a><\/span>\n                    <span class=\"tt-post-date\">M\u00e4rz 11, 2026<\/span>\n          <\/div>\n            <\/div>\n      <\/div> \n      <div class=\"empty-space marg-lg-b25\"><\/div>                 \n    <\/div>\n      <div class=\"col-xs-6 col-sm-4 col-lg-2 post-handy-picked post-17151 post type-post status-publish format-standard has-post-thumbnail hentry category-lokale-feste-in-almunecar category-was-ist-zu-tun\">\n      <div class=\"tt-post type-3\">\n                <a class=\"tt-post-img custom-hover\" href=\"https:\/\/discoveralmunecar.com\/de\/feuerwerk-in-almunecar-2023\/\">\n      <img decoding=\"async\" width=\"183\" height=\"96\" src=\"https:\/\/discoveralmunecar.com\/wp-content\/uploads\/2021\/04\/Almun\u0303e\u0301car-Castillo-de-Fuegos-183x96.webp\" class=\"img-responsive wp-post-image\" alt=\"\" \/>    <\/a>\n            <div class=\"tt-post-info\">\n                <a class=\"tt-post-title c-h5\" href=\"https:\/\/discoveralmunecar.com\/de\/feuerwerk-in-almunecar-2023\/\">Feuerwerk in Almu\u00f1ecar 2023<\/a>\n                  <div class=\"tt-post-label\">\n              <span class=\"tt-post-author-name\"><a href=\"https:\/\/discoveralmunecar.com\/de\/author\/pedro-espinosa\/\">Admin<\/a><\/span>\n                    <span class=\"tt-post-date\">August 10, 2023<\/span>\n          <\/div>\n            <\/div>\n      <\/div> \n      <div class=\"empty-space marg-lg-b25\"><\/div>                 \n    <\/div>\n      <div class=\"col-xs-6 col-sm-4 col-lg-2 post-handy-picked post-17716 post type-post status-publish format-standard has-post-thumbnail hentry category-kultur-in-almunecar category-kulturprogramm-von-almunecar category-la-herradura-de category-lokale-feste-in-almunecar category-veranstaltungen-in-almunecar category-was-ist-zu-tun\">\n      <div class=\"tt-post type-3\">\n                <a class=\"tt-post-img custom-hover\" href=\"https:\/\/discoveralmunecar.com\/de\/die-magische-nacht-von-san-juan-in-almunecar-2024\/\">\n      <img loading=\"lazy\" decoding=\"async\" width=\"183\" height=\"96\" src=\"https:\/\/discoveralmunecar.com\/wp-content\/uploads\/2024\/06\/1170265-RW2_DxO_DeepPRIME@0.5x-183x96.webp\" class=\"img-responsive wp-post-image\" alt=\"\" \/>    <\/a>\n            <div class=\"tt-post-info\">\n                <a class=\"tt-post-title c-h5\" href=\"https:\/\/discoveralmunecar.com\/de\/die-magische-nacht-von-san-juan-in-almunecar-2024\/\">Die magische Nacht von San Juan in Almu\u00f1\u00e9car 2024<\/a>\n                  <div class=\"tt-post-label\">\n              <span class=\"tt-post-author-name\"><a href=\"https:\/\/discoveralmunecar.com\/de\/author\/pedro-espinosa\/\">Admin<\/a><\/span>\n                    <span class=\"tt-post-date\">Juni 21, 2024<\/span>\n          <\/div>\n            <\/div>\n      <\/div> \n      <div class=\"empty-space marg-lg-b25\"><\/div>                 \n    <\/div>\n          <\/div>\n      <\/div>\n      \n  [vc_empty_space]<div class=\"text-block\" ><div class=\"simple-text \"><p>Dank des privilegierten Mikroklimas, das sowohl Almu\u00f1\u00e9car als auch La Herradura genie\u00dfen, k\u00f6nnen Sie das ganze Jahr \u00fcber alle lokalen Feste genie\u00dfen, die \u00fcber das ganze Jahr verteilt sind. Aus diesem Grund stellen wir Ihnen in Discover Almu\u00f1\u00e9car die lokalen Feste von Almu\u00f1\u00e9car und La Herradura vor, damit Sie nicht vergessen, dieses kleine Paradies am Mittelmeer zu besuchen.<\/p>\n<p>Am 19. M\u00e4rz ist San Jos\u00e9, der Schutzpatron von La Herradura. Aus diesem Grund werden an diesem Tag alle Arten von kulturellen Aktivit\u00e4ten und sportlichen Wettk\u00e4mpfen organisiert, die f\u00fcr jedermann zug\u00e4nglich sind.<\/p>\n<p>Au\u00dferdem kann man am Abend in allen \u00f6rtlichen Bars und einigen improvisierten Bars in der N\u00e4he des Festplatzes die festliche Atmosph\u00e4re genie\u00dfen.<\/p>\n<p>Da es sich um ein religi\u00f6ses Fest handelt, gibt es eine gro\u00dfe Prozession, die durch das historische Zentrum f\u00fchrt.<\/p>\n<p>Ende M\u00e4rz oder Anfang April wird die Karwoche gefeiert, in der die Passion, der Tod und die Auferstehung Christi im Mittelpunkt stehen. Aus diesem Grund veranstalten zahlreiche Bruderschaften die ganze Woche \u00fcber Prozessionen mit Wagen, Thronen und Musikkapellen durch verschiedene Stadtteile, vor allem durch das historische Zentrum.<\/p>\n<p>Es handelt sich um eine der sch\u00f6nsten Veranstaltungen in Andalusien, die eine mitrei\u00dfende Atmosph\u00e4re schafft.<\/p>\n<p>Au\u00dferdem ist anzumerken, dass die Semana Santa Sexitana in den letzten Jahren immer mehr an Bedeutung gewinnt, da die Begeisterung immer gr\u00f6\u00dfer wird und die Zahl der Bruderschaften zunimmt.<\/p>\n<p>Der Tag des Kreuzes wird am 3. Mai gefeiert, der mit dem Beginn der Sommersonnenwende zusammenf\u00e4llt.<br \/>\nDer H\u00f6hepunkt dieses Tages ist der Wettbewerb um das Blumenkreuz mit Preisen in verschiedenen Kategorien.<\/p>\n<p>In jedem Viertel, jeder Schule, Institution oder Bruderschaft der Karwoche wird ein 3 bis 4 Meter hohes Blumenkreuz aufgestellt, zu dem eine Bar Getr\u00e4nke, Tapas und H\u00e4ppchen serviert, begleitet von Volksmusik.<\/p>\n<p>Die magische Nacht von San Juan, die Nacht vom 23. auf den 24. Juni, ist die magische Nacht von San Juan, die seit Menschengedenken gefeiert wird.<\/p>\n<p>Am Strand werden Freudenfeuer entz\u00fcndet, um alle b\u00f6sen Geister oder unangenehmen Dinge, die uns im Laufe des Jahres widerfahren sind, ins Feuer zu werfen und dann das erste Bad der Saison zu nehmen. In dieser Nacht werden auch Tausende von \u00d6lbr\u00f6tchen mit einem gekochten Ei verteilt.<\/p>\n<p>F\u00fcr viele ist es auch das erste Bad der Saison, mit dem der Sommer begr\u00fc\u00dft wird.<\/p>\n<p>Am 16. Juli wird die Virgen del Carmen, die Schutzpatronin aller Seeleute und Fischer, gefeiert. Das Hauptereignis des Festes ist die maritime Prozession, und in Almu\u00f1\u00e9car ist es auch das Fest des Viertels &#8220;Los Marineros&#8221;.<\/p>\n<p>In der Woche vom 9. bis 15. August, auf dem H\u00f6hepunkt der Besuchersaison, finden die Fiestas Patronales de Almu\u00f1\u00e9car zu Ehren der Schutzpatronin, der Virgen de la Antigua, statt.<\/p>\n<p>Die Prozession zu Ehren der Schutzheiligen und der gro\u00dfe Tag der Feierlichkeiten ist der 15. August, der seit 2003 als Fest von nationalem touristischem Interesse in Andalusien anerkannt ist. W\u00e4hrend dieser Woche werden auf dem Festgel\u00e4nde die traditionellen St\u00e4nde und Attraktionen aufgebaut.<\/p>\n<p>Dar\u00fcber hinaus gibt es auch andere Veranstaltungen und Aktivit\u00e4ten, von Sportveranstaltungen bis hin zu allen Arten von Wettbewerben und Spielen, in einer gro\u00dfartigen Party-Atmosph\u00e4re f\u00fcr alle Zuschauer, ein Besuch in Almu\u00f1\u00e9car w\u00e4hrend dieser Tage ist unerl\u00e4sslich, um einen kompletten Sommer zu erleben.<\/p>\n<p>Die Fiestas enden mit der gro\u00dfen Prozession zu Lande und zu Wasser am Abend des 15. August, die traditionell mit einem gro\u00dfen Feuerwerk von den mythischen Pe\u00f1ones del Santo (einem der wichtigsten Symbole der Stadt) beginnt und ein wahres Spektakel aus Licht und Ton ist.<\/p>\n<p>Die maritim-terrestrische Prozession und das gro\u00dfe Feuerwerk, das auch von Musik begleitet wird, wird nach mehreren Studien, die von dem Professor und Historiker Miguel Luis L\u00f3pez-Guadalupe Mu\u00f1oz unterst\u00fctzt werden, seit 1578 gefeiert.<\/p>\n<p>Und nicht einmal die Covid-19-Pandemie konnte dieser Tradition Einhalt gebieten, denn am 15. August 2020 gab es trotz der Einschr\u00e4nkungen ein kleines Feuerwerk, das von allen Teilen der Gemeinde aus zu sehen war.<br \/>\nNeben diesen Festen haben auch die Stadtteile San Miguel und Torrecuevas ihre eigenen Feiern, ersterer am 28. und 30. September jeden Jahres, was auch mit dem &#8220;Internationalen Tag des Tourismus&#8221; zusammenf\u00e4llt.<\/p>\n<p>Und das Viertel Torrecuevas, das seit Ende der 60er Jahre des letzten Jahrhunderts, als Almu\u00f1\u00e9car und La Herradura noch zur so genannten Costa del Sol geh\u00f6rten, den Beginn der Puddingapfelernte in geselliger Runde mit allen Nachbarn feiert.<\/p>\n<p>All diese Feste und viele weitere \u00dcberraschungen erwarten Sie bei Ihrem Besuch in Almu\u00f1\u00e9car und La Herradura.<\/p>\n<\/div><\/div>[\/vc_column][\/vc_row]<\/p>\n","protected":false},"excerpt":{"rendered":"<p>[vc_row][vc_column][vc_empty_space][\/vc_column][\/vc_row]<\/p>\n","protected":false},"author":9,"featured_media":0,"parent":0,"menu_order":0,"comment_status":"closed","ping_status":"closed","template":"","meta":{"footnotes":""},"class_list":["post-15949","page","type-page","status-publish","hentry"],"yoast_head":"<!-- This site is optimized with the Yoast SEO plugin v27.3 - https:\/\/yoast.com\/product\/yoast-seo-wordpress\/ -->\n<title>Feste in Almu\u00f1ecar, f\u00fchlen Sie sich wie ein Einheimischer und genie\u00dfen Sie unsere Traditionen -<\/title>\n<meta name=\"robots\" content=\"index, follow, max-snippet:-1, max-image-preview:large, max-video-preview:-1\" \/>\n<link rel=\"canonical\" href=\"https:\/\/discoveralmunecar.com\/de\/feierlichkeiten-der-almunekar\/\" \/>\n<meta property=\"og:locale\" content=\"de_DE\" \/>\n<meta property=\"og:type\" content=\"article\" \/>\n<meta property=\"og:title\" content=\"Feste in Almu\u00f1ecar, f\u00fchlen Sie sich wie ein Einheimischer und genie\u00dfen Sie unsere Traditionen -\" \/>\n<meta property=\"og:description\" content=\"[vc_row][vc_column][vc_empty_space][\/vc_column][\/vc_row]\" \/>\n<meta property=\"og:url\" content=\"https:\/\/discoveralmunecar.com\/de\/feierlichkeiten-der-almunekar\/\" \/>\n<meta name=\"twitter:card\" content=\"summary_large_image\" \/>\n<meta name=\"twitter:label1\" content=\"Gesch\u00e4tzte Lesezeit\" \/>\n\t<meta name=\"twitter:data1\" content=\"4\u00a0Minuten\" \/>\n<script type=\"application\/ld+json\" class=\"yoast-schema-graph\">{\"@context\":\"https:\\\/\\\/schema.org\",\"@graph\":[{\"@type\":\"WebPage\",\"@id\":\"https:\\\/\\\/discoveralmunecar.com\\\/de\\\/feierlichkeiten-der-almunekar\\\/\",\"url\":\"https:\\\/\\\/discoveralmunecar.com\\\/de\\\/feierlichkeiten-der-almunekar\\\/\",\"name\":\"Feste in Almu\u00f1ecar, f\u00fchlen Sie sich wie ein Einheimischer und genie\u00dfen Sie unsere Traditionen -\",\"isPartOf\":{\"@id\":\"https:\\\/\\\/discoveralmunecar.com\\\/de\\\/#website\"},\"datePublished\":\"2023-06-22T10:21:30+00:00\",\"breadcrumb\":{\"@id\":\"https:\\\/\\\/discoveralmunecar.com\\\/de\\\/feierlichkeiten-der-almunekar\\\/#breadcrumb\"},\"inLanguage\":\"de\",\"potentialAction\":[{\"@type\":\"ReadAction\",\"target\":[\"https:\\\/\\\/discoveralmunecar.com\\\/de\\\/feierlichkeiten-der-almunekar\\\/\"]}]},{\"@type\":\"BreadcrumbList\",\"@id\":\"https:\\\/\\\/discoveralmunecar.com\\\/de\\\/feierlichkeiten-der-almunekar\\\/#breadcrumb\",\"itemListElement\":[{\"@type\":\"ListItem\",\"position\":1,\"name\":\"Home\",\"item\":\"https:\\\/\\\/discoveralmunecar.com\\\/de\\\/\"},{\"@type\":\"ListItem\",\"position\":2,\"name\":\"Feste in Almu\u00f1ecar, f\u00fchlen Sie sich wie ein Einheimischer und genie\u00dfen Sie unsere Traditionen\"}]},{\"@type\":\"WebSite\",\"@id\":\"https:\\\/\\\/discoveralmunecar.com\\\/de\\\/#website\",\"url\":\"https:\\\/\\\/discoveralmunecar.com\\\/de\\\/\",\"name\":\"\",\"description\":\"Just another WordPress site\\n\",\"potentialAction\":[{\"@type\":\"SearchAction\",\"target\":{\"@type\":\"EntryPoint\",\"urlTemplate\":\"https:\\\/\\\/discoveralmunecar.com\\\/de\\\/?s={search_term_string}\"},\"query-input\":{\"@type\":\"PropertyValueSpecification\",\"valueRequired\":true,\"valueName\":\"search_term_string\"}}],\"inLanguage\":\"de\"}]}<\/script>\n<!-- \/ Yoast SEO plugin. -->","yoast_head_json":{"title":"Feste in Almu\u00f1ecar, f\u00fchlen Sie sich wie ein Einheimischer und genie\u00dfen Sie unsere Traditionen -","robots":{"index":"index","follow":"follow","max-snippet":"max-snippet:-1","max-image-preview":"max-image-preview:large","max-video-preview":"max-video-preview:-1"},"canonical":"https:\/\/discoveralmunecar.com\/de\/feierlichkeiten-der-almunekar\/","og_locale":"de_DE","og_type":"article","og_title":"Feste in Almu\u00f1ecar, f\u00fchlen Sie sich wie ein Einheimischer und genie\u00dfen Sie unsere Traditionen -","og_description":"[vc_row][vc_column][vc_empty_space][\/vc_column][\/vc_row]","og_url":"https:\/\/discoveralmunecar.com\/de\/feierlichkeiten-der-almunekar\/","twitter_card":"summary_large_image","twitter_misc":{"Gesch\u00e4tzte Lesezeit":"4\u00a0Minuten"},"schema":{"@context":"https:\/\/schema.org","@graph":[{"@type":"WebPage","@id":"https:\/\/discoveralmunecar.com\/de\/feierlichkeiten-der-almunekar\/","url":"https:\/\/discoveralmunecar.com\/de\/feierlichkeiten-der-almunekar\/","name":"Feste in Almu\u00f1ecar, f\u00fchlen Sie sich wie ein Einheimischer und genie\u00dfen Sie unsere Traditionen -","isPartOf":{"@id":"https:\/\/discoveralmunecar.com\/de\/#website"},"datePublished":"2023-06-22T10:21:30+00:00","breadcrumb":{"@id":"https:\/\/discoveralmunecar.com\/de\/feierlichkeiten-der-almunekar\/#breadcrumb"},"inLanguage":"de","potentialAction":[{"@type":"ReadAction","target":["https:\/\/discoveralmunecar.com\/de\/feierlichkeiten-der-almunekar\/"]}]},{"@type":"BreadcrumbList","@id":"https:\/\/discoveralmunecar.com\/de\/feierlichkeiten-der-almunekar\/#breadcrumb","itemListElement":[{"@type":"ListItem","position":1,"name":"Home","item":"https:\/\/discoveralmunecar.com\/de\/"},{"@type":"ListItem","position":2,"name":"Feste in Almu\u00f1ecar, f\u00fchlen Sie sich wie ein Einheimischer und genie\u00dfen Sie unsere Traditionen"}]},{"@type":"WebSite","@id":"https:\/\/discoveralmunecar.com\/de\/#website","url":"https:\/\/discoveralmunecar.com\/de\/","name":"","description":"Just another WordPress site\n","potentialAction":[{"@type":"SearchAction","target":{"@type":"EntryPoint","urlTemplate":"https:\/\/discoveralmunecar.com\/de\/?s={search_term_string}"},"query-input":{"@type":"PropertyValueSpecification","valueRequired":true,"valueName":"search_term_string"}}],"inLanguage":"de"}]}},"_links":{"self":[{"href":"https:\/\/discoveralmunecar.com\/de\/wp-json\/wp\/v2\/pages\/15949","targetHints":{"allow":["GET"]}}],"collection":[{"href":"https:\/\/discoveralmunecar.com\/de\/wp-json\/wp\/v2\/pages"}],"about":[{"href":"https:\/\/discoveralmunecar.com\/de\/wp-json\/wp\/v2\/types\/page"}],"author":[{"embeddable":true,"href":"https:\/\/discoveralmunecar.com\/de\/wp-json\/wp\/v2\/users\/9"}],"replies":[{"embeddable":true,"href":"https:\/\/discoveralmunecar.com\/de\/wp-json\/wp\/v2\/comments?post=15949"}],"version-history":[{"count":2,"href":"https:\/\/discoveralmunecar.com\/de\/wp-json\/wp\/v2\/pages\/15949\/revisions"}],"predecessor-version":[{"id":15951,"href":"https:\/\/discoveralmunecar.com\/de\/wp-json\/wp\/v2\/pages\/15949\/revisions\/15951"}],"wp:attachment":[{"href":"https:\/\/discoveralmunecar.com\/de\/wp-json\/wp\/v2\/media?parent=15949"}],"curies":[{"name":"wp","href":"https:\/\/api.w.org\/{rel}","templated":true}]}}