{"id":15971,"date":"2023-06-22T14:40:53","date_gmt":"2023-06-22T14:40:53","guid":{"rendered":"http:\/\/discoveralmunecar.com\/?page_id=15971"},"modified":"2023-06-22T14:40:53","modified_gmt":"2023-06-22T14:40:53","slug":"parks-und-natur-von-almunecar","status":"publish","type":"page","link":"https:\/\/discoveralmunecar.com\/de\/parks-und-natur-von-almunecar\/","title":{"rendered":"Parks und Natur von Almu\u00f1ecar"},"content":{"rendered":"<p>[vc_row][vc_column]      <div class=\"row\">\n        <div class=\"post-grid-view\">\n                <\/div>\n      <\/div>\n      \n  [vc_empty_space]<div class=\"text-block\" ><div class=\"simple-text \"><h4>Der Majuelo-Park<\/h4>\n<p>Der Park El Majuelo befindet sich im historischen Zentrum von Almu\u00f1\u00e9car, am Fu\u00dfe der Burg San Miguel.<\/p>\n<p>Dank des privilegierten Klimas von Almu\u00f1\u00e9car ist dieser Park auch ein bedeutendes botanisches Reservat, in dem man mehr als 180 Arten tropischer und subtropischer Pflanzen aus verschiedenen Teilen der Welt bewundern kann.<\/p>\n<p>Es gibt Exemplare aus Mittel- und S\u00fcdamerika, Australien, Afrika und Madagaskar, den Philippinen, Indien, Japan, China, den malaysischen Inseln, Indonesien, Neuguinea, Neuseeland, Mikronesien, Arabien und Polynesien. Zus\u00e4tzlich zu einer gro\u00dfen Anzahl von Palmen.<\/p>\n<p>Wenn man jedoch bedenkt, dass Almu\u00f1\u00e9car die \u00e4lteste Stadt des spanischen Mittelmeers ist und alle Kulturen des Altertums durch sie hindurchgegangen sind, kann man auch die alte Fischsalinenfabrik betrachten, in der der ber\u00fchmte Garum hergestellt wurde.<\/p>\n<p>Diese Fabrik war urspr\u00fcnglich das Werk der Ph\u00f6nizier, aber w\u00e4hrend des R\u00f6mischen Reiches wuchs sie und wurde zu einem sehr wichtigen Produktionszentrum f\u00fcr die Stadt Almu\u00f1\u00e9car in dieser Zeit.<\/p>\n<p>Au\u00dferdem befindet sich im Park ein Auditorium, das von dem Meister Timoteo Urrengoechea Gomeza entworfen wurde.<br \/>\nUnd da Almu\u00f1\u00e9car auch ein Zentrum der Kunst ist, kann man im gesamten Park Skulpturen syrischer K\u00fcnstler entdecken, dank der Zusammenarbeit der Stadt Almu\u00f1\u00e9car mit diesem Land.<\/p>\n<h4>Mittelmeer-Park, Taramay<\/h4>\n<p>Es handelt sich um einen besonderen Park, denn er liegt direkt am Meer, umgeben von einem Laubwald aus Pinien und anderen klassischen Arten des mediterranen Klimas, direkt am Meer.<\/p>\n<p>Dar\u00fcber hinaus bietet er seinen Besuchern unschlagbare Aussichten und ist ein hervorragender Ort, um spektakul\u00e4re Fotos zu machen, weshalb viele Paare diesen Ort f\u00fcr ihre Hochzeitsfotos und andere Feierlichkeiten w\u00e4hlen.<br \/>\nEntlang des Weges gibt es eine Reihe von Aussichtspunkten, von denen aus man einen herrlichen Blick hat.<\/p>\n<p>Der Park f\u00fchrt auch zu drei verschiedenen Str\u00e4nden an der K\u00fcste von Sexitano: Strand Cabria, Strand Calabaj\u00edo und Strand Pozuelo.<\/p>\n<h4>Bonsai-Garten-Museum<\/h4>\n<p>Es handelt sich um ein Museum mit einer Fl\u00e4che von etwa 2.000 Quadratmetern, das dem Studium, der Verbreitung und der Freude an diesen kleinen B\u00e4umen gewidmet ist.<\/p>\n<p>Dieses Bonsai-Garten-Museum ist das wichtigste in Andalusien und geh\u00f6rt zu den besten in Spanien und Europa.<\/p>\n<p>Hier k\u00f6nnen wir eine gro\u00dfe Anzahl von Arten aus verschiedenen Teilen der Welt sehen, die aus Asien und anderen Teilen Europas stammen, aber nat\u00fcrlich auch aus der Provinz und der Mittelmeerk\u00fcste.<\/p>\n<p>Auch dieses Museum zeigt einen Teil der japanischen Kultur, alte und sch\u00f6ne Gartenlaternen, und neben Bonsais k\u00f6nnen wir im Garten-Museum den Teich des heiligen Karpfens, den trockenen Zen-Garten und den floralen Feuchtgarten, buddhistische Brunnen, einige mehr als hundert Jahre alte B\u00e4ume und die sch\u00f6nen Stiertore bewundern.<\/p>\n<h4>Naturpark Pe\u00f1a Escrita<\/h4>\n<p>Nur wenige Autominuten vom historischen Zentrum von Almu\u00f1\u00e9car entfernt befindet sich der Naturpark Pe\u00f1a Escrita. Es handelt sich um einen touristischen Komplex f\u00fcr Naturliebhaber, aber auch f\u00fcr Mutige und Liebhaber des so genannten &#8220;aktiven Tourismus&#8221;.<\/p>\n<p>Es handelt sich n\u00e4mlich um einen Ort, an dem man verschiedene geografische Reliefs vorfindet: die Ausl\u00e4ufer der hohen Berge der Sierra Nevada, die mit dem tropischen Tal und der Zwischenlandschaft der Alpujarra kontrastieren.<\/p>\n<p>So kann der Besucher in freier Wildbahn Tiere wie Bergziegen und Hirsche beobachten, den frischen Duft von Rosmarin und Thymian genie\u00dfen und spektakul\u00e4re Ausblicke inmitten der typischen mediterranen Vegetation genie\u00dfen.<\/p>\n<p>F\u00fcr Wanderfreunde gibt es auf den alten Wegen, die die Provinzhauptstadt mit der K\u00fcste verbanden, zahlreiche Wander-, Rad- und Reitwege, und es gibt auch Unternehmen, die in der Gegend Gleitschirmfl\u00fcge organisieren.<\/p>\n<h4>Loro Sexi<\/h4>\n<p>Ganz in der N\u00e4he der Pe\u00f1ones del Santo, nur knapp 100 Meter vom Mittelmeer entfernt, befindet sich der Vogelpark Loro Sexi, der an den Parque del Majuelo angrenzt.<\/p>\n<p>Dieser Park beherbergt eine sehr bedeutende Sammlung von mehr als 100 Vogelarten, aber auch andere Tiere wie Schildkr\u00f6ten, Lemuren&#8230; und einen wundersch\u00f6nen Kaktusgarten.<\/p>\n<p>Hier finden wir von der gew\u00f6hnlichen Taube bis hin zu Pfauen, Papageien, Tukanen, Schw\u00e4nen, Enten und einer sehr langen usw&#8230;<\/p>\n<p>Wenn Sie ein paar Tage in Almu\u00f1\u00e9car oder La Herradura verbringen, vergessen Sie nicht, einen oder mehrere dieser Parks zu besuchen, es ist eine Empfehlung von Descubre Almu\u00f1\u00e9car.<\/p>\n<\/div><\/div>[\/vc_column][\/vc_row]<\/p>\n","protected":false},"excerpt":{"rendered":"<p>[vc_row][vc_column][vc_empty_space][\/vc_column][\/vc_row]<\/p>\n","protected":false},"author":9,"featured_media":0,"parent":0,"menu_order":0,"comment_status":"closed","ping_status":"closed","template":"","meta":{"footnotes":""},"class_list":["post-15971","page","type-page","status-publish","hentry"],"yoast_head":"<!-- This site is optimized with the Yoast SEO plugin v27.3 - https:\/\/yoast.com\/product\/yoast-seo-wordpress\/ -->\n<title>Parks und Natur von Almu\u00f1ecar -<\/title>\n<meta name=\"robots\" content=\"index, follow, max-snippet:-1, max-image-preview:large, max-video-preview:-1\" \/>\n<link rel=\"canonical\" href=\"https:\/\/discoveralmunecar.com\/de\/parks-und-natur-von-almunecar\/\" \/>\n<meta property=\"og:locale\" content=\"de_DE\" \/>\n<meta property=\"og:type\" content=\"article\" \/>\n<meta property=\"og:title\" content=\"Parks und Natur von Almu\u00f1ecar -\" \/>\n<meta property=\"og:description\" content=\"[vc_row][vc_column][vc_empty_space][\/vc_column][\/vc_row]\" \/>\n<meta property=\"og:url\" content=\"https:\/\/discoveralmunecar.com\/de\/parks-und-natur-von-almunecar\/\" \/>\n<meta name=\"twitter:card\" content=\"summary_large_image\" \/>\n<meta name=\"twitter:label1\" content=\"Gesch\u00e4tzte Lesezeit\" \/>\n\t<meta name=\"twitter:data1\" content=\"3\u00a0Minuten\" \/>\n<script type=\"application\/ld+json\" class=\"yoast-schema-graph\">{\"@context\":\"https:\\\/\\\/schema.org\",\"@graph\":[{\"@type\":\"WebPage\",\"@id\":\"https:\\\/\\\/discoveralmunecar.com\\\/de\\\/parks-und-natur-von-almunecar\\\/\",\"url\":\"https:\\\/\\\/discoveralmunecar.com\\\/de\\\/parks-und-natur-von-almunecar\\\/\",\"name\":\"Parks und Natur von Almu\u00f1ecar -\",\"isPartOf\":{\"@id\":\"https:\\\/\\\/discoveralmunecar.com\\\/de\\\/#website\"},\"datePublished\":\"2023-06-22T14:40:53+00:00\",\"breadcrumb\":{\"@id\":\"https:\\\/\\\/discoveralmunecar.com\\\/de\\\/parks-und-natur-von-almunecar\\\/#breadcrumb\"},\"inLanguage\":\"de\",\"potentialAction\":[{\"@type\":\"ReadAction\",\"target\":[\"https:\\\/\\\/discoveralmunecar.com\\\/de\\\/parks-und-natur-von-almunecar\\\/\"]}]},{\"@type\":\"BreadcrumbList\",\"@id\":\"https:\\\/\\\/discoveralmunecar.com\\\/de\\\/parks-und-natur-von-almunecar\\\/#breadcrumb\",\"itemListElement\":[{\"@type\":\"ListItem\",\"position\":1,\"name\":\"Home\",\"item\":\"https:\\\/\\\/discoveralmunecar.com\\\/de\\\/\"},{\"@type\":\"ListItem\",\"position\":2,\"name\":\"Parks und Natur von Almu\u00f1ecar\"}]},{\"@type\":\"WebSite\",\"@id\":\"https:\\\/\\\/discoveralmunecar.com\\\/de\\\/#website\",\"url\":\"https:\\\/\\\/discoveralmunecar.com\\\/de\\\/\",\"name\":\"\",\"description\":\"Just another WordPress site\\n\",\"potentialAction\":[{\"@type\":\"SearchAction\",\"target\":{\"@type\":\"EntryPoint\",\"urlTemplate\":\"https:\\\/\\\/discoveralmunecar.com\\\/de\\\/?s={search_term_string}\"},\"query-input\":{\"@type\":\"PropertyValueSpecification\",\"valueRequired\":true,\"valueName\":\"search_term_string\"}}],\"inLanguage\":\"de\"}]}<\/script>\n<!-- \/ Yoast SEO plugin. -->","yoast_head_json":{"title":"Parks und Natur von Almu\u00f1ecar -","robots":{"index":"index","follow":"follow","max-snippet":"max-snippet:-1","max-image-preview":"max-image-preview:large","max-video-preview":"max-video-preview:-1"},"canonical":"https:\/\/discoveralmunecar.com\/de\/parks-und-natur-von-almunecar\/","og_locale":"de_DE","og_type":"article","og_title":"Parks und Natur von Almu\u00f1ecar -","og_description":"[vc_row][vc_column][vc_empty_space][\/vc_column][\/vc_row]","og_url":"https:\/\/discoveralmunecar.com\/de\/parks-und-natur-von-almunecar\/","twitter_card":"summary_large_image","twitter_misc":{"Gesch\u00e4tzte Lesezeit":"3\u00a0Minuten"},"schema":{"@context":"https:\/\/schema.org","@graph":[{"@type":"WebPage","@id":"https:\/\/discoveralmunecar.com\/de\/parks-und-natur-von-almunecar\/","url":"https:\/\/discoveralmunecar.com\/de\/parks-und-natur-von-almunecar\/","name":"Parks und Natur von Almu\u00f1ecar -","isPartOf":{"@id":"https:\/\/discoveralmunecar.com\/de\/#website"},"datePublished":"2023-06-22T14:40:53+00:00","breadcrumb":{"@id":"https:\/\/discoveralmunecar.com\/de\/parks-und-natur-von-almunecar\/#breadcrumb"},"inLanguage":"de","potentialAction":[{"@type":"ReadAction","target":["https:\/\/discoveralmunecar.com\/de\/parks-und-natur-von-almunecar\/"]}]},{"@type":"BreadcrumbList","@id":"https:\/\/discoveralmunecar.com\/de\/parks-und-natur-von-almunecar\/#breadcrumb","itemListElement":[{"@type":"ListItem","position":1,"name":"Home","item":"https:\/\/discoveralmunecar.com\/de\/"},{"@type":"ListItem","position":2,"name":"Parks und Natur von Almu\u00f1ecar"}]},{"@type":"WebSite","@id":"https:\/\/discoveralmunecar.com\/de\/#website","url":"https:\/\/discoveralmunecar.com\/de\/","name":"","description":"Just another WordPress site\n","potentialAction":[{"@type":"SearchAction","target":{"@type":"EntryPoint","urlTemplate":"https:\/\/discoveralmunecar.com\/de\/?s={search_term_string}"},"query-input":{"@type":"PropertyValueSpecification","valueRequired":true,"valueName":"search_term_string"}}],"inLanguage":"de"}]}},"_links":{"self":[{"href":"https:\/\/discoveralmunecar.com\/de\/wp-json\/wp\/v2\/pages\/15971","targetHints":{"allow":["GET"]}}],"collection":[{"href":"https:\/\/discoveralmunecar.com\/de\/wp-json\/wp\/v2\/pages"}],"about":[{"href":"https:\/\/discoveralmunecar.com\/de\/wp-json\/wp\/v2\/types\/page"}],"author":[{"embeddable":true,"href":"https:\/\/discoveralmunecar.com\/de\/wp-json\/wp\/v2\/users\/9"}],"replies":[{"embeddable":true,"href":"https:\/\/discoveralmunecar.com\/de\/wp-json\/wp\/v2\/comments?post=15971"}],"version-history":[{"count":1,"href":"https:\/\/discoveralmunecar.com\/de\/wp-json\/wp\/v2\/pages\/15971\/revisions"}],"predecessor-version":[{"id":15973,"href":"https:\/\/discoveralmunecar.com\/de\/wp-json\/wp\/v2\/pages\/15971\/revisions\/15973"}],"wp:attachment":[{"href":"https:\/\/discoveralmunecar.com\/de\/wp-json\/wp\/v2\/media?parent=15971"}],"curies":[{"name":"wp","href":"https:\/\/api.w.org\/{rel}","templated":true}]}}