{"id":15974,"date":"2023-06-22T14:48:17","date_gmt":"2023-06-22T14:48:17","guid":{"rendered":"http:\/\/discoveralmunecar.com\/?page_id=15974"},"modified":"2023-06-22T14:49:18","modified_gmt":"2023-06-22T14:49:18","slug":"restaurants-in-almunecar-die-besten-plaetze-zum-essen","status":"publish","type":"page","link":"https:\/\/discoveralmunecar.com\/de\/restaurants-in-almunecar-die-besten-plaetze-zum-essen\/","title":{"rendered":"Restaurants in Almu\u00f1\u00e9car, die besten Pl\u00e4tze zum Essen"},"content":{"rendered":"<p>[vc_row][vc_column][vc_empty_space]<div class=\"text-block\" ><div class=\"simple-text \"><p>Die fantastischen Restaurants in Almu\u00f1\u00e9car werden Sie mit ihrer tropischen und mediterranen Gastronomie \u00fcberraschen, mit einer breiten Palette an Gerichten f\u00fcr jeden Geschmack.<\/p>\n<p>Finden Sie die Tagesmen\u00fcs, die es Ihnen erm\u00f6glichen, die kulinarischen Spezialit\u00e4ten der Restaurants an der Costa del Sol Tropical zu genie\u00dfen, eine unglaubliche Art, sich mit der Kultur von Almu\u00f1\u00e9car und dem Lebensstil seiner Bewohner zu verbinden.<\/p>\n<p>In unserem Blog finden Sie die notwendigen touristischen Informationen, damit Sie das Restaurant Ihrer Wahl ausw\u00e4hlen und dessen fabelhafte Speisekarte und Sternegerichte genie\u00dfen k\u00f6nnen.<\/p>\n<p>Au\u00dferdem finden Sie die Telefonnummer und die \u00d6ffnungszeiten, damit Sie Ihren Urlaub in Almu\u00f1\u00e9car ganz nat\u00fcrlich und ohne Angst vor unerwarteten \u00dcberraschungen planen k\u00f6nnen.<\/p>\n<\/div><\/div>[vc_empty_space]      <div class=\"row\">\n        <div class=\"post-grid-view\">\n                  <div class=\"col-sm-6 post-19328 post type-post status-publish format-standard has-post-thumbnail hentry category-restaurants-de category-wo-man-essen-kann\">\n\n            <div class=\"tt-post type-2\">\n                      <a class=\"tt-post-img custom-hover\" href=\"https:\/\/discoveralmunecar.com\/de\/restaurant-antiguo-meson-in-almunecar\/\">\n      <img fetchpriority=\"high\" decoding=\"async\" width=\"537\" height=\"307\" src=\"https:\/\/discoveralmunecar.com\/wp-content\/uploads\/2021\/04\/29@0.5x-537x307.webp\" class=\"img-responsive wp-post-image\" alt=\"\" \/>    <\/a>\n                <div class=\"tt-post-info\">\n                                    <a class=\"tt-post-title c-h4\" href=\"https:\/\/discoveralmunecar.com\/de\/restaurant-antiguo-meson-in-almunecar\/\"><small>Restaurant Antiguo Meson in Almu\u00f1\u00e9car<\/small><\/a>\n                      <div class=\"tt-post-label\">\n                <\/div>\n                      <div class=\"simple-text\">\n      <p><\/p>\n    <\/div>\n                                    <\/div>\n            <\/div>\n            <div class=\"empty-space marg-xs-b30\"><\/div> \n          <\/div>\n            <div class=\"col-xs-6 col-sm-4 col-lg-2 post-handy-picked post-20689 post type-post status-publish format-standard has-post-thumbnail hentry category-restaurants-de category-wo-man-essen-kann\">\n      <div class=\"tt-post type-3\">\n                <a class=\"tt-post-img custom-hover\" href=\"https:\/\/discoveralmunecar.com\/de\/restaurant-lute-y-jesus-in-almunecar-frischer-fisch-paella-und-mediterrane-kueche\/\">\n      <img decoding=\"async\" width=\"183\" height=\"96\" src=\"https:\/\/discoveralmunecar.com\/wp-content\/uploads\/2026\/03\/Lute-6-183x96.webp\" class=\"img-responsive wp-post-image\" alt=\"\" \/>    <\/a>\n            <div class=\"tt-post-info\">\n                <a class=\"tt-post-title c-h5\" href=\"https:\/\/discoveralmunecar.com\/de\/restaurant-lute-y-jesus-in-almunecar-frischer-fisch-paella-und-mediterrane-kueche\/\">Restaurant Lute y Jes\u00fas in Almu\u00f1\u00e9car: Frischer Fisch, Paella und mediterrane K\u00fcche<\/a>\n                  <div class=\"tt-post-label\">\n              <span class=\"tt-post-author-name\"><a href=\"https:\/\/discoveralmunecar.com\/de\/author\/pedro-espinosa\/\">Admin<\/a><\/span>\n                    <span class=\"tt-post-date\">April 8, 2026<\/span>\n          <\/div>\n            <\/div>\n      <\/div> \n      <div class=\"empty-space marg-lg-b25\"><\/div>                 \n    <\/div>\n      <div class=\"col-xs-6 col-sm-4 col-lg-2 post-handy-picked post-19534 post type-post status-publish format-standard has-post-thumbnail hentry category-restaurants-de category-wo-man-essen-kann\">\n      <div class=\"tt-post type-3\">\n                <a class=\"tt-post-img custom-hover\" href=\"https:\/\/discoveralmunecar.com\/de\/meson-gala-almunecar\/\">\n      <img decoding=\"async\" width=\"183\" height=\"96\" src=\"https:\/\/discoveralmunecar.com\/wp-content\/uploads\/2025\/07\/20250729-_DSC7390-1@0.5x-183x96.webp\" class=\"img-responsive wp-post-image\" alt=\"\" \/>    <\/a>\n            <div class=\"tt-post-info\">\n                <a class=\"tt-post-title c-h5\" href=\"https:\/\/discoveralmunecar.com\/de\/meson-gala-almunecar\/\">Mes\u00f3n Gala Almu\u00f1\u00e9car<\/a>\n                  <div class=\"tt-post-label\">\n              <span class=\"tt-post-author-name\"><a href=\"https:\/\/discoveralmunecar.com\/de\/author\/pedro-espinosa\/\">Admin<\/a><\/span>\n                    <span class=\"tt-post-date\">Juli 30, 2025<\/span>\n          <\/div>\n            <\/div>\n      <\/div> \n      <div class=\"empty-space marg-lg-b25\"><\/div>                 \n    <\/div>\n      <div class=\"col-xs-6 col-sm-4 col-lg-2 post-handy-picked post-20663 post type-post status-publish format-standard has-post-thumbnail hentry category-restaurants-de category-tapas-bars category-wo-man-essen-kann\">\n      <div class=\"tt-post type-3\">\n                <a class=\"tt-post-img custom-hover\" href=\"https:\/\/discoveralmunecar.com\/de\/freiduria-lute-y-jesus-manchmal-braucht-man-nur-eine-tuete-um-gluecklich-zu-sein\/\">\n      <img loading=\"lazy\" decoding=\"async\" width=\"183\" height=\"96\" src=\"https:\/\/discoveralmunecar.com\/wp-content\/uploads\/2026\/03\/Freiduria-3-183x96.webp\" class=\"img-responsive wp-post-image\" alt=\"\" \/>    <\/a>\n            <div class=\"tt-post-info\">\n                <a class=\"tt-post-title c-h5\" href=\"https:\/\/discoveralmunecar.com\/de\/freiduria-lute-y-jesus-manchmal-braucht-man-nur-eine-tuete-um-gluecklich-zu-sein\/\">Freidur\u00eda Lute y Jes\u00fas: Manchmal braucht man nur eine T\u00fcte, um gl\u00fccklich zu sein<\/a>\n                  <div class=\"tt-post-label\">\n              <span class=\"tt-post-author-name\"><a href=\"https:\/\/discoveralmunecar.com\/de\/author\/pedro-espinosa\/\">Admin<\/a><\/span>\n                    <span class=\"tt-post-date\">April 8, 2026<\/span>\n          <\/div>\n            <\/div>\n      <\/div> \n      <div class=\"empty-space marg-lg-b25\"><\/div>                 \n    <\/div>\n      <div class=\"col-xs-6 col-sm-4 col-lg-2 post-handy-picked post-19228 post type-post status-publish format-standard has-post-thumbnail hentry category-restaurants-de category-wo-man-essen-kann\">\n      <div class=\"tt-post type-3\">\n                <a class=\"tt-post-img custom-hover\" href=\"https:\/\/discoveralmunecar.com\/de\/pizzeria-sapori-ditalia\/\">\n      <img loading=\"lazy\" decoding=\"async\" width=\"183\" height=\"96\" src=\"https:\/\/discoveralmunecar.com\/wp-content\/uploads\/2025\/07\/26-183x96.webp\" class=\"img-responsive wp-post-image\" alt=\"\" \/>    <\/a>\n            <div class=\"tt-post-info\">\n                <a class=\"tt-post-title c-h5\" href=\"https:\/\/discoveralmunecar.com\/de\/pizzeria-sapori-ditalia\/\">Pizzeria Sapori d\u2019Italia<\/a>\n                  <div class=\"tt-post-label\">\n              <span class=\"tt-post-author-name\"><a href=\"https:\/\/discoveralmunecar.com\/de\/author\/pedro-espinosa\/\">Admin<\/a><\/span>\n                    <span class=\"tt-post-date\">Juli 23, 2025<\/span>\n          <\/div>\n            <\/div>\n      <\/div> \n      <div class=\"empty-space marg-lg-b25\"><\/div>                 \n    <\/div>\n          <\/div>\n      <\/div>\n      \n  [\/vc_column][\/vc_row]<\/p>\n","protected":false},"excerpt":{"rendered":"<p>[vc_row][vc_column][vc_empty_space][vc_empty_space][\/vc_column][\/vc_row]<\/p>\n","protected":false},"author":9,"featured_media":0,"parent":0,"menu_order":0,"comment_status":"closed","ping_status":"closed","template":"","meta":{"footnotes":""},"class_list":["post-15974","page","type-page","status-publish","hentry"],"yoast_head":"<!-- This site is optimized with the Yoast SEO plugin v27.3 - https:\/\/yoast.com\/product\/yoast-seo-wordpress\/ -->\n<title>Restaurants in Almu\u00f1\u00e9car, die besten Pl\u00e4tze zum Essen -<\/title>\n<meta name=\"robots\" content=\"index, follow, max-snippet:-1, max-image-preview:large, max-video-preview:-1\" \/>\n<link rel=\"canonical\" href=\"https:\/\/discoveralmunecar.com\/de\/restaurants-in-almunecar-die-besten-plaetze-zum-essen\/\" \/>\n<meta property=\"og:locale\" content=\"de_DE\" \/>\n<meta property=\"og:type\" content=\"article\" \/>\n<meta property=\"og:title\" content=\"Restaurants in Almu\u00f1\u00e9car, die besten Pl\u00e4tze zum Essen -\" \/>\n<meta property=\"og:description\" content=\"[vc_row][vc_column][vc_empty_space][vc_empty_space][\/vc_column][\/vc_row]\" \/>\n<meta property=\"og:url\" content=\"https:\/\/discoveralmunecar.com\/de\/restaurants-in-almunecar-die-besten-plaetze-zum-essen\/\" \/>\n<meta property=\"article:modified_time\" content=\"2023-06-22T14:49:18+00:00\" \/>\n<meta name=\"twitter:card\" content=\"summary_large_image\" \/>\n<meta name=\"twitter:label1\" content=\"Gesch\u00e4tzte Lesezeit\" \/>\n\t<meta name=\"twitter:data1\" content=\"1\u00a0Minute\" \/>\n<script type=\"application\/ld+json\" class=\"yoast-schema-graph\">{\"@context\":\"https:\\\/\\\/schema.org\",\"@graph\":[{\"@type\":\"WebPage\",\"@id\":\"https:\\\/\\\/discoveralmunecar.com\\\/de\\\/restaurants-in-almunecar-die-besten-plaetze-zum-essen\\\/\",\"url\":\"https:\\\/\\\/discoveralmunecar.com\\\/de\\\/restaurants-in-almunecar-die-besten-plaetze-zum-essen\\\/\",\"name\":\"Restaurants in Almu\u00f1\u00e9car, die besten Pl\u00e4tze zum Essen -\",\"isPartOf\":{\"@id\":\"https:\\\/\\\/discoveralmunecar.com\\\/de\\\/#website\"},\"datePublished\":\"2023-06-22T14:48:17+00:00\",\"dateModified\":\"2023-06-22T14:49:18+00:00\",\"breadcrumb\":{\"@id\":\"https:\\\/\\\/discoveralmunecar.com\\\/de\\\/restaurants-in-almunecar-die-besten-plaetze-zum-essen\\\/#breadcrumb\"},\"inLanguage\":\"de\",\"potentialAction\":[{\"@type\":\"ReadAction\",\"target\":[\"https:\\\/\\\/discoveralmunecar.com\\\/de\\\/restaurants-in-almunecar-die-besten-plaetze-zum-essen\\\/\"]}]},{\"@type\":\"BreadcrumbList\",\"@id\":\"https:\\\/\\\/discoveralmunecar.com\\\/de\\\/restaurants-in-almunecar-die-besten-plaetze-zum-essen\\\/#breadcrumb\",\"itemListElement\":[{\"@type\":\"ListItem\",\"position\":1,\"name\":\"Home\",\"item\":\"https:\\\/\\\/discoveralmunecar.com\\\/de\\\/\"},{\"@type\":\"ListItem\",\"position\":2,\"name\":\"Restaurants in Almu\u00f1\u00e9car, die besten Pl\u00e4tze zum Essen\"}]},{\"@type\":\"WebSite\",\"@id\":\"https:\\\/\\\/discoveralmunecar.com\\\/de\\\/#website\",\"url\":\"https:\\\/\\\/discoveralmunecar.com\\\/de\\\/\",\"name\":\"\",\"description\":\"Just another WordPress site\\n\",\"potentialAction\":[{\"@type\":\"SearchAction\",\"target\":{\"@type\":\"EntryPoint\",\"urlTemplate\":\"https:\\\/\\\/discoveralmunecar.com\\\/de\\\/?s={search_term_string}\"},\"query-input\":{\"@type\":\"PropertyValueSpecification\",\"valueRequired\":true,\"valueName\":\"search_term_string\"}}],\"inLanguage\":\"de\"}]}<\/script>\n<!-- \/ Yoast SEO plugin. -->","yoast_head_json":{"title":"Restaurants in Almu\u00f1\u00e9car, die besten Pl\u00e4tze zum Essen -","robots":{"index":"index","follow":"follow","max-snippet":"max-snippet:-1","max-image-preview":"max-image-preview:large","max-video-preview":"max-video-preview:-1"},"canonical":"https:\/\/discoveralmunecar.com\/de\/restaurants-in-almunecar-die-besten-plaetze-zum-essen\/","og_locale":"de_DE","og_type":"article","og_title":"Restaurants in Almu\u00f1\u00e9car, die besten Pl\u00e4tze zum Essen -","og_description":"[vc_row][vc_column][vc_empty_space][vc_empty_space][\/vc_column][\/vc_row]","og_url":"https:\/\/discoveralmunecar.com\/de\/restaurants-in-almunecar-die-besten-plaetze-zum-essen\/","article_modified_time":"2023-06-22T14:49:18+00:00","twitter_card":"summary_large_image","twitter_misc":{"Gesch\u00e4tzte Lesezeit":"1\u00a0Minute"},"schema":{"@context":"https:\/\/schema.org","@graph":[{"@type":"WebPage","@id":"https:\/\/discoveralmunecar.com\/de\/restaurants-in-almunecar-die-besten-plaetze-zum-essen\/","url":"https:\/\/discoveralmunecar.com\/de\/restaurants-in-almunecar-die-besten-plaetze-zum-essen\/","name":"Restaurants in Almu\u00f1\u00e9car, die besten Pl\u00e4tze zum Essen -","isPartOf":{"@id":"https:\/\/discoveralmunecar.com\/de\/#website"},"datePublished":"2023-06-22T14:48:17+00:00","dateModified":"2023-06-22T14:49:18+00:00","breadcrumb":{"@id":"https:\/\/discoveralmunecar.com\/de\/restaurants-in-almunecar-die-besten-plaetze-zum-essen\/#breadcrumb"},"inLanguage":"de","potentialAction":[{"@type":"ReadAction","target":["https:\/\/discoveralmunecar.com\/de\/restaurants-in-almunecar-die-besten-plaetze-zum-essen\/"]}]},{"@type":"BreadcrumbList","@id":"https:\/\/discoveralmunecar.com\/de\/restaurants-in-almunecar-die-besten-plaetze-zum-essen\/#breadcrumb","itemListElement":[{"@type":"ListItem","position":1,"name":"Home","item":"https:\/\/discoveralmunecar.com\/de\/"},{"@type":"ListItem","position":2,"name":"Restaurants in Almu\u00f1\u00e9car, die besten Pl\u00e4tze zum Essen"}]},{"@type":"WebSite","@id":"https:\/\/discoveralmunecar.com\/de\/#website","url":"https:\/\/discoveralmunecar.com\/de\/","name":"","description":"Just another WordPress site\n","potentialAction":[{"@type":"SearchAction","target":{"@type":"EntryPoint","urlTemplate":"https:\/\/discoveralmunecar.com\/de\/?s={search_term_string}"},"query-input":{"@type":"PropertyValueSpecification","valueRequired":true,"valueName":"search_term_string"}}],"inLanguage":"de"}]}},"_links":{"self":[{"href":"https:\/\/discoveralmunecar.com\/de\/wp-json\/wp\/v2\/pages\/15974","targetHints":{"allow":["GET"]}}],"collection":[{"href":"https:\/\/discoveralmunecar.com\/de\/wp-json\/wp\/v2\/pages"}],"about":[{"href":"https:\/\/discoveralmunecar.com\/de\/wp-json\/wp\/v2\/types\/page"}],"author":[{"embeddable":true,"href":"https:\/\/discoveralmunecar.com\/de\/wp-json\/wp\/v2\/users\/9"}],"replies":[{"embeddable":true,"href":"https:\/\/discoveralmunecar.com\/de\/wp-json\/wp\/v2\/comments?post=15974"}],"version-history":[{"count":2,"href":"https:\/\/discoveralmunecar.com\/de\/wp-json\/wp\/v2\/pages\/15974\/revisions"}],"predecessor-version":[{"id":15977,"href":"https:\/\/discoveralmunecar.com\/de\/wp-json\/wp\/v2\/pages\/15974\/revisions\/15977"}],"wp:attachment":[{"href":"https:\/\/discoveralmunecar.com\/de\/wp-json\/wp\/v2\/media?parent=15974"}],"curies":[{"name":"wp","href":"https:\/\/api.w.org\/{rel}","templated":true}]}}