{"id":15999,"date":"2023-06-23T07:30:46","date_gmt":"2023-06-23T07:30:46","guid":{"rendered":"http:\/\/discoveralmunecar.com\/?page_id=15999"},"modified":"2023-06-23T07:30:46","modified_gmt":"2023-06-23T07:30:46","slug":"wetter-in-almunecar-sonne-und-gutes-wetter-das-ganze-jahr-ueber","status":"publish","type":"page","link":"https:\/\/discoveralmunecar.com\/de\/wetter-in-almunecar-sonne-und-gutes-wetter-das-ganze-jahr-ueber\/","title":{"rendered":"Wetter in Almu\u00f1\u00e9car, Sonne und gutes Wetter das ganze Jahr \u00fcber"},"content":{"rendered":"<p>[vc_row][vc_column][vc_row_inner][vc_column_inner]<div class=\"text-block\" ><div class=\"simple-text \"><p>Die Sonne und gutes Wetter ist der allgemeine Trend das ganze Jahr \u00fcber. Das Klima in Almu\u00f1\u00e9car ist um eine durchschnittliche Jahrestemperatur von etwa 18 \u00b0 C. Das Wetter ist gut f\u00fcr jede Aktivit\u00e4t im Freien zu tun, genie\u00dfen die Sonne praktisch das ganze Jahr \u00fcber.<\/p>\n<\/div><\/div><div  class=\"empty-space  marg-lg-b20\"><\/div><div class=\"text-block\" ><div class=\"simple-text \"><table>\n<tbody>\n<tr>\n<td><\/td>\n<td><strong>Minimale Temperatur<\/strong><\/td>\n<td><strong>Maximale Temperatur<\/strong><\/td>\n<td><strong>Durchschnittliche Temperatur<\/strong><\/td>\n<\/tr>\n<tr>\n<td>Winter<\/td>\n<td>8\u00b0<\/td>\n<td>14\u00b0<\/td>\n<td>10\u00b0<\/td>\n<\/tr>\n<tr>\n<td>Fr\u00fchling<\/td>\n<td>11\u00b0<\/td>\n<td>18\u00b0<\/td>\n<td>14\u00b0<\/td>\n<\/tr>\n<tr>\n<td>Sommer<\/td>\n<td>16\u00b0<\/td>\n<td>28\u00b0<\/td>\n<td>24\u00b0<\/td>\n<\/tr>\n<tr>\n<td>Herbst<\/td>\n<td>16\u00b0<\/td>\n<td>24\u00b0<\/td>\n<td>10\u00b0<\/td>\n<\/tr>\n<\/tbody>\n<\/table>\n<\/div><\/div><div  class=\"empty-space  marg-lg-b20\"><\/div><div class=\"text-block\" ><div class=\"simple-text \"><p>Ein Beweis f\u00fcr das gute Klima in Almu\u00f1\u00e9car sind die tropischen Nutzpflanzen, die in der Region angebaut werden. Mostapfel-, Avocado- und Mangopflanzen, die ohne das ganzj\u00e4hrig milde Klima nicht \u00fcberleben k\u00f6nnten. Zum Beispiel die Bl\u00fcte der Paradiesvogelblume. Diese Blume kann nur in warmen, subtropischen und mediterranen Klimazonen angebaut werden, in k\u00e4lteren Klimazonen w\u00fcrde sie nicht \u00fcberleben.<\/p>\n<p>Die milden Temperaturen laden dazu ein, durch die Stra\u00dfen der Stadt zu spazieren, auf einer Terrasse einen Kaffee zu trinken und die Sonne zu genie\u00dfen.<\/p>\n<\/div><\/div>[\/vc_column_inner][\/vc_row_inner][\/vc_column][\/vc_row][vc_row][vc_column]<div  class=\"empty-space  marg-lg-b35\"><\/div>[vc_row_inner][vc_column_inner width=&#8221;1\/2&#8243;][vc_custom_heading text=&#8221;Genie\u00dfen Sie das Wetter in Almu\u00f1\u00e9car bei einem Spaziergang an der K\u00fcste&#8221; font_container=&#8221;tag:h2|font_size:20|text_align:left&#8221; use_theme_fonts=&#8221;yes&#8221;]<div  class=\"empty-space  marg-lg-b20\"><\/div>[vc_single_image image=&#8221;14189&#8243; img_size=&#8221;full&#8221;]<div  class=\"empty-space  marg-lg-b20\"><\/div><div class=\"text-block\" ><div class=\"simple-text \"><p>Spazierg\u00e4nge am Meer verbessern unsere Gesundheit, und ein Spaziergang in der N\u00e4he von Meerwasser bringt uns dank seines Jodgehalts Vorteile f\u00fcr unsere Gesundheit. Hinzu kommt die therapeutische Wirkung. Ein Spaziergang am Meer ist gut f\u00fcr das Herz und f\u00fcr den Geist.<\/p>\n<\/div><\/div>[\/vc_column_inner][vc_column_inner width=&#8221;1\/2&#8243;][vc_custom_heading text=&#8221;Schmecken Sie wunderbare Vorspeisen&#8221; font_container=&#8221;tag:h2|font_size:20|text_align:left&#8221; use_theme_fonts=&#8221;yes&#8221;]<div  class=\"empty-space  marg-lg-b20\"><\/div>[vc_single_image image=&#8221;14190&#8243; img_size=&#8221;full&#8221;]<div  class=\"empty-space  marg-lg-b20\"><\/div><div class=\"text-block\" ><div class=\"simple-text \"><p>Der Genuss von Tapas ist ein spanischer Brauch, der zu einem Wahrzeichen der Gastronomie geworden ist. Die Tapas werden dem Kunden als kleine Kostprobe seiner guten Arbeit in der K\u00fcche serviert. Und oft kann man den Aperitif mehr genie\u00dfen als das Essen selbst.<\/p>\n<\/div><\/div>[\/vc_column_inner][\/vc_row_inner][vc_row_inner][vc_column_inner width=&#8221;1\/2&#8243;][vc_custom_heading text=&#8221;Strolling through beautiful parks&#8221; font_container=&#8221;tag:h2|font_size:20|text_align:left&#8221; use_theme_fonts=&#8221;yes&#8221;]<div  class=\"empty-space  marg-lg-b20\"><\/div>[vc_single_image image=&#8221;14191&#8243; img_size=&#8221;full&#8221;]<div  class=\"empty-space  marg-lg-b20\"><\/div><div class=\"text-block\" ><div class=\"simple-text \"><p>In Parks wie El Majuelo kann man spazieren gehen und die Pflanzenfauna aus verschiedenen Kontinenten bewundern.<\/p>\n<\/div><\/div>[\/vc_column_inner][vc_column_inner width=&#8221;1\/2&#8243;][\/vc_column_inner][\/vc_row_inner][\/vc_column][\/vc_row]<\/p>\n","protected":false},"excerpt":{"rendered":"<p>[vc_row][vc_column][vc_row_inner][vc_column_inner][\/vc_column_inner][\/vc_row_inner][\/vc_column][\/vc_row][vc_row][vc_column][vc_row_inner][vc_column_inner width=&#8221;1\/2&#8243;][vc_custom_heading text=&#8221;Genie\u00dfen Sie das Wetter in Almu\u00f1\u00e9car bei einem Spaziergang an der K\u00fcste&#8221; font_container=&#8221;tag:h2|font_size:20|text_align:left&#8221; use_theme_fonts=&#8221;yes&#8221;][vc_single_image image=&#8221;14189&#8243; img_size=&#8221;full&#8221;][\/vc_column_inner][vc_column_inner width=&#8221;1\/2&#8243;][vc_custom_heading text=&#8221;Schmecken Sie wunderbare Vorspeisen&#8221; font_container=&#8221;tag:h2|font_size:20|text_align:left&#8221; use_theme_fonts=&#8221;yes&#8221;][vc_single_image image=&#8221;14190&#8243; img_size=&#8221;full&#8221;][\/vc_column_inner][\/vc_row_inner][vc_row_inner][vc_column_inner width=&#8221;1\/2&#8243;][vc_custom_heading text=&#8221;Strolling through beautiful parks&#8221; font_container=&#8221;tag:h2|font_size:20|text_align:left&#8221; use_theme_fonts=&#8221;yes&#8221;][vc_single_image image=&#8221;14191&#8243; img_size=&#8221;full&#8221;][\/vc_column_inner][vc_column_inner width=&#8221;1\/2&#8243;][\/vc_column_inner][\/vc_row_inner][\/vc_column][\/vc_row]<\/p>\n","protected":false},"author":9,"featured_media":0,"parent":0,"menu_order":0,"comment_status":"closed","ping_status":"closed","template":"","meta":{"footnotes":""},"class_list":["post-15999","page","type-page","status-publish","hentry"],"yoast_head":"<!-- This site is optimized with the Yoast SEO plugin v27.3 - https:\/\/yoast.com\/product\/yoast-seo-wordpress\/ -->\n<title>Wetter in Almu\u00f1\u00e9car, Sonne und gutes Wetter das ganze Jahr \u00fcber -<\/title>\n<meta name=\"robots\" content=\"index, follow, max-snippet:-1, max-image-preview:large, max-video-preview:-1\" \/>\n<link rel=\"canonical\" href=\"https:\/\/discoveralmunecar.com\/de\/wetter-in-almunecar-sonne-und-gutes-wetter-das-ganze-jahr-ueber\/\" \/>\n<meta property=\"og:locale\" content=\"de_DE\" \/>\n<meta property=\"og:type\" content=\"article\" \/>\n<meta property=\"og:title\" content=\"Wetter in Almu\u00f1\u00e9car, Sonne und gutes Wetter das ganze Jahr \u00fcber -\" \/>\n<meta property=\"og:description\" content=\"[vc_row][vc_column][vc_row_inner][vc_column_inner][\/vc_column_inner][\/vc_row_inner][\/vc_column][\/vc_row][vc_row][vc_column][vc_row_inner][vc_column_inner width=&#8221;1\/2&#8243;][vc_custom_heading text=&#8221;Genie\u00dfen Sie das Wetter in Almu\u00f1\u00e9car bei einem Spaziergang an der K\u00fcste&#8221; font_container=&#8221;tag:h2|font_size:20|text_align:left&#8221; use_theme_fonts=&#8221;yes&#8221;][vc_single_image image=&#8221;14189&#8243; img_size=&#8221;full&#8221;][\/vc_column_inner][vc_column_inner width=&#8221;1\/2&#8243;][vc_custom_heading text=&#8221;Schmecken Sie wunderbare Vorspeisen&#8221; font_container=&#8221;tag:h2|font_size:20|text_align:left&#8221; use_theme_fonts=&#8221;yes&#8221;][vc_single_image image=&#8221;14190&#8243; img_size=&#8221;full&#8221;][\/vc_column_inner][\/vc_row_inner][vc_row_inner][vc_column_inner width=&#8221;1\/2&#8243;][vc_custom_heading text=&#8221;Strolling through beautiful parks&#8221; font_container=&#8221;tag:h2|font_size:20|text_align:left&#8221; use_theme_fonts=&#8221;yes&#8221;][vc_single_image image=&#8221;14191&#8243; img_size=&#8221;full&#8221;][\/vc_column_inner][vc_column_inner width=&#8221;1\/2&#8243;][\/vc_column_inner][\/vc_row_inner][\/vc_column][\/vc_row]\" \/>\n<meta property=\"og:url\" content=\"https:\/\/discoveralmunecar.com\/de\/wetter-in-almunecar-sonne-und-gutes-wetter-das-ganze-jahr-ueber\/\" \/>\n<meta name=\"twitter:card\" content=\"summary_large_image\" \/>\n<meta name=\"twitter:label1\" content=\"Gesch\u00e4tzte Lesezeit\" \/>\n\t<meta name=\"twitter:data1\" content=\"2\u00a0Minuten\" \/>\n<script type=\"application\/ld+json\" class=\"yoast-schema-graph\">{\"@context\":\"https:\\\/\\\/schema.org\",\"@graph\":[{\"@type\":\"WebPage\",\"@id\":\"https:\\\/\\\/discoveralmunecar.com\\\/de\\\/wetter-in-almunecar-sonne-und-gutes-wetter-das-ganze-jahr-ueber\\\/\",\"url\":\"https:\\\/\\\/discoveralmunecar.com\\\/de\\\/wetter-in-almunecar-sonne-und-gutes-wetter-das-ganze-jahr-ueber\\\/\",\"name\":\"Wetter in Almu\u00f1\u00e9car, Sonne und gutes Wetter das ganze Jahr \u00fcber -\",\"isPartOf\":{\"@id\":\"https:\\\/\\\/discoveralmunecar.com\\\/de\\\/#website\"},\"datePublished\":\"2023-06-23T07:30:46+00:00\",\"breadcrumb\":{\"@id\":\"https:\\\/\\\/discoveralmunecar.com\\\/de\\\/wetter-in-almunecar-sonne-und-gutes-wetter-das-ganze-jahr-ueber\\\/#breadcrumb\"},\"inLanguage\":\"de\",\"potentialAction\":[{\"@type\":\"ReadAction\",\"target\":[\"https:\\\/\\\/discoveralmunecar.com\\\/de\\\/wetter-in-almunecar-sonne-und-gutes-wetter-das-ganze-jahr-ueber\\\/\"]}]},{\"@type\":\"BreadcrumbList\",\"@id\":\"https:\\\/\\\/discoveralmunecar.com\\\/de\\\/wetter-in-almunecar-sonne-und-gutes-wetter-das-ganze-jahr-ueber\\\/#breadcrumb\",\"itemListElement\":[{\"@type\":\"ListItem\",\"position\":1,\"name\":\"Home\",\"item\":\"https:\\\/\\\/discoveralmunecar.com\\\/de\\\/\"},{\"@type\":\"ListItem\",\"position\":2,\"name\":\"Wetter in Almu\u00f1\u00e9car, Sonne und gutes Wetter das ganze Jahr \u00fcber\"}]},{\"@type\":\"WebSite\",\"@id\":\"https:\\\/\\\/discoveralmunecar.com\\\/de\\\/#website\",\"url\":\"https:\\\/\\\/discoveralmunecar.com\\\/de\\\/\",\"name\":\"\",\"description\":\"Just another WordPress site\\n\",\"potentialAction\":[{\"@type\":\"SearchAction\",\"target\":{\"@type\":\"EntryPoint\",\"urlTemplate\":\"https:\\\/\\\/discoveralmunecar.com\\\/de\\\/?s={search_term_string}\"},\"query-input\":{\"@type\":\"PropertyValueSpecification\",\"valueRequired\":true,\"valueName\":\"search_term_string\"}}],\"inLanguage\":\"de\"}]}<\/script>\n<!-- \/ Yoast SEO plugin. -->","yoast_head_json":{"title":"Wetter in Almu\u00f1\u00e9car, Sonne und gutes Wetter das ganze Jahr \u00fcber -","robots":{"index":"index","follow":"follow","max-snippet":"max-snippet:-1","max-image-preview":"max-image-preview:large","max-video-preview":"max-video-preview:-1"},"canonical":"https:\/\/discoveralmunecar.com\/de\/wetter-in-almunecar-sonne-und-gutes-wetter-das-ganze-jahr-ueber\/","og_locale":"de_DE","og_type":"article","og_title":"Wetter in Almu\u00f1\u00e9car, Sonne und gutes Wetter das ganze Jahr \u00fcber -","og_description":"[vc_row][vc_column][vc_row_inner][vc_column_inner][\/vc_column_inner][\/vc_row_inner][\/vc_column][\/vc_row][vc_row][vc_column][vc_row_inner][vc_column_inner width=&#8221;1\/2&#8243;][vc_custom_heading text=&#8221;Genie\u00dfen Sie das Wetter in Almu\u00f1\u00e9car bei einem Spaziergang an der K\u00fcste&#8221; font_container=&#8221;tag:h2|font_size:20|text_align:left&#8221; use_theme_fonts=&#8221;yes&#8221;][vc_single_image image=&#8221;14189&#8243; img_size=&#8221;full&#8221;][\/vc_column_inner][vc_column_inner width=&#8221;1\/2&#8243;][vc_custom_heading text=&#8221;Schmecken Sie wunderbare Vorspeisen&#8221; font_container=&#8221;tag:h2|font_size:20|text_align:left&#8221; use_theme_fonts=&#8221;yes&#8221;][vc_single_image image=&#8221;14190&#8243; img_size=&#8221;full&#8221;][\/vc_column_inner][\/vc_row_inner][vc_row_inner][vc_column_inner width=&#8221;1\/2&#8243;][vc_custom_heading text=&#8221;Strolling through beautiful parks&#8221; font_container=&#8221;tag:h2|font_size:20|text_align:left&#8221; use_theme_fonts=&#8221;yes&#8221;][vc_single_image image=&#8221;14191&#8243; img_size=&#8221;full&#8221;][\/vc_column_inner][vc_column_inner width=&#8221;1\/2&#8243;][\/vc_column_inner][\/vc_row_inner][\/vc_column][\/vc_row]","og_url":"https:\/\/discoveralmunecar.com\/de\/wetter-in-almunecar-sonne-und-gutes-wetter-das-ganze-jahr-ueber\/","twitter_card":"summary_large_image","twitter_misc":{"Gesch\u00e4tzte Lesezeit":"2\u00a0Minuten"},"schema":{"@context":"https:\/\/schema.org","@graph":[{"@type":"WebPage","@id":"https:\/\/discoveralmunecar.com\/de\/wetter-in-almunecar-sonne-und-gutes-wetter-das-ganze-jahr-ueber\/","url":"https:\/\/discoveralmunecar.com\/de\/wetter-in-almunecar-sonne-und-gutes-wetter-das-ganze-jahr-ueber\/","name":"Wetter in Almu\u00f1\u00e9car, Sonne und gutes Wetter das ganze Jahr \u00fcber -","isPartOf":{"@id":"https:\/\/discoveralmunecar.com\/de\/#website"},"datePublished":"2023-06-23T07:30:46+00:00","breadcrumb":{"@id":"https:\/\/discoveralmunecar.com\/de\/wetter-in-almunecar-sonne-und-gutes-wetter-das-ganze-jahr-ueber\/#breadcrumb"},"inLanguage":"de","potentialAction":[{"@type":"ReadAction","target":["https:\/\/discoveralmunecar.com\/de\/wetter-in-almunecar-sonne-und-gutes-wetter-das-ganze-jahr-ueber\/"]}]},{"@type":"BreadcrumbList","@id":"https:\/\/discoveralmunecar.com\/de\/wetter-in-almunecar-sonne-und-gutes-wetter-das-ganze-jahr-ueber\/#breadcrumb","itemListElement":[{"@type":"ListItem","position":1,"name":"Home","item":"https:\/\/discoveralmunecar.com\/de\/"},{"@type":"ListItem","position":2,"name":"Wetter in Almu\u00f1\u00e9car, Sonne und gutes Wetter das ganze Jahr \u00fcber"}]},{"@type":"WebSite","@id":"https:\/\/discoveralmunecar.com\/de\/#website","url":"https:\/\/discoveralmunecar.com\/de\/","name":"","description":"Just another WordPress site\n","potentialAction":[{"@type":"SearchAction","target":{"@type":"EntryPoint","urlTemplate":"https:\/\/discoveralmunecar.com\/de\/?s={search_term_string}"},"query-input":{"@type":"PropertyValueSpecification","valueRequired":true,"valueName":"search_term_string"}}],"inLanguage":"de"}]}},"_links":{"self":[{"href":"https:\/\/discoveralmunecar.com\/de\/wp-json\/wp\/v2\/pages\/15999","targetHints":{"allow":["GET"]}}],"collection":[{"href":"https:\/\/discoveralmunecar.com\/de\/wp-json\/wp\/v2\/pages"}],"about":[{"href":"https:\/\/discoveralmunecar.com\/de\/wp-json\/wp\/v2\/types\/page"}],"author":[{"embeddable":true,"href":"https:\/\/discoveralmunecar.com\/de\/wp-json\/wp\/v2\/users\/9"}],"replies":[{"embeddable":true,"href":"https:\/\/discoveralmunecar.com\/de\/wp-json\/wp\/v2\/comments?post=15999"}],"version-history":[{"count":2,"href":"https:\/\/discoveralmunecar.com\/de\/wp-json\/wp\/v2\/pages\/15999\/revisions"}],"predecessor-version":[{"id":16001,"href":"https:\/\/discoveralmunecar.com\/de\/wp-json\/wp\/v2\/pages\/15999\/revisions\/16001"}],"wp:attachment":[{"href":"https:\/\/discoveralmunecar.com\/de\/wp-json\/wp\/v2\/media?parent=15999"}],"curies":[{"name":"wp","href":"https:\/\/api.w.org\/{rel}","templated":true}]}}