{"id":16003,"date":"2023-06-23T07:45:05","date_gmt":"2023-06-23T07:45:05","guid":{"rendered":"http:\/\/discoveralmunecar.com\/?page_id=16003"},"modified":"2023-06-23T07:45:05","modified_gmt":"2023-06-23T07:45:05","slug":"wo-man-in-almunecar-essen-kann-die-besten-restaurants","status":"publish","type":"page","link":"https:\/\/discoveralmunecar.com\/de\/wo-man-in-almunecar-essen-kann-die-besten-restaurants\/","title":{"rendered":"Wo man in Almu\u00f1\u00e9car essen kann, die besten Restaurants"},"content":{"rendered":"<p>[vc_row][vc_column][vc_single_image image=&#8221;15162&#8243; img_size=&#8221;full&#8221;][vc_empty_space]<div class=\"text-block\" ><div class=\"simple-text \"><p>Einer der sch\u00f6nsten Momente im Urlaub oder in der Freizeit kann die Wahl des Restaurants in Almu\u00f1\u00e9car sein.<\/p>\n<p>Mit einer gro\u00dfen Auswahl an Restaurants, Strandbars und <a href=\"https:\/\/discoveralmunecar.com\/eating-tapas-in-almunecar\/\">Tapas-Lokalen<\/a> bietet die Gastronomie der Stadt zahlreiche M\u00f6glichkeiten f\u00fcr alle, die die k\u00f6stlichen Gerichte und Tapas der Region genie\u00dfen m\u00f6chten.<\/p>\n<p>In Almu\u00f1\u00e9car finden Sie Restaurants, die ein klassisches andalusisches Ambiente bieten, aber auch moderne Einrichtungen, die die Natur des Ortes erg\u00e4nzen, wie z.B. viele <a href=\"https:\/\/discoveralmunecar.com\/de\/almunecar-und-seine-chiringuitos\/\">chiringuitos<\/a>, die Sie einladen, den Strand und die Gastronomie gleichzeitig zu genie\u00dfen.<\/p>\n<p>Wenn Sie gerne den Ort wechseln, gibt es nat\u00fcrlich auch gute Wege zu Tapas-Bars, die Sie mit offenen Armen empfangen und Ihnen die besten Sexitano-H\u00e4ppchen anbieten werden.<\/p>\n<p>Entdecken Sie Almu\u00f1\u00e9car durch unsere Beitr\u00e4ge und finden Sie heraus, was jeder Ort f\u00fcr Ihren Urlaub zu bieten hat. Worauf haben Sie heute Lust zu essen?<\/p>\n<\/div><\/div>[vc_empty_space]      <div class=\"row\">\n        <div class=\"post-grid-view\">\n                  <div class=\"col-sm-6 post-20663 post type-post status-publish format-standard has-post-thumbnail hentry category-restaurants-de category-tapas-bars category-wo-man-essen-kann\">\n\n            <div class=\"tt-post type-2\">\n                      <a class=\"tt-post-img custom-hover\" href=\"https:\/\/discoveralmunecar.com\/de\/freiduria-lute-y-jesus-manchmal-braucht-man-nur-eine-tuete-um-gluecklich-zu-sein\/\">\n      <img fetchpriority=\"high\" decoding=\"async\" width=\"537\" height=\"307\" src=\"https:\/\/discoveralmunecar.com\/wp-content\/uploads\/2026\/03\/Freiduria-3-537x307.webp\" class=\"img-responsive wp-post-image\" alt=\"\" \/>    <\/a>\n                <div class=\"tt-post-info\">\n                                    <a class=\"tt-post-title c-h4\" href=\"https:\/\/discoveralmunecar.com\/de\/freiduria-lute-y-jesus-manchmal-braucht-man-nur-eine-tuete-um-gluecklich-zu-sein\/\"><small>Freidur\u00eda Lute y Jes\u00fas: Manchmal braucht man nur eine T\u00fcte, um gl\u00fccklich zu sein<\/small><\/a>\n                      <div class=\"tt-post-label\">\n                <\/div>\n                      <div class=\"simple-text\">\n      <p><\/p>\n    <\/div>\n                                    <\/div>\n            <\/div>\n            <div class=\"empty-space marg-xs-b30\"><\/div> \n          <\/div>\n            <div class=\"col-xs-6 col-sm-4 col-lg-2 post-handy-picked post-20689 post type-post status-publish format-standard has-post-thumbnail hentry category-restaurants-de category-wo-man-essen-kann\">\n      <div class=\"tt-post type-3\">\n                <a class=\"tt-post-img custom-hover\" href=\"https:\/\/discoveralmunecar.com\/de\/restaurant-lute-y-jesus-in-almunecar-frischer-fisch-paella-und-mediterrane-kueche\/\">\n      <img decoding=\"async\" width=\"183\" height=\"96\" src=\"https:\/\/discoveralmunecar.com\/wp-content\/uploads\/2026\/03\/Lute-6-183x96.webp\" class=\"img-responsive wp-post-image\" alt=\"\" \/>    <\/a>\n            <div class=\"tt-post-info\">\n                <a class=\"tt-post-title c-h5\" href=\"https:\/\/discoveralmunecar.com\/de\/restaurant-lute-y-jesus-in-almunecar-frischer-fisch-paella-und-mediterrane-kueche\/\">Restaurant Lute y Jes\u00fas in Almu\u00f1\u00e9car: Frischer Fisch, Paella und mediterrane K\u00fcche<\/a>\n                  <div class=\"tt-post-label\">\n              <span class=\"tt-post-author-name\"><a href=\"https:\/\/discoveralmunecar.com\/de\/author\/pedro-espinosa\/\">Admin<\/a><\/span>\n                    <span class=\"tt-post-date\">April 8, 2026<\/span>\n          <\/div>\n            <\/div>\n      <\/div> \n      <div class=\"empty-space marg-lg-b25\"><\/div>                 \n    <\/div>\n      <div class=\"col-xs-6 col-sm-4 col-lg-2 post-handy-picked post-19228 post type-post status-publish format-standard has-post-thumbnail hentry category-restaurants-de category-wo-man-essen-kann\">\n      <div class=\"tt-post type-3\">\n                <a class=\"tt-post-img custom-hover\" href=\"https:\/\/discoveralmunecar.com\/de\/pizzeria-sapori-ditalia\/\">\n      <img decoding=\"async\" width=\"183\" height=\"96\" src=\"https:\/\/discoveralmunecar.com\/wp-content\/uploads\/2025\/07\/26-183x96.webp\" class=\"img-responsive wp-post-image\" alt=\"\" \/>    <\/a>\n            <div class=\"tt-post-info\">\n                <a class=\"tt-post-title c-h5\" href=\"https:\/\/discoveralmunecar.com\/de\/pizzeria-sapori-ditalia\/\">Pizzeria Sapori d\u2019Italia<\/a>\n                  <div class=\"tt-post-label\">\n              <span class=\"tt-post-author-name\"><a href=\"https:\/\/discoveralmunecar.com\/de\/author\/pedro-espinosa\/\">Admin<\/a><\/span>\n                    <span class=\"tt-post-date\">Juli 23, 2025<\/span>\n          <\/div>\n            <\/div>\n      <\/div> \n      <div class=\"empty-space marg-lg-b25\"><\/div>                 \n    <\/div>\n      <div class=\"col-xs-6 col-sm-4 col-lg-2 post-handy-picked post-19534 post type-post status-publish format-standard has-post-thumbnail hentry category-restaurants-de category-wo-man-essen-kann\">\n      <div class=\"tt-post type-3\">\n                <a class=\"tt-post-img custom-hover\" href=\"https:\/\/discoveralmunecar.com\/de\/meson-gala-almunecar\/\">\n      <img loading=\"lazy\" decoding=\"async\" width=\"183\" height=\"96\" src=\"https:\/\/discoveralmunecar.com\/wp-content\/uploads\/2025\/07\/20250729-_DSC7390-1@0.5x-183x96.webp\" class=\"img-responsive wp-post-image\" alt=\"\" \/>    <\/a>\n            <div class=\"tt-post-info\">\n                <a class=\"tt-post-title c-h5\" href=\"https:\/\/discoveralmunecar.com\/de\/meson-gala-almunecar\/\">Mes\u00f3n Gala Almu\u00f1\u00e9car<\/a>\n                  <div class=\"tt-post-label\">\n              <span class=\"tt-post-author-name\"><a href=\"https:\/\/discoveralmunecar.com\/de\/author\/pedro-espinosa\/\">Admin<\/a><\/span>\n                    <span class=\"tt-post-date\">Juli 30, 2025<\/span>\n          <\/div>\n            <\/div>\n      <\/div> \n      <div class=\"empty-space marg-lg-b25\"><\/div>                 \n    <\/div>\n      <div class=\"col-xs-6 col-sm-4 col-lg-2 post-handy-picked post-21360 post type-post status-publish format-standard has-post-thumbnail hentry category-restaurants-de category-wo-man-essen-kann\">\n      <div class=\"tt-post type-3\">\n                <a class=\"tt-post-img custom-hover\" href=\"https:\/\/discoveralmunecar.com\/de\/antonia-don-olivo-in-almunecar-ein-restaurant-bei-dem-man-nichts-falsch-macht\/\">\n      <img loading=\"lazy\" decoding=\"async\" width=\"183\" height=\"96\" src=\"https:\/\/discoveralmunecar.com\/wp-content\/uploads\/2026\/05\/5_3140x1344-183x96.webp\" class=\"img-responsive wp-post-image\" alt=\"\" \/>    <\/a>\n            <div class=\"tt-post-info\">\n                <a class=\"tt-post-title c-h5\" href=\"https:\/\/discoveralmunecar.com\/de\/antonia-don-olivo-in-almunecar-ein-restaurant-bei-dem-man-nichts-falsch-macht\/\">Antonia Don Olivo in Almu\u00f1\u00e9car: ein Restaurant, bei dem man nichts falsch macht<\/a>\n                  <div class=\"tt-post-label\">\n              <span class=\"tt-post-author-name\"><a href=\"https:\/\/discoveralmunecar.com\/de\/author\/pedro-espinosa\/\">Admin<\/a><\/span>\n                    <span class=\"tt-post-date\">Mai 7, 2026<\/span>\n          <\/div>\n            <\/div>\n      <\/div> \n      <div class=\"empty-space marg-lg-b25\"><\/div>                 \n    <\/div>\n      <div class=\"col-xs-6 col-sm-4 col-lg-2 post-handy-picked post-19328 post type-post status-publish format-standard has-post-thumbnail hentry category-restaurants-de category-wo-man-essen-kann\">\n      <div class=\"tt-post type-3\">\n                <a class=\"tt-post-img custom-hover\" href=\"https:\/\/discoveralmunecar.com\/de\/restaurant-antiguo-meson-in-almunecar\/\">\n      <img loading=\"lazy\" decoding=\"async\" width=\"183\" height=\"96\" src=\"https:\/\/discoveralmunecar.com\/wp-content\/uploads\/2021\/04\/29@0.5x-183x96.webp\" class=\"img-responsive wp-post-image\" alt=\"\" \/>    <\/a>\n            <div class=\"tt-post-info\">\n                <a class=\"tt-post-title c-h5\" href=\"https:\/\/discoveralmunecar.com\/de\/restaurant-antiguo-meson-in-almunecar\/\">Restaurant Antiguo Meson in Almu\u00f1\u00e9car<\/a>\n                  <div class=\"tt-post-label\">\n              <span class=\"tt-post-author-name\"><a href=\"https:\/\/discoveralmunecar.com\/de\/author\/pedro-espinosa\/\">Admin<\/a><\/span>\n                    <span class=\"tt-post-date\">Juli 24, 2025<\/span>\n          <\/div>\n            <\/div>\n      <\/div> \n      <div class=\"empty-space marg-lg-b25\"><\/div>                 \n    <\/div>\n      <div class=\"col-xs-6 col-sm-4 col-lg-2 post-handy-picked post-20961 post type-post status-publish format-standard has-post-thumbnail hentry category-restaurants-de category-unkategorisiert category-wo-man-essen-kann\">\n      <div class=\"tt-post type-3\">\n                <a class=\"tt-post-img custom-hover\" href=\"https:\/\/discoveralmunecar.com\/de\/restaurant-firmvm-in-almunecar-fine-dining-an-der-costa-tropical\/\">\n      <img loading=\"lazy\" decoding=\"async\" width=\"183\" height=\"96\" src=\"https:\/\/discoveralmunecar.com\/wp-content\/uploads\/2026\/03\/Sergio1_3456x1944-1-183x96.webp\" class=\"img-responsive wp-post-image\" alt=\"\" \/>    <\/a>\n            <div class=\"tt-post-info\">\n                <a class=\"tt-post-title c-h5\" href=\"https:\/\/discoveralmunecar.com\/de\/restaurant-firmvm-in-almunecar-fine-dining-an-der-costa-tropical\/\">Restaurant FIRMVM in Almu\u00f1\u00e9car: Fine Dining an der Costa Tropical<\/a>\n                  <div class=\"tt-post-label\">\n              <span class=\"tt-post-author-name\"><a href=\"https:\/\/discoveralmunecar.com\/de\/author\/pedro-espinosa\/\">Admin<\/a><\/span>\n                    <span class=\"tt-post-date\">April 23, 2026<\/span>\n          <\/div>\n            <\/div>\n      <\/div> \n      <div class=\"empty-space marg-lg-b25\"><\/div>                 \n    <\/div>\n          <\/div>\n      <\/div>\n      \n  [\/vc_column][\/vc_row]<\/p>\n","protected":false},"excerpt":{"rendered":"<p>[vc_row][vc_column][vc_single_image image=&#8221;15162&#8243; img_size=&#8221;full&#8221;][vc_empty_space][vc_empty_space][\/vc_column][\/vc_row]<\/p>\n","protected":false},"author":9,"featured_media":0,"parent":0,"menu_order":0,"comment_status":"closed","ping_status":"closed","template":"","meta":{"footnotes":""},"class_list":["post-16003","page","type-page","status-publish","hentry"],"yoast_head":"<!-- This site is optimized with the Yoast SEO plugin v27.3 - https:\/\/yoast.com\/product\/yoast-seo-wordpress\/ -->\n<title>Wo man in Almu\u00f1\u00e9car essen kann, die besten Restaurants -<\/title>\n<meta name=\"robots\" content=\"index, follow, max-snippet:-1, max-image-preview:large, max-video-preview:-1\" \/>\n<link rel=\"canonical\" href=\"https:\/\/discoveralmunecar.com\/de\/wo-man-in-almunecar-essen-kann-die-besten-restaurants\/\" \/>\n<meta property=\"og:locale\" content=\"de_DE\" \/>\n<meta property=\"og:type\" content=\"article\" \/>\n<meta property=\"og:title\" content=\"Wo man in Almu\u00f1\u00e9car essen kann, die besten Restaurants -\" \/>\n<meta property=\"og:description\" content=\"[vc_row][vc_column][vc_single_image image=&#8221;15162&#8243; img_size=&#8221;full&#8221;][vc_empty_space][vc_empty_space][\/vc_column][\/vc_row]\" \/>\n<meta property=\"og:url\" content=\"https:\/\/discoveralmunecar.com\/de\/wo-man-in-almunecar-essen-kann-die-besten-restaurants\/\" \/>\n<meta name=\"twitter:card\" content=\"summary_large_image\" \/>\n<meta name=\"twitter:label1\" content=\"Gesch\u00e4tzte Lesezeit\" \/>\n\t<meta name=\"twitter:data1\" content=\"1\u00a0Minute\" \/>\n<script type=\"application\/ld+json\" class=\"yoast-schema-graph\">{\"@context\":\"https:\\\/\\\/schema.org\",\"@graph\":[{\"@type\":\"WebPage\",\"@id\":\"https:\\\/\\\/discoveralmunecar.com\\\/de\\\/wo-man-in-almunecar-essen-kann-die-besten-restaurants\\\/\",\"url\":\"https:\\\/\\\/discoveralmunecar.com\\\/de\\\/wo-man-in-almunecar-essen-kann-die-besten-restaurants\\\/\",\"name\":\"Wo man in Almu\u00f1\u00e9car essen kann, die besten Restaurants -\",\"isPartOf\":{\"@id\":\"https:\\\/\\\/discoveralmunecar.com\\\/de\\\/#website\"},\"datePublished\":\"2023-06-23T07:45:05+00:00\",\"breadcrumb\":{\"@id\":\"https:\\\/\\\/discoveralmunecar.com\\\/de\\\/wo-man-in-almunecar-essen-kann-die-besten-restaurants\\\/#breadcrumb\"},\"inLanguage\":\"de\",\"potentialAction\":[{\"@type\":\"ReadAction\",\"target\":[\"https:\\\/\\\/discoveralmunecar.com\\\/de\\\/wo-man-in-almunecar-essen-kann-die-besten-restaurants\\\/\"]}]},{\"@type\":\"BreadcrumbList\",\"@id\":\"https:\\\/\\\/discoveralmunecar.com\\\/de\\\/wo-man-in-almunecar-essen-kann-die-besten-restaurants\\\/#breadcrumb\",\"itemListElement\":[{\"@type\":\"ListItem\",\"position\":1,\"name\":\"Home\",\"item\":\"https:\\\/\\\/discoveralmunecar.com\\\/de\\\/\"},{\"@type\":\"ListItem\",\"position\":2,\"name\":\"Wo man in Almu\u00f1\u00e9car essen kann, die besten Restaurants\"}]},{\"@type\":\"WebSite\",\"@id\":\"https:\\\/\\\/discoveralmunecar.com\\\/de\\\/#website\",\"url\":\"https:\\\/\\\/discoveralmunecar.com\\\/de\\\/\",\"name\":\"\",\"description\":\"Just another WordPress site\\n\",\"potentialAction\":[{\"@type\":\"SearchAction\",\"target\":{\"@type\":\"EntryPoint\",\"urlTemplate\":\"https:\\\/\\\/discoveralmunecar.com\\\/de\\\/?s={search_term_string}\"},\"query-input\":{\"@type\":\"PropertyValueSpecification\",\"valueRequired\":true,\"valueName\":\"search_term_string\"}}],\"inLanguage\":\"de\"}]}<\/script>\n<!-- \/ Yoast SEO plugin. -->","yoast_head_json":{"title":"Wo man in Almu\u00f1\u00e9car essen kann, die besten Restaurants -","robots":{"index":"index","follow":"follow","max-snippet":"max-snippet:-1","max-image-preview":"max-image-preview:large","max-video-preview":"max-video-preview:-1"},"canonical":"https:\/\/discoveralmunecar.com\/de\/wo-man-in-almunecar-essen-kann-die-besten-restaurants\/","og_locale":"de_DE","og_type":"article","og_title":"Wo man in Almu\u00f1\u00e9car essen kann, die besten Restaurants -","og_description":"[vc_row][vc_column][vc_single_image image=&#8221;15162&#8243; img_size=&#8221;full&#8221;][vc_empty_space][vc_empty_space][\/vc_column][\/vc_row]","og_url":"https:\/\/discoveralmunecar.com\/de\/wo-man-in-almunecar-essen-kann-die-besten-restaurants\/","twitter_card":"summary_large_image","twitter_misc":{"Gesch\u00e4tzte Lesezeit":"1\u00a0Minute"},"schema":{"@context":"https:\/\/schema.org","@graph":[{"@type":"WebPage","@id":"https:\/\/discoveralmunecar.com\/de\/wo-man-in-almunecar-essen-kann-die-besten-restaurants\/","url":"https:\/\/discoveralmunecar.com\/de\/wo-man-in-almunecar-essen-kann-die-besten-restaurants\/","name":"Wo man in Almu\u00f1\u00e9car essen kann, die besten Restaurants -","isPartOf":{"@id":"https:\/\/discoveralmunecar.com\/de\/#website"},"datePublished":"2023-06-23T07:45:05+00:00","breadcrumb":{"@id":"https:\/\/discoveralmunecar.com\/de\/wo-man-in-almunecar-essen-kann-die-besten-restaurants\/#breadcrumb"},"inLanguage":"de","potentialAction":[{"@type":"ReadAction","target":["https:\/\/discoveralmunecar.com\/de\/wo-man-in-almunecar-essen-kann-die-besten-restaurants\/"]}]},{"@type":"BreadcrumbList","@id":"https:\/\/discoveralmunecar.com\/de\/wo-man-in-almunecar-essen-kann-die-besten-restaurants\/#breadcrumb","itemListElement":[{"@type":"ListItem","position":1,"name":"Home","item":"https:\/\/discoveralmunecar.com\/de\/"},{"@type":"ListItem","position":2,"name":"Wo man in Almu\u00f1\u00e9car essen kann, die besten Restaurants"}]},{"@type":"WebSite","@id":"https:\/\/discoveralmunecar.com\/de\/#website","url":"https:\/\/discoveralmunecar.com\/de\/","name":"","description":"Just another WordPress site\n","potentialAction":[{"@type":"SearchAction","target":{"@type":"EntryPoint","urlTemplate":"https:\/\/discoveralmunecar.com\/de\/?s={search_term_string}"},"query-input":{"@type":"PropertyValueSpecification","valueRequired":true,"valueName":"search_term_string"}}],"inLanguage":"de"}]}},"_links":{"self":[{"href":"https:\/\/discoveralmunecar.com\/de\/wp-json\/wp\/v2\/pages\/16003","targetHints":{"allow":["GET"]}}],"collection":[{"href":"https:\/\/discoveralmunecar.com\/de\/wp-json\/wp\/v2\/pages"}],"about":[{"href":"https:\/\/discoveralmunecar.com\/de\/wp-json\/wp\/v2\/types\/page"}],"author":[{"embeddable":true,"href":"https:\/\/discoveralmunecar.com\/de\/wp-json\/wp\/v2\/users\/9"}],"replies":[{"embeddable":true,"href":"https:\/\/discoveralmunecar.com\/de\/wp-json\/wp\/v2\/comments?post=16003"}],"version-history":[{"count":2,"href":"https:\/\/discoveralmunecar.com\/de\/wp-json\/wp\/v2\/pages\/16003\/revisions"}],"predecessor-version":[{"id":16005,"href":"https:\/\/discoveralmunecar.com\/de\/wp-json\/wp\/v2\/pages\/16003\/revisions\/16005"}],"wp:attachment":[{"href":"https:\/\/discoveralmunecar.com\/de\/wp-json\/wp\/v2\/media?parent=16003"}],"curies":[{"name":"wp","href":"https:\/\/api.w.org\/{rel}","templated":true}]}}