{"id":16006,"date":"2023-06-23T07:49:01","date_gmt":"2023-06-23T07:49:01","guid":{"rendered":"http:\/\/discoveralmunecar.com\/?page_id=16006"},"modified":"2023-06-23T07:49:01","modified_gmt":"2023-06-23T07:49:01","slug":"wo-schlaeft-man-in-almunecar-die-besten-hotels","status":"publish","type":"page","link":"https:\/\/discoveralmunecar.com\/de\/wo-schlaeft-man-in-almunecar-die-besten-hotels\/","title":{"rendered":"Wo schl\u00e4ft man in Almu\u00f1\u00e9car"},"content":{"rendered":"<p>[vc_row][vc_column]      <div class=\"row\">\n        <div class=\"post-grid-view\">\n                  <div class=\"col-sm-6 post-17662 post type-post status-publish format-standard has-post-thumbnail hentry category-firmen category-geschaeftliches category-wo-man-schlaeft\">\n\n            <div class=\"tt-post type-2\">\n                      <a class=\"tt-post-img custom-hover\" href=\"https:\/\/discoveralmunecar.com\/de\/laendlicher-ferienort-cortijo-fandango\/\">\n      <img fetchpriority=\"high\" decoding=\"async\" width=\"537\" height=\"307\" src=\"https:\/\/discoveralmunecar.com\/wp-content\/uploads\/2024\/06\/DSC_9829@0.5x-537x307.webp\" class=\"img-responsive wp-post-image\" alt=\"\" \/>    <\/a>\n                <div class=\"tt-post-info\">\n                                    <a class=\"tt-post-title c-h4\" href=\"https:\/\/discoveralmunecar.com\/de\/laendlicher-ferienort-cortijo-fandango\/\"><small>L\u00e4ndlicher Ferienort Cortijo Fandango<\/small><\/a>\n                      <div class=\"tt-post-label\">\n                <\/div>\n                      <div class=\"simple-text\">\n      <p><\/p>\n    <\/div>\n                                    <\/div>\n            <\/div>\n            <div class=\"empty-space marg-xs-b30\"><\/div> \n          <\/div>\n                <\/div>\n      <\/div>\n      \n  [vc_empty_space]<div class=\"text-block\" ><div class=\"simple-text \"><p>Almu\u00f1\u00e9car, im Herzen der Costa del Sol Tropical gelegen, ist die Stadt in der Provinz Granada mit dem gr\u00f6\u00dften Zustrom an Touristen.<\/p>\n<p>Aus diesem Grund gibt es in Almu\u00f1\u00e9car eine gro\u00dfe Anzahl von Hotels und \u00dcbernachtungsm\u00f6glichkeiten mit einem breit gef\u00e4cherten Serviceangebot, so dass man mit Sicherheit sagen kann, dass es f\u00fcr jeden Besuchertyp ein Hotel gibt, von Hotels, die Haustiere akzeptieren, bis zu solchen, die nur Erwachsene beherbergen, und von den luxuri\u00f6sesten 4-Sterne-Hotels mit Swimmingpool und Blick auf das Mittelmeer bis zu allen Arten von Herbergen und Campingpl\u00e4tzen.<\/p>\n<p>Almu\u00f1\u00e9car verf\u00fcgt \u00fcber nicht weniger als 6.000 Hotelbetten.<\/p>\n<p>In den Jahren vor der Pandemie verzeichnete Almu\u00f1\u00e9car mehr als eine Million \u00dcbernachtungen und wurde von mehr als 235.000 Touristen besucht, von denen mehr als 30 % aus dem Ausland kamen (haupts\u00e4chlich aus dem Vereinigten K\u00f6nigreich, Deutschland, Frankreich, Belgien und den Niederlanden).<\/p>\n<p>Es sei auch darauf hingewiesen, dass Almu\u00f1\u00e9car allein 25 % der Hotelunterk\u00fcnfte in der gesamten Provinz Granada besitzt. Almu\u00f1\u00e9car ist die einzige offiziell anerkannte Fremdenverkehrsgemeinde und der wichtigste Wirtschaftsmotor f\u00fcr die gesamte K\u00fcste der Provinz Granada.<\/p>\n<p>Alle Sektoren und \u00f6ffentlichen Verwaltungen halten das Hotelgewerbe von Almu\u00f1\u00e9car f\u00fcr das modernste und hochwertigste an der andalusischen K\u00fcste&#8221;, weisen aber auch darauf hin, dass es notwendig ist, auf Ver\u00e4nderungen zu achten und sich auf Qualit\u00e4t und Ausbildung zu konzentrieren, um weiterhin Fortschritte zu erzielen&#8221;.<\/p>\n<p>Aus diesem Grund engagieren sich alle Unternehmen, die sich dem Tourismus verschrieben haben, einschlie\u00dflich aller Hotels, Herbergen, Campingpl\u00e4tze und Ferienwohnungen in Almu\u00f1\u00e9car, stark f\u00fcr Ausbildung, Innovation, Exzellenz und Nachhaltigkeit, da diese Elemente die Schl\u00fcssel f\u00fcr die Zukunft sind, immer mit dem Gedanken, als Reiseziel weiter zu wachsen und sich zu verbessern, aber immer unter Beibehaltung der Markenzeichen, die Almu\u00f1\u00e9car zu einem besonderen Reiseziel machen.<\/p>\n<p>Nach der Pandemie ist die Zahl der Besucher nat\u00fcrlich zur\u00fcckgegangen, aber dank der harten Arbeit aller beteiligten Sektoren ist Almu\u00f1\u00e9car das beliebteste Reiseziel in der Provinz Granada geblieben, und zwar unter strikter Einhaltung aller Qualit\u00e4tsprotokolle, so dass ein absolut sicheres Umfeld f\u00fcr alle Einwohner und Besucher geschaffen wurde.<\/p>\n<p>Almu\u00f1\u00e9car verf\u00fcgt derzeit \u00fcber sehr moderne Einrichtungen von h\u00f6chster Qualit\u00e4t, wobei die 4- und 3-Sterne-Hotels fast 60 % des Gesamtangebots ausmachen und sich wie folgt verteilen<\/p>\n<p>9 4-Sterne-Hotels.<\/p>\n<p>6 3-Sterne-Hotels.<\/p>\n<p>1 2-Sterne-Hotel.<\/p>\n<p>Und 4 1-Sterne-Hotels.<\/p>\n<p>1 Campingplatz in Almu\u00f1\u00e9car und 2 in La Herradura.<\/p>\n<p>15 Touristenwohnungen.<\/p>\n<p>Und fast zwanzig Herbergen und Pensionen.<\/p>\n<p>Warten Sie nicht, bis man Ihnen davon erz\u00e4hlt, kommen Sie und genie\u00dfen Sie selbst, mit Freunden oder der Familie, all das, was Almu\u00f1\u00e9car f\u00fcr einen tollen Urlaub zu jeder Jahreszeit zu bieten hat.<\/p>\n<\/div><\/div>[\/vc_column][\/vc_row]<\/p>\n","protected":false},"excerpt":{"rendered":"<p>[vc_row][vc_column][vc_empty_space][\/vc_column][\/vc_row]<\/p>\n","protected":false},"author":9,"featured_media":0,"parent":0,"menu_order":0,"comment_status":"closed","ping_status":"closed","template":"","meta":{"footnotes":""},"class_list":["post-16006","page","type-page","status-publish","hentry"],"yoast_head":"<!-- This site is optimized with the Yoast SEO plugin v27.3 - https:\/\/yoast.com\/product\/yoast-seo-wordpress\/ -->\n<title>Wo schl\u00e4ft man in Almu\u00f1\u00e9car -<\/title>\n<meta name=\"robots\" content=\"index, follow, max-snippet:-1, max-image-preview:large, max-video-preview:-1\" \/>\n<link rel=\"canonical\" href=\"https:\/\/discoveralmunecar.com\/de\/wo-schlaeft-man-in-almunecar-die-besten-hotels\/\" \/>\n<meta property=\"og:locale\" content=\"de_DE\" \/>\n<meta property=\"og:type\" content=\"article\" \/>\n<meta property=\"og:title\" content=\"Wo schl\u00e4ft man in Almu\u00f1\u00e9car -\" \/>\n<meta property=\"og:description\" content=\"[vc_row][vc_column][vc_empty_space][\/vc_column][\/vc_row]\" \/>\n<meta property=\"og:url\" content=\"https:\/\/discoveralmunecar.com\/de\/wo-schlaeft-man-in-almunecar-die-besten-hotels\/\" \/>\n<meta name=\"twitter:card\" content=\"summary_large_image\" \/>\n<meta name=\"twitter:label1\" content=\"Gesch\u00e4tzte Lesezeit\" \/>\n\t<meta name=\"twitter:data1\" content=\"2\u00a0Minuten\" \/>\n<script type=\"application\/ld+json\" class=\"yoast-schema-graph\">{\"@context\":\"https:\\\/\\\/schema.org\",\"@graph\":[{\"@type\":\"WebPage\",\"@id\":\"https:\\\/\\\/discoveralmunecar.com\\\/de\\\/wo-schlaeft-man-in-almunecar-die-besten-hotels\\\/\",\"url\":\"https:\\\/\\\/discoveralmunecar.com\\\/de\\\/wo-schlaeft-man-in-almunecar-die-besten-hotels\\\/\",\"name\":\"Wo schl\u00e4ft man in Almu\u00f1\u00e9car -\",\"isPartOf\":{\"@id\":\"https:\\\/\\\/discoveralmunecar.com\\\/de\\\/#website\"},\"datePublished\":\"2023-06-23T07:49:01+00:00\",\"breadcrumb\":{\"@id\":\"https:\\\/\\\/discoveralmunecar.com\\\/de\\\/wo-schlaeft-man-in-almunecar-die-besten-hotels\\\/#breadcrumb\"},\"inLanguage\":\"de\",\"potentialAction\":[{\"@type\":\"ReadAction\",\"target\":[\"https:\\\/\\\/discoveralmunecar.com\\\/de\\\/wo-schlaeft-man-in-almunecar-die-besten-hotels\\\/\"]}]},{\"@type\":\"BreadcrumbList\",\"@id\":\"https:\\\/\\\/discoveralmunecar.com\\\/de\\\/wo-schlaeft-man-in-almunecar-die-besten-hotels\\\/#breadcrumb\",\"itemListElement\":[{\"@type\":\"ListItem\",\"position\":1,\"name\":\"Home\",\"item\":\"https:\\\/\\\/discoveralmunecar.com\\\/de\\\/\"},{\"@type\":\"ListItem\",\"position\":2,\"name\":\"Wo schl\u00e4ft man in Almu\u00f1\u00e9car\"}]},{\"@type\":\"WebSite\",\"@id\":\"https:\\\/\\\/discoveralmunecar.com\\\/de\\\/#website\",\"url\":\"https:\\\/\\\/discoveralmunecar.com\\\/de\\\/\",\"name\":\"\",\"description\":\"Just another WordPress site\\n\",\"potentialAction\":[{\"@type\":\"SearchAction\",\"target\":{\"@type\":\"EntryPoint\",\"urlTemplate\":\"https:\\\/\\\/discoveralmunecar.com\\\/de\\\/?s={search_term_string}\"},\"query-input\":{\"@type\":\"PropertyValueSpecification\",\"valueRequired\":true,\"valueName\":\"search_term_string\"}}],\"inLanguage\":\"de\"}]}<\/script>\n<!-- \/ Yoast SEO plugin. -->","yoast_head_json":{"title":"Wo schl\u00e4ft man in Almu\u00f1\u00e9car -","robots":{"index":"index","follow":"follow","max-snippet":"max-snippet:-1","max-image-preview":"max-image-preview:large","max-video-preview":"max-video-preview:-1"},"canonical":"https:\/\/discoveralmunecar.com\/de\/wo-schlaeft-man-in-almunecar-die-besten-hotels\/","og_locale":"de_DE","og_type":"article","og_title":"Wo schl\u00e4ft man in Almu\u00f1\u00e9car -","og_description":"[vc_row][vc_column][vc_empty_space][\/vc_column][\/vc_row]","og_url":"https:\/\/discoveralmunecar.com\/de\/wo-schlaeft-man-in-almunecar-die-besten-hotels\/","twitter_card":"summary_large_image","twitter_misc":{"Gesch\u00e4tzte Lesezeit":"2\u00a0Minuten"},"schema":{"@context":"https:\/\/schema.org","@graph":[{"@type":"WebPage","@id":"https:\/\/discoveralmunecar.com\/de\/wo-schlaeft-man-in-almunecar-die-besten-hotels\/","url":"https:\/\/discoveralmunecar.com\/de\/wo-schlaeft-man-in-almunecar-die-besten-hotels\/","name":"Wo schl\u00e4ft man in Almu\u00f1\u00e9car -","isPartOf":{"@id":"https:\/\/discoveralmunecar.com\/de\/#website"},"datePublished":"2023-06-23T07:49:01+00:00","breadcrumb":{"@id":"https:\/\/discoveralmunecar.com\/de\/wo-schlaeft-man-in-almunecar-die-besten-hotels\/#breadcrumb"},"inLanguage":"de","potentialAction":[{"@type":"ReadAction","target":["https:\/\/discoveralmunecar.com\/de\/wo-schlaeft-man-in-almunecar-die-besten-hotels\/"]}]},{"@type":"BreadcrumbList","@id":"https:\/\/discoveralmunecar.com\/de\/wo-schlaeft-man-in-almunecar-die-besten-hotels\/#breadcrumb","itemListElement":[{"@type":"ListItem","position":1,"name":"Home","item":"https:\/\/discoveralmunecar.com\/de\/"},{"@type":"ListItem","position":2,"name":"Wo schl\u00e4ft man in Almu\u00f1\u00e9car"}]},{"@type":"WebSite","@id":"https:\/\/discoveralmunecar.com\/de\/#website","url":"https:\/\/discoveralmunecar.com\/de\/","name":"","description":"Just another WordPress site\n","potentialAction":[{"@type":"SearchAction","target":{"@type":"EntryPoint","urlTemplate":"https:\/\/discoveralmunecar.com\/de\/?s={search_term_string}"},"query-input":{"@type":"PropertyValueSpecification","valueRequired":true,"valueName":"search_term_string"}}],"inLanguage":"de"}]}},"_links":{"self":[{"href":"https:\/\/discoveralmunecar.com\/de\/wp-json\/wp\/v2\/pages\/16006","targetHints":{"allow":["GET"]}}],"collection":[{"href":"https:\/\/discoveralmunecar.com\/de\/wp-json\/wp\/v2\/pages"}],"about":[{"href":"https:\/\/discoveralmunecar.com\/de\/wp-json\/wp\/v2\/types\/page"}],"author":[{"embeddable":true,"href":"https:\/\/discoveralmunecar.com\/de\/wp-json\/wp\/v2\/users\/9"}],"replies":[{"embeddable":true,"href":"https:\/\/discoveralmunecar.com\/de\/wp-json\/wp\/v2\/comments?post=16006"}],"version-history":[{"count":4,"href":"https:\/\/discoveralmunecar.com\/de\/wp-json\/wp\/v2\/pages\/16006\/revisions"}],"predecessor-version":[{"id":16010,"href":"https:\/\/discoveralmunecar.com\/de\/wp-json\/wp\/v2\/pages\/16006\/revisions\/16010"}],"wp:attachment":[{"href":"https:\/\/discoveralmunecar.com\/de\/wp-json\/wp\/v2\/media?parent=16006"}],"curies":[{"name":"wp","href":"https:\/\/api.w.org\/{rel}","templated":true}]}}