{"id":16013,"date":"2023-06-23T08:24:07","date_gmt":"2023-06-23T08:24:07","guid":{"rendered":"http:\/\/discoveralmunecar.com\/?page_id=16013"},"modified":"2023-06-23T08:24:07","modified_gmt":"2023-06-23T08:24:07","slug":"wo-schlaeft-man-in-la-herradura-die-besten-hotels","status":"publish","type":"page","link":"https:\/\/discoveralmunecar.com\/de\/wo-schlaeft-man-in-la-herradura-die-besten-hotels\/","title":{"rendered":"Wo schl\u00e4ft man in La Herradura, die besten Hotels"},"content":{"rendered":"<p>[vc_row][vc_column][vc_empty_space]<div class=\"text-block\" ><div class=\"simple-text \"><p>Es ist bekannt, dass La Herradura, die Stadt an der Grenze zwischen den Provinzen Granada (zu der sie geh\u00f6rt) und M\u00e1laga, im Herzen der Costa del Sol Tropical, obwohl sie wie ein kleines Fischerdorf wirkt, ein gro\u00dfes Sonnen- und Strandparadies ist. Dank seines Klimas und seiner privilegierten Lage zwischen den Steilk\u00fcsten von Maro Cerro Gordo und Punta de la Mona. Der Ort ist das ganze Jahr \u00fcber auf Besucher eingestellt. Und es gibt auch viele fabelhafte Orte zu bleiben.<\/p>\n<p>Ohne \u00fcberlaufen zu sein und ohne den erstickenden Druck des Massentourismus der benachbarten K\u00fcste von M\u00e1laga oder der spanischen Levante, finden wir eine sehr nahe und ruhige Hotelanlage, f\u00fcr jeden Geschmack. Hier k\u00f6nnen wir von Campingpl\u00e4tzen, um die Natur mit allen Sinnen zu genie\u00dfen, bis hin zu 4-Sterne-Hotels, Pensionen und Luxusvillen entdecken.<\/p>\n<p>Unter den Hotels finden wir viele direkt am Strand oder im Stadtzentrum, aber alle in unmittelbarer N\u00e4he des herrlichen Strandes und in den meisten F\u00e4llen mit einem au\u00dfergew\u00f6hnlichen Blick auf die K\u00fcste.<\/p>\n<p>Erg\u00e4nzt wird das breite Angebot an Unterk\u00fcnften durch die Touristenwohnungen, die eine hohe Akzeptanz erreicht haben und in luxuri\u00f6sen Urbanisationen zu finden sind, mit allen m\u00f6glichen Dienstleistungen und Annehmlichkeiten, von Swimmingpools bis zu G\u00e4rten und Kinderspielpl\u00e4tzen, im Stadtzentrum oder nur wenige Meter vom Strand entfernt. Dar\u00fcber hinaus verf\u00fcgen die meisten dieser Infrastrukturen \u00fcber eine moderne und gut gepflegte Ausstattung und sind eine hervorragende Option f\u00fcr Familien.<\/p>\n<p>Wenn Sie in der Hochsaison von Juni bis September ein paar Tage in La Herradura verbringen m\u00f6chten, sollten Sie Ihre Reservierung in einer dieser Unterk\u00fcnfte rechtzeitig vornehmen.<\/p>\n<p>Die beliebtesten Aufenthaltsorte sind die folgenden:<\/p>\n<ul>\n<li>Marina del Este\/Berengueles, ein kleiner, aber luxuri\u00f6ser Jachthafen und ein Strand ganz in der N\u00e4he des Hafens, der dank seiner Felsen und W\u00e4nde ein Paradies f\u00fcr Taucher und Schnorchler ist.<\/li>\n<li>Punta de la Mona: ber\u00fchmte Urbanisation im gleichnamigen Ort, in dem der virtuose Gitarrist Andr\u00e9s Segovia lebte, der als Vater der modernen klassischen Gitarrenbewegung gilt. La Herradura ehrte ihn, indem es die Promenade des Ortes, die eine seiner Hauptverkehrsadern ist, nach ihm benannte.<\/li>\n<li>Die Stadt.<\/li>\n<li>Der Osten und der Westen der Strandpromenade von La Herradura.<\/li>\n<\/ul>\n<p>Und unter den Hotels und Pensionen k\u00f6nnen wir hervorheben, obwohl es viele mehr gibt:<\/p>\n<ul>\n<li>Best Alcazar.<\/li>\n<li>H Boutique Pe\u00f1a Parda Bay.<\/li>\n<li>Oyo Almijara.<\/li>\n<li>Sol Los Fenicios.<\/li>\n<li>Caleta Bay.<\/li>\n<li>Pension La Herradura<\/li>\n<\/ul>\n<p>Lassen Sie sich nichts einreden, besuchen Sie La Herradura und \u00fcbernachten Sie in einem der herrlichen H\u00e4user direkt am Mittelmeer.<\/p>\n<\/div><\/div>[\/vc_column][\/vc_row]<\/p>\n","protected":false},"excerpt":{"rendered":"<p>[vc_row][vc_column][vc_empty_space][\/vc_column][\/vc_row]<\/p>\n","protected":false},"author":9,"featured_media":0,"parent":0,"menu_order":0,"comment_status":"closed","ping_status":"closed","template":"","meta":{"footnotes":""},"class_list":["post-16013","page","type-page","status-publish","hentry"],"yoast_head":"<!-- This site is optimized with the Yoast SEO plugin v27.3 - https:\/\/yoast.com\/product\/yoast-seo-wordpress\/ -->\n<title>Wo schl\u00e4ft man in La Herradura, die besten Hotels -<\/title>\n<meta name=\"description\" content=\"Finden Sie heraus, wo man in La Herradura \u00fcbernachten kann, die besten Hotels zu Ihrer Verf\u00fcgung in unserem Blog \u00fcber die Stadt.\" \/>\n<meta name=\"robots\" content=\"index, follow, max-snippet:-1, max-image-preview:large, max-video-preview:-1\" \/>\n<link rel=\"canonical\" href=\"https:\/\/discoveralmunecar.com\/de\/wo-schlaeft-man-in-la-herradura-die-besten-hotels\/\" \/>\n<meta property=\"og:locale\" content=\"de_DE\" \/>\n<meta property=\"og:type\" content=\"article\" \/>\n<meta property=\"og:title\" content=\"Wo schl\u00e4ft man in La Herradura, die besten Hotels -\" \/>\n<meta property=\"og:description\" content=\"Finden Sie heraus, wo man in La Herradura \u00fcbernachten kann, die besten Hotels zu Ihrer Verf\u00fcgung in unserem Blog \u00fcber die Stadt.\" \/>\n<meta property=\"og:url\" content=\"https:\/\/discoveralmunecar.com\/de\/wo-schlaeft-man-in-la-herradura-die-besten-hotels\/\" \/>\n<meta name=\"twitter:card\" content=\"summary_large_image\" \/>\n<meta name=\"twitter:label1\" content=\"Gesch\u00e4tzte Lesezeit\" \/>\n\t<meta name=\"twitter:data1\" content=\"2\u00a0Minuten\" \/>\n<script type=\"application\/ld+json\" class=\"yoast-schema-graph\">{\"@context\":\"https:\\\/\\\/schema.org\",\"@graph\":[{\"@type\":\"WebPage\",\"@id\":\"https:\\\/\\\/discoveralmunecar.com\\\/de\\\/wo-schlaeft-man-in-la-herradura-die-besten-hotels\\\/\",\"url\":\"https:\\\/\\\/discoveralmunecar.com\\\/de\\\/wo-schlaeft-man-in-la-herradura-die-besten-hotels\\\/\",\"name\":\"Wo schl\u00e4ft man in La Herradura, die besten Hotels -\",\"isPartOf\":{\"@id\":\"https:\\\/\\\/discoveralmunecar.com\\\/de\\\/#website\"},\"datePublished\":\"2023-06-23T08:24:07+00:00\",\"description\":\"Finden Sie heraus, wo man in La Herradura \u00fcbernachten kann, die besten Hotels zu Ihrer Verf\u00fcgung in unserem Blog \u00fcber die Stadt.\",\"breadcrumb\":{\"@id\":\"https:\\\/\\\/discoveralmunecar.com\\\/de\\\/wo-schlaeft-man-in-la-herradura-die-besten-hotels\\\/#breadcrumb\"},\"inLanguage\":\"de\",\"potentialAction\":[{\"@type\":\"ReadAction\",\"target\":[\"https:\\\/\\\/discoveralmunecar.com\\\/de\\\/wo-schlaeft-man-in-la-herradura-die-besten-hotels\\\/\"]}]},{\"@type\":\"BreadcrumbList\",\"@id\":\"https:\\\/\\\/discoveralmunecar.com\\\/de\\\/wo-schlaeft-man-in-la-herradura-die-besten-hotels\\\/#breadcrumb\",\"itemListElement\":[{\"@type\":\"ListItem\",\"position\":1,\"name\":\"Home\",\"item\":\"https:\\\/\\\/discoveralmunecar.com\\\/de\\\/\"},{\"@type\":\"ListItem\",\"position\":2,\"name\":\"Wo schl\u00e4ft man in La Herradura, die besten Hotels\"}]},{\"@type\":\"WebSite\",\"@id\":\"https:\\\/\\\/discoveralmunecar.com\\\/de\\\/#website\",\"url\":\"https:\\\/\\\/discoveralmunecar.com\\\/de\\\/\",\"name\":\"\",\"description\":\"Just another WordPress site\\n\",\"potentialAction\":[{\"@type\":\"SearchAction\",\"target\":{\"@type\":\"EntryPoint\",\"urlTemplate\":\"https:\\\/\\\/discoveralmunecar.com\\\/de\\\/?s={search_term_string}\"},\"query-input\":{\"@type\":\"PropertyValueSpecification\",\"valueRequired\":true,\"valueName\":\"search_term_string\"}}],\"inLanguage\":\"de\"}]}<\/script>\n<!-- \/ Yoast SEO plugin. -->","yoast_head_json":{"title":"Wo schl\u00e4ft man in La Herradura, die besten Hotels -","description":"Finden Sie heraus, wo man in La Herradura \u00fcbernachten kann, die besten Hotels zu Ihrer Verf\u00fcgung in unserem Blog \u00fcber die Stadt.","robots":{"index":"index","follow":"follow","max-snippet":"max-snippet:-1","max-image-preview":"max-image-preview:large","max-video-preview":"max-video-preview:-1"},"canonical":"https:\/\/discoveralmunecar.com\/de\/wo-schlaeft-man-in-la-herradura-die-besten-hotels\/","og_locale":"de_DE","og_type":"article","og_title":"Wo schl\u00e4ft man in La Herradura, die besten Hotels -","og_description":"Finden Sie heraus, wo man in La Herradura \u00fcbernachten kann, die besten Hotels zu Ihrer Verf\u00fcgung in unserem Blog \u00fcber die Stadt.","og_url":"https:\/\/discoveralmunecar.com\/de\/wo-schlaeft-man-in-la-herradura-die-besten-hotels\/","twitter_card":"summary_large_image","twitter_misc":{"Gesch\u00e4tzte Lesezeit":"2\u00a0Minuten"},"schema":{"@context":"https:\/\/schema.org","@graph":[{"@type":"WebPage","@id":"https:\/\/discoveralmunecar.com\/de\/wo-schlaeft-man-in-la-herradura-die-besten-hotels\/","url":"https:\/\/discoveralmunecar.com\/de\/wo-schlaeft-man-in-la-herradura-die-besten-hotels\/","name":"Wo schl\u00e4ft man in La Herradura, die besten Hotels -","isPartOf":{"@id":"https:\/\/discoveralmunecar.com\/de\/#website"},"datePublished":"2023-06-23T08:24:07+00:00","description":"Finden Sie heraus, wo man in La Herradura \u00fcbernachten kann, die besten Hotels zu Ihrer Verf\u00fcgung in unserem Blog \u00fcber die Stadt.","breadcrumb":{"@id":"https:\/\/discoveralmunecar.com\/de\/wo-schlaeft-man-in-la-herradura-die-besten-hotels\/#breadcrumb"},"inLanguage":"de","potentialAction":[{"@type":"ReadAction","target":["https:\/\/discoveralmunecar.com\/de\/wo-schlaeft-man-in-la-herradura-die-besten-hotels\/"]}]},{"@type":"BreadcrumbList","@id":"https:\/\/discoveralmunecar.com\/de\/wo-schlaeft-man-in-la-herradura-die-besten-hotels\/#breadcrumb","itemListElement":[{"@type":"ListItem","position":1,"name":"Home","item":"https:\/\/discoveralmunecar.com\/de\/"},{"@type":"ListItem","position":2,"name":"Wo schl\u00e4ft man in La Herradura, die besten Hotels"}]},{"@type":"WebSite","@id":"https:\/\/discoveralmunecar.com\/de\/#website","url":"https:\/\/discoveralmunecar.com\/de\/","name":"","description":"Just another WordPress site\n","potentialAction":[{"@type":"SearchAction","target":{"@type":"EntryPoint","urlTemplate":"https:\/\/discoveralmunecar.com\/de\/?s={search_term_string}"},"query-input":{"@type":"PropertyValueSpecification","valueRequired":true,"valueName":"search_term_string"}}],"inLanguage":"de"}]}},"_links":{"self":[{"href":"https:\/\/discoveralmunecar.com\/de\/wp-json\/wp\/v2\/pages\/16013","targetHints":{"allow":["GET"]}}],"collection":[{"href":"https:\/\/discoveralmunecar.com\/de\/wp-json\/wp\/v2\/pages"}],"about":[{"href":"https:\/\/discoveralmunecar.com\/de\/wp-json\/wp\/v2\/types\/page"}],"author":[{"embeddable":true,"href":"https:\/\/discoveralmunecar.com\/de\/wp-json\/wp\/v2\/users\/9"}],"replies":[{"embeddable":true,"href":"https:\/\/discoveralmunecar.com\/de\/wp-json\/wp\/v2\/comments?post=16013"}],"version-history":[{"count":4,"href":"https:\/\/discoveralmunecar.com\/de\/wp-json\/wp\/v2\/pages\/16013\/revisions"}],"predecessor-version":[{"id":16017,"href":"https:\/\/discoveralmunecar.com\/de\/wp-json\/wp\/v2\/pages\/16013\/revisions\/16017"}],"wp:attachment":[{"href":"https:\/\/discoveralmunecar.com\/de\/wp-json\/wp\/v2\/media?parent=16013"}],"curies":[{"name":"wp","href":"https:\/\/api.w.org\/{rel}","templated":true}]}}