{"id":2919,"date":"2021-05-07T15:43:39","date_gmt":"2021-05-07T15:43:39","guid":{"rendered":"http:\/\/discoveralmunecar.com\/?page_id=2919"},"modified":"2021-06-21T15:22:22","modified_gmt":"2021-06-21T15:22:22","slug":"deportes-almunecar","status":"publish","type":"page","link":"https:\/\/discoveralmunecar.com\/es\/deportes-almunecar\/","title":{"rendered":"Deportes para disfrutar en Almu\u00f1\u00e9car"},"content":{"rendered":"<p>[vc_row][vc_column][vc_empty_space height=&#8221;22px&#8221;]<div class=\"text-block\" ><div class=\"simple-text \"><p><span class=\"hiddenSpellError\">Almu\u00f1\u00e9car<\/span> est\u00e1 en un paraje natural atractivo y variado que permite practicar un amplio cat\u00e1logo de deportes en entornos diferentes.<\/p>\n<p>La calas protegidas donde bucear para admirar la diversidad marina, las embarcaciones del puerto deportivo para navegar simplemente, disfrutando de los acantilados de sus costas desde un kayac o un velero.<\/p>\n<p>El parque natural de Pe\u00f1a Escrita. Un entorno de monta\u00f1a menos de una hora del mar, con sus pinares y vegetaci\u00f3n mediterr\u00e1nea para recorrer las rutas de senderismo disfrutando de la naturaleza. Algunos parajes \u00fanicos como la junta de los r\u00edos.<\/p>\n<\/div><\/div>[vc_empty_space height=&#8221;22px&#8221;][\/vc_column][\/vc_row][vc_row][vc_column][vc_row_inner css=&#8221;.vc_custom_1620401793810{border-left-width: 20px !important;}&#8221;][vc_column_inner width=&#8221;1\/2&#8243;][vc_single_image image=&#8221;2922&#8243; img_size=&#8221;full&#8221; onclick=&#8221;custom_link&#8221; link=&#8221;\/motocross-en-almunecar\/&#8221;][vc_empty_space height=&#8221;22px&#8221;][vc_custom_heading text=&#8221;Motocross&#8221; font_container=&#8221;tag:h2|font_size:20|text_align:left&#8221; use_theme_fonts=&#8221;yes&#8221; link=&#8221;url:%2Fmotocross-en-almunecar%2F|title:Motocross%20en%20Almu%C3%B1%C3%A9car&#8221;][\/vc_column_inner][vc_column_inner width=&#8221;1\/2&#8243;][vc_single_image image=&#8221;2925&#8243; img_size=&#8221;full&#8221; onclick=&#8221;custom_link&#8221; link=&#8221;\/surf-en-almunecar\/&#8221;][vc_empty_space height=&#8221;22px&#8221;][vc_custom_heading text=&#8221;Surf&#8221; font_container=&#8221;tag:h2|font_size:20|text_align:left&#8221; use_theme_fonts=&#8221;yes&#8221; link=&#8221;url:%2Fsurf-en-almunecar%2F|title:Surf%20en%20Almu%C3%B1%C3%A9car&#8221;][\/vc_column_inner][\/vc_row_inner][vc_empty_space height=&#8221;22px&#8221;][\/vc_column][\/vc_row][vc_row][vc_column]<div class=\"text-block\" ><div class=\"simple-text \"><p><span class=\"hiddenSpellError\">Almu\u00f1\u00e9car<\/span> dispone tambi\u00e9n de instalaciones deportivas municipales que complementan la alternativa deportiva.<\/p>\n<p>La piscina municipal, abierta todo el a\u00f1o que imparte cursos de nataci\u00f3n, el campo de futbol, el polideportivo, la pista de atletismo, las pistas de p\u00e1del, los gimnasios municipales y los privados que cuentan con excelentes profesionales hace de <span class=\"hiddenSpellError\">Almu\u00f1\u00e9car<\/span> el lugar perfecto para practicar deporte<\/p>\n<p><span class=\"hiddenSpellError\">Almu\u00f1\u00e9car<\/span> puede ser el lugar de retiro perfecto para avanzar en tu forma f\u00edsica o recuperarte de una lesi\u00f3n, gracias a profesionales de cl\u00ednicas de fisioterapia<\/p>\n<\/div><\/div>[vc_empty_space height=&#8221;22px&#8221;][vc_row_inner css=&#8221;.vc_custom_1620401783778{border-left-width: 20px !important;}&#8221;][vc_column_inner width=&#8221;1\/2&#8243;][vc_single_image image=&#8221;2928&#8243; img_size=&#8221;full&#8221; onclick=&#8221;custom_link&#8221; link=&#8221;\/parapente-en-almunecar\/&#8221;][vc_empty_space height=&#8221;22px&#8221;][vc_custom_heading text=&#8221;Parapente&#8221; font_container=&#8221;tag:h2|font_size:20|text_align:left&#8221; use_theme_fonts=&#8221;yes&#8221; link=&#8221;url:%2Fparapente-en-almunecar%2F|title:Parapente%20en%20Almu%C3%B1%C3%A9car|target:_blank&#8221;][\/vc_column_inner][vc_column_inner width=&#8221;1\/2&#8243;][vc_single_image image=&#8221;2930&#8243; img_size=&#8221;full&#8221; onclick=&#8221;custom_link&#8221; link=&#8221;\/pesca-deportiva-en-almunecar\/&#8221;][vc_empty_space height=&#8221;22px&#8221;][vc_custom_heading text=&#8221;Pesca deportiva&#8221; font_container=&#8221;tag:h2|font_size:20|text_align:left&#8221; use_theme_fonts=&#8221;yes&#8221; link=&#8221;url:%2Fpesca-deportiva-en-almunecar%2F|title:Pesca%20deportiva%20en%20Almu%C3%B1%C3%A9car&#8221;][\/vc_column_inner][\/vc_row_inner][vc_empty_space height=&#8221;22px&#8221;][vc_row_inner css=&#8221;.vc_custom_1620401783778{border-left-width: 20px !important;}&#8221;][vc_column_inner width=&#8221;1\/2&#8243;][vc_single_image image=&#8221;3413&#8243; img_size=&#8221;full&#8221; onclick=&#8221;custom_link&#8221; link=&#8221;\/triatlon-en-almunecar\/&#8221;][vc_empty_space height=&#8221;22px&#8221;][vc_custom_heading text=&#8221;Triatl\u00f3n&#8221; font_container=&#8221;tag:h2|font_size:20|text_align:left&#8221; use_theme_fonts=&#8221;yes&#8221; link=&#8221;url:%2Ftriatlon-en-almunecar%2F|title:Triatl%C3%B3n|target:_blank&#8221;][\/vc_column_inner][vc_column_inner width=&#8221;1\/2&#8243;][vc_single_image image=&#8221;3701&#8243; img_size=&#8221;full&#8221; onclick=&#8221;custom_link&#8221; link=&#8221;https:\/\/discoveralmunecar.com\/es\/senderismo-antiguo-camino-de-los-pescadores\/&#8221;][vc_empty_space height=&#8221;22px&#8221;][vc_custom_heading text=&#8221;Senderismo &#8211; Antiguo camino de los pescadores&#8221; font_container=&#8221;tag:h2|font_size:20|text_align:left&#8221; use_theme_fonts=&#8221;yes&#8221; link=&#8221;url:https%3A%2F%2Fdiscoveralmunecar.com%2Fes%2Fsenderismo-antiguo-camino-de-los-pescadores-almunecar%2F|title:Senderismo%2C%20antiguo%20camino%20de%20los%20pescadores&#8221;][\/vc_column_inner][\/vc_row_inner][vc_empty_space height=&#8221;22px&#8221;][\/vc_column][\/vc_row]<\/p>\n","protected":false},"excerpt":{"rendered":"<p>[vc_row][vc_column][vc_empty_space height=&#8221;22px&#8221;][vc_empty_space height=&#8221;22px&#8221;][\/vc_column][\/vc_row][vc_row][vc_column][vc_row_inner css=&#8221;.vc_custom_1620401793810{border-left-width: 20px !important;}&#8221;][vc_column_inner width=&#8221;1\/2&#8243;][vc_single_image image=&#8221;2922&#8243; img_size=&#8221;full&#8221; onclick=&#8221;custom_link&#8221; link=&#8221;\/motocross-en-almunecar\/&#8221;][vc_empty_space height=&#8221;22px&#8221;][vc_custom_heading text=&#8221;Motocross&#8221; font_container=&#8221;tag:h2|font_size:20|text_align:left&#8221; use_theme_fonts=&#8221;yes&#8221; link=&#8221;url:%2Fmotocross-en-almunecar%2F|title:Motocross%20en%20Almu%C3%B1%C3%A9car&#8221;][\/vc_column_inner][vc_column_inner width=&#8221;1\/2&#8243;][vc_single_image image=&#8221;2925&#8243; img_size=&#8221;full&#8221; onclick=&#8221;custom_link&#8221; link=&#8221;\/surf-en-almunecar\/&#8221;][vc_empty_space height=&#8221;22px&#8221;][vc_custom_heading text=&#8221;Surf&#8221; font_container=&#8221;tag:h2|font_size:20|text_align:left&#8221; use_theme_fonts=&#8221;yes&#8221; link=&#8221;url:%2Fsurf-en-almunecar%2F|title:Surf%20en%20Almu%C3%B1%C3%A9car&#8221;][\/vc_column_inner][\/vc_row_inner][vc_empty_space height=&#8221;22px&#8221;][\/vc_column][\/vc_row][vc_row][vc_column][vc_empty_space height=&#8221;22px&#8221;][vc_row_inner css=&#8221;.vc_custom_1620401783778{border-left-width: 20px !important;}&#8221;][vc_column_inner width=&#8221;1\/2&#8243;][vc_single_image image=&#8221;2928&#8243; img_size=&#8221;full&#8221; onclick=&#8221;custom_link&#8221; link=&#8221;\/parapente-en-almunecar\/&#8221;][vc_empty_space height=&#8221;22px&#8221;][vc_custom_heading text=&#8221;Parapente&#8221; font_container=&#8221;tag:h2|font_size:20|text_align:left&#8221; use_theme_fonts=&#8221;yes&#8221; link=&#8221;url:%2Fparapente-en-almunecar%2F|title:Parapente%20en%20Almu%C3%B1%C3%A9car|target:_blank&#8221;][\/vc_column_inner][vc_column_inner width=&#8221;1\/2&#8243;][vc_single_image image=&#8221;2930&#8243; img_size=&#8221;full&#8221; onclick=&#8221;custom_link&#8221; link=&#8221;\/pesca-deportiva-en-almunecar\/&#8221;][vc_empty_space height=&#8221;22px&#8221;][vc_custom_heading text=&#8221;Pesca deportiva&#8221; font_container=&#8221;tag:h2|font_size:20|text_align:left&#8221; use_theme_fonts=&#8221;yes&#8221; link=&#8221;url:%2Fpesca-deportiva-en-almunecar%2F|title:Pesca%20deportiva%20en%20Almu%C3%B1%C3%A9car&#8221;][\/vc_column_inner][\/vc_row_inner][vc_empty_space height=&#8221;22px&#8221;][vc_row_inner css=&#8221;.vc_custom_1620401783778{border-left-width: 20px [&hellip;]<\/p>\n","protected":false},"author":2,"featured_media":3701,"parent":0,"menu_order":0,"comment_status":"closed","ping_status":"closed","template":"","meta":{"footnotes":""},"class_list":["post-2919","page","type-page","status-publish","has-post-thumbnail","hentry"],"yoast_head":"<!-- This site is optimized with the Yoast SEO plugin v27.3 - https:\/\/yoast.com\/product\/yoast-seo-wordpress\/ -->\n<title>Deportes para disfrutar en Almu\u00f1\u00e9car, conoce m\u00e1s la ciudad<\/title>\n<meta name=\"description\" content=\"Deportes para disfrutar en Almu\u00f1\u00e9car, divi\u00e9rtete y conoce los aspectos deportivos de la ciudad en tus vacaciones y d\u00eda a d\u00eda.\" \/>\n<meta name=\"robots\" content=\"index, follow, max-snippet:-1, max-image-preview:large, max-video-preview:-1\" \/>\n<link rel=\"canonical\" href=\"https:\/\/discoveralmunecar.com\/es\/deportes-almunecar\/\" \/>\n<meta property=\"og:locale\" content=\"es_ES\" \/>\n<meta property=\"og:type\" content=\"article\" \/>\n<meta property=\"og:title\" content=\"Deportes para disfrutar en Almu\u00f1\u00e9car, conoce m\u00e1s la ciudad\" \/>\n<meta property=\"og:description\" content=\"Deportes para disfrutar en Almu\u00f1\u00e9car, divi\u00e9rtete y conoce los aspectos deportivos de la ciudad en tus vacaciones y d\u00eda a d\u00eda.\" \/>\n<meta property=\"og:url\" content=\"https:\/\/discoveralmunecar.com\/es\/deportes-almunecar\/\" \/>\n<meta property=\"article:modified_time\" content=\"2021-06-21T15:22:22+00:00\" \/>\n<meta property=\"og:image\" content=\"https:\/\/discoveralmunecar.com\/wp-content\/uploads\/2021\/06\/2AF.jpg\" \/>\n\t<meta property=\"og:image:width\" content=\"1920\" \/>\n\t<meta property=\"og:image:height\" content=\"1080\" \/>\n\t<meta property=\"og:image:type\" content=\"image\/jpeg\" \/>\n<meta name=\"twitter:card\" content=\"summary_large_image\" \/>\n<meta name=\"twitter:label1\" content=\"Tiempo de lectura\" \/>\n\t<meta name=\"twitter:data1\" content=\"2 minutos\" \/>\n<script type=\"application\/ld+json\" class=\"yoast-schema-graph\">{\"@context\":\"https:\\\/\\\/schema.org\",\"@graph\":[{\"@type\":\"WebPage\",\"@id\":\"https:\\\/\\\/discoveralmunecar.com\\\/es\\\/deportes-almunecar\\\/\",\"url\":\"https:\\\/\\\/discoveralmunecar.com\\\/es\\\/deportes-almunecar\\\/\",\"name\":\"Deportes para disfrutar en Almu\u00f1\u00e9car, conoce m\u00e1s la ciudad\",\"isPartOf\":{\"@id\":\"https:\\\/\\\/discoveralmunecar.com\\\/es\\\/#website\"},\"primaryImageOfPage\":{\"@id\":\"https:\\\/\\\/discoveralmunecar.com\\\/es\\\/deportes-almunecar\\\/#primaryimage\"},\"image\":{\"@id\":\"https:\\\/\\\/discoveralmunecar.com\\\/es\\\/deportes-almunecar\\\/#primaryimage\"},\"thumbnailUrl\":\"https:\\\/\\\/discoveralmunecar.com\\\/wp-content\\\/uploads\\\/2021\\\/06\\\/2AF.jpg\",\"datePublished\":\"2021-05-07T15:43:39+00:00\",\"dateModified\":\"2021-06-21T15:22:22+00:00\",\"description\":\"Deportes para disfrutar en Almu\u00f1\u00e9car, divi\u00e9rtete y conoce los aspectos deportivos de la ciudad en tus vacaciones y d\u00eda a d\u00eda.\",\"breadcrumb\":{\"@id\":\"https:\\\/\\\/discoveralmunecar.com\\\/es\\\/deportes-almunecar\\\/#breadcrumb\"},\"inLanguage\":\"es\",\"potentialAction\":[{\"@type\":\"ReadAction\",\"target\":[\"https:\\\/\\\/discoveralmunecar.com\\\/es\\\/deportes-almunecar\\\/\"]}]},{\"@type\":\"ImageObject\",\"inLanguage\":\"es\",\"@id\":\"https:\\\/\\\/discoveralmunecar.com\\\/es\\\/deportes-almunecar\\\/#primaryimage\",\"url\":\"https:\\\/\\\/discoveralmunecar.com\\\/wp-content\\\/uploads\\\/2021\\\/06\\\/2AF.jpg\",\"contentUrl\":\"https:\\\/\\\/discoveralmunecar.com\\\/wp-content\\\/uploads\\\/2021\\\/06\\\/2AF.jpg\",\"width\":1920,\"height\":1080,\"caption\":\"Senderismo, antiguo camino de los pescadores\"},{\"@type\":\"BreadcrumbList\",\"@id\":\"https:\\\/\\\/discoveralmunecar.com\\\/es\\\/deportes-almunecar\\\/#breadcrumb\",\"itemListElement\":[{\"@type\":\"ListItem\",\"position\":1,\"name\":\"Home\",\"item\":\"https:\\\/\\\/discoveralmunecar.com\\\/es\\\/\"},{\"@type\":\"ListItem\",\"position\":2,\"name\":\"Deportes para disfrutar en Almu\u00f1\u00e9car\"}]},{\"@type\":\"WebSite\",\"@id\":\"https:\\\/\\\/discoveralmunecar.com\\\/es\\\/#website\",\"url\":\"https:\\\/\\\/discoveralmunecar.com\\\/es\\\/\",\"name\":\"\",\"description\":\"Just another WordPress site\\n\",\"potentialAction\":[{\"@type\":\"SearchAction\",\"target\":{\"@type\":\"EntryPoint\",\"urlTemplate\":\"https:\\\/\\\/discoveralmunecar.com\\\/es\\\/?s={search_term_string}\"},\"query-input\":{\"@type\":\"PropertyValueSpecification\",\"valueRequired\":true,\"valueName\":\"search_term_string\"}}],\"inLanguage\":\"es\"}]}<\/script>\n<!-- \/ Yoast SEO plugin. -->","yoast_head_json":{"title":"Deportes para disfrutar en Almu\u00f1\u00e9car, conoce m\u00e1s la ciudad","description":"Deportes para disfrutar en Almu\u00f1\u00e9car, divi\u00e9rtete y conoce los aspectos deportivos de la ciudad en tus vacaciones y d\u00eda a d\u00eda.","robots":{"index":"index","follow":"follow","max-snippet":"max-snippet:-1","max-image-preview":"max-image-preview:large","max-video-preview":"max-video-preview:-1"},"canonical":"https:\/\/discoveralmunecar.com\/es\/deportes-almunecar\/","og_locale":"es_ES","og_type":"article","og_title":"Deportes para disfrutar en Almu\u00f1\u00e9car, conoce m\u00e1s la ciudad","og_description":"Deportes para disfrutar en Almu\u00f1\u00e9car, divi\u00e9rtete y conoce los aspectos deportivos de la ciudad en tus vacaciones y d\u00eda a d\u00eda.","og_url":"https:\/\/discoveralmunecar.com\/es\/deportes-almunecar\/","article_modified_time":"2021-06-21T15:22:22+00:00","og_image":[{"width":1920,"height":1080,"url":"https:\/\/discoveralmunecar.com\/wp-content\/uploads\/2021\/06\/2AF.jpg","type":"image\/jpeg"}],"twitter_card":"summary_large_image","twitter_misc":{"Tiempo de lectura":"2 minutos"},"schema":{"@context":"https:\/\/schema.org","@graph":[{"@type":"WebPage","@id":"https:\/\/discoveralmunecar.com\/es\/deportes-almunecar\/","url":"https:\/\/discoveralmunecar.com\/es\/deportes-almunecar\/","name":"Deportes para disfrutar en Almu\u00f1\u00e9car, conoce m\u00e1s la ciudad","isPartOf":{"@id":"https:\/\/discoveralmunecar.com\/es\/#website"},"primaryImageOfPage":{"@id":"https:\/\/discoveralmunecar.com\/es\/deportes-almunecar\/#primaryimage"},"image":{"@id":"https:\/\/discoveralmunecar.com\/es\/deportes-almunecar\/#primaryimage"},"thumbnailUrl":"https:\/\/discoveralmunecar.com\/wp-content\/uploads\/2021\/06\/2AF.jpg","datePublished":"2021-05-07T15:43:39+00:00","dateModified":"2021-06-21T15:22:22+00:00","description":"Deportes para disfrutar en Almu\u00f1\u00e9car, divi\u00e9rtete y conoce los aspectos deportivos de la ciudad en tus vacaciones y d\u00eda a d\u00eda.","breadcrumb":{"@id":"https:\/\/discoveralmunecar.com\/es\/deportes-almunecar\/#breadcrumb"},"inLanguage":"es","potentialAction":[{"@type":"ReadAction","target":["https:\/\/discoveralmunecar.com\/es\/deportes-almunecar\/"]}]},{"@type":"ImageObject","inLanguage":"es","@id":"https:\/\/discoveralmunecar.com\/es\/deportes-almunecar\/#primaryimage","url":"https:\/\/discoveralmunecar.com\/wp-content\/uploads\/2021\/06\/2AF.jpg","contentUrl":"https:\/\/discoveralmunecar.com\/wp-content\/uploads\/2021\/06\/2AF.jpg","width":1920,"height":1080,"caption":"Senderismo, antiguo camino de los pescadores"},{"@type":"BreadcrumbList","@id":"https:\/\/discoveralmunecar.com\/es\/deportes-almunecar\/#breadcrumb","itemListElement":[{"@type":"ListItem","position":1,"name":"Home","item":"https:\/\/discoveralmunecar.com\/es\/"},{"@type":"ListItem","position":2,"name":"Deportes para disfrutar en Almu\u00f1\u00e9car"}]},{"@type":"WebSite","@id":"https:\/\/discoveralmunecar.com\/es\/#website","url":"https:\/\/discoveralmunecar.com\/es\/","name":"","description":"Just another WordPress site\n","potentialAction":[{"@type":"SearchAction","target":{"@type":"EntryPoint","urlTemplate":"https:\/\/discoveralmunecar.com\/es\/?s={search_term_string}"},"query-input":{"@type":"PropertyValueSpecification","valueRequired":true,"valueName":"search_term_string"}}],"inLanguage":"es"}]}},"_links":{"self":[{"href":"https:\/\/discoveralmunecar.com\/es\/wp-json\/wp\/v2\/pages\/2919","targetHints":{"allow":["GET"]}}],"collection":[{"href":"https:\/\/discoveralmunecar.com\/es\/wp-json\/wp\/v2\/pages"}],"about":[{"href":"https:\/\/discoveralmunecar.com\/es\/wp-json\/wp\/v2\/types\/page"}],"author":[{"embeddable":true,"href":"https:\/\/discoveralmunecar.com\/es\/wp-json\/wp\/v2\/users\/2"}],"replies":[{"embeddable":true,"href":"https:\/\/discoveralmunecar.com\/es\/wp-json\/wp\/v2\/comments?post=2919"}],"version-history":[{"count":22,"href":"https:\/\/discoveralmunecar.com\/es\/wp-json\/wp\/v2\/pages\/2919\/revisions"}],"predecessor-version":[{"id":3703,"href":"https:\/\/discoveralmunecar.com\/es\/wp-json\/wp\/v2\/pages\/2919\/revisions\/3703"}],"wp:featuredmedia":[{"embeddable":true,"href":"https:\/\/discoveralmunecar.com\/es\/wp-json\/wp\/v2\/media\/3701"}],"wp:attachment":[{"href":"https:\/\/discoveralmunecar.com\/es\/wp-json\/wp\/v2\/media?parent=2919"}],"curies":[{"name":"wp","href":"https:\/\/api.w.org\/{rel}","templated":true}]}}