{"id":2949,"date":"2021-05-11T10:19:47","date_gmt":"2021-05-11T10:19:47","guid":{"rendered":"http:\/\/discoveralmunecar.com\/?page_id=2949"},"modified":"2021-10-11T08:53:43","modified_gmt":"2021-10-11T08:53:43","slug":"viajar-a-almunecar","status":"publish","type":"page","link":"https:\/\/discoveralmunecar.com\/es\/viajar-a-almunecar\/","title":{"rendered":"Viajar a Almu\u00f1\u00e9car, un destino lleno de sorpresas"},"content":{"rendered":"<p>[vc_row][vc_column][vc_row_inner css=&#8221;.vc_custom_1620727055948{border-left-width: 20px !important;}&#8221;][vc_column_inner width=&#8221;1\/4&#8243;]<div class=\"text-block\" ><div class=\"simple-text \"><p>Almu\u00f1\u00e9car es una ciudad milenaria con una larga historia, y la ciudad m\u00e1s antigua del Mediterr\u00e1neo espa\u00f1ol, que adem\u00e1s se encuentra refugiada de los vientos del Norte por varias cadenas monta\u00f1osas, y gracias a su situaci\u00f3n entre el mar y las monta\u00f1as posee un microclima privilegiado durante los doce meses del a\u00f1o. Y al Oeste de Almu\u00f1\u00e9car encontramos otro peque\u00f1o para\u00edso como es La Herradura.<\/p>\n<p>En ambas podemos descubrir cuando las visitemos playas para todos los gustos, desde las m\u00e1s urbanas con todos los lujos y comodidades, hasta las m\u00e1s salvajes y naturistas, todo ello en poco m\u00e1s de 19 kil\u00f3metros de litoral.<\/p>\n<p>Desde Descubre Almu\u00f1\u00e9car te invitamos a que visites Almu\u00f1\u00e9car y La Herradura, para que descubras todos sus atractivos, como por ejemplo su gastronom\u00eda, basada en productos frescos y aut\u00f3ctonos como son el pescado de su costa, frescas hortalizas y frutas tropicales; con los que se elaboran unos riqu\u00edsimos platos t\u00edpicos: como la ensalada de langostinos con mango, pollo al horno con hojas de aguacate, migas de s\u00e9mola, y por supuesto frituras de pescado, parrilladas de mariscos, y un largu\u00edsimo etc\u00e9tera\u2026<\/p>\n<\/div><\/div>[\/vc_column_inner][vc_column_inner width=&#8221;3\/4&#8243;][vc_single_image image=&#8221;3029&#8243; img_size=&#8221;full&#8221;][\/vc_column_inner][\/vc_row_inner][vc_empty_space]<div class=\"text-block\" ><div class=\"simple-text \"><p>Otro de los grandes atractivos de Almu\u00f1\u00e9car y La Herradura es su milenaria historia que podemos conocer gracias a sus monumentos, museos y paseando por sus calles y parques que han sido testigos del paso de todas las culturas del Mediterr\u00e1neo, desde los fenicios y los egipcios, hasta los romanos, cartagineses y musulmanes.<\/p>\n<p>Pero tampoco podemos olvidar que Almu\u00f1\u00e9car es un destino de sol y playa, con m\u00e1s de 300 d\u00edas de sol al a\u00f1o, y con un clima privilegiado que permite disfrutar de la playa casi todo el a\u00f1o, no solo en julio y agosto, cuando m\u00e1s afluencia de turistas y visitantes podemos encontrar.<\/p>\n<p>Y tras un buen d\u00eda de playa, nada mejor que disfrutar sus noches en una buena terraza para luego continuar la fiesta en la zona de pubs, que los hay de todos los gustos y colores, y para todas las edades.<\/p>\n<p>Y aunque destinos de sol y playa, se pueden encontrar en muchos lugares, Almu\u00f1\u00e9car ofrece algo totalmente sorprendente y \u00fanico en toda Europa, y posiblemente en todo el mundo no haya otra cosa igual. Por ello insistimos en que hay que visitar y conocer tanto Almu\u00f1\u00e9car como La Herradura, porque s\u00f3lo en Almu\u00f1\u00e9car, en un mismo d\u00eda puedes estar esquiando en la nieve por la ma\u00f1ana en una estaci\u00f3n de esqu\u00ed de primer nivel, sede de los Campeonatos del Mundo de Esqu\u00ed Alpino en el a\u00f1o 1.996, y tambi\u00e9n ba\u00f1arte en una playa paradis\u00edaca justo antes de almorzar, parece imposible, \u00bfverdad? Pues no lo es, ya que muy cerca de Almu\u00f1\u00e9car, en algo m\u00e1s de media hora en coche puedes llegar a la estaci\u00f3n de esqu\u00ed de Sierra Nevada, pero a\u00fan hay m\u00e1s, y es que resulta que en La Herradura hay una serie de fondos marinos \u00fanicos en Europa, gracias a sus fondos rocosos donde crecen plantas \u00fanicas (como la posidonia) y otras especies de animales acu\u00e1ticos, que atraen cada a\u00f1o a los mejores submarinistas.<\/p>\n<p>Hecho que ha provocado que desde hace a\u00f1os haya una gran tradici\u00f3n de submarinismo en toda la zona, desde La Herradura a Almu\u00f1\u00e9car, pasando por la Punta de la Mona. Donde encontramos un gran n\u00famero de clubs, empresas y escuelas de submarinismo que ofrecen cursos de buceos en toda la zona, con titulaciones PADI dive, PADI diving, scuba diving, bautismos de buceo y viajes submarinos.<\/p>\n<p>En qu\u00e9 otro lugar del mundo es posible esto, deslizarse por una pista de esqu\u00ed alpino, rodeado de nieve, y unos minutos despu\u00e9s encontrarse sumergido explorando los fondos marinos en un para\u00edso subtropical, \u00fanicamente en Almu\u00f1\u00e9car y La Herradura.<\/p>\n<p>Visita Almu\u00f1\u00e9car y La Herradura en el coraz\u00f3n de la Costa del Sol Tropical (Almu\u00f1\u00e9car tambi\u00e9n perteneci\u00f3 hasta la d\u00e9cada de los a\u00f1os 80 del siglo XX a la llamada Costa del Sol), y descubre todo esto y muchas m\u00e1s sorpresas que te esperan en este para\u00edso a orillas del mar Mediterr\u00e1neo.<\/p>\n<\/div><\/div>[vc_empty_space][\/vc_column][\/vc_row][vc_row][vc_column][vc_custom_heading text=&#8221;Puntos de inter\u00e9s sobre Almu\u00f1\u00e9car&#8221; font_container=&#8221;tag:h2|font_size:30|text_align:left&#8221; use_theme_fonts=&#8221;yes&#8221;][vc_separator color=&#8221;peacoc&#8221;][vc_empty_space][vc_row_inner css=&#8221;.vc_custom_1620726857084{border-left-width: 20px !important;}&#8221;][vc_column_inner width=&#8221;1\/3&#8243;][vc_custom_heading text=&#8221;Playas&#8221; font_container=&#8221;tag:h3|font_size:25|text_align:center&#8221; use_theme_fonts=&#8221;yes&#8221; link=&#8221;url:%2Fplayas-de-almunecar%2F&#8221;][vc_empty_space height=&#8221;22px&#8221;][vc_single_image image=&#8221;3031&#8243; img_size=&#8221;full&#8221; onclick=&#8221;custom_link&#8221; link=&#8221;\/playas-de-almunecar\/&#8221;]<div class=\"text-block\" ><div class=\"simple-text \"><p>Decide a cu\u00e1l de las incre\u00edbles playas de Almu\u00f1\u00e9car quieres ir y consulta las caracter\u00edsticas de cada una.<\/p>\n<\/div><\/div>[\/vc_column_inner][vc_column_inner width=&#8221;1\/3&#8243;][vc_custom_heading text=&#8221;Gastronom\u00eda&#8221; font_container=&#8221;tag:h3|font_size:25|text_align:center&#8221; use_theme_fonts=&#8221;yes&#8221;][vc_empty_space height=&#8221;22px&#8221;][vc_single_image image=&#8221;3047&#8243; img_size=&#8221;full&#8221;]<div class=\"text-block\" ><div class=\"simple-text \"><p>Conoce a fondo los platos t\u00edpicos de Almu\u00f1\u00e9car, sus ingredientes t\u00edpicos y los mejores lugares en los que disfrutar de un delicioso bocado.<\/p>\n<\/div><\/div>[\/vc_column_inner][vc_column_inner width=&#8221;1\/3&#8243;][vc_custom_heading text=&#8221;Cultura&#8221; font_container=&#8221;tag:h3|font_size:25|text_align:center&#8221; use_theme_fonts=&#8221;yes&#8221; link=&#8221;url:%2Feventos-en-almunecar%2F&#8221;][vc_empty_space height=&#8221;22px&#8221;][vc_single_image image=&#8221;3037&#8243; img_size=&#8221;full&#8221; onclick=&#8221;custom_link&#8221; link=&#8221;\/eventos-en-almunecar\/&#8221;]<div class=\"text-block\" ><div class=\"simple-text \"><p>Acompa\u00f1a el sol y las buenas tapas con una gran raci\u00f3n de cultura. Desde arte flamenco, hasta teatro y cine, todo y esto m\u00e1s en la ciudad.<\/p>\n<\/div><\/div>[\/vc_column_inner][\/vc_row_inner][vc_empty_space][vc_row_inner css=&#8221;.vc_custom_1620726857084{border-left-width: 20px !important;}&#8221;][vc_column_inner width=&#8221;1\/3&#8243;][vc_custom_heading text=&#8221;Naturaleza&#8221; font_container=&#8221;tag:h3|font_size:25|text_align:center&#8221; use_theme_fonts=&#8221;yes&#8221; link=&#8221;url:https%3A%2F%2Fdiscoveralmunecar.com%2Fcategory%2Fque-hacer-en-almunecar%2Fparques-y-naturaleza%2F&#8221;][vc_empty_space height=&#8221;22px&#8221;][vc_single_image image=&#8221;3459&#8243; img_size=&#8221;full&#8221; onclick=&#8221;custom_link&#8221; link=&#8221;https:\/\/discoveralmunecar.com\/category\/que-hacer-en-almunecar\/parques-y-naturaleza\/&#8221;]<div class=\"text-block\" ><div class=\"simple-text \"><p>Pasa el mejor de los ratos disfrutando de la naturaleza que te ofreces Almu\u00f1\u00e9car, conoce sus parques y entretenimiento actual.<\/p>\n<\/div><\/div>[\/vc_column_inner][vc_column_inner width=&#8221;1\/3&#8243;][vc_custom_heading text=&#8221;Actividades acu\u00e1ticas&#8221; font_container=&#8221;tag:h3|font_size:25|text_align:center&#8221; use_theme_fonts=&#8221;yes&#8221; link=&#8221;url:%2Fdeportes-almunecar%2F&#8221;][vc_empty_space height=&#8221;22px&#8221;][vc_single_image image=&#8221;3035&#8243; img_size=&#8221;full&#8221; onclick=&#8221;custom_link&#8221; link=&#8221;\/deportes-almunecar\/&#8221;]<div class=\"text-block\" ><div class=\"simple-text \"><p>Sum\u00e9rgete en las actividades de vida acu\u00e1tica que te encontrar\u00e1s en la ciudad, divi\u00e9rtete bajo el agua en compa\u00f1\u00eda de profesionales.<\/p>\n<\/div><\/div>[\/vc_column_inner][vc_column_inner width=&#8221;1\/3&#8243;][vc_custom_heading text=&#8221;Vida nocturna&#8221; font_container=&#8221;tag:h3|font_size:25|text_align:center&#8221; use_theme_fonts=&#8221;yes&#8221;][vc_empty_space height=&#8221;22px&#8221;][vc_single_image image=&#8221;3041&#8243; img_size=&#8221;full&#8221;]<div class=\"text-block\" ><div class=\"simple-text \"><p>Buena m\u00fasica, copas y chiringuitos en la ciudad de Almu\u00f1\u00e9car. Descubre las mejores cocteler\u00edas de la ciudad y pasa un buen rato entre amigos.<\/p>\n<\/div><\/div>[\/vc_column_inner][\/vc_row_inner][vc_empty_space][\/vc_column][\/vc_row][vc_row][vc_column][vc_empty_space]<div class=\"text-block\" ><div class=\"simple-text \"><p>Como ya hab\u00edamos adelantado a poco m\u00e1s de media hora en coche desde Almu\u00f1\u00e9car, <strong>encontramos el Parque Natural de Sierra Nevada<\/strong>, donde podemos descubrir el techo de la Pen\u00ednsula Ib\u00e9rica (Mulhac\u00e9n con 3.479 msnm), con una serie de picos que superan los 3.000 metros de altura. Que tras los Alpes es el macizo monta\u00f1oso de mayor altitud de toda Europa.<\/p>\n<p>Adem\u00e1s, desde el a\u00f1o 1986 <strong>es Reserva de la Biosfera por la UNESCO<\/strong>, y tres a\u00f1os despu\u00e9s fue declarado Parque Natural y en 1999 Parque Nacional. Tambi\u00e9n en la falda del Pico Veleta (3.396 msnm) est\u00e1 la famosa estaci\u00f3n de esqu\u00ed m\u00e1s meridional de toda Europa.<\/p>\n<p>Adem\u00e1s de esquiar durante casi seis meses al a\u00f1o tanto profesionales como aficionados, en este Parque Natural se pueden realizar cientos de actividades en la naturaleza, durante todo el a\u00f1o, como por ejemplo:<\/p>\n<ul>\n<li>Excursiones<\/li>\n<li>Acampadas<\/li>\n<li>Estudiar su biodiversidad<\/li>\n<li>Muchas marcas de coches hacen aqu\u00ed sus test a los prototipos de sus veh\u00edculos<\/li>\n<li>Es un puerto de monta\u00f1a habitual en el recorrido de la vuelta ciclista a Espa\u00f1a o la vuelta a Andaluc\u00eda;<\/li>\n<\/ul>\n<p>Tambi\u00e9n es el <strong>lugar que eligen muchos deportistas de \u00e9lite e internacionales para entrenar para las Olimpiadas<\/strong> y otros acontecimientos deportivos internacionales en su Centro de Alto Rendimiento (CAR de Sierra Nevada), ya que sus instalaciones que tienen un total de 22.000 metros cuadrados, encontramos entre otros una impresionante piscina ol\u00edmpica de 50 m, una pista de atletismo exterior de 400m , el m\u00f3dulo de atletismo interior, y diversos pabellones multiusos; hay cientos de rutas de senderismo de todos los niveles, con impresionantes vistas y paisajes; escalada\u2026<\/p>\n<p>Dentro del Parque Natural de Sierra Nevada, tambi\u00e9n est\u00e1 la famosa comarca de la Alpujarra, que es una regi\u00f3n hist\u00f3rica que se encuentra a caballo entre las provincias de Granada y Almer\u00eda, y comprende la falda de la ladera sur de Sierra Nevada, adem\u00e1s de las sierras de L\u00fajar, La Contraviesa y G\u00e1dor.<\/p>\n<p>Los distintos pueblos y peque\u00f1os n\u00facleos de poblaci\u00f3n que conforman esta comarca se encuentran entre una serie de valles y barrancos que descienden por la zona sur de las monta\u00f1as de Sierra Nevada, siendo su principal eje el gran valle del r\u00edo Guadalfeo en su camino hacia el mar Mediterr\u00e1neo en el lado de Granada, y el r\u00edo Andarax por la zona de la provincia de Almer\u00eda.<\/p>\n<p>La comarca es bien conocida por su enorme belleza paisaj\u00edstica, su historia entre la que destaca la rebeli\u00f3n morisca del siglo XVI, sus aguas minerales y balnearios (el pueblo de Lanjar\u00f3n es famoso por su agua y su poblaci\u00f3n una de las m\u00e1s longevas de Europa debido al agua mineral de sus fuentes).<\/p>\n<p>Podemos decir que la Alpujarra es uno de los rincones con un encanto especial de Andaluc\u00eda, por sus paisajes de altura, su curiosa historia, su gastronom\u00eda, desde Descubre Almu\u00f1\u00e9car te invitamos a saborear el famoso \u201cplato alpujarre\u00f1o\u201d, y los jamones de Trev\u00e9lez, famosos mundialmente.<\/p>\n<p>Adem\u00e1s, sus valles y laderas, en los que podemos ver con cierta facilidad cabras montesas, y otros animales, son muy f\u00e9rtiles pero de dif\u00edcil acceso para la maquinaria moderna, por lo que ha sabido mantener el encanto de las t\u00e9cnicas de labranza de anta\u00f1o.<\/p>\n<p>Un poco m\u00e1s al norte, a unos 45 minutos en coche desde Almu\u00f1\u00e9car est\u00e1 la ciudad de Granada, capital de la provincia a la que pertenecen Almu\u00f1\u00e9car y La Herradura, ciudad que no necesita presentaci\u00f3n, ya que en ella encontramos el monumento m\u00e1s famoso y visitado de Espa\u00f1a, como es la Alhambra.<\/p>\n<p>Pero en Granada no solo est\u00e1 la Alhambra, ya que frente a esta imponente ciudadela medieval, encontramos los barrios del Albaic\u00edn que es Patrimonio de la Humanidad desde el a\u00f1o 1984, y el barrio del Sacromonte que es uno de los lugares donde se presume que naci\u00f3 el Flamenco, y donde encontramos la famosa Abad\u00eda del Sacromonte, con sus catacumbas y levantada en porque all\u00ed es donde encontraron las reliquias de los huesos de San Cecilio (disc\u00edpulo del ap\u00f3stol Santiago), patr\u00f3n de la ciudad; y el tercer barrio hist\u00f3rico de la ciudad, el antiguo barrio jud\u00edo, el Realejo.<\/p>\n<p>Sin olvidar el centro hist\u00f3rico de la ciudad y su catedral en la que est\u00e1 la cripta visitable de los Reyes Cat\u00f3licos (Fernando de Arag\u00f3n e Isabel I de Castilla), su hija Juana la Loca y su marido Felipe el Hermoso, enterrados en la Capilla Real por expreso deseo de la Reina.<\/p>\n<p>Pero no solo de Historia vive Granada, ya que tambi\u00e9n es la sede de una de las Universidades de mayor prestigio y m\u00e1s tradici\u00f3n de Europa, por lo que estamos ante una ciudad viva siempre llena de universitarios, conserv\u00e1ndose y en uso los primeros edificios que se construyeron en el siglo XVI por orden de Carlos V, para albergar su gran Universidad, a la que acuden cada a\u00f1o estudiantes de toda Espa\u00f1a y parte de Europa.<\/p>\n<p>Y por otro lado, el Parque de las Ciencias, que es un museo interactivo de todos los campos de la ciencia.<\/p>\n<p>Por todo esto, y muchos m\u00e1s atractivos que podr\u00e1s descubrir no olvides visitar y conocer desde Almu\u00f1\u00e9car: el Parque Natural de Sierra Nevada, la comarca de la Alpujarra, o la ciudad de Granada. Porque todo ello lo tienes al alcance si pasas unos d\u00edas en Almu\u00f1\u00e9car o La Herradura.<\/p>\n<\/div><\/div>[vc_empty_space][\/vc_column][\/vc_row]<\/p>\n","protected":false},"excerpt":{"rendered":"<p>[vc_row][vc_column][vc_row_inner css=&#8221;.vc_custom_1620727055948{border-left-width: 20px !important;}&#8221;][vc_column_inner width=&#8221;1\/4&#8243;][\/vc_column_inner][vc_column_inner width=&#8221;3\/4&#8243;][vc_single_image image=&#8221;3029&#8243; img_size=&#8221;full&#8221;][\/vc_column_inner][\/vc_row_inner][vc_empty_space][vc_empty_space][\/vc_column][\/vc_row][vc_row][vc_column][vc_custom_heading text=&#8221;Puntos de inter\u00e9s sobre Almu\u00f1\u00e9car&#8221; font_container=&#8221;tag:h2|font_size:30|text_align:left&#8221; use_theme_fonts=&#8221;yes&#8221;][vc_separator color=&#8221;peacoc&#8221;][vc_empty_space][vc_row_inner css=&#8221;.vc_custom_1620726857084{border-left-width: 20px !important;}&#8221;][vc_column_inner width=&#8221;1\/3&#8243;][vc_custom_heading text=&#8221;Playas&#8221; font_container=&#8221;tag:h3|font_size:25|text_align:center&#8221; use_theme_fonts=&#8221;yes&#8221; link=&#8221;url:%2Fplayas-de-almunecar%2F&#8221;][vc_empty_space height=&#8221;22px&#8221;][vc_single_image image=&#8221;3031&#8243; img_size=&#8221;full&#8221; onclick=&#8221;custom_link&#8221; link=&#8221;\/playas-de-almunecar\/&#8221;][\/vc_column_inner][vc_column_inner width=&#8221;1\/3&#8243;][vc_custom_heading text=&#8221;Gastronom\u00eda&#8221; font_container=&#8221;tag:h3|font_size:25|text_align:center&#8221; use_theme_fonts=&#8221;yes&#8221;][vc_empty_space height=&#8221;22px&#8221;][vc_single_image image=&#8221;3047&#8243; img_size=&#8221;full&#8221;][\/vc_column_inner][vc_column_inner width=&#8221;1\/3&#8243;][vc_custom_heading text=&#8221;Cultura&#8221; font_container=&#8221;tag:h3|font_size:25|text_align:center&#8221; use_theme_fonts=&#8221;yes&#8221; link=&#8221;url:%2Feventos-en-almunecar%2F&#8221;][vc_empty_space height=&#8221;22px&#8221;][vc_single_image image=&#8221;3037&#8243; img_size=&#8221;full&#8221; onclick=&#8221;custom_link&#8221; link=&#8221;\/eventos-en-almunecar\/&#8221;][\/vc_column_inner][\/vc_row_inner][vc_empty_space][vc_row_inner css=&#8221;.vc_custom_1620726857084{border-left-width: 20px !important;}&#8221;][vc_column_inner width=&#8221;1\/3&#8243;][vc_custom_heading text=&#8221;Naturaleza&#8221; font_container=&#8221;tag:h3|font_size:25|text_align:center&#8221; use_theme_fonts=&#8221;yes&#8221; link=&#8221;url:https%3A%2F%2Fdiscoveralmunecar.com%2Fcategory%2Fque-hacer-en-almunecar%2Fparques-y-naturaleza%2F&#8221;][vc_empty_space height=&#8221;22px&#8221;][vc_single_image [&hellip;]<\/p>\n","protected":false},"author":2,"featured_media":0,"parent":0,"menu_order":0,"comment_status":"closed","ping_status":"closed","template":"","meta":{"footnotes":""},"class_list":["post-2949","page","type-page","status-publish","hentry"],"yoast_head":"<!-- This site is optimized with the Yoast SEO plugin v27.3 - https:\/\/yoast.com\/product\/yoast-seo-wordpress\/ -->\n<title>Viajar a Almu\u00f1\u00e9car, vacaciones en un bonito destino de Espa\u00f1a<\/title>\n<meta name=\"description\" content=\"Viajar a Almu\u00f1\u00e9car y prepararse para pasar los d\u00edas de tus vacaciones en las mejores condiciones clim\u00e1ticas suena bien, \u00bfverdad?\" \/>\n<meta name=\"robots\" content=\"index, follow, max-snippet:-1, max-image-preview:large, max-video-preview:-1\" \/>\n<link rel=\"canonical\" href=\"https:\/\/discoveralmunecar.com\/es\/viajar-a-almunecar\/\" \/>\n<meta property=\"og:locale\" content=\"es_ES\" \/>\n<meta property=\"og:type\" content=\"article\" \/>\n<meta property=\"og:title\" content=\"Viajar a Almu\u00f1\u00e9car, vacaciones en un bonito destino de Espa\u00f1a\" \/>\n<meta property=\"og:description\" content=\"Viajar a Almu\u00f1\u00e9car y prepararse para pasar los d\u00edas de tus vacaciones en las mejores condiciones clim\u00e1ticas suena bien, \u00bfverdad?\" \/>\n<meta property=\"og:url\" content=\"https:\/\/discoveralmunecar.com\/es\/viajar-a-almunecar\/\" \/>\n<meta property=\"article:modified_time\" content=\"2021-10-11T08:53:43+00:00\" \/>\n<meta name=\"twitter:card\" content=\"summary_large_image\" \/>\n<meta name=\"twitter:label1\" content=\"Tiempo de lectura\" \/>\n\t<meta name=\"twitter:data1\" content=\"8 minutos\" \/>\n<script type=\"application\/ld+json\" class=\"yoast-schema-graph\">{\"@context\":\"https:\\\/\\\/schema.org\",\"@graph\":[{\"@type\":\"WebPage\",\"@id\":\"https:\\\/\\\/discoveralmunecar.com\\\/es\\\/viajar-a-almunecar\\\/\",\"url\":\"https:\\\/\\\/discoveralmunecar.com\\\/es\\\/viajar-a-almunecar\\\/\",\"name\":\"Viajar a Almu\u00f1\u00e9car, vacaciones en un bonito destino de Espa\u00f1a\",\"isPartOf\":{\"@id\":\"https:\\\/\\\/discoveralmunecar.com\\\/es\\\/#website\"},\"datePublished\":\"2021-05-11T10:19:47+00:00\",\"dateModified\":\"2021-10-11T08:53:43+00:00\",\"description\":\"Viajar a Almu\u00f1\u00e9car y prepararse para pasar los d\u00edas de tus vacaciones en las mejores condiciones clim\u00e1ticas suena bien, \u00bfverdad?\",\"breadcrumb\":{\"@id\":\"https:\\\/\\\/discoveralmunecar.com\\\/es\\\/viajar-a-almunecar\\\/#breadcrumb\"},\"inLanguage\":\"es\",\"potentialAction\":[{\"@type\":\"ReadAction\",\"target\":[\"https:\\\/\\\/discoveralmunecar.com\\\/es\\\/viajar-a-almunecar\\\/\"]}]},{\"@type\":\"BreadcrumbList\",\"@id\":\"https:\\\/\\\/discoveralmunecar.com\\\/es\\\/viajar-a-almunecar\\\/#breadcrumb\",\"itemListElement\":[{\"@type\":\"ListItem\",\"position\":1,\"name\":\"Home\",\"item\":\"https:\\\/\\\/discoveralmunecar.com\\\/es\\\/\"},{\"@type\":\"ListItem\",\"position\":2,\"name\":\"Viajar a Almu\u00f1\u00e9car, un destino lleno de sorpresas\"}]},{\"@type\":\"WebSite\",\"@id\":\"https:\\\/\\\/discoveralmunecar.com\\\/es\\\/#website\",\"url\":\"https:\\\/\\\/discoveralmunecar.com\\\/es\\\/\",\"name\":\"\",\"description\":\"Just another WordPress site\\n\",\"potentialAction\":[{\"@type\":\"SearchAction\",\"target\":{\"@type\":\"EntryPoint\",\"urlTemplate\":\"https:\\\/\\\/discoveralmunecar.com\\\/es\\\/?s={search_term_string}\"},\"query-input\":{\"@type\":\"PropertyValueSpecification\",\"valueRequired\":true,\"valueName\":\"search_term_string\"}}],\"inLanguage\":\"es\"}]}<\/script>\n<!-- \/ Yoast SEO plugin. -->","yoast_head_json":{"title":"Viajar a Almu\u00f1\u00e9car, vacaciones en un bonito destino de Espa\u00f1a","description":"Viajar a Almu\u00f1\u00e9car y prepararse para pasar los d\u00edas de tus vacaciones en las mejores condiciones clim\u00e1ticas suena bien, \u00bfverdad?","robots":{"index":"index","follow":"follow","max-snippet":"max-snippet:-1","max-image-preview":"max-image-preview:large","max-video-preview":"max-video-preview:-1"},"canonical":"https:\/\/discoveralmunecar.com\/es\/viajar-a-almunecar\/","og_locale":"es_ES","og_type":"article","og_title":"Viajar a Almu\u00f1\u00e9car, vacaciones en un bonito destino de Espa\u00f1a","og_description":"Viajar a Almu\u00f1\u00e9car y prepararse para pasar los d\u00edas de tus vacaciones en las mejores condiciones clim\u00e1ticas suena bien, \u00bfverdad?","og_url":"https:\/\/discoveralmunecar.com\/es\/viajar-a-almunecar\/","article_modified_time":"2021-10-11T08:53:43+00:00","twitter_card":"summary_large_image","twitter_misc":{"Tiempo de lectura":"8 minutos"},"schema":{"@context":"https:\/\/schema.org","@graph":[{"@type":"WebPage","@id":"https:\/\/discoveralmunecar.com\/es\/viajar-a-almunecar\/","url":"https:\/\/discoveralmunecar.com\/es\/viajar-a-almunecar\/","name":"Viajar a Almu\u00f1\u00e9car, vacaciones en un bonito destino de Espa\u00f1a","isPartOf":{"@id":"https:\/\/discoveralmunecar.com\/es\/#website"},"datePublished":"2021-05-11T10:19:47+00:00","dateModified":"2021-10-11T08:53:43+00:00","description":"Viajar a Almu\u00f1\u00e9car y prepararse para pasar los d\u00edas de tus vacaciones en las mejores condiciones clim\u00e1ticas suena bien, \u00bfverdad?","breadcrumb":{"@id":"https:\/\/discoveralmunecar.com\/es\/viajar-a-almunecar\/#breadcrumb"},"inLanguage":"es","potentialAction":[{"@type":"ReadAction","target":["https:\/\/discoveralmunecar.com\/es\/viajar-a-almunecar\/"]}]},{"@type":"BreadcrumbList","@id":"https:\/\/discoveralmunecar.com\/es\/viajar-a-almunecar\/#breadcrumb","itemListElement":[{"@type":"ListItem","position":1,"name":"Home","item":"https:\/\/discoveralmunecar.com\/es\/"},{"@type":"ListItem","position":2,"name":"Viajar a Almu\u00f1\u00e9car, un destino lleno de sorpresas"}]},{"@type":"WebSite","@id":"https:\/\/discoveralmunecar.com\/es\/#website","url":"https:\/\/discoveralmunecar.com\/es\/","name":"","description":"Just another WordPress site\n","potentialAction":[{"@type":"SearchAction","target":{"@type":"EntryPoint","urlTemplate":"https:\/\/discoveralmunecar.com\/es\/?s={search_term_string}"},"query-input":{"@type":"PropertyValueSpecification","valueRequired":true,"valueName":"search_term_string"}}],"inLanguage":"es"}]}},"_links":{"self":[{"href":"https:\/\/discoveralmunecar.com\/es\/wp-json\/wp\/v2\/pages\/2949","targetHints":{"allow":["GET"]}}],"collection":[{"href":"https:\/\/discoveralmunecar.com\/es\/wp-json\/wp\/v2\/pages"}],"about":[{"href":"https:\/\/discoveralmunecar.com\/es\/wp-json\/wp\/v2\/types\/page"}],"author":[{"embeddable":true,"href":"https:\/\/discoveralmunecar.com\/es\/wp-json\/wp\/v2\/users\/2"}],"replies":[{"embeddable":true,"href":"https:\/\/discoveralmunecar.com\/es\/wp-json\/wp\/v2\/comments?post=2949"}],"version-history":[{"count":19,"href":"https:\/\/discoveralmunecar.com\/es\/wp-json\/wp\/v2\/pages\/2949\/revisions"}],"predecessor-version":[{"id":7431,"href":"https:\/\/discoveralmunecar.com\/es\/wp-json\/wp\/v2\/pages\/2949\/revisions\/7431"}],"wp:attachment":[{"href":"https:\/\/discoveralmunecar.com\/es\/wp-json\/wp\/v2\/media?parent=2949"}],"curies":[{"name":"wp","href":"https:\/\/api.w.org\/{rel}","templated":true}]}}