{"id":3421,"date":"2021-06-02T10:47:41","date_gmt":"2021-06-02T10:47:41","guid":{"rendered":"https:\/\/discoveralmunecar.com\/?page_id=3421"},"modified":"2021-08-25T15:42:53","modified_gmt":"2021-08-25T15:42:53","slug":"donde-dormir-en-almunecar","status":"publish","type":"page","link":"https:\/\/discoveralmunecar.com\/es\/donde-dormir-en-almunecar\/","title":{"rendered":"D\u00f3nde dormir en Almu\u00f1\u00e9car, los mejores hoteles"},"content":{"rendered":"<p>[vc_row][vc_column]      <div class=\"row\">\n        <div class=\"post-grid-view\">\n                  <div class=\"col-sm-6 post-1120 post type-post status-publish format-standard has-post-thumbnail hentry category-donde-dormir-en-almunecar\">\n\n            <div class=\"tt-post type-2\">\n                      <a class=\"tt-post-img custom-hover\" href=\"https:\/\/discoveralmunecar.com\/es\/hotel-carmen-almunecar\/\">\n      <img fetchpriority=\"high\" decoding=\"async\" width=\"537\" height=\"307\" src=\"https:\/\/discoveralmunecar.com\/wp-content\/uploads\/2021\/03\/Fachada1-537x307.jpg\" class=\"img-responsive wp-post-image\" alt=\"Fachada1\" \/>    <\/a>\n                <div class=\"tt-post-info\">\n                                    <a class=\"tt-post-title c-h4\" href=\"https:\/\/discoveralmunecar.com\/es\/hotel-carmen-almunecar\/\"><small>Hotel Carmen Almu\u00f1\u00e9car<\/small><\/a>\n                      <div class=\"tt-post-label\">\n                <\/div>\n                      <div class=\"simple-text\">\n      <p><\/p>\n    <\/div>\n                                    <\/div>\n            <\/div>\n            <div class=\"empty-space marg-xs-b30\"><\/div> \n          <\/div>\n            <div class=\"col-xs-6 col-sm-4 col-lg-2 post-handy-picked post-1133 post type-post status-publish format-standard has-post-thumbnail hentry category-donde-dormir-en-almunecar\">\n      <div class=\"tt-post type-3\">\n                <a class=\"tt-post-img custom-hover\" href=\"https:\/\/discoveralmunecar.com\/es\/hotel-victoria-playa-almunecar\/\">\n      <img decoding=\"async\" width=\"183\" height=\"96\" src=\"https:\/\/discoveralmunecar.com\/wp-content\/uploads\/2021\/03\/9-183x96.jpg\" class=\"img-responsive wp-post-image\" alt=\"Hotel Victoria Playa****\" srcset=\"https:\/\/discoveralmunecar.com\/wp-content\/uploads\/2021\/03\/9-183x96.jpg 183w, https:\/\/discoveralmunecar.com\/wp-content\/uploads\/2021\/03\/9-300x157.jpg 300w, https:\/\/discoveralmunecar.com\/wp-content\/uploads\/2021\/03\/9-768x401.jpg 768w, https:\/\/discoveralmunecar.com\/wp-content\/uploads\/2021\/03\/9.jpg 920w\" sizes=\"(max-width: 183px) 100vw, 183px\" \/>    <\/a>\n            <div class=\"tt-post-info\">\n                <a class=\"tt-post-title c-h5\" href=\"https:\/\/discoveralmunecar.com\/es\/hotel-victoria-playa-almunecar\/\">Hotel Victoria Playa en Almu\u00f1\u00e9car<\/a>\n                  <div class=\"tt-post-label\">\n              <span class=\"tt-post-author-name\"><a href=\"https:\/\/discoveralmunecar.com\/es\/author\/pedro-espinosa\/\">Admin<\/a><\/span>\n                    <span class=\"tt-post-date\">marzo 3, 2021<\/span>\n          <\/div>\n            <\/div>\n      <\/div> \n      <div class=\"empty-space marg-lg-b25\"><\/div>                 \n    <\/div>\n      <div class=\"col-xs-6 col-sm-4 col-lg-2 post-handy-picked post-1100 post type-post status-publish format-standard has-post-thumbnail hentry category-donde-dormir-en-almunecar\">\n      <div class=\"tt-post type-3\">\n                <a class=\"tt-post-img custom-hover\" href=\"https:\/\/discoveralmunecar.com\/es\/hostal-velilla-en-almunecar\/\">\n      <img decoding=\"async\" width=\"183\" height=\"96\" src=\"https:\/\/discoveralmunecar.com\/wp-content\/uploads\/2021\/03\/DJI_0014-183x96.jpg\" class=\"img-responsive wp-post-image\" alt=\"Hostal Velilla\" srcset=\"https:\/\/discoveralmunecar.com\/wp-content\/uploads\/2021\/03\/DJI_0014-183x96.jpg 183w, https:\/\/discoveralmunecar.com\/wp-content\/uploads\/2021\/03\/DJI_0014-300x157.jpg 300w, https:\/\/discoveralmunecar.com\/wp-content\/uploads\/2021\/03\/DJI_0014-768x401.jpg 768w, https:\/\/discoveralmunecar.com\/wp-content\/uploads\/2021\/03\/DJI_0014.jpg 920w\" sizes=\"(max-width: 183px) 100vw, 183px\" \/>    <\/a>\n            <div class=\"tt-post-info\">\n                <a class=\"tt-post-title c-h5\" href=\"https:\/\/discoveralmunecar.com\/es\/hostal-velilla-en-almunecar\/\">Hostel Velilla en Almu\u00f1\u00e9car<\/a>\n                  <div class=\"tt-post-label\">\n              <span class=\"tt-post-author-name\"><a href=\"https:\/\/discoveralmunecar.com\/es\/author\/pedro-espinosa\/\">Admin<\/a><\/span>\n                    <span class=\"tt-post-date\">marzo 2, 2021<\/span>\n          <\/div>\n            <\/div>\n      <\/div> \n      <div class=\"empty-space marg-lg-b25\"><\/div>                 \n    <\/div>\n      <div class=\"col-xs-6 col-sm-4 col-lg-2 post-handy-picked post-17654 post type-post status-publish format-standard has-post-thumbnail hentry category-donde-dormir-en-almunecar category-empresas-en-almunecar category-otros-negocios\">\n      <div class=\"tt-post type-3\">\n                <a class=\"tt-post-img custom-hover\" href=\"https:\/\/discoveralmunecar.com\/es\/complejo-rural-cortijo-fandango\/\">\n      <img loading=\"lazy\" decoding=\"async\" width=\"183\" height=\"96\" src=\"https:\/\/discoveralmunecar.com\/wp-content\/uploads\/2024\/06\/DSC_9829@0.5x-183x96.webp\" class=\"img-responsive wp-post-image\" alt=\"\" \/>    <\/a>\n            <div class=\"tt-post-info\">\n                <a class=\"tt-post-title c-h5\" href=\"https:\/\/discoveralmunecar.com\/es\/complejo-rural-cortijo-fandango\/\">Complejo Rural Cortijo Fandango<\/a>\n                  <div class=\"tt-post-label\">\n              <span class=\"tt-post-author-name\"><a href=\"https:\/\/discoveralmunecar.com\/es\/author\/pedro-espinosa\/\">Admin<\/a><\/span>\n                    <span class=\"tt-post-date\">junio 5, 2024<\/span>\n          <\/div>\n            <\/div>\n      <\/div> \n      <div class=\"empty-space marg-lg-b25\"><\/div>                 \n    <\/div>\n      <div class=\"col-xs-6 col-sm-4 col-lg-2 post-handy-picked post-1072 post type-post status-publish format-standard has-post-thumbnail hentry category-donde-dormir-en-almunecar\">\n      <div class=\"tt-post type-3\">\n                <a class=\"tt-post-img custom-hover\" href=\"https:\/\/discoveralmunecar.com\/es\/hotel-helios-almunecar\/\">\n      <img loading=\"lazy\" decoding=\"async\" width=\"183\" height=\"96\" src=\"https:\/\/discoveralmunecar.com\/wp-content\/uploads\/2021\/02\/DSC3581.3-183x96.jpg\" class=\"img-responsive wp-post-image\" alt=\"hotel helios almu\u00f1ecar\" srcset=\"https:\/\/discoveralmunecar.com\/wp-content\/uploads\/2021\/02\/DSC3581.3-183x96.jpg 183w, https:\/\/discoveralmunecar.com\/wp-content\/uploads\/2021\/02\/DSC3581.3-300x157.jpg 300w, https:\/\/discoveralmunecar.com\/wp-content\/uploads\/2021\/02\/DSC3581.3-768x401.jpg 768w, https:\/\/discoveralmunecar.com\/wp-content\/uploads\/2021\/02\/DSC3581.3.jpg 920w\" sizes=\"(max-width: 183px) 100vw, 183px\" \/>    <\/a>\n            <div class=\"tt-post-info\">\n                <a class=\"tt-post-title c-h5\" href=\"https:\/\/discoveralmunecar.com\/es\/hotel-helios-almunecar\/\">Hotel Helios*** en Almu\u00f1\u00e9car<\/a>\n                  <div class=\"tt-post-label\">\n              <span class=\"tt-post-author-name\"><a href=\"https:\/\/discoveralmunecar.com\/es\/author\/pedro-espinosa\/\">Admin<\/a><\/span>\n                    <span class=\"tt-post-date\">febrero 25, 2021<\/span>\n          <\/div>\n            <\/div>\n      <\/div> \n      <div class=\"empty-space marg-lg-b25\"><\/div>                 \n    <\/div>\n      <div class=\"col-xs-6 col-sm-4 col-lg-2 post-handy-picked post-10361 post type-post status-publish format-standard has-post-thumbnail hentry category-donde-dormir-en-almunecar\">\n      <div class=\"tt-post type-3\">\n                <a class=\"tt-post-img custom-hover\" href=\"https:\/\/discoveralmunecar.com\/es\/hotel-noy-in-almunecar\/\">\n      <img loading=\"lazy\" decoding=\"async\" width=\"183\" height=\"96\" src=\"https:\/\/discoveralmunecar.com\/wp-content\/uploads\/2022\/07\/Hotel-Noy-Fachada-183x96.webp\" class=\"img-responsive wp-post-image\" alt=\"\" \/>    <\/a>\n            <div class=\"tt-post-info\">\n                <a class=\"tt-post-title c-h5\" href=\"https:\/\/discoveralmunecar.com\/es\/hotel-noy-in-almunecar\/\">Hotel Noy en Almu\u00f1\u00e9car<\/a>\n                  <div class=\"tt-post-label\">\n              <span class=\"tt-post-author-name\"><a href=\"https:\/\/discoveralmunecar.com\/es\/author\/discover\/\">Discover Almu\u00f1ecar<\/a><\/span>\n                    <span class=\"tt-post-date\">agosto 8, 2022<\/span>\n          <\/div>\n            <\/div>\n      <\/div> \n      <div class=\"empty-space marg-lg-b25\"><\/div>                 \n    <\/div>\n          <\/div>\n      <\/div>\n      \n  [vc_empty_space]<div class=\"text-block\" ><div class=\"simple-text \"><p>Almu\u00f1\u00e9car enclavada en el coraz\u00f3n de la Costal del Sol Tropical, es la ciudad de la provincia de Granada con mayor afluencia de turistas. Por ello, cuenta con una gran cantidad de hoteles y establecimientos dedicados a la pernoctaci\u00f3n, con una amplia variedad de servicios, por ello podemos afirmar sin temor equivocarnos que hay un hotel para cada tipo de visitante, desde hoteles que aceptan mascotas, hasta los que s\u00f3lo pueden alojarse adultos, y desde los m\u00e1s lujosos de 4 estrellas con piscina y vistas al Mediterr\u00e1neo, hasta todo tipo de hostales y campings.<br \/>\nCentr\u00e1ndonos en las plazas hoteleras, Almu\u00f1\u00e9car dispone, nada m\u00e1s y nada menos que de una planta de 6.000 camas.<br \/>\nHay que destacar que en los a\u00f1os previos a la pandemia Almu\u00f1\u00e9car ten\u00eda m\u00e1s de un mill\u00f3n de pernoctaciones y era visitada por m\u00e1s de 235.000 turistas, de los cuales m\u00e1s de el 30% de ellos ven\u00edan de m\u00e1s all\u00e1 de las fronteras de Espa\u00f1a (principalmente: Reino Unido, Alemania, Francia, B\u00e9lgica y Holanda).<br \/>\nTambi\u00e9n hay que destacar que s\u00f3lo Almu\u00f1\u00e9car cuenta con el 25% de la planta hotelera de toda la provincia de Granada. \u00danico Municipio Tur\u00edstico reconocido oficialmente y es el principal motor econ\u00f3mico de toda la costa de la provincia de Granada.<br \/>\nAs\u00ed mismo hay que destacar que todos los sectores y administraciones p\u00fablicas consideran que la planta hotelera de Almu\u00f1\u00e9car es la \u201cm\u00e1s moderna y de mayor calidad del litoral andaluz\u201d, \u201cpero tambi\u00e9n alertan de que hay que estar atentos a los cambios y apostar por la calidad y formaci\u00f3n para seguir avanzando\u201d.<\/p>\n<p>Por ello, todas las empresas dedicadas al turismo, incluyendo todos los hoteles, hostales, campings y apartamentos tur\u00edsticos, en Almu\u00f1\u00e9car apuestan fuerte por la formaci\u00f3n, la innovaci\u00f3n, la excelencia y la sostenibilidad ya que estos elementos son las claves de futuro, siempre con la idea de continuar creciendo y mejorando como destino tur\u00edstico, pero siempre manteniendo sus se\u00f1as de identidad, lo que hace que Almu\u00f1\u00e9car sea un destino especial.<\/p>\n<p>Tras la pandemia, obviamente el n\u00famero de visitantes baj\u00f3, sin embargo, gracias al duro esfuerzo de todos los sectores implicados, Almu\u00f1\u00e9car se ha mantenido como el primer destino tur\u00edstico de la provincia de Granada, y adem\u00e1s cumpliendo estrictamente todos los protocolos de calidad, creando un entorno perfectamente seguro para todos sus habitantes y visitantes.<\/p>\n<p>Actualmente Almu\u00f1\u00e9car cuenta con instalaciones muy modernas y de la m\u00e1xima calidad en las que las plazas en hoteles de 4 y 3 estrellas, son casi el 60% del total de la oferta disponible, distribuidas en los siguientes:<\/p>\n<p>9 hoteles de 4 estrellas.<\/p>\n<p>6 hoteles de 3 estrellas.<\/p>\n<p>1 hotel de 2 estrellas.<\/p>\n<p>Y 4 hoteles de 1 estrella.<\/p>\n<p>Un camping en Almu\u00f1\u00e9car y 2 en La Herradura.<\/p>\n<p>15 apartamentos tur\u00edsticos.<\/p>\n<p>Y casi una veintena de hostales y pensiones.<\/p>\n<p>No esperes a que te lo cuenten, ven a disfrutar por ti mismo, con los amigos o en familia, de todo lo que Almu\u00f1\u00e9car te ofrece para pasar unas estupendas vacaciones en cualquier momento del a\u00f1o.<\/p>\n<\/div><\/div>[\/vc_column][\/vc_row]<\/p>\n","protected":false},"excerpt":{"rendered":"<p>[vc_row][vc_column][vc_empty_space][\/vc_column][\/vc_row]<\/p>\n","protected":false},"author":2,"featured_media":0,"parent":0,"menu_order":0,"comment_status":"closed","ping_status":"closed","template":"","meta":{"footnotes":""},"class_list":["post-3421","page","type-page","status-publish","hentry"],"yoast_head":"<!-- This site is optimized with the Yoast SEO plugin v27.3 - https:\/\/yoast.com\/product\/yoast-seo-wordpress\/ -->\n<title>D\u00f3nde dormir en Almu\u00f1\u00e9car, los mejores hoteles<\/title>\n<meta name=\"description\" content=\"Descubre d\u00f3nde dormir en Almu\u00f1\u00e9car, los mejores hoteles a tu disposici\u00f3n en nuestro blog sobre la ciudad. \u00a1S\u00edguenos!\" \/>\n<meta name=\"robots\" content=\"index, follow, max-snippet:-1, max-image-preview:large, max-video-preview:-1\" \/>\n<link rel=\"canonical\" href=\"https:\/\/discoveralmunecar.com\/es\/donde-dormir-en-almunecar\/\" \/>\n<meta property=\"og:locale\" content=\"es_ES\" \/>\n<meta property=\"og:type\" content=\"article\" \/>\n<meta property=\"og:title\" content=\"D\u00f3nde dormir en Almu\u00f1\u00e9car, los mejores hoteles\" \/>\n<meta property=\"og:description\" content=\"Descubre d\u00f3nde dormir en Almu\u00f1\u00e9car, los mejores hoteles a tu disposici\u00f3n en nuestro blog sobre la ciudad. \u00a1S\u00edguenos!\" \/>\n<meta property=\"og:url\" content=\"https:\/\/discoveralmunecar.com\/es\/donde-dormir-en-almunecar\/\" \/>\n<meta property=\"article:modified_time\" content=\"2021-08-25T15:42:53+00:00\" \/>\n<meta name=\"twitter:card\" content=\"summary_large_image\" \/>\n<meta name=\"twitter:label1\" content=\"Tiempo de lectura\" \/>\n\t<meta name=\"twitter:data1\" content=\"3 minutos\" \/>\n<script type=\"application\/ld+json\" class=\"yoast-schema-graph\">{\"@context\":\"https:\\\/\\\/schema.org\",\"@graph\":[{\"@type\":\"WebPage\",\"@id\":\"https:\\\/\\\/discoveralmunecar.com\\\/es\\\/donde-dormir-en-almunecar\\\/\",\"url\":\"https:\\\/\\\/discoveralmunecar.com\\\/es\\\/donde-dormir-en-almunecar\\\/\",\"name\":\"D\u00f3nde dormir en Almu\u00f1\u00e9car, los mejores hoteles\",\"isPartOf\":{\"@id\":\"https:\\\/\\\/discoveralmunecar.com\\\/es\\\/#website\"},\"datePublished\":\"2021-06-02T10:47:41+00:00\",\"dateModified\":\"2021-08-25T15:42:53+00:00\",\"description\":\"Descubre d\u00f3nde dormir en Almu\u00f1\u00e9car, los mejores hoteles a tu disposici\u00f3n en nuestro blog sobre la ciudad. \u00a1S\u00edguenos!\",\"breadcrumb\":{\"@id\":\"https:\\\/\\\/discoveralmunecar.com\\\/es\\\/donde-dormir-en-almunecar\\\/#breadcrumb\"},\"inLanguage\":\"es\",\"potentialAction\":[{\"@type\":\"ReadAction\",\"target\":[\"https:\\\/\\\/discoveralmunecar.com\\\/es\\\/donde-dormir-en-almunecar\\\/\"]}]},{\"@type\":\"BreadcrumbList\",\"@id\":\"https:\\\/\\\/discoveralmunecar.com\\\/es\\\/donde-dormir-en-almunecar\\\/#breadcrumb\",\"itemListElement\":[{\"@type\":\"ListItem\",\"position\":1,\"name\":\"Home\",\"item\":\"https:\\\/\\\/discoveralmunecar.com\\\/es\\\/\"},{\"@type\":\"ListItem\",\"position\":2,\"name\":\"D\u00f3nde dormir en Almu\u00f1\u00e9car, los mejores hoteles\"}]},{\"@type\":\"WebSite\",\"@id\":\"https:\\\/\\\/discoveralmunecar.com\\\/es\\\/#website\",\"url\":\"https:\\\/\\\/discoveralmunecar.com\\\/es\\\/\",\"name\":\"\",\"description\":\"Just another WordPress site\\n\",\"potentialAction\":[{\"@type\":\"SearchAction\",\"target\":{\"@type\":\"EntryPoint\",\"urlTemplate\":\"https:\\\/\\\/discoveralmunecar.com\\\/es\\\/?s={search_term_string}\"},\"query-input\":{\"@type\":\"PropertyValueSpecification\",\"valueRequired\":true,\"valueName\":\"search_term_string\"}}],\"inLanguage\":\"es\"}]}<\/script>\n<!-- \/ Yoast SEO plugin. -->","yoast_head_json":{"title":"D\u00f3nde dormir en Almu\u00f1\u00e9car, los mejores hoteles","description":"Descubre d\u00f3nde dormir en Almu\u00f1\u00e9car, los mejores hoteles a tu disposici\u00f3n en nuestro blog sobre la ciudad. \u00a1S\u00edguenos!","robots":{"index":"index","follow":"follow","max-snippet":"max-snippet:-1","max-image-preview":"max-image-preview:large","max-video-preview":"max-video-preview:-1"},"canonical":"https:\/\/discoveralmunecar.com\/es\/donde-dormir-en-almunecar\/","og_locale":"es_ES","og_type":"article","og_title":"D\u00f3nde dormir en Almu\u00f1\u00e9car, los mejores hoteles","og_description":"Descubre d\u00f3nde dormir en Almu\u00f1\u00e9car, los mejores hoteles a tu disposici\u00f3n en nuestro blog sobre la ciudad. \u00a1S\u00edguenos!","og_url":"https:\/\/discoveralmunecar.com\/es\/donde-dormir-en-almunecar\/","article_modified_time":"2021-08-25T15:42:53+00:00","twitter_card":"summary_large_image","twitter_misc":{"Tiempo de lectura":"3 minutos"},"schema":{"@context":"https:\/\/schema.org","@graph":[{"@type":"WebPage","@id":"https:\/\/discoveralmunecar.com\/es\/donde-dormir-en-almunecar\/","url":"https:\/\/discoveralmunecar.com\/es\/donde-dormir-en-almunecar\/","name":"D\u00f3nde dormir en Almu\u00f1\u00e9car, los mejores hoteles","isPartOf":{"@id":"https:\/\/discoveralmunecar.com\/es\/#website"},"datePublished":"2021-06-02T10:47:41+00:00","dateModified":"2021-08-25T15:42:53+00:00","description":"Descubre d\u00f3nde dormir en Almu\u00f1\u00e9car, los mejores hoteles a tu disposici\u00f3n en nuestro blog sobre la ciudad. \u00a1S\u00edguenos!","breadcrumb":{"@id":"https:\/\/discoveralmunecar.com\/es\/donde-dormir-en-almunecar\/#breadcrumb"},"inLanguage":"es","potentialAction":[{"@type":"ReadAction","target":["https:\/\/discoveralmunecar.com\/es\/donde-dormir-en-almunecar\/"]}]},{"@type":"BreadcrumbList","@id":"https:\/\/discoveralmunecar.com\/es\/donde-dormir-en-almunecar\/#breadcrumb","itemListElement":[{"@type":"ListItem","position":1,"name":"Home","item":"https:\/\/discoveralmunecar.com\/es\/"},{"@type":"ListItem","position":2,"name":"D\u00f3nde dormir en Almu\u00f1\u00e9car, los mejores hoteles"}]},{"@type":"WebSite","@id":"https:\/\/discoveralmunecar.com\/es\/#website","url":"https:\/\/discoveralmunecar.com\/es\/","name":"","description":"Just another WordPress site\n","potentialAction":[{"@type":"SearchAction","target":{"@type":"EntryPoint","urlTemplate":"https:\/\/discoveralmunecar.com\/es\/?s={search_term_string}"},"query-input":{"@type":"PropertyValueSpecification","valueRequired":true,"valueName":"search_term_string"}}],"inLanguage":"es"}]}},"_links":{"self":[{"href":"https:\/\/discoveralmunecar.com\/es\/wp-json\/wp\/v2\/pages\/3421","targetHints":{"allow":["GET"]}}],"collection":[{"href":"https:\/\/discoveralmunecar.com\/es\/wp-json\/wp\/v2\/pages"}],"about":[{"href":"https:\/\/discoveralmunecar.com\/es\/wp-json\/wp\/v2\/types\/page"}],"author":[{"embeddable":true,"href":"https:\/\/discoveralmunecar.com\/es\/wp-json\/wp\/v2\/users\/2"}],"replies":[{"embeddable":true,"href":"https:\/\/discoveralmunecar.com\/es\/wp-json\/wp\/v2\/comments?post=3421"}],"version-history":[{"count":2,"href":"https:\/\/discoveralmunecar.com\/es\/wp-json\/wp\/v2\/pages\/3421\/revisions"}],"predecessor-version":[{"id":6743,"href":"https:\/\/discoveralmunecar.com\/es\/wp-json\/wp\/v2\/pages\/3421\/revisions\/6743"}],"wp:attachment":[{"href":"https:\/\/discoveralmunecar.com\/es\/wp-json\/wp\/v2\/media?parent=3421"}],"curies":[{"name":"wp","href":"https:\/\/api.w.org\/{rel}","templated":true}]}}