{"id":4285,"date":"2021-06-29T15:46:30","date_gmt":"2021-06-29T15:46:30","guid":{"rendered":"https:\/\/discoveralmunecar.com\/?page_id=4285"},"modified":"2022-07-08T23:26:02","modified_gmt":"2022-07-08T23:26:02","slug":"comer-tapas-en-almunecar","status":"publish","type":"page","link":"https:\/\/discoveralmunecar.com\/es\/comer-tapas-en-almunecar\/","title":{"rendered":"Ir de tapas en Almu\u00f1\u00e9car, los mejores bares para visitar en la ciudad"},"content":{"rendered":"<p>[vc_row][vc_column][vc_single_image image=&#8221;9247&#8243; img_size=&#8221;full&#8221;][vc_empty_space]<div class=\"text-block\" ><div class=\"simple-text \"><p>Si hay algo caracter\u00edstico de toda la provincia de Granada son las tapas, y Almu\u00f1\u00e9car y La Herradura en la Costa del Sol Tropical, son uno de los mejores lugares para tapear en cualquier \u00e9poca del a\u00f1o gracias a su privilegiado clima, as\u00ed como a la generosidad de sus tapas, y que no sufre las aglomeraciones masivas de turismo como en otras localidades costeras m\u00e1s occidentales de Andaluc\u00eda.<\/p>\n<p>El tapeo o ir de tapas, es una experiencia que no debes perderte.<br \/>\nLa tapa es un peque\u00f1o aperitivo que se sirve gratuitamente junto con cualquier bebida.<\/p>\n<p>Dependiendo de la pol\u00edtica de cada establecimiento se podr\u00e1n elegir hasta dos variedades de tapa en cada ronda por grupo de clientes, o tendr\u00e1n un orden establecido para la primera, segunda\u2026 que suelen ir en aumento en cuanto a las porciones conforme van aumentando las rondas.<\/p>\n<p>Almu\u00f1\u00e9car y La Herradura destacan por sus enormes tapas a unos precios muy buenos por lo que comer de tapas, es siempre una opci\u00f3n muy econ\u00f3mica y variada.<\/p>\n<p>Ya que una ca\u00f1a o un refresco tienen un precio cercano a los 2 euros, en todos los bares de la zona. Por lo que, con un par de consumiciones con sus respectivas tapas, o tres para los m\u00e1s glotones equivaldr\u00eda a un plato del d\u00eda en cualquier otro bar o restaurante del resto de Espa\u00f1a.<\/p>\n<p>Por tanto, si visitas Almu\u00f1\u00e9car o La Herradura, no dudes en tomarte un par o tres de ca\u00f1as para comer o para cenar, te saldr\u00e1 muy econ\u00f3mico y disfrutar\u00e1s de la gastronom\u00eda local.<\/p>\n<p>Adem\u00e1s, si te cansas de beber o no tienes mucha sed, siempre te puedes pedir unas raciones o una tapa extra en cualquier bar.<\/p>\n<p>Algunos, pero no todos porque la oferta es casi ilimitada, de los m\u00e1s emblem\u00e1ticos bares de Almu\u00f1\u00e9car y La Herradura son:<br \/>\nBar los Pajaritos, aunque se trata de un bar de la toda la vida tambi\u00e9n es muy glamuroso ya que es frecuentado por algunos famosos, como Eva Hache o el Loco de la Colina, Jes\u00fas Quintero.<\/p>\n<p>Se encuentra en un lugar muy c\u00e9ntrico, los d\u00edas clave siempre est\u00e1 lleno a rebosar. Y sus tapas son siempre de pescado y marisco.<\/p>\n<p>La Bodeguita, es otro cl\u00e1sico que no puede faltar en cualquier lista que se precie, tambi\u00e9n la mayor\u00eda de sus tapas son de \u201cpesca\u00edto frito\u201d, tan caracter\u00edstico de la zona.<\/p>\n<p>Bar Higuitos, el cual tiene una amplia terraza y es genial para tomarte una tapita de paella.<\/p>\n<p>Restaurante Andalus\u00ed, que a pesar de ser un restaurante tambi\u00e9n tiene una zona para tapear en su barra, muy cerquita de la playa.<\/p>\n<p>El origen de esta costumbre es difuso y se pierde en la historia, pero hay varias hip\u00f3tesis, desde la que cuenta que fue el rey Alfonso X el Sabio al que el m\u00e9dico le prescribi\u00f3 por una enfermedad tomar sorbitos de vino, y para evitar los efectos del alcohol inger\u00eda entre sorbo y sorbo una peque\u00f1a porci\u00f3n de queso o jam\u00f3n, al recuperarse orden\u00f3 que en los mesones de su reino no se sirviese el vino sin que fuera convenientemente acompa\u00f1ado por alguna raci\u00f3n de comida, y ello para lograr que los comensales no estuvieran tan afectados por el alcohol del vino, por lo que tapaban sus efectos.<\/p>\n<p>Tambi\u00e9n existe la idea de que durante la Edad Media para evitar que las moscas se metiesen en la bebida, se tapaba la copa o el vaso con un trozo de pan o de jam\u00f3n; y otra versi\u00f3n de la historia de la tapa es para evitar las ri\u00f1as y peleas en las tabernas a causa del alcohol, entonces los Reyes Cat\u00f3licos ordenaron que se sirviese una porci\u00f3n de comida con las bebidas para paliar las embriagueces.<\/p>\n<\/div><\/div>[vc_empty_space]      <div class=\"row\">\n        <div class=\"post-grid-view\">\n                <\/div>\n      <\/div>\n      \n  [vc_empty_space][\/vc_column][\/vc_row]<\/p>\n","protected":false},"excerpt":{"rendered":"<p>[vc_row][vc_column][vc_single_image image=&#8221;9247&#8243; img_size=&#8221;full&#8221;][vc_empty_space][vc_empty_space][vc_empty_space][\/vc_column][\/vc_row]<\/p>\n","protected":false},"author":2,"featured_media":0,"parent":0,"menu_order":0,"comment_status":"closed","ping_status":"closed","template":"","meta":{"footnotes":""},"class_list":["post-4285","page","type-page","status-publish","hentry"],"yoast_head":"<!-- This site is optimized with the Yoast SEO plugin v27.3 - https:\/\/yoast.com\/product\/yoast-seo-wordpress\/ -->\n<title>Ir de tapas en Almu\u00f1\u00e9car, los mejores bares para visitar en la ciudad<\/title>\n<meta name=\"description\" content=\"\u00a1Descubre este restaurante en Almu\u00f1\u00e9car y disfruta de la gastronom\u00eda de este lugar mientras pasas tus vacaciones o tiempo en nuestra ciudad!\" \/>\n<meta name=\"robots\" content=\"index, follow, max-snippet:-1, max-image-preview:large, max-video-preview:-1\" \/>\n<link rel=\"canonical\" href=\"https:\/\/discoveralmunecar.com\/es\/comer-tapas-en-almunecar\/\" \/>\n<meta property=\"og:locale\" content=\"es_ES\" \/>\n<meta property=\"og:type\" content=\"article\" \/>\n<meta property=\"og:title\" content=\"Ir de tapas en Almu\u00f1\u00e9car, los mejores bares para visitar en la ciudad\" \/>\n<meta property=\"og:description\" content=\"\u00a1Descubre este restaurante en Almu\u00f1\u00e9car y disfruta de la gastronom\u00eda de este lugar mientras pasas tus vacaciones o tiempo en nuestra ciudad!\" \/>\n<meta property=\"og:url\" content=\"https:\/\/discoveralmunecar.com\/es\/comer-tapas-en-almunecar\/\" \/>\n<meta property=\"article:modified_time\" content=\"2022-07-08T23:26:02+00:00\" \/>\n<meta name=\"twitter:card\" content=\"summary_large_image\" \/>\n<meta name=\"twitter:label1\" content=\"Tiempo de lectura\" \/>\n\t<meta name=\"twitter:data1\" content=\"3 minutos\" \/>\n<script type=\"application\/ld+json\" class=\"yoast-schema-graph\">{\"@context\":\"https:\\\/\\\/schema.org\",\"@graph\":[{\"@type\":\"WebPage\",\"@id\":\"https:\\\/\\\/discoveralmunecar.com\\\/es\\\/comer-tapas-en-almunecar\\\/\",\"url\":\"https:\\\/\\\/discoveralmunecar.com\\\/es\\\/comer-tapas-en-almunecar\\\/\",\"name\":\"Ir de tapas en Almu\u00f1\u00e9car, los mejores bares para visitar en la ciudad\",\"isPartOf\":{\"@id\":\"https:\\\/\\\/discoveralmunecar.com\\\/es\\\/#website\"},\"datePublished\":\"2021-06-29T15:46:30+00:00\",\"dateModified\":\"2022-07-08T23:26:02+00:00\",\"description\":\"\u00a1Descubre este restaurante en Almu\u00f1\u00e9car y disfruta de la gastronom\u00eda de este lugar mientras pasas tus vacaciones o tiempo en nuestra ciudad!\",\"breadcrumb\":{\"@id\":\"https:\\\/\\\/discoveralmunecar.com\\\/es\\\/comer-tapas-en-almunecar\\\/#breadcrumb\"},\"inLanguage\":\"es\",\"potentialAction\":[{\"@type\":\"ReadAction\",\"target\":[\"https:\\\/\\\/discoveralmunecar.com\\\/es\\\/comer-tapas-en-almunecar\\\/\"]}]},{\"@type\":\"BreadcrumbList\",\"@id\":\"https:\\\/\\\/discoveralmunecar.com\\\/es\\\/comer-tapas-en-almunecar\\\/#breadcrumb\",\"itemListElement\":[{\"@type\":\"ListItem\",\"position\":1,\"name\":\"Home\",\"item\":\"https:\\\/\\\/discoveralmunecar.com\\\/es\\\/\"},{\"@type\":\"ListItem\",\"position\":2,\"name\":\"Ir de tapas en Almu\u00f1\u00e9car, los mejores bares para visitar en la ciudad\"}]},{\"@type\":\"WebSite\",\"@id\":\"https:\\\/\\\/discoveralmunecar.com\\\/es\\\/#website\",\"url\":\"https:\\\/\\\/discoveralmunecar.com\\\/es\\\/\",\"name\":\"\",\"description\":\"Just another WordPress site\\n\",\"potentialAction\":[{\"@type\":\"SearchAction\",\"target\":{\"@type\":\"EntryPoint\",\"urlTemplate\":\"https:\\\/\\\/discoveralmunecar.com\\\/es\\\/?s={search_term_string}\"},\"query-input\":{\"@type\":\"PropertyValueSpecification\",\"valueRequired\":true,\"valueName\":\"search_term_string\"}}],\"inLanguage\":\"es\"}]}<\/script>\n<!-- \/ Yoast SEO plugin. -->","yoast_head_json":{"title":"Ir de tapas en Almu\u00f1\u00e9car, los mejores bares para visitar en la ciudad","description":"\u00a1Descubre este restaurante en Almu\u00f1\u00e9car y disfruta de la gastronom\u00eda de este lugar mientras pasas tus vacaciones o tiempo en nuestra ciudad!","robots":{"index":"index","follow":"follow","max-snippet":"max-snippet:-1","max-image-preview":"max-image-preview:large","max-video-preview":"max-video-preview:-1"},"canonical":"https:\/\/discoveralmunecar.com\/es\/comer-tapas-en-almunecar\/","og_locale":"es_ES","og_type":"article","og_title":"Ir de tapas en Almu\u00f1\u00e9car, los mejores bares para visitar en la ciudad","og_description":"\u00a1Descubre este restaurante en Almu\u00f1\u00e9car y disfruta de la gastronom\u00eda de este lugar mientras pasas tus vacaciones o tiempo en nuestra ciudad!","og_url":"https:\/\/discoveralmunecar.com\/es\/comer-tapas-en-almunecar\/","article_modified_time":"2022-07-08T23:26:02+00:00","twitter_card":"summary_large_image","twitter_misc":{"Tiempo de lectura":"3 minutos"},"schema":{"@context":"https:\/\/schema.org","@graph":[{"@type":"WebPage","@id":"https:\/\/discoveralmunecar.com\/es\/comer-tapas-en-almunecar\/","url":"https:\/\/discoveralmunecar.com\/es\/comer-tapas-en-almunecar\/","name":"Ir de tapas en Almu\u00f1\u00e9car, los mejores bares para visitar en la ciudad","isPartOf":{"@id":"https:\/\/discoveralmunecar.com\/es\/#website"},"datePublished":"2021-06-29T15:46:30+00:00","dateModified":"2022-07-08T23:26:02+00:00","description":"\u00a1Descubre este restaurante en Almu\u00f1\u00e9car y disfruta de la gastronom\u00eda de este lugar mientras pasas tus vacaciones o tiempo en nuestra ciudad!","breadcrumb":{"@id":"https:\/\/discoveralmunecar.com\/es\/comer-tapas-en-almunecar\/#breadcrumb"},"inLanguage":"es","potentialAction":[{"@type":"ReadAction","target":["https:\/\/discoveralmunecar.com\/es\/comer-tapas-en-almunecar\/"]}]},{"@type":"BreadcrumbList","@id":"https:\/\/discoveralmunecar.com\/es\/comer-tapas-en-almunecar\/#breadcrumb","itemListElement":[{"@type":"ListItem","position":1,"name":"Home","item":"https:\/\/discoveralmunecar.com\/es\/"},{"@type":"ListItem","position":2,"name":"Ir de tapas en Almu\u00f1\u00e9car, los mejores bares para visitar en la ciudad"}]},{"@type":"WebSite","@id":"https:\/\/discoveralmunecar.com\/es\/#website","url":"https:\/\/discoveralmunecar.com\/es\/","name":"","description":"Just another WordPress site\n","potentialAction":[{"@type":"SearchAction","target":{"@type":"EntryPoint","urlTemplate":"https:\/\/discoveralmunecar.com\/es\/?s={search_term_string}"},"query-input":{"@type":"PropertyValueSpecification","valueRequired":true,"valueName":"search_term_string"}}],"inLanguage":"es"}]}},"_links":{"self":[{"href":"https:\/\/discoveralmunecar.com\/es\/wp-json\/wp\/v2\/pages\/4285","targetHints":{"allow":["GET"]}}],"collection":[{"href":"https:\/\/discoveralmunecar.com\/es\/wp-json\/wp\/v2\/pages"}],"about":[{"href":"https:\/\/discoveralmunecar.com\/es\/wp-json\/wp\/v2\/types\/page"}],"author":[{"embeddable":true,"href":"https:\/\/discoveralmunecar.com\/es\/wp-json\/wp\/v2\/users\/2"}],"replies":[{"embeddable":true,"href":"https:\/\/discoveralmunecar.com\/es\/wp-json\/wp\/v2\/comments?post=4285"}],"version-history":[{"count":5,"href":"https:\/\/discoveralmunecar.com\/es\/wp-json\/wp\/v2\/pages\/4285\/revisions"}],"predecessor-version":[{"id":9252,"href":"https:\/\/discoveralmunecar.com\/es\/wp-json\/wp\/v2\/pages\/4285\/revisions\/9252"}],"wp:attachment":[{"href":"https:\/\/discoveralmunecar.com\/es\/wp-json\/wp\/v2\/media?parent=4285"}],"curies":[{"name":"wp","href":"https:\/\/api.w.org\/{rel}","templated":true}]}}