{"id":6758,"date":"2021-08-30T09:48:21","date_gmt":"2021-08-30T09:48:21","guid":{"rendered":"https:\/\/discoveralmunecar.com\/?page_id=6758"},"modified":"2021-08-30T09:48:21","modified_gmt":"2021-08-30T09:48:21","slug":"donde-dormir-la-herradura","status":"publish","type":"page","link":"https:\/\/discoveralmunecar.com\/es\/donde-dormir-la-herradura\/","title":{"rendered":"D\u00f3nde dormir en La Herradura, los mejores hoteles"},"content":{"rendered":"<p>[vc_row][vc_column][vc_empty_space]<div class=\"text-block\" ><div class=\"simple-text \"><p>Por todos es sabido que La Herradura, el n\u00facleo de poblaci\u00f3n que hace frontera entre las provincias de Granada (a la que pertenece) y M\u00e1laga, en plena Costa del Sol Tropical, que aunque pueda parecer un peque\u00f1o pueblo de pescadores, es un gran para\u00edso de sol y playa. Gracias a su clima y a su situaci\u00f3n privilegiada entre los riscos de Maro Cerro Gordo y la Punta de la Mona. Y altamente preparado para recibir visitantes durante todo el a\u00f1o. Y adem\u00e1s hay muchos lugares fabulosos para alojarse.<\/p>\n<p>Por ello, sin estar saturado y sin la asfixiante presi\u00f3n que ejerce el turismo en masa de la vecina costa de M\u00e1laga, o el Levante espa\u00f1ol, encontramos una muy cercana y apacible planta hotelera, para todos los gustos. Ya que aqu\u00ed podemos descubrir desde los campings para disfrutar de la naturaleza en todos los sentidos, hasta hoteles de 4 estrellas, pasando por las pensiones y villas de alto lujo.<\/p>\n<p>Entre los hoteles nos encontramos muchos de ellos a pie de playa o en el casco urbano, pero todos muy cerca de la magn\u00edfica playa y, en la mayor\u00eda de los casos, con vistas excepcionales de la costa.<\/p>\n<p>Adem\u00e1s, su amplia oferta de alojamiento se complementa con los apartamentos tur\u00edsticos, los cuales han alcanzado un alto grado de aceptaci\u00f3n y los encontramos en lujosas urbanizaciones, con todo tipo de servicios y comodidades, desde piscinas hasta jardines y zonas de juegos para ni\u00f1os, en el n\u00facleo urbano o a muy pocos metros de la playa. Adem\u00e1s, la mayor\u00eda de estas infraestructuras tienen un equipamiento moderno y bien cuidado, y son una opci\u00f3n excelente para las familias.<\/p>\n<p>Si es importante advertir, que si quieres pasar unos d\u00edas en La Herradura durante la temporada alta, de junio a septiembre, es conveniente hacer la reserva en cualquiera de estos alojamientos con tiempo de sobra.<\/p>\n<p>Las zonas m\u00e1s populares para alojarse son las siguientes:<\/p>\n<p>&#8211; Marina del Este\/Berengueles, se trata de un peque\u00f1o pero lujoso puerto deportivo, y de una playa muy cercana al puerto, que es un para\u00edso para los amantes del submarinismo y el snorkel, gracias a sus fondos y paredes rocosos.<br \/>\n&#8211; Punta de la Mona: famosa urbanizaci\u00f3n que se encuentra en el lugar del mismo nombre, que era donde estaba el domicilio del virtuoso guitarrista Andr\u00e9s Segovia, el cual se considera el padre del movimiento de la guitarra cl\u00e1sica moderna, y La Herradura le rindi\u00f3 su homenaje bautizando el paseo mar\u00edtimo de la poblaci\u00f3n con su nombre, el cual es una de sus arterias principales.<br \/>\n&#8211; El Pueblo.<br \/>\n&#8211; El Este y el Oeste de la Primera L\u00ednea de Playa La Herradura.<\/p>\n<p>Y entre los hoteles y pensiones caben destacar, aunque hay muchos m\u00e1s:<\/p>\n<p>&#8211; Best Alcazar.<br \/>\n&#8211; H Boutique Pe\u00f1a Parda Bay.<br \/>\n&#8211; Oyo Almijara.<br \/>\n&#8211; Sol Los Fenicios.<br \/>\n&#8211; Caleta Bay.<br \/>\n&#8211; Pensi\u00f3n La Herradura<\/p>\n<p>Que no te lo cuenten, ven a visitar la Herradura y al\u00f3jate en cualquiera de sus magn\u00edficos establecimientos junto al Mar Mediterr\u00e1neo.<\/p>\n<\/div><\/div>[\/vc_column][\/vc_row]<\/p>\n","protected":false},"excerpt":{"rendered":"<p>[vc_row][vc_column][vc_empty_space][\/vc_column][\/vc_row]<\/p>\n","protected":false},"author":2,"featured_media":0,"parent":0,"menu_order":0,"comment_status":"closed","ping_status":"closed","template":"","meta":{"footnotes":""},"class_list":["post-6758","page","type-page","status-publish","hentry"],"yoast_head":"<!-- This site is optimized with the Yoast SEO plugin v27.3 - https:\/\/yoast.com\/product\/yoast-seo-wordpress\/ -->\n<title>D\u00f3nde dormir en La Herradura, los mejores hoteles -<\/title>\n<meta name=\"robots\" content=\"index, follow, max-snippet:-1, max-image-preview:large, max-video-preview:-1\" \/>\n<link rel=\"canonical\" href=\"https:\/\/discoveralmunecar.com\/es\/donde-dormir-la-herradura\/\" \/>\n<meta property=\"og:locale\" content=\"es_ES\" \/>\n<meta property=\"og:type\" content=\"article\" \/>\n<meta property=\"og:title\" content=\"D\u00f3nde dormir en La Herradura, los mejores hoteles -\" \/>\n<meta property=\"og:description\" content=\"[vc_row][vc_column][vc_empty_space][\/vc_column][\/vc_row]\" \/>\n<meta property=\"og:url\" content=\"https:\/\/discoveralmunecar.com\/es\/donde-dormir-la-herradura\/\" \/>\n<meta name=\"twitter:card\" content=\"summary_large_image\" \/>\n<meta name=\"twitter:label1\" content=\"Tiempo de lectura\" \/>\n\t<meta name=\"twitter:data1\" content=\"3 minutos\" \/>\n<script type=\"application\/ld+json\" class=\"yoast-schema-graph\">{\"@context\":\"https:\\\/\\\/schema.org\",\"@graph\":[{\"@type\":\"WebPage\",\"@id\":\"https:\\\/\\\/discoveralmunecar.com\\\/es\\\/donde-dormir-la-herradura\\\/\",\"url\":\"https:\\\/\\\/discoveralmunecar.com\\\/es\\\/donde-dormir-la-herradura\\\/\",\"name\":\"D\u00f3nde dormir en La Herradura, los mejores hoteles -\",\"isPartOf\":{\"@id\":\"https:\\\/\\\/discoveralmunecar.com\\\/es\\\/#website\"},\"datePublished\":\"2021-08-30T09:48:21+00:00\",\"breadcrumb\":{\"@id\":\"https:\\\/\\\/discoveralmunecar.com\\\/es\\\/donde-dormir-la-herradura\\\/#breadcrumb\"},\"inLanguage\":\"es\",\"potentialAction\":[{\"@type\":\"ReadAction\",\"target\":[\"https:\\\/\\\/discoveralmunecar.com\\\/es\\\/donde-dormir-la-herradura\\\/\"]}]},{\"@type\":\"BreadcrumbList\",\"@id\":\"https:\\\/\\\/discoveralmunecar.com\\\/es\\\/donde-dormir-la-herradura\\\/#breadcrumb\",\"itemListElement\":[{\"@type\":\"ListItem\",\"position\":1,\"name\":\"Home\",\"item\":\"https:\\\/\\\/discoveralmunecar.com\\\/es\\\/\"},{\"@type\":\"ListItem\",\"position\":2,\"name\":\"D\u00f3nde dormir en La Herradura, los mejores hoteles\"}]},{\"@type\":\"WebSite\",\"@id\":\"https:\\\/\\\/discoveralmunecar.com\\\/es\\\/#website\",\"url\":\"https:\\\/\\\/discoveralmunecar.com\\\/es\\\/\",\"name\":\"\",\"description\":\"Just another WordPress site\\n\",\"potentialAction\":[{\"@type\":\"SearchAction\",\"target\":{\"@type\":\"EntryPoint\",\"urlTemplate\":\"https:\\\/\\\/discoveralmunecar.com\\\/es\\\/?s={search_term_string}\"},\"query-input\":{\"@type\":\"PropertyValueSpecification\",\"valueRequired\":true,\"valueName\":\"search_term_string\"}}],\"inLanguage\":\"es\"}]}<\/script>\n<!-- \/ Yoast SEO plugin. -->","yoast_head_json":{"title":"D\u00f3nde dormir en La Herradura, los mejores hoteles -","robots":{"index":"index","follow":"follow","max-snippet":"max-snippet:-1","max-image-preview":"max-image-preview:large","max-video-preview":"max-video-preview:-1"},"canonical":"https:\/\/discoveralmunecar.com\/es\/donde-dormir-la-herradura\/","og_locale":"es_ES","og_type":"article","og_title":"D\u00f3nde dormir en La Herradura, los mejores hoteles -","og_description":"[vc_row][vc_column][vc_empty_space][\/vc_column][\/vc_row]","og_url":"https:\/\/discoveralmunecar.com\/es\/donde-dormir-la-herradura\/","twitter_card":"summary_large_image","twitter_misc":{"Tiempo de lectura":"3 minutos"},"schema":{"@context":"https:\/\/schema.org","@graph":[{"@type":"WebPage","@id":"https:\/\/discoveralmunecar.com\/es\/donde-dormir-la-herradura\/","url":"https:\/\/discoveralmunecar.com\/es\/donde-dormir-la-herradura\/","name":"D\u00f3nde dormir en La Herradura, los mejores hoteles -","isPartOf":{"@id":"https:\/\/discoveralmunecar.com\/es\/#website"},"datePublished":"2021-08-30T09:48:21+00:00","breadcrumb":{"@id":"https:\/\/discoveralmunecar.com\/es\/donde-dormir-la-herradura\/#breadcrumb"},"inLanguage":"es","potentialAction":[{"@type":"ReadAction","target":["https:\/\/discoveralmunecar.com\/es\/donde-dormir-la-herradura\/"]}]},{"@type":"BreadcrumbList","@id":"https:\/\/discoveralmunecar.com\/es\/donde-dormir-la-herradura\/#breadcrumb","itemListElement":[{"@type":"ListItem","position":1,"name":"Home","item":"https:\/\/discoveralmunecar.com\/es\/"},{"@type":"ListItem","position":2,"name":"D\u00f3nde dormir en La Herradura, los mejores hoteles"}]},{"@type":"WebSite","@id":"https:\/\/discoveralmunecar.com\/es\/#website","url":"https:\/\/discoveralmunecar.com\/es\/","name":"","description":"Just another WordPress site\n","potentialAction":[{"@type":"SearchAction","target":{"@type":"EntryPoint","urlTemplate":"https:\/\/discoveralmunecar.com\/es\/?s={search_term_string}"},"query-input":{"@type":"PropertyValueSpecification","valueRequired":true,"valueName":"search_term_string"}}],"inLanguage":"es"}]}},"_links":{"self":[{"href":"https:\/\/discoveralmunecar.com\/es\/wp-json\/wp\/v2\/pages\/6758","targetHints":{"allow":["GET"]}}],"collection":[{"href":"https:\/\/discoveralmunecar.com\/es\/wp-json\/wp\/v2\/pages"}],"about":[{"href":"https:\/\/discoveralmunecar.com\/es\/wp-json\/wp\/v2\/types\/page"}],"author":[{"embeddable":true,"href":"https:\/\/discoveralmunecar.com\/es\/wp-json\/wp\/v2\/users\/2"}],"replies":[{"embeddable":true,"href":"https:\/\/discoveralmunecar.com\/es\/wp-json\/wp\/v2\/comments?post=6758"}],"version-history":[{"count":2,"href":"https:\/\/discoveralmunecar.com\/es\/wp-json\/wp\/v2\/pages\/6758\/revisions"}],"predecessor-version":[{"id":6760,"href":"https:\/\/discoveralmunecar.com\/es\/wp-json\/wp\/v2\/pages\/6758\/revisions\/6760"}],"wp:attachment":[{"href":"https:\/\/discoveralmunecar.com\/es\/wp-json\/wp\/v2\/media?parent=6758"}],"curies":[{"name":"wp","href":"https:\/\/api.w.org\/{rel}","templated":true}]}}