{"id":7516,"date":"2021-10-29T11:28:24","date_gmt":"2021-10-29T11:28:24","guid":{"rendered":"https:\/\/discoveralmunecar.com\/?page_id=7516"},"modified":"2021-10-29T11:28:25","modified_gmt":"2021-10-29T11:28:25","slug":"parques-y-naturaleza-de-almunecar","status":"publish","type":"page","link":"https:\/\/discoveralmunecar.com\/es\/parques-y-naturaleza-de-almunecar\/","title":{"rendered":"Parques y naturaleza de Almu\u00f1\u00e9car"},"content":{"rendered":"<p>[vc_row][vc_column]      <div class=\"row\">\n        <div class=\"post-grid-view\">\n                  <div class=\"col-sm-6 post-3808 post type-post status-publish format-standard has-post-thumbnail hentry category-parques-y-naturaleza category-que-hacer-en-almunecar\">\n\n            <div class=\"tt-post type-2\">\n                      <a class=\"tt-post-img custom-hover\" href=\"https:\/\/discoveralmunecar.com\/es\/sierra-almijara\/\">\n      <img fetchpriority=\"high\" decoding=\"async\" width=\"537\" height=\"307\" src=\"https:\/\/discoveralmunecar.com\/wp-content\/uploads\/2021\/06\/12-537x307.jpg\" class=\"img-responsive wp-post-image\" alt=\"Sierra de Almijara portada\" \/>    <\/a>\n                <div class=\"tt-post-info\">\n                                    <a class=\"tt-post-title c-h4\" href=\"https:\/\/discoveralmunecar.com\/es\/sierra-almijara\/\"><small>Sierra de Almijara<\/small><\/a>\n                      <div class=\"tt-post-label\">\n                <\/div>\n                      <div class=\"simple-text\">\n      <p><\/p>\n    <\/div>\n                                    <\/div>\n            <\/div>\n            <div class=\"empty-space marg-xs-b30\"><\/div> \n          <\/div>\n            <div class=\"col-xs-6 col-sm-4 col-lg-2 post-handy-picked post-3607 post type-post status-publish format-standard has-post-thumbnail hentry category-deportes-en-almunecar category-parques-y-naturaleza category-que-hacer-en-almunecar\">\n      <div class=\"tt-post type-3\">\n                <a class=\"tt-post-img custom-hover\" href=\"https:\/\/discoveralmunecar.com\/es\/senderismo-antiguo-camino-de-los-pescadores-almunecar\/\">\n      <img decoding=\"async\" width=\"183\" height=\"96\" src=\"https:\/\/discoveralmunecar.com\/wp-content\/uploads\/2021\/06\/2AF-183x96.jpg\" class=\"img-responsive wp-post-image\" alt=\"Senderismo, antiguo camino de los pescadores\" \/>    <\/a>\n            <div class=\"tt-post-info\">\n                <a class=\"tt-post-title c-h5\" href=\"https:\/\/discoveralmunecar.com\/es\/senderismo-antiguo-camino-de-los-pescadores-almunecar\/\">Senderismo, antiguo camino de los pescadores<\/a>\n                  <div class=\"tt-post-label\">\n              <span class=\"tt-post-author-name\"><a href=\"https:\/\/discoveralmunecar.com\/es\/author\/discover\/\">Discover Almu\u00f1ecar<\/a><\/span>\n                    <span class=\"tt-post-date\">junio 17, 2021<\/span>\n          <\/div>\n            <\/div>\n      <\/div> \n      <div class=\"empty-space marg-lg-b25\"><\/div>                 \n    <\/div>\n      <div class=\"col-xs-6 col-sm-4 col-lg-2 post-handy-picked post-2248 post type-post status-publish format-standard has-post-thumbnail hentry category-parques-y-naturaleza category-que-hacer-en-almunecar\">\n      <div class=\"tt-post type-3\">\n                <a class=\"tt-post-img custom-hover\" href=\"https:\/\/discoveralmunecar.com\/es\/parque-el-majuelo\/\">\n      <img decoding=\"async\" width=\"183\" height=\"96\" src=\"https:\/\/discoveralmunecar.com\/wp-content\/uploads\/2021\/04\/almunecar-nature-park-el-majuelo-1-183x96.jpg\" class=\"img-responsive wp-post-image\" alt=\"almunecar-nature-park-el-majuelo-1\" \/>    <\/a>\n            <div class=\"tt-post-info\">\n                <a class=\"tt-post-title c-h5\" href=\"https:\/\/discoveralmunecar.com\/es\/parque-el-majuelo\/\">Parque el Majuelo<\/a>\n                  <div class=\"tt-post-label\">\n              <span class=\"tt-post-author-name\"><a href=\"https:\/\/discoveralmunecar.com\/es\/author\/pedro-espinosa\/\">Admin<\/a><\/span>\n                    <span class=\"tt-post-date\">abril 27, 2021<\/span>\n          <\/div>\n            <\/div>\n      <\/div> \n      <div class=\"empty-space marg-lg-b25\"><\/div>                 \n    <\/div>\n      <div class=\"col-xs-6 col-sm-4 col-lg-2 post-handy-picked post-2281 post type-post status-publish format-standard has-post-thumbnail hentry category-parques-y-naturaleza category-que-hacer-en-almunecar\">\n      <div class=\"tt-post type-3\">\n                <a class=\"tt-post-img custom-hover\" href=\"https:\/\/discoveralmunecar.com\/es\/los-penones-del-santo\/\">\n      <img loading=\"lazy\" decoding=\"async\" width=\"183\" height=\"96\" src=\"https:\/\/discoveralmunecar.com\/wp-content\/uploads\/2021\/04\/SCristo\u0301bal-2-1-183x96.jpeg\" class=\"img-responsive wp-post-image\" alt=\"SCristo\u0301bal 2 1\" \/>    <\/a>\n            <div class=\"tt-post-info\">\n                <a class=\"tt-post-title c-h5\" href=\"https:\/\/discoveralmunecar.com\/es\/los-penones-del-santo\/\">Los Pe\u00f1ones del Santo<\/a>\n                  <div class=\"tt-post-label\">\n              <span class=\"tt-post-author-name\"><a href=\"https:\/\/discoveralmunecar.com\/es\/author\/pedro-espinosa\/\">Admin<\/a><\/span>\n                    <span class=\"tt-post-date\">abril 28, 2021<\/span>\n          <\/div>\n            <\/div>\n      <\/div> \n      <div class=\"empty-space marg-lg-b25\"><\/div>                 \n    <\/div>\n      <div class=\"col-xs-6 col-sm-4 col-lg-2 post-handy-picked post-2235 post type-post status-publish format-standard has-post-thumbnail hentry category-museos category-parques-y-naturaleza category-que-hacer-en-almunecar\">\n      <div class=\"tt-post type-3\">\n                <a class=\"tt-post-img custom-hover\" href=\"https:\/\/discoveralmunecar.com\/es\/jardin-museo-del-bonsai\/\">\n      <img loading=\"lazy\" decoding=\"async\" width=\"183\" height=\"96\" src=\"https:\/\/discoveralmunecar.com\/wp-content\/uploads\/2021\/04\/almunecar-nature-garden-museum-bonsai-1-183x96.jpg\" class=\"img-responsive wp-post-image\" alt=\"almunecar-nature-garden-museum-bonsai-1\" \/>    <\/a>\n            <div class=\"tt-post-info\">\n                <a class=\"tt-post-title c-h5\" href=\"https:\/\/discoveralmunecar.com\/es\/jardin-museo-del-bonsai\/\">Jard\u00edn-Museo del Bons\u00e1i<\/a>\n                  <div class=\"tt-post-label\">\n              <span class=\"tt-post-author-name\"><a href=\"https:\/\/discoveralmunecar.com\/es\/author\/pedro-espinosa\/\">Admin<\/a><\/span>\n                    <span class=\"tt-post-date\">abril 27, 2021<\/span>\n          <\/div>\n            <\/div>\n      <\/div> \n      <div class=\"empty-space marg-lg-b25\"><\/div>                 \n    <\/div>\n      <div class=\"col-xs-6 col-sm-4 col-lg-2 post-handy-picked post-854 post type-post status-publish format-standard has-post-thumbnail hentry category-parques-y-naturaleza category-que-hacer-en-almunecar\">\n      <div class=\"tt-post type-3\">\n                <a class=\"tt-post-img custom-hover\" href=\"https:\/\/discoveralmunecar.com\/es\/degustacion-frutas-subtropicales-la-finca-almunecar\/\">\n      <img loading=\"lazy\" decoding=\"async\" width=\"183\" height=\"96\" src=\"https:\/\/discoveralmunecar.com\/wp-content\/uploads\/2021\/02\/degustacion-fruta-almunecar-finca-el-pinero-1-1-183x96.jpg\" class=\"img-responsive wp-post-image\" alt=\"\" \/>    <\/a>\n            <div class=\"tt-post-info\">\n                <a class=\"tt-post-title c-h5\" href=\"https:\/\/discoveralmunecar.com\/es\/degustacion-frutas-subtropicales-la-finca-almunecar\/\">Degustaciones de frutas subtropicales directamente del \u00e1rbol<\/a>\n                  <div class=\"tt-post-label\">\n              <span class=\"tt-post-author-name\"><a href=\"https:\/\/discoveralmunecar.com\/es\/author\/pedro-espinosa\/\">Admin<\/a><\/span>\n                    <span class=\"tt-post-date\">febrero 1, 2021<\/span>\n          <\/div>\n            <\/div>\n      <\/div> \n      <div class=\"empty-space marg-lg-b25\"><\/div>                 \n    <\/div>\n      <div class=\"col-xs-6 col-sm-4 col-lg-2 post-handy-picked post-2724 post type-post status-publish format-standard has-post-thumbnail hentry category-parques-y-naturaleza category-que-hacer-en-almunecar\">\n      <div class=\"tt-post type-3\">\n                <a class=\"tt-post-img custom-hover\" href=\"https:\/\/discoveralmunecar.com\/es\/acuario-de-almunecar\/\">\n      <img loading=\"lazy\" decoding=\"async\" width=\"183\" height=\"96\" src=\"https:\/\/discoveralmunecar.com\/wp-content\/uploads\/2021\/05\/almunecar-aquarium-1-183x96.jpg\" class=\"img-responsive wp-post-image\" alt=\"Acuario de Almu\u00f1\u00e9car\" \/>    <\/a>\n            <div class=\"tt-post-info\">\n                <a class=\"tt-post-title c-h5\" href=\"https:\/\/discoveralmunecar.com\/es\/acuario-de-almunecar\/\">Acuario de Almu\u00f1\u00e9car<\/a>\n                  <div class=\"tt-post-label\">\n              <span class=\"tt-post-author-name\"><a href=\"https:\/\/discoveralmunecar.com\/es\/author\/pedro-espinosa\/\">Admin<\/a><\/span>\n                    <span class=\"tt-post-date\">mayo 4, 2021<\/span>\n          <\/div>\n            <\/div>\n      <\/div> \n      <div class=\"empty-space marg-lg-b25\"><\/div>                 \n    <\/div>\n      <div class=\"col-xs-6 col-sm-4 col-lg-2 post-handy-picked post-4209 post type-post status-publish format-standard has-post-thumbnail hentry category-parques-y-naturaleza category-que-hacer-en-almunecar\">\n      <div class=\"tt-post type-3\">\n                <a class=\"tt-post-img custom-hover\" href=\"https:\/\/discoveralmunecar.com\/es\/acantilados-de-maro-cerro-gordo\/\">\n      <img loading=\"lazy\" decoding=\"async\" width=\"183\" height=\"96\" src=\"https:\/\/discoveralmunecar.com\/wp-content\/uploads\/2021\/06\/6-19-16-59-698-183x96.jpg\" class=\"img-responsive wp-post-image\" alt=\"portada cerro gordo\" \/>    <\/a>\n            <div class=\"tt-post-info\">\n                <a class=\"tt-post-title c-h5\" href=\"https:\/\/discoveralmunecar.com\/es\/acantilados-de-maro-cerro-gordo\/\">Acantilados de Maro-Cerro Gordo<\/a>\n                  <div class=\"tt-post-label\">\n              <span class=\"tt-post-author-name\"><a href=\"https:\/\/discoveralmunecar.com\/es\/author\/pedro-espinosa\/\">Admin<\/a><\/span>\n                    <span class=\"tt-post-date\">junio 29, 2021<\/span>\n          <\/div>\n            <\/div>\n      <\/div> \n      <div class=\"empty-space marg-lg-b25\"><\/div>                 \n    <\/div>\n          <\/div>\n      <\/div>\n      \n  [vc_empty_space]<div class=\"text-block\" ><div class=\"simple-text \"><h3>Parque el Majuelo<\/h3>\n<p>El Parque de El Majuelo lo encontramos en el centro hist\u00f3rico de Almu\u00f1\u00e9car, bajo las faldas del Castillo de San Miguel.<\/p>\n<p>Gracias al privilegiado clima de Almu\u00f1\u00e9car, este parque tambi\u00e9n es una importante reserva bot\u00e1nica, en el que podemos disfrutar de m\u00e1s de 180 especies de plantas tropicales y subtropicales de distintas zonas del mundo. Hay espec\u00edmenes desde de Centro y Sur de Am\u00e9rica, Australia, \u00c1frica y Madagascar, Filipinas, India, Jap\u00f3n, China, Islas de Malasia, Indonesia, Nueva Guinea, Nueva Zelanda, Micronesia, Arabia y Polinesia. Adem\u00e1s de un gran n\u00famero de palmeras.<\/p>\n<p>Pero, teniendo en cuenta que Almu\u00f1\u00e9car es la ciudad m\u00e1s antigua del Mediterr\u00e1neo espa\u00f1ol, y que por ella han pasado todas las culturas de la Antig\u00fcedad, en su interior tambi\u00e9n podemos contemplar la antigua factor\u00eda de salazones de pescado, donde se fabricaba el famoso garum.<\/p>\n<p>Dicha f\u00e1brica en un principio era obra de los fenicios pero que en tiempos del Imperio Romano, \u00e9sta creci\u00f3 llegando a convertir a la ciudad de Almu\u00f1\u00e9car en un centro de producci\u00f3n muy importante en esa \u00e9poca.<\/p>\n<p>Adem\u00e1s, dentro del parque hay un auditorio dise\u00f1ado por el maestro Timoteo Urrengoechea Gomeza.<br \/>\nY como Almu\u00f1\u00e9car tambi\u00e9n es un centro de arte, por todo el recinto del parque podemos ir descubriendo esculturas de artistas sirios, gracias a la colaboraci\u00f3n de la ciudad de Almu\u00f1\u00e9car con este pa\u00eds.<\/p>\n<h3>Parque del Mediterr\u00e1neo, Taramay<\/h3>\n<p>Este es un parque especial, ya que se encuentra a la orilla del mar rodeado de una frondosa arboleda, compuesta por pinos y otras especies cl\u00e1sicas del clima mediterr\u00e1neo, a lo largo de la orilla del mar, por lo que es un lugar excepcional para pasear y contemplar la naturaleza sintiendo la suave brisa del mar.<\/p>\n<p>Adem\u00e1s, su ubicaci\u00f3n permite a sus visitantes unas vistas inmejorables, y es un lugar excelente para obtener unas fotograf\u00edas espectaculares, por eso muchas parejas eligen este paraje para hacerse sus reportajes de boda y otras celebraciones.<\/p>\n<p>En su recorrido tiene una serie de puntos que son aut\u00e9nticos miradores panor\u00e1micos. Y adem\u00e1s el parque desemboca en tres playas diferentes del litoral sexitano: La playa de Cabria, la playa Calabaj\u00edo y la de Pozuelo.<\/p>\n<h3>Jard\u00edn-Museo del Bons\u00e1i<\/h3>\n<p>Se trata de un museo con una superficie de aproximadamente 2.000 metros cuadrados, dedicado al estudio, divulgaci\u00f3n y disfrute de estos peque\u00f1os \u00e1rboles, adem\u00e1s concretamente este Jard\u00edn-Museo del Bons\u00e1i es el m\u00e1s importante de Andaluc\u00eda y se encuentra entre los mejores de Espa\u00f1a y Europa.<\/p>\n<p>En el podemos contemplar un gran n\u00famero de especies de distintas partes del mundo, tra\u00eddas desde Asia y otros puntos de Europa, y por supuesto tambi\u00e9n aut\u00f3ctonas de la provincia y de la Costa Mediterr\u00e1nea.<\/p>\n<p>Tambi\u00e9n este museo muestra una parte de la cultura nipona, antiguas y bellas linternas de jard\u00edn, y adem\u00e1s de bons\u00e1is en el Jard\u00edn-Museo podemos disfrutar del estanque de las carpas sagradas, el seco jard\u00edn Zen y el floral jard\u00edn h\u00famedo, fuentes budistas, algunos \u00e1rboles con m\u00e1s de cien a\u00f1os y las bellas puertas toro.<\/p>\n<h3>Parque Pe\u00f1a Escrita<\/h3>\n<p>A pocos minutos en coche del centro hist\u00f3rico de Almu\u00f1\u00e9car, encontramos el Parque de la Naturaleza Pe\u00f1a Escrita. El cual es un complejo tur\u00edstico a la medida de los amantes de la naturaleza, pero tambi\u00e9n para los m\u00e1s valientes y amantes del llamado \u201cturismo activo\u201d.<\/p>\n<p>Porque se trata de un lugar en el que se encuentran varios relieves geogr\u00e1ficos diferentes como son: las estribaciones de la alta monta\u00f1a de Sierra Nevada, que contrasta con el valle tropical y el intermedio paisaje alpujarre\u00f1o.<\/p>\n<p>Por ello, sus visitantes pueden disfrutar de encontrar animales en libertad como cabras monteses y ciervos, sentir el olor fresco del romero y el tomillo, y unas vistas espectaculares rodeados de la vegetaci\u00f3n t\u00edpica mediterr\u00e1nea.<\/p>\n<p>Adem\u00e1s, para los amantes del senderismo, sobre el trazado de los antiguos caminos que conectaban la capital de la provincia con la zona del litoral, en la actualidad hay muchos senderos para hacer rutas a pie, en bici o a caballo, y tambi\u00e9n hay empresas que organizan vuelos en parapente en la zona.<\/p>\n<h3>Loro Sexi<\/h3>\n<p>Muy cerca de los Pe\u00f1ones del Santo, a algo menos de 100 metros del mar Mediterr\u00e1neo, encontramos el parque ornitol\u00f3gico Loro Sexi, junto al Parque del Majuelo.<\/p>\n<p>Este parque alberga una important\u00edsima colecci\u00f3n de m\u00e1s de 100 tipos de especies de aves, adem\u00e1s de otros animales como tortugas, l\u00e9mures\u2026 y un precioso jard\u00edn de cactus.<\/p>\n<p>En \u00e9l podemos encontrar desde la paloma com\u00fan, hasta pavo reales, pasando por loros, tucanes, cisnes, patos y un larg\u00edsimo etc\u2026<\/p>\n<p>Si estas pasando unos d\u00edas en Almu\u00f1\u00e9car o La Herradura, no olvides hacer una visita a alguno o algunos de estos parques, es una recomendaci\u00f3n de Descubre Almu\u00f1\u00e9car.<\/p>\n<\/div><\/div>[\/vc_column][\/vc_row]<\/p>\n","protected":false},"excerpt":{"rendered":"<p>[vc_row][vc_column][vc_empty_space][\/vc_column][\/vc_row]<\/p>\n","protected":false},"author":2,"featured_media":0,"parent":0,"menu_order":0,"comment_status":"closed","ping_status":"closed","template":"","meta":{"footnotes":""},"class_list":["post-7516","page","type-page","status-publish","hentry"],"yoast_head":"<!-- This site is optimized with the Yoast SEO plugin v27.3 - https:\/\/yoast.com\/product\/yoast-seo-wordpress\/ -->\n<title>Parques y naturaleza de Almu\u00f1\u00e9car<\/title>\n<meta name=\"robots\" content=\"index, follow, max-snippet:-1, max-image-preview:large, max-video-preview:-1\" \/>\n<link rel=\"canonical\" href=\"https:\/\/discoveralmunecar.com\/es\/parques-y-naturaleza-de-almunecar\/\" \/>\n<meta property=\"og:locale\" content=\"es_ES\" \/>\n<meta property=\"og:type\" content=\"article\" \/>\n<meta property=\"og:title\" content=\"Parques y naturaleza de Almu\u00f1\u00e9car\" \/>\n<meta property=\"og:description\" content=\"[vc_row][vc_column][vc_empty_space][\/vc_column][\/vc_row]\" \/>\n<meta property=\"og:url\" content=\"https:\/\/discoveralmunecar.com\/es\/parques-y-naturaleza-de-almunecar\/\" \/>\n<meta property=\"article:modified_time\" content=\"2021-10-29T11:28:25+00:00\" \/>\n<meta name=\"twitter:card\" content=\"summary_large_image\" \/>\n<meta name=\"twitter:label1\" content=\"Tiempo de lectura\" \/>\n\t<meta name=\"twitter:data1\" content=\"4 minutos\" \/>\n<script type=\"application\/ld+json\" class=\"yoast-schema-graph\">{\"@context\":\"https:\\\/\\\/schema.org\",\"@graph\":[{\"@type\":\"WebPage\",\"@id\":\"https:\\\/\\\/discoveralmunecar.com\\\/es\\\/parques-y-naturaleza-de-almunecar\\\/\",\"url\":\"https:\\\/\\\/discoveralmunecar.com\\\/es\\\/parques-y-naturaleza-de-almunecar\\\/\",\"name\":\"Parques y naturaleza de Almu\u00f1\u00e9car\",\"isPartOf\":{\"@id\":\"https:\\\/\\\/discoveralmunecar.com\\\/es\\\/#website\"},\"datePublished\":\"2021-10-29T11:28:24+00:00\",\"dateModified\":\"2021-10-29T11:28:25+00:00\",\"breadcrumb\":{\"@id\":\"https:\\\/\\\/discoveralmunecar.com\\\/es\\\/parques-y-naturaleza-de-almunecar\\\/#breadcrumb\"},\"inLanguage\":\"es\",\"potentialAction\":[{\"@type\":\"ReadAction\",\"target\":[\"https:\\\/\\\/discoveralmunecar.com\\\/es\\\/parques-y-naturaleza-de-almunecar\\\/\"]}]},{\"@type\":\"BreadcrumbList\",\"@id\":\"https:\\\/\\\/discoveralmunecar.com\\\/es\\\/parques-y-naturaleza-de-almunecar\\\/#breadcrumb\",\"itemListElement\":[{\"@type\":\"ListItem\",\"position\":1,\"name\":\"Home\",\"item\":\"https:\\\/\\\/discoveralmunecar.com\\\/es\\\/\"},{\"@type\":\"ListItem\",\"position\":2,\"name\":\"Parques y naturaleza de Almu\u00f1\u00e9car\"}]},{\"@type\":\"WebSite\",\"@id\":\"https:\\\/\\\/discoveralmunecar.com\\\/es\\\/#website\",\"url\":\"https:\\\/\\\/discoveralmunecar.com\\\/es\\\/\",\"name\":\"\",\"description\":\"Just another WordPress site\\n\",\"potentialAction\":[{\"@type\":\"SearchAction\",\"target\":{\"@type\":\"EntryPoint\",\"urlTemplate\":\"https:\\\/\\\/discoveralmunecar.com\\\/es\\\/?s={search_term_string}\"},\"query-input\":{\"@type\":\"PropertyValueSpecification\",\"valueRequired\":true,\"valueName\":\"search_term_string\"}}],\"inLanguage\":\"es\"}]}<\/script>\n<!-- \/ Yoast SEO plugin. -->","yoast_head_json":{"title":"Parques y naturaleza de Almu\u00f1\u00e9car","robots":{"index":"index","follow":"follow","max-snippet":"max-snippet:-1","max-image-preview":"max-image-preview:large","max-video-preview":"max-video-preview:-1"},"canonical":"https:\/\/discoveralmunecar.com\/es\/parques-y-naturaleza-de-almunecar\/","og_locale":"es_ES","og_type":"article","og_title":"Parques y naturaleza de Almu\u00f1\u00e9car","og_description":"[vc_row][vc_column][vc_empty_space][\/vc_column][\/vc_row]","og_url":"https:\/\/discoveralmunecar.com\/es\/parques-y-naturaleza-de-almunecar\/","article_modified_time":"2021-10-29T11:28:25+00:00","twitter_card":"summary_large_image","twitter_misc":{"Tiempo de lectura":"4 minutos"},"schema":{"@context":"https:\/\/schema.org","@graph":[{"@type":"WebPage","@id":"https:\/\/discoveralmunecar.com\/es\/parques-y-naturaleza-de-almunecar\/","url":"https:\/\/discoveralmunecar.com\/es\/parques-y-naturaleza-de-almunecar\/","name":"Parques y naturaleza de Almu\u00f1\u00e9car","isPartOf":{"@id":"https:\/\/discoveralmunecar.com\/es\/#website"},"datePublished":"2021-10-29T11:28:24+00:00","dateModified":"2021-10-29T11:28:25+00:00","breadcrumb":{"@id":"https:\/\/discoveralmunecar.com\/es\/parques-y-naturaleza-de-almunecar\/#breadcrumb"},"inLanguage":"es","potentialAction":[{"@type":"ReadAction","target":["https:\/\/discoveralmunecar.com\/es\/parques-y-naturaleza-de-almunecar\/"]}]},{"@type":"BreadcrumbList","@id":"https:\/\/discoveralmunecar.com\/es\/parques-y-naturaleza-de-almunecar\/#breadcrumb","itemListElement":[{"@type":"ListItem","position":1,"name":"Home","item":"https:\/\/discoveralmunecar.com\/es\/"},{"@type":"ListItem","position":2,"name":"Parques y naturaleza de Almu\u00f1\u00e9car"}]},{"@type":"WebSite","@id":"https:\/\/discoveralmunecar.com\/es\/#website","url":"https:\/\/discoveralmunecar.com\/es\/","name":"","description":"Just another WordPress site\n","potentialAction":[{"@type":"SearchAction","target":{"@type":"EntryPoint","urlTemplate":"https:\/\/discoveralmunecar.com\/es\/?s={search_term_string}"},"query-input":{"@type":"PropertyValueSpecification","valueRequired":true,"valueName":"search_term_string"}}],"inLanguage":"es"}]}},"_links":{"self":[{"href":"https:\/\/discoveralmunecar.com\/es\/wp-json\/wp\/v2\/pages\/7516","targetHints":{"allow":["GET"]}}],"collection":[{"href":"https:\/\/discoveralmunecar.com\/es\/wp-json\/wp\/v2\/pages"}],"about":[{"href":"https:\/\/discoveralmunecar.com\/es\/wp-json\/wp\/v2\/types\/page"}],"author":[{"embeddable":true,"href":"https:\/\/discoveralmunecar.com\/es\/wp-json\/wp\/v2\/users\/2"}],"replies":[{"embeddable":true,"href":"https:\/\/discoveralmunecar.com\/es\/wp-json\/wp\/v2\/comments?post=7516"}],"version-history":[{"count":2,"href":"https:\/\/discoveralmunecar.com\/es\/wp-json\/wp\/v2\/pages\/7516\/revisions"}],"predecessor-version":[{"id":7518,"href":"https:\/\/discoveralmunecar.com\/es\/wp-json\/wp\/v2\/pages\/7516\/revisions\/7518"}],"wp:attachment":[{"href":"https:\/\/discoveralmunecar.com\/es\/wp-json\/wp\/v2\/media?parent=7516"}],"curies":[{"name":"wp","href":"https:\/\/api.w.org\/{rel}","templated":true}]}}