{"id":939,"date":"2021-02-15T12:42:15","date_gmt":"2021-02-15T12:42:15","guid":{"rendered":"http:\/\/discoveralmunecar.com\/?page_id=939"},"modified":"2021-04-13T11:13:20","modified_gmt":"2021-04-13T11:13:20","slug":"clima-en-almunecar","status":"publish","type":"page","link":"https:\/\/discoveralmunecar.com\/es\/clima-en-almunecar\/","title":{"rendered":"Clima en Almu\u00f1\u00e9car,  sol y buen tiempo todo el a\u00f1o"},"content":{"rendered":"<p>[vc_row][vc_column][vc_row_inner][vc_column_inner]<div class=\"text-block\" ><div class=\"simple-text \"><p>El sol y el buen tiempo es la t\u00f3nica general durante todo el a\u00f1o. El clima en Almu\u00f1\u00e9car est\u00e1 <span class=\"hiddenGrammarError\">entorno a<\/span> una temperatura media anual de unos 18 \u00b0C. El tiempo acompa\u00f1a para realizar cualquier actividad en el exterior, disfrutar del sol pr\u00e1cticamente durante todo el a\u00f1o.<\/p>\n<\/div><\/div><div  class=\"empty-space  marg-lg-b20\"><\/div><div class=\"text-block\" ><div class=\"simple-text \"><table>\n<tbody>\n<tr>\n<td><\/td>\n<td><strong>Temperatura m\u00ednima<\/strong><\/td>\n<td><strong>Temperatura m\u00e1xima<\/strong><\/td>\n<td><strong>Temperatura media<\/strong><\/td>\n<\/tr>\n<tr>\n<td>Invierno<\/td>\n<td>8\u00b0<\/td>\n<td>14\u00b0<\/td>\n<td>10\u00b0<\/td>\n<\/tr>\n<tr>\n<td>Primavera<\/td>\n<td>11\u00b0<\/td>\n<td>18\u00b0<\/td>\n<td>14\u00b0<\/td>\n<\/tr>\n<tr>\n<td>Verano<\/td>\n<td>16\u00b0<\/td>\n<td>28\u00b0<\/td>\n<td>24\u00b0<\/td>\n<\/tr>\n<tr>\n<td>Oto\u00f1o<\/td>\n<td>16\u00b0<\/td>\n<td>24\u00b0<\/td>\n<td>10\u00b0<\/td>\n<\/tr>\n<\/tbody>\n<\/table>\n<\/div><\/div><div  class=\"empty-space  marg-lg-b20\"><\/div><div class=\"text-block\" ><div class=\"simple-text \"><p>Prueba del buen clima en Almu\u00f1\u00e9car son los cultivos de origen tropical que se explotan en la zona. Plantas de chirimoyas, aguacates y mangos que de no ser por el clima suave durante todo el a\u00f1o no podr\u00edan sobrevivir. Por ejemplo la floraci\u00f3n de la flor ave del para\u00edso. Esta flor solo puede ser cultivada en climas c\u00e1lidos, subtropicales y mediterr\u00e1neos que no sobrevivir\u00eda en climas m\u00e1s fr\u00edos.<\/p>\n<p>Las temperaturas suaves invitan a recorrer sus calles, tomar un caf\u00e9 en cualquier terraza para disfrutar del sol.<\/p>\n<\/div><\/div>[\/vc_column_inner][\/vc_row_inner][\/vc_column][\/vc_row][vc_row][vc_column]<div  class=\"empty-space  marg-lg-b35\"><\/div>[vc_row_inner][vc_column_inner width=&#8221;1\/2&#8243;][vc_custom_heading text=&#8221;Disfruta del clima en Almu\u00f1\u00e9car con un paseo por la orilla&#8221; font_container=&#8221;tag:h2|font_size:20|text_align:left&#8221; use_theme_fonts=&#8221;yes&#8221;]<div  class=\"empty-space  marg-lg-b20\"><\/div>[vc_single_image image=&#8221;943&#8243; img_size=&#8221;full&#8221;]<div  class=\"empty-space  marg-lg-b20\"><\/div><div class=\"text-block\" ><div class=\"simple-text \"><p>Los paseos a la orilla del mar mejoran nuestra salud, pasear cerca del agua del mar nos aporta beneficios para nuestra salud gracias a su contenido en yodo. Adem\u00e1s del efecto terap\u00e9utico. Pasear cerca del mar es bueno para el coraz\u00f3n y para la mente.<\/p>\n<\/div><\/div>[\/vc_column_inner][vc_column_inner width=&#8221;1\/2&#8243;][vc_custom_heading text=&#8221;Degusta maravillosos aperitivos&#8221; font_container=&#8221;tag:h2|font_size:20|text_align:left&#8221; use_theme_fonts=&#8221;yes&#8221;]<div  class=\"empty-space  marg-lg-b20\"><\/div>[vc_single_image image=&#8221;946&#8243; img_size=&#8221;full&#8221;]<div  class=\"empty-space  marg-lg-b20\"><\/div><div class=\"text-block\" ><div class=\"simple-text \"><p>Disfrutar de las tapas es una costumbre espa\u00f1ola que se ha convertido en emblema de la gastronom\u00eda. Las tapas se sirven como una peque\u00f1a muestra al cliente de su buen hacer en la cocina. Y muchas veces se puede disfruta m\u00e1s del aperitivo que de la propia comida.<\/p>\n<\/div><\/div>[\/vc_column_inner][\/vc_row_inner][vc_row_inner][vc_column_inner width=&#8221;1\/2&#8243;][vc_custom_heading text=&#8221;Paseando por preciosos parques&#8221; font_container=&#8221;tag:h2|font_size:20|text_align:left&#8221; use_theme_fonts=&#8221;yes&#8221;][vc_empty_space height=&#8221;22&#8243;][vc_single_image image=&#8221;951&#8243; img_size=&#8221;full&#8221;]<div  class=\"empty-space  marg-lg-b20\"><\/div><div class=\"text-block\" ><div class=\"simple-text \"><p>En parques como El Majuelo podr\u00e1s pasear y admirar la fauna vegetal proveniente de diferentes continentes.<\/p>\n<\/div><\/div>[\/vc_column_inner][vc_column_inner width=&#8221;1\/2&#8243;][\/vc_column_inner][\/vc_row_inner][\/vc_column][\/vc_row]<\/p>\n","protected":false},"excerpt":{"rendered":"<p>[vc_row][vc_column][vc_row_inner][vc_column_inner][\/vc_column_inner][\/vc_row_inner][\/vc_column][\/vc_row][vc_row][vc_column][vc_row_inner][vc_column_inner width=&#8221;1\/2&#8243;][vc_custom_heading text=&#8221;Disfruta del clima en Almu\u00f1\u00e9car con un paseo por la orilla&#8221; font_container=&#8221;tag:h2|font_size:20|text_align:left&#8221; use_theme_fonts=&#8221;yes&#8221;][vc_single_image image=&#8221;943&#8243; img_size=&#8221;full&#8221;][\/vc_column_inner][vc_column_inner width=&#8221;1\/2&#8243;][vc_custom_heading text=&#8221;Degusta maravillosos aperitivos&#8221; font_container=&#8221;tag:h2|font_size:20|text_align:left&#8221; use_theme_fonts=&#8221;yes&#8221;][vc_single_image image=&#8221;946&#8243; img_size=&#8221;full&#8221;][\/vc_column_inner][\/vc_row_inner][vc_row_inner][vc_column_inner width=&#8221;1\/2&#8243;][vc_custom_heading text=&#8221;Paseando por preciosos parques&#8221; font_container=&#8221;tag:h2|font_size:20|text_align:left&#8221; use_theme_fonts=&#8221;yes&#8221;][vc_empty_space height=&#8221;22&#8243;][vc_single_image image=&#8221;951&#8243; img_size=&#8221;full&#8221;][\/vc_column_inner][vc_column_inner width=&#8221;1\/2&#8243;][\/vc_column_inner][\/vc_row_inner][\/vc_column][\/vc_row]<\/p>\n","protected":false},"author":2,"featured_media":0,"parent":0,"menu_order":0,"comment_status":"closed","ping_status":"closed","template":"","meta":{"footnotes":""},"class_list":["post-939","page","type-page","status-publish","hentry"],"yoast_head":"<!-- This site is optimized with the Yoast SEO plugin v27.3 - https:\/\/yoast.com\/product\/yoast-seo-wordpress\/ -->\n<title>Clima en Almu\u00f1\u00e9car, sol y buen tiempo todo el a\u00f1o, descubre el tiempo que har\u00e1 en la ciudad<\/title>\n<meta name=\"description\" content=\"Conoce el clima en Almu\u00f1\u00e9car y prep\u00e1rate para pasar los d\u00edas de tus vacaciones en las mejores condiciones clim\u00e1ticas. Ven a disfrutar.\" \/>\n<meta name=\"robots\" content=\"index, follow, max-snippet:-1, max-image-preview:large, max-video-preview:-1\" \/>\n<link rel=\"canonical\" href=\"https:\/\/discoveralmunecar.com\/es\/clima-en-almunecar\/\" \/>\n<meta property=\"og:locale\" content=\"es_ES\" \/>\n<meta property=\"og:type\" content=\"article\" \/>\n<meta property=\"og:title\" content=\"Clima en Almu\u00f1\u00e9car, sol y buen tiempo todo el a\u00f1o, descubre el tiempo que har\u00e1 en la ciudad\" \/>\n<meta property=\"og:description\" content=\"Conoce el clima en Almu\u00f1\u00e9car y prep\u00e1rate para pasar los d\u00edas de tus vacaciones en las mejores condiciones clim\u00e1ticas. Ven a disfrutar.\" \/>\n<meta property=\"og:url\" content=\"https:\/\/discoveralmunecar.com\/es\/clima-en-almunecar\/\" \/>\n<meta property=\"article:modified_time\" content=\"2021-04-13T11:13:20+00:00\" \/>\n<meta name=\"twitter:card\" content=\"summary_large_image\" \/>\n<meta name=\"twitter:label1\" content=\"Tiempo de lectura\" \/>\n\t<meta name=\"twitter:data1\" content=\"2 minutos\" \/>\n<script type=\"application\/ld+json\" class=\"yoast-schema-graph\">{\"@context\":\"https:\\\/\\\/schema.org\",\"@graph\":[{\"@type\":\"WebPage\",\"@id\":\"https:\\\/\\\/discoveralmunecar.com\\\/es\\\/clima-en-almunecar\\\/\",\"url\":\"https:\\\/\\\/discoveralmunecar.com\\\/es\\\/clima-en-almunecar\\\/\",\"name\":\"Clima en Almu\u00f1\u00e9car, sol y buen tiempo todo el a\u00f1o, descubre el tiempo que har\u00e1 en la ciudad\",\"isPartOf\":{\"@id\":\"https:\\\/\\\/discoveralmunecar.com\\\/es\\\/#website\"},\"datePublished\":\"2021-02-15T12:42:15+00:00\",\"dateModified\":\"2021-04-13T11:13:20+00:00\",\"description\":\"Conoce el clima en Almu\u00f1\u00e9car y prep\u00e1rate para pasar los d\u00edas de tus vacaciones en las mejores condiciones clim\u00e1ticas. Ven a disfrutar.\",\"breadcrumb\":{\"@id\":\"https:\\\/\\\/discoveralmunecar.com\\\/es\\\/clima-en-almunecar\\\/#breadcrumb\"},\"inLanguage\":\"es\",\"potentialAction\":[{\"@type\":\"ReadAction\",\"target\":[\"https:\\\/\\\/discoveralmunecar.com\\\/es\\\/clima-en-almunecar\\\/\"]}]},{\"@type\":\"BreadcrumbList\",\"@id\":\"https:\\\/\\\/discoveralmunecar.com\\\/es\\\/clima-en-almunecar\\\/#breadcrumb\",\"itemListElement\":[{\"@type\":\"ListItem\",\"position\":1,\"name\":\"Home\",\"item\":\"https:\\\/\\\/discoveralmunecar.com\\\/es\\\/\"},{\"@type\":\"ListItem\",\"position\":2,\"name\":\"Clima en Almu\u00f1\u00e9car, sol y buen tiempo todo el a\u00f1o\"}]},{\"@type\":\"WebSite\",\"@id\":\"https:\\\/\\\/discoveralmunecar.com\\\/es\\\/#website\",\"url\":\"https:\\\/\\\/discoveralmunecar.com\\\/es\\\/\",\"name\":\"\",\"description\":\"Just another WordPress site\\n\",\"potentialAction\":[{\"@type\":\"SearchAction\",\"target\":{\"@type\":\"EntryPoint\",\"urlTemplate\":\"https:\\\/\\\/discoveralmunecar.com\\\/es\\\/?s={search_term_string}\"},\"query-input\":{\"@type\":\"PropertyValueSpecification\",\"valueRequired\":true,\"valueName\":\"search_term_string\"}}],\"inLanguage\":\"es\"}]}<\/script>\n<!-- \/ Yoast SEO plugin. -->","yoast_head_json":{"title":"Clima en Almu\u00f1\u00e9car, sol y buen tiempo todo el a\u00f1o, descubre el tiempo que har\u00e1 en la ciudad","description":"Conoce el clima en Almu\u00f1\u00e9car y prep\u00e1rate para pasar los d\u00edas de tus vacaciones en las mejores condiciones clim\u00e1ticas. Ven a disfrutar.","robots":{"index":"index","follow":"follow","max-snippet":"max-snippet:-1","max-image-preview":"max-image-preview:large","max-video-preview":"max-video-preview:-1"},"canonical":"https:\/\/discoveralmunecar.com\/es\/clima-en-almunecar\/","og_locale":"es_ES","og_type":"article","og_title":"Clima en Almu\u00f1\u00e9car, sol y buen tiempo todo el a\u00f1o, descubre el tiempo que har\u00e1 en la ciudad","og_description":"Conoce el clima en Almu\u00f1\u00e9car y prep\u00e1rate para pasar los d\u00edas de tus vacaciones en las mejores condiciones clim\u00e1ticas. Ven a disfrutar.","og_url":"https:\/\/discoveralmunecar.com\/es\/clima-en-almunecar\/","article_modified_time":"2021-04-13T11:13:20+00:00","twitter_card":"summary_large_image","twitter_misc":{"Tiempo de lectura":"2 minutos"},"schema":{"@context":"https:\/\/schema.org","@graph":[{"@type":"WebPage","@id":"https:\/\/discoveralmunecar.com\/es\/clima-en-almunecar\/","url":"https:\/\/discoveralmunecar.com\/es\/clima-en-almunecar\/","name":"Clima en Almu\u00f1\u00e9car, sol y buen tiempo todo el a\u00f1o, descubre el tiempo que har\u00e1 en la ciudad","isPartOf":{"@id":"https:\/\/discoveralmunecar.com\/es\/#website"},"datePublished":"2021-02-15T12:42:15+00:00","dateModified":"2021-04-13T11:13:20+00:00","description":"Conoce el clima en Almu\u00f1\u00e9car y prep\u00e1rate para pasar los d\u00edas de tus vacaciones en las mejores condiciones clim\u00e1ticas. Ven a disfrutar.","breadcrumb":{"@id":"https:\/\/discoveralmunecar.com\/es\/clima-en-almunecar\/#breadcrumb"},"inLanguage":"es","potentialAction":[{"@type":"ReadAction","target":["https:\/\/discoveralmunecar.com\/es\/clima-en-almunecar\/"]}]},{"@type":"BreadcrumbList","@id":"https:\/\/discoveralmunecar.com\/es\/clima-en-almunecar\/#breadcrumb","itemListElement":[{"@type":"ListItem","position":1,"name":"Home","item":"https:\/\/discoveralmunecar.com\/es\/"},{"@type":"ListItem","position":2,"name":"Clima en Almu\u00f1\u00e9car, sol y buen tiempo todo el a\u00f1o"}]},{"@type":"WebSite","@id":"https:\/\/discoveralmunecar.com\/es\/#website","url":"https:\/\/discoveralmunecar.com\/es\/","name":"","description":"Just another WordPress site\n","potentialAction":[{"@type":"SearchAction","target":{"@type":"EntryPoint","urlTemplate":"https:\/\/discoveralmunecar.com\/es\/?s={search_term_string}"},"query-input":{"@type":"PropertyValueSpecification","valueRequired":true,"valueName":"search_term_string"}}],"inLanguage":"es"}]}},"_links":{"self":[{"href":"https:\/\/discoveralmunecar.com\/es\/wp-json\/wp\/v2\/pages\/939","targetHints":{"allow":["GET"]}}],"collection":[{"href":"https:\/\/discoveralmunecar.com\/es\/wp-json\/wp\/v2\/pages"}],"about":[{"href":"https:\/\/discoveralmunecar.com\/es\/wp-json\/wp\/v2\/types\/page"}],"author":[{"embeddable":true,"href":"https:\/\/discoveralmunecar.com\/es\/wp-json\/wp\/v2\/users\/2"}],"replies":[{"embeddable":true,"href":"https:\/\/discoveralmunecar.com\/es\/wp-json\/wp\/v2\/comments?post=939"}],"version-history":[{"count":11,"href":"https:\/\/discoveralmunecar.com\/es\/wp-json\/wp\/v2\/pages\/939\/revisions"}],"predecessor-version":[{"id":1827,"href":"https:\/\/discoveralmunecar.com\/es\/wp-json\/wp\/v2\/pages\/939\/revisions\/1827"}],"wp:attachment":[{"href":"https:\/\/discoveralmunecar.com\/es\/wp-json\/wp\/v2\/media?parent=939"}],"curies":[{"name":"wp","href":"https:\/\/api.w.org\/{rel}","templated":true}]}}