{"id":6289,"date":"2021-08-11T09:53:26","date_gmt":"2021-08-11T09:53:26","guid":{"rendered":"https:\/\/discoveralmunecar.com\/?page_id=6289"},"modified":"2022-07-10T21:57:07","modified_gmt":"2022-07-10T21:57:07","slug":"plages-almunecar","status":"publish","type":"page","link":"https:\/\/discoveralmunecar.com\/fr\/plages-almunecar\/","title":{"rendered":"Les plages d&#8217;Almu\u00f1\u00e9car, un coin de paradis \u00e0 vos pieds"},"content":{"rendered":"<p>[vc_row][vc_column][vc_single_image image=&#8221;9258&#8243; img_size=&#8221;full&#8221; add_caption=&#8221;yes&#8221;]      <div class=\"row\">\n        <div class=\"post-grid-view\">\n                  <div class=\"col-sm-6 post-4719 post type-post status-publish format-standard has-post-thumbnail hentry category-plages-almunecar category-que-faire\">\n\n            <div class=\"tt-post type-2\">\n                      <a class=\"tt-post-img custom-hover\" href=\"https:\/\/discoveralmunecar.com\/fr\/plage-de-velilla\/\">\n      <img fetchpriority=\"high\" decoding=\"async\" width=\"537\" height=\"307\" src=\"https:\/\/discoveralmunecar.com\/wp-content\/uploads\/2021\/04\/playa-velilla-1-537x307.jpg\" class=\"img-responsive wp-post-image\" alt=\"\" \/>    <\/a>\n                <div class=\"tt-post-info\">\n                                    <a class=\"tt-post-title c-h4\" href=\"https:\/\/discoveralmunecar.com\/fr\/plage-de-velilla\/\"><small>Plage de Velilla<\/small><\/a>\n                      <div class=\"tt-post-label\">\n                <\/div>\n                      <div class=\"simple-text\">\n      <p><\/p>\n    <\/div>\n                                    <\/div>\n            <\/div>\n            <div class=\"empty-space marg-xs-b30\"><\/div> \n          <\/div>\n            <div class=\"col-xs-6 col-sm-4 col-lg-2 post-handy-picked post-5423 post type-post status-publish format-standard has-post-thumbnail hentry category-plages-almunecar category-que-faire\">\n      <div class=\"tt-post type-3\">\n                <a class=\"tt-post-img custom-hover\" href=\"https:\/\/discoveralmunecar.com\/fr\/plage-de-barranco-de-enmedio\/\">\n      <img decoding=\"async\" width=\"183\" height=\"96\" src=\"https:\/\/discoveralmunecar.com\/wp-content\/uploads\/2021\/04\/Playa-Barranco-de-enmedio1-183x96.jpg\" class=\"img-responsive wp-post-image\" alt=\"\" \/>    <\/a>\n            <div class=\"tt-post-info\">\n                <a class=\"tt-post-title c-h5\" href=\"https:\/\/discoveralmunecar.com\/fr\/plage-de-barranco-de-enmedio\/\">Plage de Barranco de Enmedio<\/a>\n                  <div class=\"tt-post-label\">\n              <span class=\"tt-post-author-name\"><a href=\"https:\/\/discoveralmunecar.com\/fr\/author\/equipo_translate\/\">Translate<\/a><\/span>\n                    <span class=\"tt-post-date\">juillet 26, 2021<\/span>\n          <\/div>\n            <\/div>\n      <\/div> \n      <div class=\"empty-space marg-lg-b25\"><\/div>                 \n    <\/div>\n      <div class=\"col-xs-6 col-sm-4 col-lg-2 post-handy-picked post-4767 post type-post status-publish format-standard has-post-thumbnail hentry category-plages-almunecar category-que-faire\">\n      <div class=\"tt-post type-3\">\n                <a class=\"tt-post-img custom-hover\" href=\"https:\/\/discoveralmunecar.com\/fr\/plage-de-curumbico\/\">\n      <img decoding=\"async\" width=\"183\" height=\"96\" src=\"https:\/\/discoveralmunecar.com\/wp-content\/uploads\/2021\/02\/Playa-Curumbico-183x96.jpg\" class=\"img-responsive wp-post-image\" alt=\"\" \/>    <\/a>\n            <div class=\"tt-post-info\">\n                <a class=\"tt-post-title c-h5\" href=\"https:\/\/discoveralmunecar.com\/fr\/plage-de-curumbico\/\">Plage de Curumbico<\/a>\n                  <div class=\"tt-post-label\">\n              <span class=\"tt-post-author-name\"><a href=\"https:\/\/discoveralmunecar.com\/fr\/author\/equipo_translate\/\">Translate<\/a><\/span>\n                    <span class=\"tt-post-date\">juillet 23, 2021<\/span>\n          <\/div>\n            <\/div>\n      <\/div> \n      <div class=\"empty-space marg-lg-b25\"><\/div>                 \n    <\/div>\n      <div class=\"col-xs-6 col-sm-4 col-lg-2 post-handy-picked post-5429 post type-post status-publish format-standard has-post-thumbnail hentry category-plages-almunecar category-que-faire\">\n      <div class=\"tt-post type-3\">\n                <a class=\"tt-post-img custom-hover\" href=\"https:\/\/discoveralmunecar.com\/fr\/plage-de-cabria\/\">\n      <img loading=\"lazy\" decoding=\"async\" width=\"183\" height=\"96\" src=\"https:\/\/discoveralmunecar.com\/wp-content\/uploads\/2021\/04\/playa-cabria-2-183x96.jpg\" class=\"img-responsive wp-post-image\" alt=\"\" \/>    <\/a>\n            <div class=\"tt-post-info\">\n                <a class=\"tt-post-title c-h5\" href=\"https:\/\/discoveralmunecar.com\/fr\/plage-de-cabria\/\">Plage de Cabria<\/a>\n                  <div class=\"tt-post-label\">\n              <span class=\"tt-post-author-name\"><a href=\"https:\/\/discoveralmunecar.com\/fr\/author\/equipo_translate\/\">Translate<\/a><\/span>\n                    <span class=\"tt-post-date\">juillet 26, 2021<\/span>\n          <\/div>\n            <\/div>\n      <\/div> \n      <div class=\"empty-space marg-lg-b25\"><\/div>                 \n    <\/div>\n      <div class=\"col-xs-6 col-sm-4 col-lg-2 post-handy-picked post-18993 post type-post status-publish format-standard has-post-thumbnail hentry category-plages-almunecar category-que-faire\">\n      <div class=\"tt-post type-3\">\n                <a class=\"tt-post-img custom-hover\" href=\"https:\/\/discoveralmunecar.com\/fr\/almunecar-et-ses-pavillons-bleus-qualite-et-beaute-sur-chaque-plage\/\">\n      <img loading=\"lazy\" decoding=\"async\" width=\"183\" height=\"96\" src=\"https:\/\/discoveralmunecar.com\/wp-content\/uploads\/2025\/05\/Banderas@0.5x-183x96.webp\" class=\"img-responsive wp-post-image\" alt=\"\" \/>    <\/a>\n            <div class=\"tt-post-info\">\n                <a class=\"tt-post-title c-h5\" href=\"https:\/\/discoveralmunecar.com\/fr\/almunecar-et-ses-pavillons-bleus-qualite-et-beaute-sur-chaque-plage\/\">Almu\u00f1\u00e9car et ses \u00abPavillons Bleus\u00bb: Qualit\u00e9 et Beaut\u00e9 sur Chaque Plage<\/a>\n                  <div class=\"tt-post-label\">\n              <span class=\"tt-post-author-name\"><a href=\"https:\/\/discoveralmunecar.com\/fr\/author\/pedro-espinosa\/\">Admin<\/a><\/span>\n                    <span class=\"tt-post-date\">juillet 7, 2025<\/span>\n          <\/div>\n            <\/div>\n      <\/div> \n      <div class=\"empty-space marg-lg-b25\"><\/div>                 \n    <\/div>\n      <div class=\"col-xs-6 col-sm-4 col-lg-2 post-handy-picked post-16661 post type-post status-publish format-standard has-post-thumbnail hentry category-plages-almunecar category-que-faire\">\n      <div class=\"tt-post type-3\">\n                <a class=\"tt-post-img custom-hover\" href=\"https:\/\/discoveralmunecar.com\/fr\/plages-cotieres-dalmunecar\/\">\n      <img loading=\"lazy\" decoding=\"async\" width=\"183\" height=\"96\" src=\"https:\/\/discoveralmunecar.com\/wp-content\/uploads\/2023\/07\/P.-San-Cristobal-183x96.webp\" class=\"img-responsive wp-post-image\" alt=\"\" \/>    <\/a>\n            <div class=\"tt-post-info\">\n                <a class=\"tt-post-title c-h5\" href=\"https:\/\/discoveralmunecar.com\/fr\/plages-cotieres-dalmunecar\/\">Plages c\u00f4ti\u00e8res d&#8217;Almu\u00f1\u00e9car<\/a>\n                  <div class=\"tt-post-label\">\n              <span class=\"tt-post-author-name\"><a href=\"https:\/\/discoveralmunecar.com\/fr\/author\/pedro-espinosa\/\">Admin<\/a><\/span>\n                    <span class=\"tt-post-date\">juillet 17, 2023<\/span>\n          <\/div>\n            <\/div>\n      <\/div> \n      <div class=\"empty-space marg-lg-b25\"><\/div>                 \n    <\/div>\n      <div class=\"col-xs-6 col-sm-4 col-lg-2 post-handy-picked post-5394 post type-post status-publish format-standard has-post-thumbnail hentry category-plages-almunecar category-que-faire\">\n      <div class=\"tt-post type-3\">\n                <a class=\"tt-post-img custom-hover\" href=\"https:\/\/discoveralmunecar.com\/fr\/plage-de-cotobro\/\">\n      <img loading=\"lazy\" decoding=\"async\" width=\"183\" height=\"96\" src=\"https:\/\/discoveralmunecar.com\/wp-content\/uploads\/2021\/04\/playa-cotobro-1-183x96.jpg\" class=\"img-responsive wp-post-image\" alt=\"\" \/>    <\/a>\n            <div class=\"tt-post-info\">\n                <a class=\"tt-post-title c-h5\" href=\"https:\/\/discoveralmunecar.com\/fr\/plage-de-cotobro\/\">Plage de Cotobro<\/a>\n                  <div class=\"tt-post-label\">\n              <span class=\"tt-post-author-name\"><a href=\"https:\/\/discoveralmunecar.com\/fr\/author\/equipo_translate\/\">Translate<\/a><\/span>\n                    <span class=\"tt-post-date\">juillet 26, 2021<\/span>\n          <\/div>\n            <\/div>\n      <\/div> \n      <div class=\"empty-space marg-lg-b25\"><\/div>                 \n    <\/div>\n      <div class=\"col-xs-6 col-sm-4 col-lg-2 post-handy-picked post-5416 post type-post status-publish format-standard has-post-thumbnail hentry category-plages-almunecar category-que-faire\">\n      <div class=\"tt-post type-3\">\n                <a class=\"tt-post-img custom-hover\" href=\"https:\/\/discoveralmunecar.com\/fr\/plage-el-calabajio\/\">\n      <img loading=\"lazy\" decoding=\"async\" width=\"183\" height=\"96\" src=\"https:\/\/discoveralmunecar.com\/wp-content\/uploads\/2021\/04\/playa-el-calabajio-1-183x96.jpg\" class=\"img-responsive wp-post-image\" alt=\"\" \/>    <\/a>\n            <div class=\"tt-post-info\">\n                <a class=\"tt-post-title c-h5\" href=\"https:\/\/discoveralmunecar.com\/fr\/plage-el-calabajio\/\">Plage El Calabaj\u00edo<\/a>\n                  <div class=\"tt-post-label\">\n              <span class=\"tt-post-author-name\"><a href=\"https:\/\/discoveralmunecar.com\/fr\/author\/equipo_translate\/\">Translate<\/a><\/span>\n                    <span class=\"tt-post-date\">juillet 26, 2021<\/span>\n          <\/div>\n            <\/div>\n      <\/div> \n      <div class=\"empty-space marg-lg-b25\"><\/div>                 \n    <\/div>\n          <\/div>\n      <\/div>\n      \n  <div class=\"text-block\" ><div class=\"simple-text \"><p>Almu\u00f1\u00e9car, la ville la plus ancienne de la M\u00e9diterran\u00e9e espagnole, est aussi celle qui poss\u00e8de le plus de kilom\u00e8tres de c\u00f4te dans la province de Grenade, avec pr\u00e8s de 20 kilom\u00e8tres de littoral r\u00e9partis en 18 plages, dont celles de la ville elle-m\u00eame, de La Herradura et de Marina del Este.<\/p>\n<p>D&#8217;ouest en est, ce sont les suivants :<\/p>\n<p>&#8211; Cantarrij\u00e1n.<br \/>\n&#8211; Calaiza.<br \/>\n&#8211; La Herradura.<br \/>\n&#8211; Los Berengueles.<br \/>\n&#8211; El Muerto.<br \/>\n&#8211; Cotobro.<br \/>\n&#8211; La Veintiuna.<br \/>\n&#8211; El Rinc\u00f3n de la China.<br \/>\n&#8211; San Crist\u00f3bal.<br \/>\n&#8211; Caletilla.<br \/>\n&#8211; Puerta del Mar.<br \/>\n&#8211; Velilla.<br \/>\n&#8211; El Tesorillo.<br \/>\n&#8211; El Pozuelo.<br \/>\n&#8211; Calabaj\u00edo.<br \/>\n&#8211; Cabria.<br \/>\n&#8211; Curumbico.<br \/>\n&#8211; Barranco de En Medio.<\/p>\n<p>Et si nous ajoutons \u00e0 tout cela la grande histoire de la ville, ses monuments et autres attractions, nous pouvons dire sans risque que nous nous trouvons dans la principale zone touristique de la province de Grenade, et l&#8217;une des plus importantes de la Costa del Sol Tropical.<\/p>\n<p>Parce qu&#8217;\u00e0 Almu\u00f1\u00e9car, nous trouvons toutes sortes de plages, des plus urbaines avec tous les services, aux plus isol\u00e9es, sauvages et pr\u00e9serv\u00e9es, et toutes avec de gros chinois. Gr\u00e2ce \u00e0 cette diversit\u00e9, Almu\u00f1\u00e9car est en mesure d&#8217;offrir \u00e0 ses visiteurs et \u00e0 ses habitants une nouvelle exp\u00e9rience chaque jour, ne laissant aucune place \u00e0 l&#8217;ennui.<\/p>\n<p>Certaines des plages d&#8217;Almu\u00f1\u00e9car et de La Herradura sont de petites criques aux eaux calmes, comme Calaiza ou Cabria, et d&#8217;autres sont de longues plages urbaines comme San Crist\u00f3bal, o\u00f9 l&#8217;on trouve toutes sortes de services touristiques, des bars de plage pour tous les go\u00fbts, une promenade, un parc aquatique (Aquatropic), des magasins, des restaurants, des h\u00f4tels et des appartements, et nous trouvons, entre autres, le monument naturel des Pe\u00f1ones del Santo.<\/p>\n<p>Il y a aussi de la place pour des plages naturistes comme El Muerto (Almu\u00f1\u00e9car) et Cantarrij\u00e1n (\u00e0 La Herradura). En outre, dans tous ces endroits, vous pouvez pratiquer diff\u00e9rents sports nautiques, tels que le parapente, le deltaplane, la plong\u00e9e sous-marine ou la p\u00eache. La zone de Cerro Gordo-Maro est l&#8217;une des principales attractions touristiques de la municipalit\u00e9 en raison de la beaut\u00e9 de ses paysages et de sa conservation.<\/p>\n<p>Il convient \u00e9galement de mentionner que plusieurs des plages d&#8217;Almu\u00f1\u00e9car sont titulaires du prix Q de qualit\u00e9, la plus haute distinction d\u00e9cern\u00e9e par l&#8217;Institut espagnol de la qualit\u00e9 touristique (ICTE), comme par exemple : Velilla, Puerta del Mar, San Crist\u00f3bal et La Herradura. En outre, ses eaux sont toujours propres gr\u00e2ce au fait que la mairie dispose de bateaux de nettoyage qui parcourent quotidiennement le littoral.<\/p>\n<p>Une mention sp\u00e9ciale doit \u00eatre faite de la plage de La Herradura, car c&#8217;est un petit paradis m\u00e9diterran\u00e9en, qui est coinc\u00e9 entre les affleurements rocheux tels que Punta de la Mona et Cerro Gordo, qui l&#8217;embrassent en donnant naissance \u00e0 une baie naturelle en forme de fer \u00e0 cheval, d&#8217;o\u00f9 son nom. Cette plage s&#8217;\u00e9tend sur environ deux kilom\u00e8tres. Et gr\u00e2ce \u00e0 son emplacement, il est compl\u00e8tement abrit\u00e9 des vents, de sorte que ses environs b\u00e9n\u00e9ficient d&#8217;un microclimat app\u00e9tissant \u00e0 tout moment de l&#8217;ann\u00e9e.<\/p>\n<p>En outre, il convient de noter que la plage de La Herradura et les criques qui l&#8217;entourent se distinguent, entre autres, par leurs incroyables et uniques fonds marins, o\u00f9 l&#8217;on peut d\u00e9couvrir d&#8217;importants herbiers de posidonies et d&#8217;int\u00e9ressantes esp\u00e8ces marines.<\/p>\n<p>Et entre Almu\u00f1\u00e9car et La Herradura, nous trouvons un autre paradis, Marina del Este, qui a deux plages, Berenguel, qui est utilis\u00e9e par les p\u00eacheurs avec des bateaux, mais avec presque aucun service ; et d&#8217;autre part, Punta de la Mona, qui est plus large et a un bar de plage et d&#8217;autres services. C&#8217;est \u00e9galement un lieu privil\u00e9gi\u00e9 pour la plong\u00e9e sous-marine et le snorkeling gr\u00e2ce aux rochers sur la mer qui facilitent cette activit\u00e9 et l&#8217;observation de toute sa vaste faune marine.<\/p>\n<\/div><\/div>[\/vc_column][\/vc_row]<\/p>\n","protected":false},"excerpt":{"rendered":"<p>[vc_row][vc_column][vc_single_image image=&#8221;9258&#8243; img_size=&#8221;full&#8221; add_caption=&#8221;yes&#8221;][\/vc_column][\/vc_row]<\/p>\n","protected":false},"author":2,"featured_media":0,"parent":0,"menu_order":0,"comment_status":"closed","ping_status":"closed","template":"","meta":{"footnotes":""},"class_list":["post-6289","page","type-page","status-publish","hentry"],"yoast_head":"<!-- This site is optimized with the Yoast SEO plugin v27.3 - https:\/\/yoast.com\/product\/yoast-seo-wordpress\/ -->\n<title>Les plages d&#039;Almu\u00f1\u00e9car, un coin de paradis \u00e0 vos pieds<\/title>\n<meta name=\"robots\" content=\"index, follow, max-snippet:-1, max-image-preview:large, max-video-preview:-1\" \/>\n<link rel=\"canonical\" href=\"https:\/\/discoveralmunecar.com\/fr\/plages-almunecar\/\" \/>\n<meta property=\"og:locale\" content=\"fr_FR\" \/>\n<meta property=\"og:type\" content=\"article\" \/>\n<meta property=\"og:title\" content=\"Les plages d&#039;Almu\u00f1\u00e9car, un coin de paradis \u00e0 vos pieds\" \/>\n<meta property=\"og:description\" content=\"[vc_row][vc_column][vc_single_image image=&#8221;9258&#8243; img_size=&#8221;full&#8221; add_caption=&#8221;yes&#8221;][\/vc_column][\/vc_row]\" \/>\n<meta property=\"og:url\" content=\"https:\/\/discoveralmunecar.com\/fr\/plages-almunecar\/\" \/>\n<meta property=\"article:modified_time\" content=\"2022-07-10T21:57:07+00:00\" \/>\n<meta name=\"twitter:card\" content=\"summary_large_image\" \/>\n<meta name=\"twitter:label1\" content=\"Dur\u00e9e de lecture estim\u00e9e\" \/>\n\t<meta name=\"twitter:data1\" content=\"3 minutes\" \/>\n<script type=\"application\/ld+json\" class=\"yoast-schema-graph\">{\"@context\":\"https:\\\/\\\/schema.org\",\"@graph\":[{\"@type\":\"WebPage\",\"@id\":\"https:\\\/\\\/discoveralmunecar.com\\\/fr\\\/plages-almunecar\\\/\",\"url\":\"https:\\\/\\\/discoveralmunecar.com\\\/fr\\\/plages-almunecar\\\/\",\"name\":\"Les plages d'Almu\u00f1\u00e9car, un coin de paradis \u00e0 vos pieds\",\"isPartOf\":{\"@id\":\"https:\\\/\\\/discoveralmunecar.com\\\/fr\\\/#website\"},\"datePublished\":\"2021-08-11T09:53:26+00:00\",\"dateModified\":\"2022-07-10T21:57:07+00:00\",\"breadcrumb\":{\"@id\":\"https:\\\/\\\/discoveralmunecar.com\\\/fr\\\/plages-almunecar\\\/#breadcrumb\"},\"inLanguage\":\"fr-FR\",\"potentialAction\":[{\"@type\":\"ReadAction\",\"target\":[\"https:\\\/\\\/discoveralmunecar.com\\\/fr\\\/plages-almunecar\\\/\"]}]},{\"@type\":\"BreadcrumbList\",\"@id\":\"https:\\\/\\\/discoveralmunecar.com\\\/fr\\\/plages-almunecar\\\/#breadcrumb\",\"itemListElement\":[{\"@type\":\"ListItem\",\"position\":1,\"name\":\"Home\",\"item\":\"https:\\\/\\\/discoveralmunecar.com\\\/fr\\\/\"},{\"@type\":\"ListItem\",\"position\":2,\"name\":\"Les plages d&rsquo;Almu\u00f1\u00e9car, un coin de paradis \u00e0 vos pieds\"}]},{\"@type\":\"WebSite\",\"@id\":\"https:\\\/\\\/discoveralmunecar.com\\\/fr\\\/#website\",\"url\":\"https:\\\/\\\/discoveralmunecar.com\\\/fr\\\/\",\"name\":\"\",\"description\":\"Just another WordPress site\\n\",\"potentialAction\":[{\"@type\":\"SearchAction\",\"target\":{\"@type\":\"EntryPoint\",\"urlTemplate\":\"https:\\\/\\\/discoveralmunecar.com\\\/fr\\\/?s={search_term_string}\"},\"query-input\":{\"@type\":\"PropertyValueSpecification\",\"valueRequired\":true,\"valueName\":\"search_term_string\"}}],\"inLanguage\":\"fr-FR\"}]}<\/script>\n<!-- \/ Yoast SEO plugin. -->","yoast_head_json":{"title":"Les plages d'Almu\u00f1\u00e9car, un coin de paradis \u00e0 vos pieds","robots":{"index":"index","follow":"follow","max-snippet":"max-snippet:-1","max-image-preview":"max-image-preview:large","max-video-preview":"max-video-preview:-1"},"canonical":"https:\/\/discoveralmunecar.com\/fr\/plages-almunecar\/","og_locale":"fr_FR","og_type":"article","og_title":"Les plages d'Almu\u00f1\u00e9car, un coin de paradis \u00e0 vos pieds","og_description":"[vc_row][vc_column][vc_single_image image=&#8221;9258&#8243; img_size=&#8221;full&#8221; add_caption=&#8221;yes&#8221;][\/vc_column][\/vc_row]","og_url":"https:\/\/discoveralmunecar.com\/fr\/plages-almunecar\/","article_modified_time":"2022-07-10T21:57:07+00:00","twitter_card":"summary_large_image","twitter_misc":{"Dur\u00e9e de lecture estim\u00e9e":"3 minutes"},"schema":{"@context":"https:\/\/schema.org","@graph":[{"@type":"WebPage","@id":"https:\/\/discoveralmunecar.com\/fr\/plages-almunecar\/","url":"https:\/\/discoveralmunecar.com\/fr\/plages-almunecar\/","name":"Les plages d'Almu\u00f1\u00e9car, un coin de paradis \u00e0 vos pieds","isPartOf":{"@id":"https:\/\/discoveralmunecar.com\/fr\/#website"},"datePublished":"2021-08-11T09:53:26+00:00","dateModified":"2022-07-10T21:57:07+00:00","breadcrumb":{"@id":"https:\/\/discoveralmunecar.com\/fr\/plages-almunecar\/#breadcrumb"},"inLanguage":"fr-FR","potentialAction":[{"@type":"ReadAction","target":["https:\/\/discoveralmunecar.com\/fr\/plages-almunecar\/"]}]},{"@type":"BreadcrumbList","@id":"https:\/\/discoveralmunecar.com\/fr\/plages-almunecar\/#breadcrumb","itemListElement":[{"@type":"ListItem","position":1,"name":"Home","item":"https:\/\/discoveralmunecar.com\/fr\/"},{"@type":"ListItem","position":2,"name":"Les plages d&rsquo;Almu\u00f1\u00e9car, un coin de paradis \u00e0 vos pieds"}]},{"@type":"WebSite","@id":"https:\/\/discoveralmunecar.com\/fr\/#website","url":"https:\/\/discoveralmunecar.com\/fr\/","name":"","description":"Just another WordPress site\n","potentialAction":[{"@type":"SearchAction","target":{"@type":"EntryPoint","urlTemplate":"https:\/\/discoveralmunecar.com\/fr\/?s={search_term_string}"},"query-input":{"@type":"PropertyValueSpecification","valueRequired":true,"valueName":"search_term_string"}}],"inLanguage":"fr-FR"}]}},"_links":{"self":[{"href":"https:\/\/discoveralmunecar.com\/fr\/wp-json\/wp\/v2\/pages\/6289","targetHints":{"allow":["GET"]}}],"collection":[{"href":"https:\/\/discoveralmunecar.com\/fr\/wp-json\/wp\/v2\/pages"}],"about":[{"href":"https:\/\/discoveralmunecar.com\/fr\/wp-json\/wp\/v2\/types\/page"}],"author":[{"embeddable":true,"href":"https:\/\/discoveralmunecar.com\/fr\/wp-json\/wp\/v2\/users\/2"}],"replies":[{"embeddable":true,"href":"https:\/\/discoveralmunecar.com\/fr\/wp-json\/wp\/v2\/comments?post=6289"}],"version-history":[{"count":4,"href":"https:\/\/discoveralmunecar.com\/fr\/wp-json\/wp\/v2\/pages\/6289\/revisions"}],"predecessor-version":[{"id":9265,"href":"https:\/\/discoveralmunecar.com\/fr\/wp-json\/wp\/v2\/pages\/6289\/revisions\/9265"}],"wp:attachment":[{"href":"https:\/\/discoveralmunecar.com\/fr\/wp-json\/wp\/v2\/media?parent=6289"}],"curies":[{"name":"wp","href":"https:\/\/api.w.org\/{rel}","templated":true}]}}