{"id":6299,"date":"2021-08-11T10:09:38","date_gmt":"2021-08-11T10:09:38","guid":{"rendered":"https:\/\/discoveralmunecar.com\/?page_id=6299"},"modified":"2022-07-08T23:28:09","modified_gmt":"2022-07-08T23:28:09","slug":"manger-des-tapas-a-almunecar","status":"publish","type":"page","link":"https:\/\/discoveralmunecar.com\/fr\/manger-des-tapas-a-almunecar\/","title":{"rendered":"Manger des tapas \u00e0 Almu\u00f1\u00e9car, les meilleurs bars \u00e0 visiter en ville"},"content":{"rendered":"<p>[vc_row][vc_column][vc_single_image image=&#8221;9249&#8243; img_size=&#8221;full&#8221;][vc_empty_space]<div class=\"text-block\" ><div class=\"simple-text \"><p>S&#8217;il y a quelque chose de caract\u00e9ristique de toute la province de Grenade, ce sont les tapas. Almu\u00f1\u00e9car et La Herradura, sur la Costa del Sol tropicale, sont l&#8217;un des meilleurs endroits pour d\u00e9guster des tapas \u00e0 tout moment de l&#8217;ann\u00e9e gr\u00e2ce \u00e0 son climat privil\u00e9gi\u00e9, ainsi qu&#8217;\u00e0 la g\u00e9n\u00e9rosit\u00e9 de ses tapas, et qui ne souffrent pas des foules massives de touristes comme dans d&#8217;autres villes c\u00f4ti\u00e8res plus occidentales d&#8217;Andalousie.<\/p>\n<p>Les tapas, ou le fait d&#8217;aller manger des tapas, est une exp\u00e9rience \u00e0 ne pas manquer.<br \/>\nUne tapa est un petit en-cas servi gratuitement avec toute boisson.<\/p>\n<p>Selon la politique de chaque \u00e9tablissement, vous pouvez choisir jusqu&#8217;\u00e0 deux vari\u00e9t\u00e9s de tapas \u00e0 chaque tourn\u00e9e par groupe de clients, ou bien ils auront une commande \u00e9tablie pour la premi\u00e8re, la deuxi\u00e8me&#8230; qui augmentent g\u00e9n\u00e9ralement en termes de portions \u00e0 mesure que les tourn\u00e9es augmentent.<\/p>\n<p>Almu\u00f1\u00e9car et La Herradura sont connues pour leurs \u00e9normes tapas \u00e0 tr\u00e8s bon prix, donc manger des tapas est toujours une option tr\u00e8s \u00e9conomique et vari\u00e9e. Une bi\u00e8re ou une boisson non alcoolis\u00e9e co\u00fbte environ 2 euros dans tous les bars de la r\u00e9gion.<\/p>\n<p>Deux verres avec leurs tapas respectives, ou trois pour les plus gloutons, seraient l&#8217;\u00e9quivalent d&#8217;un plat du jour dans n&#8217;importe quel autre bar ou restaurant du reste de l&#8217;Espagne.<\/p>\n<p>Donc, si vous visitez Almu\u00f1\u00e9car ou La Herradura, n&#8217;h\u00e9sitez pas \u00e0 prendre deux ou trois bi\u00e8res au d\u00e9jeuner ou au d\u00eener, ce sera tr\u00e8s \u00e9conomique et vous profiterez de la gastronomie locale. De plus, si vous \u00eates fatigu\u00e9 de boire ou si vous n&#8217;avez pas tr\u00e8s soif, vous pouvez toujours commander des raciones ou une tapa suppl\u00e9mentaire dans n&#8217;importe quel bar.<\/p>\n<p>Certains, mais pas tous car l&#8217;offre est presque illimit\u00e9e, des bars les plus embl\u00e9matiques d&#8217;Almu\u00f1\u00e9car et de La Herradura sont :<br \/>\nBar los Pajaritos, bien qu&#8217;il s&#8217;agisse d&#8217;un bar traditionnel, il est aussi tr\u00e8s glamour car il est fr\u00e9quent\u00e9 par certaines c\u00e9l\u00e9brit\u00e9s, comme Eva Hache ou le Loco de la Colina, Jes\u00fas Quintero.<\/p>\n<p>Il est situ\u00e9 dans un endroit tr\u00e8s central, et les jours de f\u00eate, il est toujours plein \u00e0 craquer. Et leurs tapas sont toujours \u00e0 base de poisson et de fruits de mer.<\/p>\n<p>La Bodeguita, est un autre classique qui ne peut manquer dans aucune liste qui se respecte, et la plupart de ses tapas sont des &#8220;pesca\u00edto frito&#8221; (poissons frits), si caract\u00e9ristiques de la r\u00e9gion.<\/p>\n<p>Bar Higuitos, qui dispose d&#8217;une grande terrasse et est id\u00e9al pour une paella de tapas.<br \/>\nRestaurante Andalus\u00ed, qui, bien qu&#8217;\u00e9tant un restaurant, poss\u00e8de \u00e9galement un espace tapas dans son bar, tr\u00e8s proche de la plage.<\/p>\n<p>L&#8217;origine de cette coutume n&#8217;est pas claire et se perd dans l&#8217;histoire, mais il existe plusieurs hypoth\u00e8ses, depuis celle qui raconte que c&#8217;est le roi Alphonse X le Sage qui s&#8217;est vu prescrire par son m\u00e9decin de prendre des gorg\u00e9es de vin en raison d&#8217;une maladie, et pour \u00e9viter les effets de l&#8217;alcool, il mangeait une petite portion de fromage ou de jambon entre les gorg\u00e9es.<\/p>\n<p>Une fois r\u00e9tabli, il ordonna que le vin ne soit pas servi dans les auberges de son royaume sans \u00eatre accompagn\u00e9 d&#8217;une portion de nourriture, afin que les convives ne soient pas aussi affect\u00e9s par l&#8217;alcool contenu dans le vin, masquant ainsi ses effets.<\/p>\n<p>Il y a aussi l&#8217;id\u00e9e que pendant le Moyen \u00c2ge, pour emp\u00eacher les mouches de p\u00e9n\u00e9trer dans la boisson, le verre \u00e9tait recouvert d&#8217;un morceau de pain ou de jambon ; et une autre version de l&#8217;histoire de la tapa est d&#8217;emp\u00eacher les rixes et les bagarres dans les tavernes \u00e0 cause de l&#8217;alcool, de sorte que les monarques catholiques ont ordonn\u00e9 qu&#8217;une portion de nourriture soit servie avec les boissons pour att\u00e9nuer l&#8217;ivresse.<\/p>\n<\/div><\/div>[vc_empty_space]      <div class=\"row\">\n        <div class=\"post-grid-view\">\n                  <div class=\"col-sm-6 post-20654 post type-post status-publish format-standard has-post-thumbnail hentry category-bars-a-tapas category-ou-manger category-restaurants\">\n\n            <div class=\"tt-post type-2\">\n                      <a class=\"tt-post-img custom-hover\" href=\"https:\/\/discoveralmunecar.com\/fr\/freiduria-lute-y-jesus-parfois-il-suffit-dun-cornet-pour-etre-heureux\/\">\n      <img fetchpriority=\"high\" decoding=\"async\" width=\"537\" height=\"307\" src=\"https:\/\/discoveralmunecar.com\/wp-content\/uploads\/2026\/03\/Freiduria-3-537x307.webp\" class=\"img-responsive wp-post-image\" alt=\"\" \/>    <\/a>\n                <div class=\"tt-post-info\">\n                                    <a class=\"tt-post-title c-h4\" href=\"https:\/\/discoveralmunecar.com\/fr\/freiduria-lute-y-jesus-parfois-il-suffit-dun-cornet-pour-etre-heureux\/\"><small>Freidur\u00eda Lute y Jes\u00fas : Parfois, il suffit d\u2019un cornet pour \u00eatre heureux<\/small><\/a>\n                      <div class=\"tt-post-label\">\n                <\/div>\n                      <div class=\"simple-text\">\n      <p><\/p>\n    <\/div>\n                                    <\/div>\n            <\/div>\n            <div class=\"empty-space marg-xs-b30\"><\/div> \n          <\/div>\n            <div class=\"col-xs-6 col-sm-4 col-lg-2 post-handy-picked post-5304 post type-post status-publish format-standard has-post-thumbnail hentry category-bars-a-tapas category-ou-manger category-restaurants\">\n      <div class=\"tt-post type-3\">\n                <a class=\"tt-post-img custom-hover\" href=\"https:\/\/discoveralmunecar.com\/fr\/restaurant-cerveceria-el-cortijillo\/\">\n      <img decoding=\"async\" width=\"183\" height=\"96\" src=\"https:\/\/discoveralmunecar.com\/wp-content\/uploads\/2021\/04\/restaurante-cerveceria-el-cortijillo-fachada-183x96.jpg\" class=\"img-responsive wp-post-image\" alt=\"\" \/>    <\/a>\n            <div class=\"tt-post-info\">\n                <a class=\"tt-post-title c-h5\" href=\"https:\/\/discoveralmunecar.com\/fr\/restaurant-cerveceria-el-cortijillo\/\">Restaurant cervecer\u00eda El Cortijillo<\/a>\n                  <div class=\"tt-post-label\">\n              <span class=\"tt-post-author-name\"><a href=\"https:\/\/discoveralmunecar.com\/fr\/author\/equipo_translate\/\">Translate<\/a><\/span>\n                    <span class=\"tt-post-date\">juillet 26, 2021<\/span>\n          <\/div>\n            <\/div>\n      <\/div> \n      <div class=\"empty-space marg-lg-b25\"><\/div>                 \n    <\/div>\n      <div class=\"col-xs-6 col-sm-4 col-lg-2 post-handy-picked post-9898 post type-post status-publish format-standard has-post-thumbnail hentry category-bars-a-tapas category-ou-manger\">\n      <div class=\"tt-post type-3\">\n                <a class=\"tt-post-img custom-hover\" href=\"https:\/\/discoveralmunecar.com\/fr\/brasserie-et-cafe-al-bar\/\">\n      <img decoding=\"async\" width=\"183\" height=\"96\" src=\"https:\/\/discoveralmunecar.com\/wp-content\/uploads\/2022\/07\/1130020@0.5x-183x96.webp\" class=\"img-responsive wp-post-image\" alt=\"Al Bar Almu\u00f1\u00e9car\" \/>    <\/a>\n            <div class=\"tt-post-info\">\n                <a class=\"tt-post-title c-h5\" href=\"https:\/\/discoveralmunecar.com\/fr\/brasserie-et-cafe-al-bar\/\">Brasserie et caf\u00e9 Al-bar<\/a>\n                  <div class=\"tt-post-label\">\n              <span class=\"tt-post-author-name\"><a href=\"https:\/\/discoveralmunecar.com\/fr\/author\/pedro-espinosa\/\">Admin<\/a><\/span>\n                    <span class=\"tt-post-date\">juillet 19, 2022<\/span>\n          <\/div>\n            <\/div>\n      <\/div> \n      <div class=\"empty-space marg-lg-b25\"><\/div>                 \n    <\/div>\n      <div class=\"col-xs-6 col-sm-4 col-lg-2 post-handy-picked post-12488 post type-post status-publish format-standard has-post-thumbnail hentry category-bars-a-tapas category-ou-manger category-restaurants\">\n      <div class=\"tt-post type-3\">\n                <a class=\"tt-post-img custom-hover\" href=\"https:\/\/discoveralmunecar.com\/fr\/restaurant-el-balcon-de-cotobro-a-almunecar\/\">\n      <img loading=\"lazy\" decoding=\"async\" width=\"183\" height=\"96\" src=\"https:\/\/discoveralmunecar.com\/wp-content\/uploads\/2022\/07\/Restaurante-Balcon-de-Cotobro-1-183x96.webp\" class=\"img-responsive wp-post-image\" alt=\"\" \/>    <\/a>\n            <div class=\"tt-post-info\">\n                <a class=\"tt-post-title c-h5\" href=\"https:\/\/discoveralmunecar.com\/fr\/restaurant-el-balcon-de-cotobro-a-almunecar\/\">Restaurant El Balcon de Cotobro \u00e0 Almu\u00f1ecar<\/a>\n                  <div class=\"tt-post-label\">\n              <span class=\"tt-post-author-name\"><a href=\"https:\/\/discoveralmunecar.com\/fr\/author\/pedro-espinosa\/\">Admin<\/a><\/span>\n                    <span class=\"tt-post-date\">septembre 29, 2022<\/span>\n          <\/div>\n            <\/div>\n      <\/div> \n      <div class=\"empty-space marg-lg-b25\"><\/div>                 \n    <\/div>\n      <div class=\"col-xs-6 col-sm-4 col-lg-2 post-handy-picked post-5684 post type-post status-publish format-standard has-post-thumbnail hentry category-bars-a-tapas category-chiringuitos category-ou-manger category-restaurants\">\n      <div class=\"tt-post type-3\">\n                <a class=\"tt-post-img custom-hover\" href=\"https:\/\/discoveralmunecar.com\/fr\/restaurant-arbol-blanco-playa\/\">\n      <img loading=\"lazy\" decoding=\"async\" width=\"183\" height=\"96\" src=\"https:\/\/discoveralmunecar.com\/wp-content\/uploads\/2021\/07\/1-2-183x96.jpg\" class=\"img-responsive wp-post-image\" alt=\"arbol blanco playa\" \/>    <\/a>\n            <div class=\"tt-post-info\">\n                <a class=\"tt-post-title c-h5\" href=\"https:\/\/discoveralmunecar.com\/fr\/restaurant-arbol-blanco-playa\/\">Restaurant \u00c1rbol Blanco Playa<\/a>\n                  <div class=\"tt-post-label\">\n              <span class=\"tt-post-author-name\"><a href=\"https:\/\/discoveralmunecar.com\/fr\/author\/equipo_translate\/\">Translate<\/a><\/span>\n                    <span class=\"tt-post-date\">ao\u00fbt 3, 2021<\/span>\n          <\/div>\n            <\/div>\n      <\/div> \n      <div class=\"empty-space marg-lg-b25\"><\/div>                 \n    <\/div>\n          <\/div>\n      <\/div>\n      \n  [vc_empty_space][\/vc_column][\/vc_row]<\/p>\n","protected":false},"excerpt":{"rendered":"<p>[vc_row][vc_column][vc_single_image image=&#8221;9249&#8243; img_size=&#8221;full&#8221;][vc_empty_space][vc_empty_space][vc_empty_space][\/vc_column][\/vc_row]<\/p>\n","protected":false},"author":2,"featured_media":0,"parent":0,"menu_order":0,"comment_status":"closed","ping_status":"closed","template":"","meta":{"footnotes":""},"class_list":["post-6299","page","type-page","status-publish","hentry"],"yoast_head":"<!-- This site is optimized with the Yoast SEO plugin v27.3 - https:\/\/yoast.com\/product\/yoast-seo-wordpress\/ -->\n<title>Manger des tapas \u00e0 Almu\u00f1\u00e9car, les meilleurs bars \u00e0 visiter en ville<\/title>\n<meta name=\"robots\" content=\"index, follow, max-snippet:-1, max-image-preview:large, max-video-preview:-1\" \/>\n<link rel=\"canonical\" href=\"https:\/\/discoveralmunecar.com\/fr\/manger-des-tapas-a-almunecar\/\" \/>\n<meta property=\"og:locale\" content=\"fr_FR\" \/>\n<meta property=\"og:type\" content=\"article\" \/>\n<meta property=\"og:title\" content=\"Manger des tapas \u00e0 Almu\u00f1\u00e9car, les meilleurs bars \u00e0 visiter en ville\" \/>\n<meta property=\"og:description\" content=\"[vc_row][vc_column][vc_single_image image=&#8221;9249&#8243; img_size=&#8221;full&#8221;][vc_empty_space][vc_empty_space][vc_empty_space][\/vc_column][\/vc_row]\" \/>\n<meta property=\"og:url\" content=\"https:\/\/discoveralmunecar.com\/fr\/manger-des-tapas-a-almunecar\/\" \/>\n<meta property=\"article:modified_time\" content=\"2022-07-08T23:28:09+00:00\" \/>\n<meta name=\"twitter:card\" content=\"summary_large_image\" \/>\n<meta name=\"twitter:label1\" content=\"Dur\u00e9e de lecture estim\u00e9e\" \/>\n\t<meta name=\"twitter:data1\" content=\"3 minutes\" \/>\n<script type=\"application\/ld+json\" class=\"yoast-schema-graph\">{\"@context\":\"https:\\\/\\\/schema.org\",\"@graph\":[{\"@type\":\"WebPage\",\"@id\":\"https:\\\/\\\/discoveralmunecar.com\\\/fr\\\/manger-des-tapas-a-almunecar\\\/\",\"url\":\"https:\\\/\\\/discoveralmunecar.com\\\/fr\\\/manger-des-tapas-a-almunecar\\\/\",\"name\":\"Manger des tapas \u00e0 Almu\u00f1\u00e9car, les meilleurs bars \u00e0 visiter en ville\",\"isPartOf\":{\"@id\":\"https:\\\/\\\/discoveralmunecar.com\\\/fr\\\/#website\"},\"datePublished\":\"2021-08-11T10:09:38+00:00\",\"dateModified\":\"2022-07-08T23:28:09+00:00\",\"breadcrumb\":{\"@id\":\"https:\\\/\\\/discoveralmunecar.com\\\/fr\\\/manger-des-tapas-a-almunecar\\\/#breadcrumb\"},\"inLanguage\":\"fr-FR\",\"potentialAction\":[{\"@type\":\"ReadAction\",\"target\":[\"https:\\\/\\\/discoveralmunecar.com\\\/fr\\\/manger-des-tapas-a-almunecar\\\/\"]}]},{\"@type\":\"BreadcrumbList\",\"@id\":\"https:\\\/\\\/discoveralmunecar.com\\\/fr\\\/manger-des-tapas-a-almunecar\\\/#breadcrumb\",\"itemListElement\":[{\"@type\":\"ListItem\",\"position\":1,\"name\":\"Home\",\"item\":\"https:\\\/\\\/discoveralmunecar.com\\\/fr\\\/\"},{\"@type\":\"ListItem\",\"position\":2,\"name\":\"Manger des tapas \u00e0 Almu\u00f1\u00e9car, les meilleurs bars \u00e0 visiter en ville\"}]},{\"@type\":\"WebSite\",\"@id\":\"https:\\\/\\\/discoveralmunecar.com\\\/fr\\\/#website\",\"url\":\"https:\\\/\\\/discoveralmunecar.com\\\/fr\\\/\",\"name\":\"\",\"description\":\"Just another WordPress site\\n\",\"potentialAction\":[{\"@type\":\"SearchAction\",\"target\":{\"@type\":\"EntryPoint\",\"urlTemplate\":\"https:\\\/\\\/discoveralmunecar.com\\\/fr\\\/?s={search_term_string}\"},\"query-input\":{\"@type\":\"PropertyValueSpecification\",\"valueRequired\":true,\"valueName\":\"search_term_string\"}}],\"inLanguage\":\"fr-FR\"}]}<\/script>\n<!-- \/ Yoast SEO plugin. -->","yoast_head_json":{"title":"Manger des tapas \u00e0 Almu\u00f1\u00e9car, les meilleurs bars \u00e0 visiter en ville","robots":{"index":"index","follow":"follow","max-snippet":"max-snippet:-1","max-image-preview":"max-image-preview:large","max-video-preview":"max-video-preview:-1"},"canonical":"https:\/\/discoveralmunecar.com\/fr\/manger-des-tapas-a-almunecar\/","og_locale":"fr_FR","og_type":"article","og_title":"Manger des tapas \u00e0 Almu\u00f1\u00e9car, les meilleurs bars \u00e0 visiter en ville","og_description":"[vc_row][vc_column][vc_single_image image=&#8221;9249&#8243; img_size=&#8221;full&#8221;][vc_empty_space][vc_empty_space][vc_empty_space][\/vc_column][\/vc_row]","og_url":"https:\/\/discoveralmunecar.com\/fr\/manger-des-tapas-a-almunecar\/","article_modified_time":"2022-07-08T23:28:09+00:00","twitter_card":"summary_large_image","twitter_misc":{"Dur\u00e9e de lecture estim\u00e9e":"3 minutes"},"schema":{"@context":"https:\/\/schema.org","@graph":[{"@type":"WebPage","@id":"https:\/\/discoveralmunecar.com\/fr\/manger-des-tapas-a-almunecar\/","url":"https:\/\/discoveralmunecar.com\/fr\/manger-des-tapas-a-almunecar\/","name":"Manger des tapas \u00e0 Almu\u00f1\u00e9car, les meilleurs bars \u00e0 visiter en ville","isPartOf":{"@id":"https:\/\/discoveralmunecar.com\/fr\/#website"},"datePublished":"2021-08-11T10:09:38+00:00","dateModified":"2022-07-08T23:28:09+00:00","breadcrumb":{"@id":"https:\/\/discoveralmunecar.com\/fr\/manger-des-tapas-a-almunecar\/#breadcrumb"},"inLanguage":"fr-FR","potentialAction":[{"@type":"ReadAction","target":["https:\/\/discoveralmunecar.com\/fr\/manger-des-tapas-a-almunecar\/"]}]},{"@type":"BreadcrumbList","@id":"https:\/\/discoveralmunecar.com\/fr\/manger-des-tapas-a-almunecar\/#breadcrumb","itemListElement":[{"@type":"ListItem","position":1,"name":"Home","item":"https:\/\/discoveralmunecar.com\/fr\/"},{"@type":"ListItem","position":2,"name":"Manger des tapas \u00e0 Almu\u00f1\u00e9car, les meilleurs bars \u00e0 visiter en ville"}]},{"@type":"WebSite","@id":"https:\/\/discoveralmunecar.com\/fr\/#website","url":"https:\/\/discoveralmunecar.com\/fr\/","name":"","description":"Just another WordPress site\n","potentialAction":[{"@type":"SearchAction","target":{"@type":"EntryPoint","urlTemplate":"https:\/\/discoveralmunecar.com\/fr\/?s={search_term_string}"},"query-input":{"@type":"PropertyValueSpecification","valueRequired":true,"valueName":"search_term_string"}}],"inLanguage":"fr-FR"}]}},"_links":{"self":[{"href":"https:\/\/discoveralmunecar.com\/fr\/wp-json\/wp\/v2\/pages\/6299","targetHints":{"allow":["GET"]}}],"collection":[{"href":"https:\/\/discoveralmunecar.com\/fr\/wp-json\/wp\/v2\/pages"}],"about":[{"href":"https:\/\/discoveralmunecar.com\/fr\/wp-json\/wp\/v2\/types\/page"}],"author":[{"embeddable":true,"href":"https:\/\/discoveralmunecar.com\/fr\/wp-json\/wp\/v2\/users\/2"}],"replies":[{"embeddable":true,"href":"https:\/\/discoveralmunecar.com\/fr\/wp-json\/wp\/v2\/comments?post=6299"}],"version-history":[{"count":3,"href":"https:\/\/discoveralmunecar.com\/fr\/wp-json\/wp\/v2\/pages\/6299\/revisions"}],"predecessor-version":[{"id":9254,"href":"https:\/\/discoveralmunecar.com\/fr\/wp-json\/wp\/v2\/pages\/6299\/revisions\/9254"}],"wp:attachment":[{"href":"https:\/\/discoveralmunecar.com\/fr\/wp-json\/wp\/v2\/media?parent=6299"}],"curies":[{"name":"wp","href":"https:\/\/api.w.org\/{rel}","templated":true}]}}