{"id":6360,"date":"2021-08-12T10:27:23","date_gmt":"2021-08-12T10:27:23","guid":{"rendered":"https:\/\/discoveralmunecar.com\/?page_id=6360"},"modified":"2021-08-12T10:27:24","modified_gmt":"2021-08-12T10:27:24","slug":"meteo-a-almunecar-soleil-et-beau-temps-toute-lannee","status":"publish","type":"page","link":"https:\/\/discoveralmunecar.com\/fr\/meteo-a-almunecar-soleil-et-beau-temps-toute-lannee\/","title":{"rendered":"M\u00e9t\u00e9o \u00e0 Almu\u00f1\u00e9car, soleil et beau temps toute l&#8217;ann\u00e9e"},"content":{"rendered":"<p>[vc_row][vc_column][vc_row_inner][vc_column_inner]<div class=\"text-block\" ><div class=\"simple-text \"><p>Le soleil et le beau temps sont la tendance g\u00e9n\u00e9rale tout au long de l&#8217;ann\u00e9e. Le climat \u00e0 Almu\u00f1\u00e9car se situe autour d&#8217;une temp\u00e9rature moyenne annuelle d&#8217;environ 18 \u00b0 C. Le temps est bon pour faire n&#8217;importe quelle activit\u00e9 de plein air, en profitant du soleil pratiquement toute l&#8217;ann\u00e9e.<\/p>\n<\/div><\/div><div  class=\"empty-space  marg-lg-b20\"><\/div><div class=\"text-block\" ><div class=\"simple-text \"><table>\n<tbody>\n<tr>\n<td><\/td>\n<td><strong>Temp\u00e9rature minimale<\/strong><\/td>\n<td><strong>Temp\u00e9rature maximale<\/strong><\/td>\n<td><strong>Temp\u00e9rature moyenne<\/strong><\/td>\n<\/tr>\n<tr>\n<td>Hiver<\/td>\n<td>8\u00b0<\/td>\n<td>14\u00b0<\/td>\n<td>10\u00b0<\/td>\n<\/tr>\n<tr>\n<td>Printemps<\/td>\n<td>11\u00b0<\/td>\n<td>18\u00b0<\/td>\n<td>14\u00b0<\/td>\n<\/tr>\n<tr>\n<td>\u00c9t\u00e9<\/td>\n<td>16\u00b0<\/td>\n<td>28\u00b0<\/td>\n<td>24\u00b0<\/td>\n<\/tr>\n<tr>\n<td>Automne<\/td>\n<td>16\u00b0<\/td>\n<td>24\u00b0<\/td>\n<td>10\u00b0<\/td>\n<\/tr>\n<\/tbody>\n<\/table>\n<\/div><\/div><div  class=\"empty-space  marg-lg-b20\"><\/div><div class=\"text-block\" ><div class=\"simple-text \"><p>La preuve du bon climat d&#8217;Almu\u00f1\u00e9car sont les cultures d&#8217;origine tropicale qui sont exploit\u00e9es dans la r\u00e9gion. Pommiers, avocats et manguiers qui ne pourraient pas survivre si le climat n&#8217;\u00e9tait pas doux tout au long de l&#8217;ann\u00e9e. Par exemple, la floraison de la fleur de l&#8217;oiseau de paradis. Cette fleur ne peut \u00eatre cultiv\u00e9e que dans des climats chauds, subtropicaux et m\u00e9diterran\u00e9ens, elle ne survivrait pas dans des climats plus froids.<\/p>\n<p>Les temp\u00e9ratures douces vous invitent \u00e0 vous promener dans ses rues, \u00e0 prendre un caf\u00e9 sur une terrasse pour profiter du soleil.<\/p>\n<\/div><\/div>[\/vc_column_inner][\/vc_row_inner][\/vc_column][\/vc_row][vc_row][vc_column]<div  class=\"empty-space  marg-lg-b35\"><\/div>[vc_row_inner][vc_column_inner width=&#8221;1\/2&#8243;][vc_custom_heading text=&#8221;Profitez du temps qu&#8217;il fait \u00e0 Almu\u00f1\u00e9car pour vous promener sur le rivage.&#8221; font_container=&#8221;tag:h2|font_size:20|text_align:left&#8221; use_theme_fonts=&#8221;yes&#8221;]<div  class=\"empty-space  marg-lg-b20\"><\/div>[vc_single_image image=&#8221;943&#8243; img_size=&#8221;full&#8221;]<div  class=\"empty-space  marg-lg-b20\"><\/div><div class=\"text-block\" ><div class=\"simple-text \"><p>Les promenades au bord de la mer am\u00e9liorent notre sant\u00e9, marcher pr\u00e8s de l&#8217;eau de mer nous apporte des bienfaits pour notre sant\u00e9 gr\u00e2ce \u00e0 sa teneur en iode. En plus de l&#8217;effet th\u00e9rapeutique. Marcher pr\u00e8s de la mer est bon pour le c\u0153ur et pour l&#8217;esprit.<\/p>\n<\/div><\/div>[\/vc_column_inner][vc_column_inner width=&#8221;1\/2&#8243;][vc_custom_heading text=&#8221;Des amuse-gueules d\u00e9licieux&#8221; font_container=&#8221;tag:h2|font_size:20|text_align:left&#8221; use_theme_fonts=&#8221;yes&#8221;]<div  class=\"empty-space  marg-lg-b20\"><\/div>[vc_single_image image=&#8221;946&#8243; img_size=&#8221;full&#8221;]<div  class=\"empty-space  marg-lg-b20\"><\/div><div class=\"text-block\" ><div class=\"simple-text \"><p>D\u00e9guster des tapas est une coutume espagnole qui est devenue un embl\u00e8me de la gastronomie. Les tapas sont servies comme un petit \u00e9chantillon au client de leur bon travail en cuisine. Et bien souvent, l&#8217;ap\u00e9ritif est plus appr\u00e9ci\u00e9 que le repas lui-m\u00eame.<\/p>\n<\/div><\/div>[\/vc_column_inner][\/vc_row_inner][vc_row_inner][vc_column_inner width=&#8221;1\/2&#8243;][vc_custom_heading text=&#8221;Se promener dans de beaux parcs&#8221; font_container=&#8221;tag:h2|font_size:20|text_align:left&#8221; use_theme_fonts=&#8221;yes&#8221;]<div  class=\"empty-space  marg-lg-b20\"><\/div>[vc_single_image image=&#8221;951&#8243; img_size=&#8221;full&#8221;]<div  class=\"empty-space  marg-lg-b20\"><\/div><div class=\"text-block\" ><div class=\"simple-text \"><p>Dans des parcs comme El Majuelo, vous pouvez vous promener et admirer la faune v\u00e9g\u00e9tale de diff\u00e9rents continents.<\/p>\n<\/div><\/div>[\/vc_column_inner][vc_column_inner width=&#8221;1\/2&#8243;][\/vc_column_inner][\/vc_row_inner][\/vc_column][\/vc_row]<\/p>\n","protected":false},"excerpt":{"rendered":"<p>[vc_row][vc_column][vc_row_inner][vc_column_inner][\/vc_column_inner][\/vc_row_inner][\/vc_column][\/vc_row][vc_row][vc_column][vc_row_inner][vc_column_inner width=&#8221;1\/2&#8243;][vc_custom_heading text=&#8221;Profitez du temps qu&#8217;il fait \u00e0 Almu\u00f1\u00e9car pour vous promener sur le rivage.&#8221; font_container=&#8221;tag:h2|font_size:20|text_align:left&#8221; use_theme_fonts=&#8221;yes&#8221;][vc_single_image image=&#8221;943&#8243; img_size=&#8221;full&#8221;][\/vc_column_inner][vc_column_inner width=&#8221;1\/2&#8243;][vc_custom_heading text=&#8221;Des amuse-gueules d\u00e9licieux&#8221; font_container=&#8221;tag:h2|font_size:20|text_align:left&#8221; use_theme_fonts=&#8221;yes&#8221;][vc_single_image image=&#8221;946&#8243; img_size=&#8221;full&#8221;][\/vc_column_inner][\/vc_row_inner][vc_row_inner][vc_column_inner width=&#8221;1\/2&#8243;][vc_custom_heading text=&#8221;Se promener dans de beaux parcs&#8221; font_container=&#8221;tag:h2|font_size:20|text_align:left&#8221; use_theme_fonts=&#8221;yes&#8221;][vc_single_image image=&#8221;951&#8243; img_size=&#8221;full&#8221;][\/vc_column_inner][vc_column_inner width=&#8221;1\/2&#8243;][\/vc_column_inner][\/vc_row_inner][\/vc_column][\/vc_row]<\/p>\n","protected":false},"author":2,"featured_media":0,"parent":0,"menu_order":0,"comment_status":"closed","ping_status":"closed","template":"","meta":{"footnotes":""},"class_list":["post-6360","page","type-page","status-publish","hentry"],"yoast_head":"<!-- This site is optimized with the Yoast SEO plugin v27.3 - https:\/\/yoast.com\/product\/yoast-seo-wordpress\/ -->\n<title>M\u00e9t\u00e9o \u00e0 Almu\u00f1\u00e9car, soleil et beau temps toute l&#039;ann\u00e9e<\/title>\n<meta name=\"robots\" content=\"index, follow, max-snippet:-1, max-image-preview:large, max-video-preview:-1\" \/>\n<link rel=\"canonical\" href=\"https:\/\/discoveralmunecar.com\/fr\/meteo-a-almunecar-soleil-et-beau-temps-toute-lannee\/\" \/>\n<meta property=\"og:locale\" content=\"fr_FR\" \/>\n<meta property=\"og:type\" content=\"article\" \/>\n<meta property=\"og:title\" content=\"M\u00e9t\u00e9o \u00e0 Almu\u00f1\u00e9car, soleil et beau temps toute l&#039;ann\u00e9e\" \/>\n<meta property=\"og:description\" content=\"[vc_row][vc_column][vc_row_inner][vc_column_inner][\/vc_column_inner][\/vc_row_inner][\/vc_column][\/vc_row][vc_row][vc_column][vc_row_inner][vc_column_inner width=&#8221;1\/2&#8243;][vc_custom_heading text=&#8221;Profitez du temps qu&#8217;il fait \u00e0 Almu\u00f1\u00e9car pour vous promener sur le rivage.&#8221; font_container=&#8221;tag:h2|font_size:20|text_align:left&#8221; use_theme_fonts=&#8221;yes&#8221;][vc_single_image image=&#8221;943&#8243; img_size=&#8221;full&#8221;][\/vc_column_inner][vc_column_inner width=&#8221;1\/2&#8243;][vc_custom_heading text=&#8221;Des amuse-gueules d\u00e9licieux&#8221; font_container=&#8221;tag:h2|font_size:20|text_align:left&#8221; use_theme_fonts=&#8221;yes&#8221;][vc_single_image image=&#8221;946&#8243; img_size=&#8221;full&#8221;][\/vc_column_inner][\/vc_row_inner][vc_row_inner][vc_column_inner width=&#8221;1\/2&#8243;][vc_custom_heading text=&#8221;Se promener dans de beaux parcs&#8221; font_container=&#8221;tag:h2|font_size:20|text_align:left&#8221; use_theme_fonts=&#8221;yes&#8221;][vc_single_image image=&#8221;951&#8243; img_size=&#8221;full&#8221;][\/vc_column_inner][vc_column_inner width=&#8221;1\/2&#8243;][\/vc_column_inner][\/vc_row_inner][\/vc_column][\/vc_row]\" \/>\n<meta property=\"og:url\" content=\"https:\/\/discoveralmunecar.com\/fr\/meteo-a-almunecar-soleil-et-beau-temps-toute-lannee\/\" \/>\n<meta property=\"article:modified_time\" content=\"2021-08-12T10:27:24+00:00\" \/>\n<meta name=\"twitter:card\" content=\"summary_large_image\" \/>\n<meta name=\"twitter:label1\" content=\"Dur\u00e9e de lecture estim\u00e9e\" \/>\n\t<meta name=\"twitter:data1\" content=\"2 minutes\" \/>\n<script type=\"application\/ld+json\" class=\"yoast-schema-graph\">{\"@context\":\"https:\\\/\\\/schema.org\",\"@graph\":[{\"@type\":\"WebPage\",\"@id\":\"https:\\\/\\\/discoveralmunecar.com\\\/fr\\\/meteo-a-almunecar-soleil-et-beau-temps-toute-lannee\\\/\",\"url\":\"https:\\\/\\\/discoveralmunecar.com\\\/fr\\\/meteo-a-almunecar-soleil-et-beau-temps-toute-lannee\\\/\",\"name\":\"M\u00e9t\u00e9o \u00e0 Almu\u00f1\u00e9car, soleil et beau temps toute l'ann\u00e9e\",\"isPartOf\":{\"@id\":\"https:\\\/\\\/discoveralmunecar.com\\\/fr\\\/#website\"},\"datePublished\":\"2021-08-12T10:27:23+00:00\",\"dateModified\":\"2021-08-12T10:27:24+00:00\",\"breadcrumb\":{\"@id\":\"https:\\\/\\\/discoveralmunecar.com\\\/fr\\\/meteo-a-almunecar-soleil-et-beau-temps-toute-lannee\\\/#breadcrumb\"},\"inLanguage\":\"fr-FR\",\"potentialAction\":[{\"@type\":\"ReadAction\",\"target\":[\"https:\\\/\\\/discoveralmunecar.com\\\/fr\\\/meteo-a-almunecar-soleil-et-beau-temps-toute-lannee\\\/\"]}]},{\"@type\":\"BreadcrumbList\",\"@id\":\"https:\\\/\\\/discoveralmunecar.com\\\/fr\\\/meteo-a-almunecar-soleil-et-beau-temps-toute-lannee\\\/#breadcrumb\",\"itemListElement\":[{\"@type\":\"ListItem\",\"position\":1,\"name\":\"Home\",\"item\":\"https:\\\/\\\/discoveralmunecar.com\\\/fr\\\/\"},{\"@type\":\"ListItem\",\"position\":2,\"name\":\"M\u00e9t\u00e9o \u00e0 Almu\u00f1\u00e9car, soleil et beau temps toute l&rsquo;ann\u00e9e\"}]},{\"@type\":\"WebSite\",\"@id\":\"https:\\\/\\\/discoveralmunecar.com\\\/fr\\\/#website\",\"url\":\"https:\\\/\\\/discoveralmunecar.com\\\/fr\\\/\",\"name\":\"\",\"description\":\"Just another WordPress site\\n\",\"potentialAction\":[{\"@type\":\"SearchAction\",\"target\":{\"@type\":\"EntryPoint\",\"urlTemplate\":\"https:\\\/\\\/discoveralmunecar.com\\\/fr\\\/?s={search_term_string}\"},\"query-input\":{\"@type\":\"PropertyValueSpecification\",\"valueRequired\":true,\"valueName\":\"search_term_string\"}}],\"inLanguage\":\"fr-FR\"}]}<\/script>\n<!-- \/ Yoast SEO plugin. -->","yoast_head_json":{"title":"M\u00e9t\u00e9o \u00e0 Almu\u00f1\u00e9car, soleil et beau temps toute l'ann\u00e9e","robots":{"index":"index","follow":"follow","max-snippet":"max-snippet:-1","max-image-preview":"max-image-preview:large","max-video-preview":"max-video-preview:-1"},"canonical":"https:\/\/discoveralmunecar.com\/fr\/meteo-a-almunecar-soleil-et-beau-temps-toute-lannee\/","og_locale":"fr_FR","og_type":"article","og_title":"M\u00e9t\u00e9o \u00e0 Almu\u00f1\u00e9car, soleil et beau temps toute l'ann\u00e9e","og_description":"[vc_row][vc_column][vc_row_inner][vc_column_inner][\/vc_column_inner][\/vc_row_inner][\/vc_column][\/vc_row][vc_row][vc_column][vc_row_inner][vc_column_inner width=&#8221;1\/2&#8243;][vc_custom_heading text=&#8221;Profitez du temps qu&#8217;il fait \u00e0 Almu\u00f1\u00e9car pour vous promener sur le rivage.&#8221; font_container=&#8221;tag:h2|font_size:20|text_align:left&#8221; use_theme_fonts=&#8221;yes&#8221;][vc_single_image image=&#8221;943&#8243; img_size=&#8221;full&#8221;][\/vc_column_inner][vc_column_inner width=&#8221;1\/2&#8243;][vc_custom_heading text=&#8221;Des amuse-gueules d\u00e9licieux&#8221; font_container=&#8221;tag:h2|font_size:20|text_align:left&#8221; use_theme_fonts=&#8221;yes&#8221;][vc_single_image image=&#8221;946&#8243; img_size=&#8221;full&#8221;][\/vc_column_inner][\/vc_row_inner][vc_row_inner][vc_column_inner width=&#8221;1\/2&#8243;][vc_custom_heading text=&#8221;Se promener dans de beaux parcs&#8221; font_container=&#8221;tag:h2|font_size:20|text_align:left&#8221; use_theme_fonts=&#8221;yes&#8221;][vc_single_image image=&#8221;951&#8243; img_size=&#8221;full&#8221;][\/vc_column_inner][vc_column_inner width=&#8221;1\/2&#8243;][\/vc_column_inner][\/vc_row_inner][\/vc_column][\/vc_row]","og_url":"https:\/\/discoveralmunecar.com\/fr\/meteo-a-almunecar-soleil-et-beau-temps-toute-lannee\/","article_modified_time":"2021-08-12T10:27:24+00:00","twitter_card":"summary_large_image","twitter_misc":{"Dur\u00e9e de lecture estim\u00e9e":"2 minutes"},"schema":{"@context":"https:\/\/schema.org","@graph":[{"@type":"WebPage","@id":"https:\/\/discoveralmunecar.com\/fr\/meteo-a-almunecar-soleil-et-beau-temps-toute-lannee\/","url":"https:\/\/discoveralmunecar.com\/fr\/meteo-a-almunecar-soleil-et-beau-temps-toute-lannee\/","name":"M\u00e9t\u00e9o \u00e0 Almu\u00f1\u00e9car, soleil et beau temps toute l'ann\u00e9e","isPartOf":{"@id":"https:\/\/discoveralmunecar.com\/fr\/#website"},"datePublished":"2021-08-12T10:27:23+00:00","dateModified":"2021-08-12T10:27:24+00:00","breadcrumb":{"@id":"https:\/\/discoveralmunecar.com\/fr\/meteo-a-almunecar-soleil-et-beau-temps-toute-lannee\/#breadcrumb"},"inLanguage":"fr-FR","potentialAction":[{"@type":"ReadAction","target":["https:\/\/discoveralmunecar.com\/fr\/meteo-a-almunecar-soleil-et-beau-temps-toute-lannee\/"]}]},{"@type":"BreadcrumbList","@id":"https:\/\/discoveralmunecar.com\/fr\/meteo-a-almunecar-soleil-et-beau-temps-toute-lannee\/#breadcrumb","itemListElement":[{"@type":"ListItem","position":1,"name":"Home","item":"https:\/\/discoveralmunecar.com\/fr\/"},{"@type":"ListItem","position":2,"name":"M\u00e9t\u00e9o \u00e0 Almu\u00f1\u00e9car, soleil et beau temps toute l&rsquo;ann\u00e9e"}]},{"@type":"WebSite","@id":"https:\/\/discoveralmunecar.com\/fr\/#website","url":"https:\/\/discoveralmunecar.com\/fr\/","name":"","description":"Just another WordPress site\n","potentialAction":[{"@type":"SearchAction","target":{"@type":"EntryPoint","urlTemplate":"https:\/\/discoveralmunecar.com\/fr\/?s={search_term_string}"},"query-input":{"@type":"PropertyValueSpecification","valueRequired":true,"valueName":"search_term_string"}}],"inLanguage":"fr-FR"}]}},"_links":{"self":[{"href":"https:\/\/discoveralmunecar.com\/fr\/wp-json\/wp\/v2\/pages\/6360","targetHints":{"allow":["GET"]}}],"collection":[{"href":"https:\/\/discoveralmunecar.com\/fr\/wp-json\/wp\/v2\/pages"}],"about":[{"href":"https:\/\/discoveralmunecar.com\/fr\/wp-json\/wp\/v2\/types\/page"}],"author":[{"embeddable":true,"href":"https:\/\/discoveralmunecar.com\/fr\/wp-json\/wp\/v2\/users\/2"}],"replies":[{"embeddable":true,"href":"https:\/\/discoveralmunecar.com\/fr\/wp-json\/wp\/v2\/comments?post=6360"}],"version-history":[{"count":2,"href":"https:\/\/discoveralmunecar.com\/fr\/wp-json\/wp\/v2\/pages\/6360\/revisions"}],"predecessor-version":[{"id":6362,"href":"https:\/\/discoveralmunecar.com\/fr\/wp-json\/wp\/v2\/pages\/6360\/revisions\/6362"}],"wp:attachment":[{"href":"https:\/\/discoveralmunecar.com\/fr\/wp-json\/wp\/v2\/media?parent=6360"}],"curies":[{"name":"wp","href":"https:\/\/api.w.org\/{rel}","templated":true}]}}