{"id":6367,"date":"2021-08-12T10:31:09","date_gmt":"2021-08-12T10:31:09","guid":{"rendered":"https:\/\/discoveralmunecar.com\/?page_id=6367"},"modified":"2021-09-27T10:18:01","modified_gmt":"2021-09-27T10:18:01","slug":"ou-dormir-a-almunecar-les-meilleurs-hotels","status":"publish","type":"page","link":"https:\/\/discoveralmunecar.com\/fr\/ou-dormir-a-almunecar-les-meilleurs-hotels\/","title":{"rendered":"O\u00f9 dormir \u00e0 Almu\u00f1\u00e9car, les meilleurs h\u00f4tels"},"content":{"rendered":"<p>[vc_row][vc_column]      <div class=\"row\">\n        <div class=\"post-grid-view\">\n                      <div class=\"col-xs-6 col-sm-4 col-lg-2 post-handy-picked post-17660 post type-post status-publish format-standard has-post-thumbnail hentry category-affaires category-entreprises category-ou-dormir\">\n      <div class=\"tt-post type-3\">\n                <a class=\"tt-post-img custom-hover\" href=\"https:\/\/discoveralmunecar.com\/fr\/complexe-rural-cortijo-fandango\/\">\n      <img decoding=\"async\" width=\"183\" height=\"96\" src=\"https:\/\/discoveralmunecar.com\/wp-content\/uploads\/2024\/06\/DSC_9829@0.5x-183x96.webp\" class=\"img-responsive wp-post-image\" alt=\"\" \/>    <\/a>\n            <div class=\"tt-post-info\">\n                <a class=\"tt-post-title c-h5\" href=\"https:\/\/discoveralmunecar.com\/fr\/complexe-rural-cortijo-fandango\/\">Complexe rural Cortijo Fandango<\/a>\n                  <div class=\"tt-post-label\">\n              <span class=\"tt-post-author-name\"><a href=\"https:\/\/discoveralmunecar.com\/fr\/author\/pedro-espinosa\/\">Admin<\/a><\/span>\n                    <span class=\"tt-post-date\">juin 5, 2024<\/span>\n          <\/div>\n            <\/div>\n      <\/div> \n      <div class=\"empty-space marg-lg-b25\"><\/div>                 \n    <\/div>\n                        <div class=\"col-xs-6 col-sm-4 col-lg-2 post-handy-picked post-12496 post type-post status-publish format-standard has-post-thumbnail hentry category-ou-dormir\">\n      <div class=\"tt-post type-3\">\n                <a class=\"tt-post-img custom-hover\" href=\"https:\/\/discoveralmunecar.com\/fr\/hotel-n-w-almunecar\/\">\n      <img decoding=\"async\" width=\"183\" height=\"96\" src=\"https:\/\/discoveralmunecar.com\/wp-content\/uploads\/2022\/07\/Hotel-Noy-Fachada-183x96.webp\" class=\"img-responsive wp-post-image\" alt=\"\" \/>    <\/a>\n            <div class=\"tt-post-info\">\n                <a class=\"tt-post-title c-h5\" href=\"https:\/\/discoveralmunecar.com\/fr\/hotel-n-w-almunecar\/\">Hotel N w Almu\u00f1\u00e9car<\/a>\n                  <div class=\"tt-post-label\">\n              <span class=\"tt-post-author-name\"><a href=\"https:\/\/discoveralmunecar.com\/fr\/author\/pedro-espinosa\/\">Admin<\/a><\/span>\n                    <span class=\"tt-post-date\">septembre 29, 2022<\/span>\n          <\/div>\n            <\/div>\n      <\/div> \n      <div class=\"empty-space marg-lg-b25\"><\/div>                 \n    <\/div>\n                        <div class=\"col-xs-6 col-sm-4 col-lg-2 post-handy-picked post-4810 post type-post status-publish format-standard has-post-thumbnail hentry category-ou-dormir\">\n      <div class=\"tt-post type-3\">\n                <a class=\"tt-post-img custom-hover\" href=\"https:\/\/discoveralmunecar.com\/fr\/hotel-victoria-playa-a-almunecar\/\">\n      <img decoding=\"async\" width=\"183\" height=\"96\" src=\"https:\/\/discoveralmunecar.com\/wp-content\/uploads\/2021\/03\/9-183x96.jpg\" class=\"img-responsive wp-post-image\" alt=\"\" srcset=\"https:\/\/discoveralmunecar.com\/wp-content\/uploads\/2021\/03\/9-183x96.jpg 183w, https:\/\/discoveralmunecar.com\/wp-content\/uploads\/2021\/03\/9-300x157.jpg 300w, https:\/\/discoveralmunecar.com\/wp-content\/uploads\/2021\/03\/9-768x401.jpg 768w, https:\/\/discoveralmunecar.com\/wp-content\/uploads\/2021\/03\/9.jpg 920w\" sizes=\"(max-width: 183px) 100vw, 183px\" \/>    <\/a>\n            <div class=\"tt-post-info\">\n                <a class=\"tt-post-title c-h5\" href=\"https:\/\/discoveralmunecar.com\/fr\/hotel-victoria-playa-a-almunecar\/\">H\u00f4tel Victoria Playa \u00e0 Almu\u00f1\u00e9car<\/a>\n                  <div class=\"tt-post-label\">\n              <span class=\"tt-post-author-name\"><a href=\"https:\/\/discoveralmunecar.com\/fr\/author\/equipo_translate\/\">Translate<\/a><\/span>\n                    <span class=\"tt-post-date\">juillet 23, 2021<\/span>\n          <\/div>\n            <\/div>\n      <\/div> \n      <div class=\"empty-space marg-lg-b25\"><\/div>                 \n    <\/div>\n                        <div class=\"col-xs-6 col-sm-4 col-lg-2 post-handy-picked post-4805 post type-post status-publish format-standard has-post-thumbnail hentry category-ou-dormir\">\n      <div class=\"tt-post type-3\">\n                <a class=\"tt-post-img custom-hover\" href=\"https:\/\/discoveralmunecar.com\/fr\/hotel-carmen-a-almunecar\/\">\n      <img loading=\"lazy\" decoding=\"async\" width=\"183\" height=\"96\" src=\"https:\/\/discoveralmunecar.com\/wp-content\/uploads\/2021\/03\/Fachada1-183x96.jpg\" class=\"img-responsive wp-post-image\" alt=\"\" srcset=\"https:\/\/discoveralmunecar.com\/wp-content\/uploads\/2021\/03\/Fachada1-183x96.jpg 183w, https:\/\/discoveralmunecar.com\/wp-content\/uploads\/2021\/03\/Fachada1-300x157.jpg 300w, https:\/\/discoveralmunecar.com\/wp-content\/uploads\/2021\/03\/Fachada1-768x401.jpg 768w, https:\/\/discoveralmunecar.com\/wp-content\/uploads\/2021\/03\/Fachada1.jpg 920w\" sizes=\"(max-width: 183px) 100vw, 183px\" \/>    <\/a>\n            <div class=\"tt-post-info\">\n                <a class=\"tt-post-title c-h5\" href=\"https:\/\/discoveralmunecar.com\/fr\/hotel-carmen-a-almunecar\/\">H\u00f4tel Carmen \u00e0 Almu\u00f1\u00e9car<\/a>\n                  <div class=\"tt-post-label\">\n              <span class=\"tt-post-author-name\"><a href=\"https:\/\/discoveralmunecar.com\/fr\/author\/equipo_translate\/\">Translate<\/a><\/span>\n                    <span class=\"tt-post-date\">juillet 23, 2021<\/span>\n          <\/div>\n            <\/div>\n      <\/div> \n      <div class=\"empty-space marg-lg-b25\"><\/div>                 \n    <\/div>\n                        <div class=\"col-xs-6 col-sm-4 col-lg-2 post-handy-picked post-4801 post type-post status-publish format-standard has-post-thumbnail hentry category-ou-dormir\">\n      <div class=\"tt-post type-3\">\n                <a class=\"tt-post-img custom-hover\" href=\"https:\/\/discoveralmunecar.com\/fr\/auberge-velilla-a-almunecar\/\">\n      <img loading=\"lazy\" decoding=\"async\" width=\"183\" height=\"96\" src=\"https:\/\/discoveralmunecar.com\/wp-content\/uploads\/2021\/03\/DJI_0014-183x96.jpg\" class=\"img-responsive wp-post-image\" alt=\"\" srcset=\"https:\/\/discoveralmunecar.com\/wp-content\/uploads\/2021\/03\/DJI_0014-183x96.jpg 183w, https:\/\/discoveralmunecar.com\/wp-content\/uploads\/2021\/03\/DJI_0014-300x157.jpg 300w, https:\/\/discoveralmunecar.com\/wp-content\/uploads\/2021\/03\/DJI_0014-768x401.jpg 768w, https:\/\/discoveralmunecar.com\/wp-content\/uploads\/2021\/03\/DJI_0014.jpg 920w\" sizes=\"(max-width: 183px) 100vw, 183px\" \/>    <\/a>\n            <div class=\"tt-post-info\">\n                <a class=\"tt-post-title c-h5\" href=\"https:\/\/discoveralmunecar.com\/fr\/auberge-velilla-a-almunecar\/\">Auberge Velilla \u00e0 Almu\u00f1\u00e9car<\/a>\n                  <div class=\"tt-post-label\">\n              <span class=\"tt-post-author-name\"><a href=\"https:\/\/discoveralmunecar.com\/fr\/author\/equipo_translate\/\">Translate<\/a><\/span>\n                    <span class=\"tt-post-date\">juillet 23, 2021<\/span>\n          <\/div>\n            <\/div>\n      <\/div> \n      <div class=\"empty-space marg-lg-b25\"><\/div>                 \n    <\/div>\n                        <div class=\"col-xs-6 col-sm-4 col-lg-2 post-handy-picked post-4798 post type-post status-publish format-standard has-post-thumbnail hentry category-ou-dormir\">\n      <div class=\"tt-post type-3\">\n                <a class=\"tt-post-img custom-hover\" href=\"https:\/\/discoveralmunecar.com\/fr\/hotel-helios-a-almunecar\/\">\n      <img loading=\"lazy\" decoding=\"async\" width=\"183\" height=\"96\" src=\"https:\/\/discoveralmunecar.com\/wp-content\/uploads\/2021\/02\/DSC3581.3-183x96.jpg\" class=\"img-responsive wp-post-image\" alt=\"\" srcset=\"https:\/\/discoveralmunecar.com\/wp-content\/uploads\/2021\/02\/DSC3581.3-183x96.jpg 183w, https:\/\/discoveralmunecar.com\/wp-content\/uploads\/2021\/02\/DSC3581.3-300x157.jpg 300w, https:\/\/discoveralmunecar.com\/wp-content\/uploads\/2021\/02\/DSC3581.3-768x401.jpg 768w, https:\/\/discoveralmunecar.com\/wp-content\/uploads\/2021\/02\/DSC3581.3.jpg 920w\" sizes=\"(max-width: 183px) 100vw, 183px\" \/>    <\/a>\n            <div class=\"tt-post-info\">\n                <a class=\"tt-post-title c-h5\" href=\"https:\/\/discoveralmunecar.com\/fr\/hotel-helios-a-almunecar\/\">H\u00f4tel Helios *** \u00e0 Almu\u00f1\u00e9car<\/a>\n                  <div class=\"tt-post-label\">\n              <span class=\"tt-post-author-name\"><a href=\"https:\/\/discoveralmunecar.com\/fr\/author\/equipo_translate\/\">Translate<\/a><\/span>\n                    <span class=\"tt-post-date\">juillet 23, 2021<\/span>\n          <\/div>\n            <\/div>\n      <\/div> \n      <div class=\"empty-space marg-lg-b25\"><\/div>                 \n    <\/div>\n                  <\/div>\n      <\/div>\n      \n  [vc_empty_space]<div class=\"text-block\" ><div class=\"simple-text \"><p>Almu\u00f1\u00e9car, situ\u00e9e au c\u0153ur du Tropical Costal del Sol, est la ville de la province de Grenade qui re\u00e7oit le plus grand nombre de touristes. Pour cette raison, elle dispose d&#8217;un grand nombre d&#8217;h\u00f4tels et d&#8217;\u00e9tablissements d\u00e9di\u00e9s aux nuit\u00e9es, avec une grande vari\u00e9t\u00e9 de services, de sorte que nous pouvons dire sans risque qu&#8217;il y a un h\u00f4tel pour chaque type de visiteur, des h\u00f4tels qui acceptent les animaux domestiques \u00e0 ceux qui ne peuvent accueillir que des adultes, en passant par les h\u00f4tels 4 \u00e9toiles les plus luxueux avec piscine et vue sur la M\u00e9diterran\u00e9e, jusqu&#8217;\u00e0 tous les types d&#8217;auberges et de campings.<br \/>\nEn termes d&#8217;h\u00e9bergement h\u00f4telier, Almu\u00f1\u00e9car compte pas moins de 6 000 lits.<br \/>\nIl convient de noter qu&#8217;au cours des ann\u00e9es pr\u00e9c\u00e9dant la pand\u00e9mie, Almu\u00f1\u00e9car a enregistr\u00e9 plus d&#8217;un million de nuit\u00e9es et a \u00e9t\u00e9 visit\u00e9e par plus de 235 000 touristes, dont plus de 30 % provenaient de l&#8217;ext\u00e9rieur de l&#8217;Espagne (principalement du Royaume-Uni, d&#8217;Allemagne, de France, de Belgique et de Hollande).<br \/>\nIl convient \u00e9galement de noter qu&#8217;Almu\u00f1\u00e9car compte \u00e0 elle seule 25 % de l&#8217;h\u00e9bergement h\u00f4telier de toute la province de Grenade. C&#8217;est la seule municipalit\u00e9 touristique officiellement reconnue et le principal moteur \u00e9conomique de toute la c\u00f4te de la province de Grenade.<br \/>\nIl convient \u00e9galement de noter que tous les secteurs et administrations publiques consid\u00e8rent que l&#8217;h\u00f4tellerie d&#8217;Almu\u00f1\u00e9car est &#8220;la plus moderne et la plus qualitative de la c\u00f4te andalouse&#8221;, &#8220;mais ils pr\u00e9viennent \u00e9galement qu&#8217;il est n\u00e9cessaire d&#8217;\u00eatre attentif aux changements et de miser sur la qualit\u00e9 et la formation pour continuer \u00e0 progresser&#8221;.<\/p>\n<p>Pour cette raison, toutes les entreprises d\u00e9di\u00e9es au tourisme, y compris tous les h\u00f4tels, auberges, campings et appartements touristiques d&#8217;Almu\u00f1\u00e9car sont fortement engag\u00e9s dans la formation, l&#8217;innovation, l&#8217;excellence et la durabilit\u00e9, car ces \u00e9l\u00e9ments sont les cl\u00e9s de l&#8217;avenir, toujours dans l&#8217;id\u00e9e de continuer \u00e0 cro\u00eetre et \u00e0 s&#8217;am\u00e9liorer en tant que destination touristique, mais en conservant toujours ses caract\u00e9ristiques, ce qui fait d&#8217;Almu\u00f1\u00e9car une destination sp\u00e9ciale.<\/p>\n<p>Apr\u00e8s la pand\u00e9mie, il est \u00e9vident que le nombre de visiteurs a baiss\u00e9, mais gr\u00e2ce au travail de tous les secteurs concern\u00e9s, Almu\u00f1\u00e9car est rest\u00e9e la premi\u00e8re destination touristique de la province de Grenade, tout en respectant strictement tous les protocoles de qualit\u00e9, cr\u00e9ant ainsi un environnement parfaitement s\u00fbr pour tous ses habitants et visiteurs.<\/p>\n<p>Almu\u00f1\u00e9car dispose actuellement d&#8217;installations tr\u00e8s modernes et de tr\u00e8s grande qualit\u00e9, les h\u00f4tels 4 et 3 \u00e9toiles repr\u00e9sentant pr\u00e8s de 60% de l&#8217;offre totale disponible, r\u00e9partis comme suit :<\/p>\n<p>9 h\u00f4tels 4 \u00e9toiles.<\/p>\n<p>6 h\u00f4tels 3 \u00e9toiles.<\/p>\n<p>1 h\u00f4tel 2 \u00e9toiles.<\/p>\n<p>Et 4 h\u00f4tels 1 \u00e9toile.<\/p>\n<p>1 camping \u00e0 Almu\u00f1\u00e9car et 2 \u00e0 La Herradura.<\/p>\n<p>15 appartements touristiques.<\/p>\n<p>Et pr\u00e8s de vingt auberges et pensions de famille.<\/p>\n<p>N&#8217;attendez pas qu&#8217;on vous le dise, venez profiter par vous-m\u00eame, entre amis ou en famille, de tout ce qu&#8217;Almu\u00f1\u00e9car peut vous offrir pour passer de bonnes vacances \u00e0 tout moment de l&#8217;ann\u00e9e.<\/p>\n<\/div><\/div>[\/vc_column][\/vc_row]<\/p>\n","protected":false},"excerpt":{"rendered":"<p>[vc_row][vc_column][vc_empty_space][\/vc_column][\/vc_row]<\/p>\n","protected":false},"author":2,"featured_media":0,"parent":0,"menu_order":0,"comment_status":"closed","ping_status":"closed","template":"","meta":{"footnotes":""},"class_list":["post-6367","page","type-page","status-publish","hentry"],"yoast_head":"<!-- This site is optimized with the Yoast SEO plugin v27.3 - https:\/\/yoast.com\/product\/yoast-seo-wordpress\/ -->\n<title>O\u00f9 dormir \u00e0 Almu\u00f1\u00e9car, les meilleurs h\u00f4tels<\/title>\n<meta name=\"robots\" content=\"index, follow, max-snippet:-1, max-image-preview:large, max-video-preview:-1\" \/>\n<link rel=\"canonical\" href=\"https:\/\/discoveralmunecar.com\/fr\/ou-dormir-a-almunecar-les-meilleurs-hotels\/\" \/>\n<meta property=\"og:locale\" content=\"fr_FR\" \/>\n<meta property=\"og:type\" content=\"article\" \/>\n<meta property=\"og:title\" content=\"O\u00f9 dormir \u00e0 Almu\u00f1\u00e9car, les meilleurs h\u00f4tels\" \/>\n<meta property=\"og:description\" content=\"[vc_row][vc_column][vc_empty_space][\/vc_column][\/vc_row]\" \/>\n<meta property=\"og:url\" content=\"https:\/\/discoveralmunecar.com\/fr\/ou-dormir-a-almunecar-les-meilleurs-hotels\/\" \/>\n<meta property=\"article:modified_time\" content=\"2021-09-27T10:18:01+00:00\" \/>\n<meta name=\"twitter:card\" content=\"summary_large_image\" \/>\n<meta name=\"twitter:label1\" content=\"Dur\u00e9e de lecture estim\u00e9e\" \/>\n\t<meta name=\"twitter:data1\" content=\"3 minutes\" \/>\n<script type=\"application\/ld+json\" class=\"yoast-schema-graph\">{\"@context\":\"https:\\\/\\\/schema.org\",\"@graph\":[{\"@type\":\"WebPage\",\"@id\":\"https:\\\/\\\/discoveralmunecar.com\\\/fr\\\/ou-dormir-a-almunecar-les-meilleurs-hotels\\\/\",\"url\":\"https:\\\/\\\/discoveralmunecar.com\\\/fr\\\/ou-dormir-a-almunecar-les-meilleurs-hotels\\\/\",\"name\":\"O\u00f9 dormir \u00e0 Almu\u00f1\u00e9car, les meilleurs h\u00f4tels\",\"isPartOf\":{\"@id\":\"https:\\\/\\\/discoveralmunecar.com\\\/fr\\\/#website\"},\"datePublished\":\"2021-08-12T10:31:09+00:00\",\"dateModified\":\"2021-09-27T10:18:01+00:00\",\"breadcrumb\":{\"@id\":\"https:\\\/\\\/discoveralmunecar.com\\\/fr\\\/ou-dormir-a-almunecar-les-meilleurs-hotels\\\/#breadcrumb\"},\"inLanguage\":\"fr-FR\",\"potentialAction\":[{\"@type\":\"ReadAction\",\"target\":[\"https:\\\/\\\/discoveralmunecar.com\\\/fr\\\/ou-dormir-a-almunecar-les-meilleurs-hotels\\\/\"]}]},{\"@type\":\"BreadcrumbList\",\"@id\":\"https:\\\/\\\/discoveralmunecar.com\\\/fr\\\/ou-dormir-a-almunecar-les-meilleurs-hotels\\\/#breadcrumb\",\"itemListElement\":[{\"@type\":\"ListItem\",\"position\":1,\"name\":\"Home\",\"item\":\"https:\\\/\\\/discoveralmunecar.com\\\/fr\\\/\"},{\"@type\":\"ListItem\",\"position\":2,\"name\":\"O\u00f9 dormir \u00e0 Almu\u00f1\u00e9car, les meilleurs h\u00f4tels\"}]},{\"@type\":\"WebSite\",\"@id\":\"https:\\\/\\\/discoveralmunecar.com\\\/fr\\\/#website\",\"url\":\"https:\\\/\\\/discoveralmunecar.com\\\/fr\\\/\",\"name\":\"\",\"description\":\"Just another WordPress site\\n\",\"potentialAction\":[{\"@type\":\"SearchAction\",\"target\":{\"@type\":\"EntryPoint\",\"urlTemplate\":\"https:\\\/\\\/discoveralmunecar.com\\\/fr\\\/?s={search_term_string}\"},\"query-input\":{\"@type\":\"PropertyValueSpecification\",\"valueRequired\":true,\"valueName\":\"search_term_string\"}}],\"inLanguage\":\"fr-FR\"}]}<\/script>\n<!-- \/ Yoast SEO plugin. -->","yoast_head_json":{"title":"O\u00f9 dormir \u00e0 Almu\u00f1\u00e9car, les meilleurs h\u00f4tels","robots":{"index":"index","follow":"follow","max-snippet":"max-snippet:-1","max-image-preview":"max-image-preview:large","max-video-preview":"max-video-preview:-1"},"canonical":"https:\/\/discoveralmunecar.com\/fr\/ou-dormir-a-almunecar-les-meilleurs-hotels\/","og_locale":"fr_FR","og_type":"article","og_title":"O\u00f9 dormir \u00e0 Almu\u00f1\u00e9car, les meilleurs h\u00f4tels","og_description":"[vc_row][vc_column][vc_empty_space][\/vc_column][\/vc_row]","og_url":"https:\/\/discoveralmunecar.com\/fr\/ou-dormir-a-almunecar-les-meilleurs-hotels\/","article_modified_time":"2021-09-27T10:18:01+00:00","twitter_card":"summary_large_image","twitter_misc":{"Dur\u00e9e de lecture estim\u00e9e":"3 minutes"},"schema":{"@context":"https:\/\/schema.org","@graph":[{"@type":"WebPage","@id":"https:\/\/discoveralmunecar.com\/fr\/ou-dormir-a-almunecar-les-meilleurs-hotels\/","url":"https:\/\/discoveralmunecar.com\/fr\/ou-dormir-a-almunecar-les-meilleurs-hotels\/","name":"O\u00f9 dormir \u00e0 Almu\u00f1\u00e9car, les meilleurs h\u00f4tels","isPartOf":{"@id":"https:\/\/discoveralmunecar.com\/fr\/#website"},"datePublished":"2021-08-12T10:31:09+00:00","dateModified":"2021-09-27T10:18:01+00:00","breadcrumb":{"@id":"https:\/\/discoveralmunecar.com\/fr\/ou-dormir-a-almunecar-les-meilleurs-hotels\/#breadcrumb"},"inLanguage":"fr-FR","potentialAction":[{"@type":"ReadAction","target":["https:\/\/discoveralmunecar.com\/fr\/ou-dormir-a-almunecar-les-meilleurs-hotels\/"]}]},{"@type":"BreadcrumbList","@id":"https:\/\/discoveralmunecar.com\/fr\/ou-dormir-a-almunecar-les-meilleurs-hotels\/#breadcrumb","itemListElement":[{"@type":"ListItem","position":1,"name":"Home","item":"https:\/\/discoveralmunecar.com\/fr\/"},{"@type":"ListItem","position":2,"name":"O\u00f9 dormir \u00e0 Almu\u00f1\u00e9car, les meilleurs h\u00f4tels"}]},{"@type":"WebSite","@id":"https:\/\/discoveralmunecar.com\/fr\/#website","url":"https:\/\/discoveralmunecar.com\/fr\/","name":"","description":"Just another WordPress site\n","potentialAction":[{"@type":"SearchAction","target":{"@type":"EntryPoint","urlTemplate":"https:\/\/discoveralmunecar.com\/fr\/?s={search_term_string}"},"query-input":{"@type":"PropertyValueSpecification","valueRequired":true,"valueName":"search_term_string"}}],"inLanguage":"fr-FR"}]}},"_links":{"self":[{"href":"https:\/\/discoveralmunecar.com\/fr\/wp-json\/wp\/v2\/pages\/6367","targetHints":{"allow":["GET"]}}],"collection":[{"href":"https:\/\/discoveralmunecar.com\/fr\/wp-json\/wp\/v2\/pages"}],"about":[{"href":"https:\/\/discoveralmunecar.com\/fr\/wp-json\/wp\/v2\/types\/page"}],"author":[{"embeddable":true,"href":"https:\/\/discoveralmunecar.com\/fr\/wp-json\/wp\/v2\/users\/2"}],"replies":[{"embeddable":true,"href":"https:\/\/discoveralmunecar.com\/fr\/wp-json\/wp\/v2\/comments?post=6367"}],"version-history":[{"count":4,"href":"https:\/\/discoveralmunecar.com\/fr\/wp-json\/wp\/v2\/pages\/6367\/revisions"}],"predecessor-version":[{"id":7349,"href":"https:\/\/discoveralmunecar.com\/fr\/wp-json\/wp\/v2\/pages\/6367\/revisions\/7349"}],"wp:attachment":[{"href":"https:\/\/discoveralmunecar.com\/fr\/wp-json\/wp\/v2\/media?parent=6367"}],"curies":[{"name":"wp","href":"https:\/\/api.w.org\/{rel}","templated":true}]}}