{"id":6761,"date":"2021-08-30T09:55:12","date_gmt":"2021-08-30T09:55:12","guid":{"rendered":"https:\/\/discoveralmunecar.com\/?page_id=6761"},"modified":"2021-08-30T09:55:12","modified_gmt":"2021-08-30T09:55:12","slug":"ou-dormir-a-la-herradura","status":"publish","type":"page","link":"https:\/\/discoveralmunecar.com\/fr\/ou-dormir-a-la-herradura\/","title":{"rendered":"O\u00f9 dormir \u00e0 La Herradura, les meilleurs h\u00f4tels"},"content":{"rendered":"<p>[vc_row][vc_column][vc_empty_space]<div class=\"text-block\" ><div class=\"simple-text \"><p>Il est bien connu que La Herradura, la ville qui forme la fronti\u00e8re entre les provinces de Grenade (\u00e0 laquelle elle appartient) et de Malaga, au c\u0153ur de la Costa del Sol Tropical, bien qu&#8217;elle puisse sembler \u00eatre un petit village de p\u00eacheurs, est un grand paradis du soleil et des plages. Gr\u00e2ce \u00e0 son climat et \u00e0 son emplacement privil\u00e9gi\u00e9 entre les falaises de Maro Cerro Gordo et Punta de la Mona. Et tr\u00e8s pr\u00e9par\u00e9e \u00e0 recevoir des visiteurs toute l&#8217;ann\u00e9e. Et il y a aussi de nombreux endroits fabuleux pour se loger.<\/p>\n<p>Ainsi, sans \u00eatre satur\u00e9 et sans la pression \u00e9touffante du tourisme de masse de la c\u00f4te voisine de Malaga, ou du Levante espagnol, nous trouvons une plante h\u00f4teli\u00e8re tr\u00e8s proche et paisible, pour tous les go\u00fbts. Ici, nous pouvons d\u00e9couvrir des campings pour profiter de la nature dans tous ses sens, des h\u00f4tels 4 \u00e9toiles, des pensions et des villas de luxe.<\/p>\n<p>Parmi les h\u00f4tels, nous en trouvons beaucoup en bord de mer ou dans le centre ville, mais tous tr\u00e8s proches de la magnifique plage et, dans la plupart des cas, avec des vues exceptionnelles sur la c\u00f4te.<\/p>\n<p>En outre, la vaste offre d&#8217;h\u00e9bergement est compl\u00e9t\u00e9e par les appartements touristiques, qui ont atteint un haut degr\u00e9 d&#8217;acceptation et que l&#8217;on trouve dans des urbanisations luxueuses, avec toutes sortes de services et d&#8217;\u00e9quipements, des piscines aux jardins et aux aires de jeux pour enfants, en centre-ville ou \u00e0 quelques m\u00e8tres de la plage. En outre, la plupart de ces infrastructures disposent d&#8217;\u00e9quipements modernes et bien entretenus, et constituent une excellente option pour les familles.<\/p>\n<p>Il est important de noter que si vous souhaitez passer quelques jours \u00e0 La Herradura pendant la haute saison, de juin \u00e0 septembre, il est conseill\u00e9 de faire votre r\u00e9servation dans l&#8217;un de ces h\u00e9bergements suffisamment \u00e0 l&#8217;avance.<\/p>\n<p>Les zones les plus populaires pour s\u00e9journer sont les suivantes :<\/p>\n<ul>\n<li>Marina del Este\/Berengueles, il s&#8217;agit d&#8217;une marina petite mais luxueuse, et d&#8217;une plage tr\u00e8s proche du port, qui est un paradis pour les amateurs de plong\u00e9e sous-marine et de snorkeling, gr\u00e2ce \u00e0 ses fonds et ses parois rocheuses.<\/li>\n<li>Punta de la Mona : c\u00e9l\u00e8bre urbanisation situ\u00e9e sur le lieu du m\u00eame nom, qui fut la demeure du guitariste virtuose Andr\u00e9s Segovia, consid\u00e9r\u00e9 comme le p\u00e8re du mouvement moderne de la guitare classique, et La Herradura lui a rendu hommage en donnant son nom \u00e0 la promenade de la ville, qui est l&#8217;une de ses principales art\u00e8res.<\/li>\n<li>La ville.<\/li>\n<li>L&#8217;est et l&#8217;ouest du front de mer de La Herradura.<\/li>\n<\/ul>\n<p>Et parmi les h\u00f4tels et maisons d&#8217;h\u00f4tes, nous pouvons souligner, bien qu&#8217;il y en ait beaucoup plus :<\/p>\n<ul>\n<li>Best Alcazar.<\/li>\n<li>H Boutique Pe\u00f1a Parda Bay.<\/li>\n<li>Oyo Almijara.<\/li>\n<li>Sol Los Fenicios.<\/li>\n<li>Caleta Bay.<\/li>\n<li>Pension La Herradura<\/li>\n<\/ul>\n<p>Ne laissez pas les gens vous le dire, venez visiter La Herradura et s\u00e9journez dans l&#8217;un de ses magnifiques \u00e9tablissements au bord de la mer M\u00e9diterran\u00e9e.<\/p>\n<\/div><\/div>[\/vc_column][\/vc_row]<\/p>\n","protected":false},"excerpt":{"rendered":"<p>[vc_row][vc_column][vc_empty_space][\/vc_column][\/vc_row]<\/p>\n","protected":false},"author":2,"featured_media":0,"parent":0,"menu_order":0,"comment_status":"closed","ping_status":"closed","template":"","meta":{"footnotes":""},"class_list":["post-6761","page","type-page","status-publish","hentry"],"yoast_head":"<!-- This site is optimized with the Yoast SEO plugin v27.3 - https:\/\/yoast.com\/product\/yoast-seo-wordpress\/ -->\n<title>O\u00f9 dormir \u00e0 La Herradura, les meilleurs h\u00f4tels -<\/title>\n<meta name=\"robots\" content=\"index, follow, max-snippet:-1, max-image-preview:large, max-video-preview:-1\" \/>\n<link rel=\"canonical\" href=\"https:\/\/discoveralmunecar.com\/fr\/ou-dormir-a-la-herradura\/\" \/>\n<meta property=\"og:locale\" content=\"fr_FR\" \/>\n<meta property=\"og:type\" content=\"article\" \/>\n<meta property=\"og:title\" content=\"O\u00f9 dormir \u00e0 La Herradura, les meilleurs h\u00f4tels -\" \/>\n<meta property=\"og:description\" content=\"[vc_row][vc_column][vc_empty_space][\/vc_column][\/vc_row]\" \/>\n<meta property=\"og:url\" content=\"https:\/\/discoveralmunecar.com\/fr\/ou-dormir-a-la-herradura\/\" \/>\n<meta name=\"twitter:card\" content=\"summary_large_image\" \/>\n<meta name=\"twitter:label1\" content=\"Dur\u00e9e de lecture estim\u00e9e\" \/>\n\t<meta name=\"twitter:data1\" content=\"3 minutes\" \/>\n<script type=\"application\/ld+json\" class=\"yoast-schema-graph\">{\"@context\":\"https:\\\/\\\/schema.org\",\"@graph\":[{\"@type\":\"WebPage\",\"@id\":\"https:\\\/\\\/discoveralmunecar.com\\\/fr\\\/ou-dormir-a-la-herradura\\\/\",\"url\":\"https:\\\/\\\/discoveralmunecar.com\\\/fr\\\/ou-dormir-a-la-herradura\\\/\",\"name\":\"O\u00f9 dormir \u00e0 La Herradura, les meilleurs h\u00f4tels -\",\"isPartOf\":{\"@id\":\"https:\\\/\\\/discoveralmunecar.com\\\/fr\\\/#website\"},\"datePublished\":\"2021-08-30T09:55:12+00:00\",\"breadcrumb\":{\"@id\":\"https:\\\/\\\/discoveralmunecar.com\\\/fr\\\/ou-dormir-a-la-herradura\\\/#breadcrumb\"},\"inLanguage\":\"fr-FR\",\"potentialAction\":[{\"@type\":\"ReadAction\",\"target\":[\"https:\\\/\\\/discoveralmunecar.com\\\/fr\\\/ou-dormir-a-la-herradura\\\/\"]}]},{\"@type\":\"BreadcrumbList\",\"@id\":\"https:\\\/\\\/discoveralmunecar.com\\\/fr\\\/ou-dormir-a-la-herradura\\\/#breadcrumb\",\"itemListElement\":[{\"@type\":\"ListItem\",\"position\":1,\"name\":\"Home\",\"item\":\"https:\\\/\\\/discoveralmunecar.com\\\/fr\\\/\"},{\"@type\":\"ListItem\",\"position\":2,\"name\":\"O\u00f9 dormir \u00e0 La Herradura, les meilleurs h\u00f4tels\"}]},{\"@type\":\"WebSite\",\"@id\":\"https:\\\/\\\/discoveralmunecar.com\\\/fr\\\/#website\",\"url\":\"https:\\\/\\\/discoveralmunecar.com\\\/fr\\\/\",\"name\":\"\",\"description\":\"Just another WordPress site\\n\",\"potentialAction\":[{\"@type\":\"SearchAction\",\"target\":{\"@type\":\"EntryPoint\",\"urlTemplate\":\"https:\\\/\\\/discoveralmunecar.com\\\/fr\\\/?s={search_term_string}\"},\"query-input\":{\"@type\":\"PropertyValueSpecification\",\"valueRequired\":true,\"valueName\":\"search_term_string\"}}],\"inLanguage\":\"fr-FR\"}]}<\/script>\n<!-- \/ Yoast SEO plugin. -->","yoast_head_json":{"title":"O\u00f9 dormir \u00e0 La Herradura, les meilleurs h\u00f4tels -","robots":{"index":"index","follow":"follow","max-snippet":"max-snippet:-1","max-image-preview":"max-image-preview:large","max-video-preview":"max-video-preview:-1"},"canonical":"https:\/\/discoveralmunecar.com\/fr\/ou-dormir-a-la-herradura\/","og_locale":"fr_FR","og_type":"article","og_title":"O\u00f9 dormir \u00e0 La Herradura, les meilleurs h\u00f4tels -","og_description":"[vc_row][vc_column][vc_empty_space][\/vc_column][\/vc_row]","og_url":"https:\/\/discoveralmunecar.com\/fr\/ou-dormir-a-la-herradura\/","twitter_card":"summary_large_image","twitter_misc":{"Dur\u00e9e de lecture estim\u00e9e":"3 minutes"},"schema":{"@context":"https:\/\/schema.org","@graph":[{"@type":"WebPage","@id":"https:\/\/discoveralmunecar.com\/fr\/ou-dormir-a-la-herradura\/","url":"https:\/\/discoveralmunecar.com\/fr\/ou-dormir-a-la-herradura\/","name":"O\u00f9 dormir \u00e0 La Herradura, les meilleurs h\u00f4tels -","isPartOf":{"@id":"https:\/\/discoveralmunecar.com\/fr\/#website"},"datePublished":"2021-08-30T09:55:12+00:00","breadcrumb":{"@id":"https:\/\/discoveralmunecar.com\/fr\/ou-dormir-a-la-herradura\/#breadcrumb"},"inLanguage":"fr-FR","potentialAction":[{"@type":"ReadAction","target":["https:\/\/discoveralmunecar.com\/fr\/ou-dormir-a-la-herradura\/"]}]},{"@type":"BreadcrumbList","@id":"https:\/\/discoveralmunecar.com\/fr\/ou-dormir-a-la-herradura\/#breadcrumb","itemListElement":[{"@type":"ListItem","position":1,"name":"Home","item":"https:\/\/discoveralmunecar.com\/fr\/"},{"@type":"ListItem","position":2,"name":"O\u00f9 dormir \u00e0 La Herradura, les meilleurs h\u00f4tels"}]},{"@type":"WebSite","@id":"https:\/\/discoveralmunecar.com\/fr\/#website","url":"https:\/\/discoveralmunecar.com\/fr\/","name":"","description":"Just another WordPress site\n","potentialAction":[{"@type":"SearchAction","target":{"@type":"EntryPoint","urlTemplate":"https:\/\/discoveralmunecar.com\/fr\/?s={search_term_string}"},"query-input":{"@type":"PropertyValueSpecification","valueRequired":true,"valueName":"search_term_string"}}],"inLanguage":"fr-FR"}]}},"_links":{"self":[{"href":"https:\/\/discoveralmunecar.com\/fr\/wp-json\/wp\/v2\/pages\/6761","targetHints":{"allow":["GET"]}}],"collection":[{"href":"https:\/\/discoveralmunecar.com\/fr\/wp-json\/wp\/v2\/pages"}],"about":[{"href":"https:\/\/discoveralmunecar.com\/fr\/wp-json\/wp\/v2\/types\/page"}],"author":[{"embeddable":true,"href":"https:\/\/discoveralmunecar.com\/fr\/wp-json\/wp\/v2\/users\/2"}],"replies":[{"embeddable":true,"href":"https:\/\/discoveralmunecar.com\/fr\/wp-json\/wp\/v2\/comments?post=6761"}],"version-history":[{"count":2,"href":"https:\/\/discoveralmunecar.com\/fr\/wp-json\/wp\/v2\/pages\/6761\/revisions"}],"predecessor-version":[{"id":6763,"href":"https:\/\/discoveralmunecar.com\/fr\/wp-json\/wp\/v2\/pages\/6761\/revisions\/6763"}],"wp:attachment":[{"href":"https:\/\/discoveralmunecar.com\/fr\/wp-json\/wp\/v2\/media?parent=6761"}],"curies":[{"name":"wp","href":"https:\/\/api.w.org\/{rel}","templated":true}]}}