{"id":7511,"date":"2021-10-29T11:10:07","date_gmt":"2021-10-29T11:10:07","guid":{"rendered":"https:\/\/discoveralmunecar.com\/?page_id=7511"},"modified":"2021-10-29T11:21:21","modified_gmt":"2021-10-29T11:21:21","slug":"parques-y-naturaleza-de-almunecar","status":"publish","type":"page","link":"https:\/\/discoveralmunecar.com\/fr\/parques-y-naturaleza-de-almunecar\/","title":{"rendered":"Parcs et nature \u00e0 Almu\u00f1\u00e9car"},"content":{"rendered":"<p>[vc_row][vc_column]      <div class=\"row\">\n        <div class=\"post-grid-view\">\n                  <div class=\"col-sm-6 post-4063 post type-post status-publish format-standard has-post-thumbnail hentry category-parcs-et-nature category-que-faire\">\n\n            <div class=\"tt-post type-2\">\n                      <a class=\"tt-post-img custom-hover\" href=\"https:\/\/discoveralmunecar.com\/fr\/sierra-de-almijara\/\">\n      <img fetchpriority=\"high\" decoding=\"async\" width=\"537\" height=\"307\" src=\"https:\/\/discoveralmunecar.com\/wp-content\/uploads\/2021\/06\/12-537x307.jpg\" class=\"img-responsive wp-post-image\" alt=\"\" \/>    <\/a>\n                <div class=\"tt-post-info\">\n                                    <a class=\"tt-post-title c-h4\" href=\"https:\/\/discoveralmunecar.com\/fr\/sierra-de-almijara\/\"><small>Sierra de Almijara<\/small><\/a>\n                      <div class=\"tt-post-label\">\n                <\/div>\n                      <div class=\"simple-text\">\n      <p><\/p>\n    <\/div>\n                                    <\/div>\n            <\/div>\n            <div class=\"empty-space marg-xs-b30\"><\/div> \n          <\/div>\n            <div class=\"col-xs-6 col-sm-4 col-lg-2 post-handy-picked post-4291 post type-post status-publish format-standard has-post-thumbnail hentry category-parcs-et-nature category-que-faire category-sports-fr\">\n      <div class=\"tt-post type-3\">\n                <a class=\"tt-post-img custom-hover\" href=\"https:\/\/discoveralmunecar.com\/fr\/randonnee-lancien-chemin-des-pecheurs-a-almunecar\/\">\n      <img decoding=\"async\" width=\"183\" height=\"96\" src=\"https:\/\/discoveralmunecar.com\/wp-content\/uploads\/2021\/06\/2AF-183x96.jpg\" class=\"img-responsive wp-post-image\" alt=\"\" \/>    <\/a>\n            <div class=\"tt-post-info\">\n                <a class=\"tt-post-title c-h5\" href=\"https:\/\/discoveralmunecar.com\/fr\/randonnee-lancien-chemin-des-pecheurs-a-almunecar\/\">Randonn\u00e9e, l&#8217;ancien chemin des p\u00eacheurs \u00e0 Almu\u00f1\u00e9car<\/a>\n                  <div class=\"tt-post-label\">\n              <span class=\"tt-post-author-name\"><a href=\"https:\/\/discoveralmunecar.com\/fr\/author\/equipo_translate\/\">Translate<\/a><\/span>\n                    <span class=\"tt-post-date\">juillet 13, 2021<\/span>\n          <\/div>\n            <\/div>\n      <\/div> \n      <div class=\"empty-space marg-lg-b25\"><\/div>                 \n    <\/div>\n      <div class=\"col-xs-6 col-sm-4 col-lg-2 post-handy-picked post-5470 post type-post status-publish format-standard has-post-thumbnail hentry category-parcs-et-nature category-que-faire\">\n      <div class=\"tt-post type-3\">\n                <a class=\"tt-post-img custom-hover\" href=\"https:\/\/discoveralmunecar.com\/fr\/parc-mediterraneen\/\">\n      <img decoding=\"async\" width=\"183\" height=\"96\" src=\"https:\/\/discoveralmunecar.com\/wp-content\/uploads\/2021\/04\/almunecar-nature-park-el-mediterraneo-3-183x96.jpg\" class=\"img-responsive wp-post-image\" alt=\"\" \/>    <\/a>\n            <div class=\"tt-post-info\">\n                <a class=\"tt-post-title c-h5\" href=\"https:\/\/discoveralmunecar.com\/fr\/parc-mediterraneen\/\">Parc m\u00e9diterran\u00e9en<\/a>\n                  <div class=\"tt-post-label\">\n              <span class=\"tt-post-author-name\"><a href=\"https:\/\/discoveralmunecar.com\/fr\/author\/equipo_translate\/\">Translate<\/a><\/span>\n                    <span class=\"tt-post-date\">juillet 26, 2021<\/span>\n          <\/div>\n            <\/div>\n      <\/div> \n      <div class=\"empty-space marg-lg-b25\"><\/div>                 \n    <\/div>\n      <div class=\"col-xs-6 col-sm-4 col-lg-2 post-handy-picked post-4672 post type-post status-publish format-standard has-post-thumbnail hentry category-parcs-et-nature category-que-faire\">\n      <div class=\"tt-post type-3\">\n                <a class=\"tt-post-img custom-hover\" href=\"https:\/\/discoveralmunecar.com\/fr\/parc-el-majuelo\/\">\n      <img loading=\"lazy\" decoding=\"async\" width=\"183\" height=\"96\" src=\"https:\/\/discoveralmunecar.com\/wp-content\/uploads\/2021\/04\/almunecar-nature-park-el-majuelo-1-183x96.jpg\" class=\"img-responsive wp-post-image\" alt=\"\" \/>    <\/a>\n            <div class=\"tt-post-info\">\n                <a class=\"tt-post-title c-h5\" href=\"https:\/\/discoveralmunecar.com\/fr\/parc-el-majuelo\/\">Parc El Majuelo<\/a>\n                  <div class=\"tt-post-label\">\n              <span class=\"tt-post-author-name\"><a href=\"https:\/\/discoveralmunecar.com\/fr\/author\/equipo_translate\/\">Translate<\/a><\/span>\n                    <span class=\"tt-post-date\">juillet 23, 2021<\/span>\n          <\/div>\n            <\/div>\n      <\/div> \n      <div class=\"empty-space marg-lg-b25\"><\/div>                 \n    <\/div>\n      <div class=\"col-xs-6 col-sm-4 col-lg-2 post-handy-picked post-4667 post type-post status-publish format-standard has-post-thumbnail hentry category-parcs-et-nature category-que-faire\">\n      <div class=\"tt-post type-3\">\n                <a class=\"tt-post-img custom-hover\" href=\"https:\/\/discoveralmunecar.com\/fr\/los-penones-del-santo\/\">\n      <img loading=\"lazy\" decoding=\"async\" width=\"183\" height=\"96\" src=\"https:\/\/discoveralmunecar.com\/wp-content\/uploads\/2021\/04\/SCristo\u0301bal-2-1-183x96.jpeg\" class=\"img-responsive wp-post-image\" alt=\"\" \/>    <\/a>\n            <div class=\"tt-post-info\">\n                <a class=\"tt-post-title c-h5\" href=\"https:\/\/discoveralmunecar.com\/fr\/los-penones-del-santo\/\">Los Pe\u00f1ones del Santo<\/a>\n                  <div class=\"tt-post-label\">\n              <span class=\"tt-post-author-name\"><a href=\"https:\/\/discoveralmunecar.com\/fr\/author\/equipo_translate\/\">Translate<\/a><\/span>\n                    <span class=\"tt-post-date\">juillet 23, 2021<\/span>\n          <\/div>\n            <\/div>\n      <\/div> \n      <div class=\"empty-space marg-lg-b25\"><\/div>                 \n    <\/div>\n      <div class=\"col-xs-6 col-sm-4 col-lg-2 post-handy-picked post-4688 post type-post status-publish format-standard has-post-thumbnail hentry category-parcs-et-nature category-que-faire\">\n      <div class=\"tt-post type-3\">\n                <a class=\"tt-post-img custom-hover\" href=\"https:\/\/discoveralmunecar.com\/fr\/jardin-musee-des-bonsais\/\">\n      <img loading=\"lazy\" decoding=\"async\" width=\"183\" height=\"96\" src=\"https:\/\/discoveralmunecar.com\/wp-content\/uploads\/2021\/04\/almunecar-nature-garden-museum-bonsai-1-183x96.jpg\" class=\"img-responsive wp-post-image\" alt=\"\" \/>    <\/a>\n            <div class=\"tt-post-info\">\n                <a class=\"tt-post-title c-h5\" href=\"https:\/\/discoveralmunecar.com\/fr\/jardin-musee-des-bonsais\/\">Jardin-Mus\u00e9e des Bonsa\u00efs<\/a>\n                  <div class=\"tt-post-label\">\n              <span class=\"tt-post-author-name\"><a href=\"https:\/\/discoveralmunecar.com\/fr\/author\/equipo_translate\/\">Translate<\/a><\/span>\n                    <span class=\"tt-post-date\">juillet 23, 2021<\/span>\n          <\/div>\n            <\/div>\n      <\/div> \n      <div class=\"empty-space marg-lg-b25\"><\/div>                 \n    <\/div>\n      <div class=\"col-xs-6 col-sm-4 col-lg-2 post-handy-picked post-5099 post type-post status-publish format-standard has-post-thumbnail hentry category-parcs-et-nature category-que-faire\">\n      <div class=\"tt-post type-3\">\n                <a class=\"tt-post-img custom-hover\" href=\"https:\/\/discoveralmunecar.com\/fr\/falaises-de-maro-cerro-gordo-a-almunecar\/\">\n      <img loading=\"lazy\" decoding=\"async\" width=\"183\" height=\"96\" src=\"https:\/\/discoveralmunecar.com\/wp-content\/uploads\/2021\/06\/6-19-16-59-698-183x96.jpg\" class=\"img-responsive wp-post-image\" alt=\"portada cerro\" \/>    <\/a>\n            <div class=\"tt-post-info\">\n                <a class=\"tt-post-title c-h5\" href=\"https:\/\/discoveralmunecar.com\/fr\/falaises-de-maro-cerro-gordo-a-almunecar\/\">Falaises de Maro-Cerro Gordo \u00e0 Almu\u00f1\u00e9car<\/a>\n                  <div class=\"tt-post-label\">\n              <span class=\"tt-post-author-name\"><a href=\"https:\/\/discoveralmunecar.com\/fr\/author\/equipo_translate\/\">Translate<\/a><\/span>\n                    <span class=\"tt-post-date\">juillet 23, 2021<\/span>\n          <\/div>\n            <\/div>\n      <\/div> \n      <div class=\"empty-space marg-lg-b25\"><\/div>                 \n    <\/div>\n      <div class=\"col-xs-6 col-sm-4 col-lg-2 post-handy-picked post-4739 post type-post status-publish format-standard has-post-thumbnail hentry category-parcs-et-nature category-que-faire\">\n      <div class=\"tt-post type-3\">\n                <a class=\"tt-post-img custom-hover\" href=\"https:\/\/discoveralmunecar.com\/fr\/degustations-de-fruits-subtropicaux-a-partir-de-larbre\/\">\n      <img loading=\"lazy\" decoding=\"async\" width=\"183\" height=\"96\" src=\"https:\/\/discoveralmunecar.com\/wp-content\/uploads\/2021\/02\/degustacion-fruta-almunecar-finca-el-pinero-1-1-183x96.jpg\" class=\"img-responsive wp-post-image\" alt=\"\" \/>    <\/a>\n            <div class=\"tt-post-info\">\n                <a class=\"tt-post-title c-h5\" href=\"https:\/\/discoveralmunecar.com\/fr\/degustations-de-fruits-subtropicaux-a-partir-de-larbre\/\">D\u00e9gustations de fruits subtropicaux \u00e0 partir de l&#8217;arbre<\/a>\n                  <div class=\"tt-post-label\">\n              <span class=\"tt-post-author-name\"><a href=\"https:\/\/discoveralmunecar.com\/fr\/author\/equipo_translate\/\">Translate<\/a><\/span>\n                    <span class=\"tt-post-date\">juillet 23, 2021<\/span>\n          <\/div>\n            <\/div>\n      <\/div> \n      <div class=\"empty-space marg-lg-b25\"><\/div>                 \n    <\/div>\n      <div class=\"col-xs-6 col-sm-4 col-lg-2 post-handy-picked post-4476 post type-post status-publish format-standard has-post-thumbnail hentry category-parcs-et-nature category-que-faire\">\n      <div class=\"tt-post type-3\">\n                <a class=\"tt-post-img custom-hover\" href=\"https:\/\/discoveralmunecar.com\/fr\/aquarium-almunecar\/\">\n      <img loading=\"lazy\" decoding=\"async\" width=\"183\" height=\"96\" src=\"https:\/\/discoveralmunecar.com\/wp-content\/uploads\/2021\/05\/almunecar-aquarium-1-183x96.jpg\" class=\"img-responsive wp-post-image\" alt=\"\" \/>    <\/a>\n            <div class=\"tt-post-info\">\n                <a class=\"tt-post-title c-h5\" href=\"https:\/\/discoveralmunecar.com\/fr\/aquarium-almunecar\/\">Aquarium d&#8217;Almu\u00f1\u00e9car<\/a>\n                  <div class=\"tt-post-label\">\n              <span class=\"tt-post-author-name\"><a href=\"https:\/\/discoveralmunecar.com\/fr\/author\/equipo_translate\/\">Translate<\/a><\/span>\n                    <span class=\"tt-post-date\">juillet 13, 2021<\/span>\n          <\/div>\n            <\/div>\n      <\/div> \n      <div class=\"empty-space marg-lg-b25\"><\/div>                 \n    <\/div>\n          <\/div>\n      <\/div>\n      \n  [vc_empty_space]<div class=\"text-block\" ><div class=\"simple-text \"><h3>Parc El Majuelo<\/h3>\n<p>Le parc El Majuelo est situ\u00e9 dans le centre historique d&#8217;Almu\u00f1\u00e9car, sous les pentes du ch\u00e2teau de San Miguel.<\/p>\n<p>Gr\u00e2ce au climat privil\u00e9gi\u00e9 d&#8217;Almu\u00f1\u00e9car, ce parc est \u00e9galement une importante r\u00e9serve botanique, o\u00f9 l&#8217;on peut appr\u00e9cier plus de 180 esp\u00e8ces de plantes tropicales et subtropicales provenant de diff\u00e9rentes parties du monde.<\/p>\n<p>Il existe des sp\u00e9cimens d&#8217;Am\u00e9rique centrale et du Sud, d&#8217;Australie, d&#8217;Afrique et de Madagascar, des Philippines, d&#8217;Inde, du Japon, de Chine, des \u00eeles malaises, d&#8217;Indon\u00e9sie, de Nouvelle-Guin\u00e9e, de Nouvelle-Z\u00e9lande, de Micron\u00e9sie, d&#8217;Arabie et de Polyn\u00e9sie. En plus d&#8217;un grand nombre de palmiers.<\/p>\n<p>Cependant, sachant qu&#8217;Almu\u00f1\u00e9car est la ville la plus ancienne de la M\u00e9diterran\u00e9e espagnole et que toutes les cultures de l&#8217;Antiquit\u00e9 sont pass\u00e9es par l\u00e0, nous pouvons \u00e9galement contempler l&#8217;ancienne salaison de poisson, o\u00f9 \u00e9tait fabriqu\u00e9 le fameux garum.<\/p>\n<p>Cette usine \u00e9tait \u00e0 l&#8217;origine l&#8217;\u0153uvre des Ph\u00e9niciens, mais sous l&#8217;Empire romain, elle s&#8217;est d\u00e9velopp\u00e9e et est devenue un centre de production tr\u00e8s important pour la ville d&#8217;Almu\u00f1\u00e9car \u00e0 cette \u00e9poque.<\/p>\n<p>En outre, \u00e0 l&#8217;int\u00e9rieur du parc se trouve un auditorium con\u00e7u par le ma\u00eetre Timoteo Urrengoechea Gomeza.<br \/>\nEt comme Almu\u00f1\u00e9car est \u00e9galement un centre d&#8217;art, vous pourrez d\u00e9couvrir dans tout le parc des sculptures d&#8217;artistes syriens, gr\u00e2ce \u00e0 la collaboration de la ville d&#8217;Almu\u00f1\u00e9car avec ce pays.<\/p>\n<h3>Parc m\u00e9diterran\u00e9en, Taramay<\/h3>\n<p>Il s&#8217;agit d&#8217;un parc particulier, car il est situ\u00e9 en bord de mer, entour\u00e9 d&#8217;un bosquet feuillu de pins et d&#8217;autres esp\u00e8ces classiques du climat m\u00e9diterran\u00e9en, le long de la mer, ce qui en fait un lieu exceptionnel pour se promener et contempler la nature tout en sentant la douce brise marine.<\/p>\n<p>De plus, son emplacement offre \u00e0 ses visiteurs des vues imprenables, et c&#8217;est un excellent endroit pour prendre des photos spectaculaires. C&#8217;est pourquoi de nombreux couples choisissent cet endroit pour leurs photos de mariage et autres c\u00e9l\u00e9brations.<\/p>\n<p>Le long de son parcours, il y a un certain nombre de points qui sont de v\u00e9ritables points de vue panoramiques. Le parc m\u00e8ne \u00e9galement \u00e0 trois plages diff\u00e9rentes de la c\u00f4te sexitano : la plage de Cabria, la plage de Calabaj\u00edo et la plage de Pozuelo.<\/p>\n<h3>Jardin-Mus\u00e9e des Bonsa\u00efs<\/h3>\n<p>Il s&#8217;agit d&#8217;un mus\u00e9e d&#8217;une superficie d&#8217;environ 2 000 m\u00e8tres carr\u00e9s, consacr\u00e9 \u00e0 l&#8217;\u00e9tude, \u00e0 la diffusion et au plaisir de ces petits arbres. Ce jardin-mus\u00e9e de bonsa\u00efs est le plus important d&#8217;Andalousie et figure parmi les meilleurs d&#8217;Espagne et d&#8217;Europe.<\/p>\n<p>On peut y voir un grand nombre d&#8217;esp\u00e8ces provenant de diff\u00e9rentes parties du monde, apport\u00e9es d&#8217;Asie et d&#8217;autres parties de l&#8217;Europe, et bien s\u00fbr aussi des esp\u00e8ces indig\u00e8nes de la province et de la c\u00f4te m\u00e9diterran\u00e9enne.<\/p>\n<p>Ce mus\u00e9e pr\u00e9sente \u00e9galement une partie de la culture japonaise, de vieilles et belles lanternes de jardin, et en plus des bonsa\u00efs, dans le Jardin-Mus\u00e9e, nous pouvons appr\u00e9cier l&#8217;\u00e9tang des carpes sacr\u00e9es, le jardin zen sec et le jardin humide floral, les fontaines bouddhistes, certains arbres plus que centenaires et les belles portes de taureaux.<\/p>\n<h3>Parc Pe\u00f1a Escrita<\/h3>\n<p>Le parc naturel de Pe\u00f1a Escrita se trouve \u00e0 quelques minutes de route du centre historique d&#8217;Almu\u00f1\u00e9car. C&#8217;est un complexe touristique pour les amoureux de la nature, mais aussi pour les plus courageux et les amateurs de ce que l&#8217;on appelle le &#8220;tourisme actif&#8221;.<\/p>\n<p>Car c&#8217;est un endroit o\u00f9 l&#8217;on peut trouver plusieurs reliefs g\u00e9ographiques diff\u00e9rents tels que : les contreforts des hautes montagnes de la Sierra Nevada, qui contrastent avec la vall\u00e9e tropicale et le paysage interm\u00e9diaire de l&#8217;Alpujarra.<\/p>\n<p>Les visiteurs peuvent donc profiter de la rencontre avec des animaux sauvages tels que des ch\u00e8vres de montagne et des cerfs, de l&#8217;odeur fra\u00eeche du romarin et du thym, et de vues spectaculaires entour\u00e9es d&#8217;une v\u00e9g\u00e9tation m\u00e9diterran\u00e9enne typique.<\/p>\n<p>En outre, pour les amateurs de randonn\u00e9e, sur les anciens chemins qui reliaient la capitale de la province \u00e0 la zone c\u00f4ti\u00e8re, il existe aujourd&#8217;hui de nombreux sentiers pour la marche, le v\u00e9lo ou l&#8217;\u00e9quitation, et il existe \u00e9galement des entreprises qui organisent des vols en parapente dans la r\u00e9gion.<\/p>\n<h3>Loro Sexi<\/h3>\n<p>Tout pr\u00e8s des Pe\u00f1ones del Santo, \u00e0 moins de 100 m\u00e8tres de la mer M\u00e9diterran\u00e9e, se trouve le parc ornithologique de Loro Sexi, \u00e0 c\u00f4t\u00e9 du Parque del Majuelo.<\/p>\n<p>Ce parc abrite une tr\u00e8s importante collection de plus de 100 types d&#8217;esp\u00e8ces d&#8217;oiseaux, ainsi que d&#8217;autres animaux tels que des tortues, des l\u00e9muriens&#8230; et un magnifique jardin de cactus.<\/p>\n<p>On y trouve du pigeon commun, aux paons, perroquets, toucans, cygnes, canards et un tr\u00e8s long etc&#8230;.<\/p>\n<p>Si vous passez quelques jours \u00e0 Almu\u00f1\u00e9car ou \u00e0 La Herradura, n&#8217;oubliez pas de visiter un ou plusieurs de ces parcs, c&#8217;est une recommandation de Descubre Almu\u00f1\u00e9car.<\/p>\n<\/div><\/div>[\/vc_column][\/vc_row]<\/p>\n","protected":false},"excerpt":{"rendered":"<p>[vc_row][vc_column][vc_empty_space][\/vc_column][\/vc_row]<\/p>\n","protected":false},"author":2,"featured_media":0,"parent":0,"menu_order":0,"comment_status":"closed","ping_status":"closed","template":"","meta":{"footnotes":""},"class_list":["post-7511","page","type-page","status-publish","hentry"],"yoast_head":"<!-- This site is optimized with the Yoast SEO plugin v27.3 - https:\/\/yoast.com\/product\/yoast-seo-wordpress\/ -->\n<title>Parcs et nature \u00e0 Almu\u00f1\u00e9car<\/title>\n<meta name=\"robots\" content=\"index, follow, max-snippet:-1, max-image-preview:large, max-video-preview:-1\" \/>\n<link rel=\"canonical\" href=\"https:\/\/discoveralmunecar.com\/fr\/parques-y-naturaleza-de-almunecar\/\" \/>\n<meta property=\"og:locale\" content=\"fr_FR\" \/>\n<meta property=\"og:type\" content=\"article\" \/>\n<meta property=\"og:title\" content=\"Parcs et nature \u00e0 Almu\u00f1\u00e9car\" \/>\n<meta property=\"og:description\" content=\"[vc_row][vc_column][vc_empty_space][\/vc_column][\/vc_row]\" \/>\n<meta property=\"og:url\" content=\"https:\/\/discoveralmunecar.com\/fr\/parques-y-naturaleza-de-almunecar\/\" \/>\n<meta property=\"article:modified_time\" content=\"2021-10-29T11:21:21+00:00\" \/>\n<meta name=\"twitter:card\" content=\"summary_large_image\" \/>\n<meta name=\"twitter:label1\" content=\"Dur\u00e9e de lecture estim\u00e9e\" \/>\n\t<meta name=\"twitter:data1\" content=\"4 minutes\" \/>\n<script type=\"application\/ld+json\" class=\"yoast-schema-graph\">{\"@context\":\"https:\\\/\\\/schema.org\",\"@graph\":[{\"@type\":\"WebPage\",\"@id\":\"https:\\\/\\\/discoveralmunecar.com\\\/fr\\\/parques-y-naturaleza-de-almunecar\\\/\",\"url\":\"https:\\\/\\\/discoveralmunecar.com\\\/fr\\\/parques-y-naturaleza-de-almunecar\\\/\",\"name\":\"Parcs et nature \u00e0 Almu\u00f1\u00e9car\",\"isPartOf\":{\"@id\":\"https:\\\/\\\/discoveralmunecar.com\\\/fr\\\/#website\"},\"datePublished\":\"2021-10-29T11:10:07+00:00\",\"dateModified\":\"2021-10-29T11:21:21+00:00\",\"breadcrumb\":{\"@id\":\"https:\\\/\\\/discoveralmunecar.com\\\/fr\\\/parques-y-naturaleza-de-almunecar\\\/#breadcrumb\"},\"inLanguage\":\"fr-FR\",\"potentialAction\":[{\"@type\":\"ReadAction\",\"target\":[\"https:\\\/\\\/discoveralmunecar.com\\\/fr\\\/parques-y-naturaleza-de-almunecar\\\/\"]}]},{\"@type\":\"BreadcrumbList\",\"@id\":\"https:\\\/\\\/discoveralmunecar.com\\\/fr\\\/parques-y-naturaleza-de-almunecar\\\/#breadcrumb\",\"itemListElement\":[{\"@type\":\"ListItem\",\"position\":1,\"name\":\"Home\",\"item\":\"https:\\\/\\\/discoveralmunecar.com\\\/fr\\\/\"},{\"@type\":\"ListItem\",\"position\":2,\"name\":\"Parcs et nature \u00e0 Almu\u00f1\u00e9car\"}]},{\"@type\":\"WebSite\",\"@id\":\"https:\\\/\\\/discoveralmunecar.com\\\/fr\\\/#website\",\"url\":\"https:\\\/\\\/discoveralmunecar.com\\\/fr\\\/\",\"name\":\"\",\"description\":\"Just another WordPress site\\n\",\"potentialAction\":[{\"@type\":\"SearchAction\",\"target\":{\"@type\":\"EntryPoint\",\"urlTemplate\":\"https:\\\/\\\/discoveralmunecar.com\\\/fr\\\/?s={search_term_string}\"},\"query-input\":{\"@type\":\"PropertyValueSpecification\",\"valueRequired\":true,\"valueName\":\"search_term_string\"}}],\"inLanguage\":\"fr-FR\"}]}<\/script>\n<!-- \/ Yoast SEO plugin. -->","yoast_head_json":{"title":"Parcs et nature \u00e0 Almu\u00f1\u00e9car","robots":{"index":"index","follow":"follow","max-snippet":"max-snippet:-1","max-image-preview":"max-image-preview:large","max-video-preview":"max-video-preview:-1"},"canonical":"https:\/\/discoveralmunecar.com\/fr\/parques-y-naturaleza-de-almunecar\/","og_locale":"fr_FR","og_type":"article","og_title":"Parcs et nature \u00e0 Almu\u00f1\u00e9car","og_description":"[vc_row][vc_column][vc_empty_space][\/vc_column][\/vc_row]","og_url":"https:\/\/discoveralmunecar.com\/fr\/parques-y-naturaleza-de-almunecar\/","article_modified_time":"2021-10-29T11:21:21+00:00","twitter_card":"summary_large_image","twitter_misc":{"Dur\u00e9e de lecture estim\u00e9e":"4 minutes"},"schema":{"@context":"https:\/\/schema.org","@graph":[{"@type":"WebPage","@id":"https:\/\/discoveralmunecar.com\/fr\/parques-y-naturaleza-de-almunecar\/","url":"https:\/\/discoveralmunecar.com\/fr\/parques-y-naturaleza-de-almunecar\/","name":"Parcs et nature \u00e0 Almu\u00f1\u00e9car","isPartOf":{"@id":"https:\/\/discoveralmunecar.com\/fr\/#website"},"datePublished":"2021-10-29T11:10:07+00:00","dateModified":"2021-10-29T11:21:21+00:00","breadcrumb":{"@id":"https:\/\/discoveralmunecar.com\/fr\/parques-y-naturaleza-de-almunecar\/#breadcrumb"},"inLanguage":"fr-FR","potentialAction":[{"@type":"ReadAction","target":["https:\/\/discoveralmunecar.com\/fr\/parques-y-naturaleza-de-almunecar\/"]}]},{"@type":"BreadcrumbList","@id":"https:\/\/discoveralmunecar.com\/fr\/parques-y-naturaleza-de-almunecar\/#breadcrumb","itemListElement":[{"@type":"ListItem","position":1,"name":"Home","item":"https:\/\/discoveralmunecar.com\/fr\/"},{"@type":"ListItem","position":2,"name":"Parcs et nature \u00e0 Almu\u00f1\u00e9car"}]},{"@type":"WebSite","@id":"https:\/\/discoveralmunecar.com\/fr\/#website","url":"https:\/\/discoveralmunecar.com\/fr\/","name":"","description":"Just another WordPress site\n","potentialAction":[{"@type":"SearchAction","target":{"@type":"EntryPoint","urlTemplate":"https:\/\/discoveralmunecar.com\/fr\/?s={search_term_string}"},"query-input":{"@type":"PropertyValueSpecification","valueRequired":true,"valueName":"search_term_string"}}],"inLanguage":"fr-FR"}]}},"_links":{"self":[{"href":"https:\/\/discoveralmunecar.com\/fr\/wp-json\/wp\/v2\/pages\/7511","targetHints":{"allow":["GET"]}}],"collection":[{"href":"https:\/\/discoveralmunecar.com\/fr\/wp-json\/wp\/v2\/pages"}],"about":[{"href":"https:\/\/discoveralmunecar.com\/fr\/wp-json\/wp\/v2\/types\/page"}],"author":[{"embeddable":true,"href":"https:\/\/discoveralmunecar.com\/fr\/wp-json\/wp\/v2\/users\/2"}],"replies":[{"embeddable":true,"href":"https:\/\/discoveralmunecar.com\/fr\/wp-json\/wp\/v2\/comments?post=7511"}],"version-history":[{"count":4,"href":"https:\/\/discoveralmunecar.com\/fr\/wp-json\/wp\/v2\/pages\/7511\/revisions"}],"predecessor-version":[{"id":7515,"href":"https:\/\/discoveralmunecar.com\/fr\/wp-json\/wp\/v2\/pages\/7511\/revisions\/7515"}],"wp:attachment":[{"href":"https:\/\/discoveralmunecar.com\/fr\/wp-json\/wp\/v2\/media?parent=7511"}],"curies":[{"name":"wp","href":"https:\/\/api.w.org\/{rel}","templated":true}]}}