{"id":7563,"date":"2021-11-12T09:10:15","date_gmt":"2021-11-12T09:10:15","guid":{"rendered":"https:\/\/discoveralmunecar.com\/?page_id=7563"},"modified":"2021-11-12T09:10:15","modified_gmt":"2021-11-12T09:10:15","slug":"musees-a-almunecar","status":"publish","type":"page","link":"https:\/\/discoveralmunecar.com\/fr\/musees-a-almunecar\/","title":{"rendered":"Mus\u00e9es \u00e0 Almu\u00f1ecar"},"content":{"rendered":"<p>[vc_row][vc_column]      <div class=\"row\">\n        <div class=\"post-grid-view\">\n                  <div class=\"col-sm-6 post-5481 post type-post status-publish format-standard has-post-thumbnail hentry category-histoire-dalmunecar category-musees category-que-faire\">\n\n            <div class=\"tt-post type-2\">\n                      <a class=\"tt-post-img custom-hover\" href=\"https:\/\/discoveralmunecar.com\/fr\/musee-siete-palacios\/\">\n      <img fetchpriority=\"high\" decoding=\"async\" width=\"537\" height=\"307\" src=\"https:\/\/discoveralmunecar.com\/wp-content\/uploads\/2021\/04\/museum-cave-seven-palaces-1-537x307.jpg\" class=\"img-responsive wp-post-image\" alt=\"\" \/>    <\/a>\n                <div class=\"tt-post-info\">\n                                    <a class=\"tt-post-title c-h4\" href=\"https:\/\/discoveralmunecar.com\/fr\/musee-siete-palacios\/\"><small>Mus\u00e9e Siete Palacios<\/small><\/a>\n                      <div class=\"tt-post-label\">\n                <\/div>\n                      <div class=\"simple-text\">\n      <p><\/p>\n    <\/div>\n                                    <\/div>\n            <\/div>\n            <div class=\"empty-space marg-xs-b30\"><\/div> \n          <\/div>\n                <\/div>\n      <\/div>\n      \n  [vc_empty_space][\/vc_column][\/vc_row]<\/p>\n","protected":false},"excerpt":{"rendered":"<p>[vc_row][vc_column][vc_empty_space][\/vc_column][\/vc_row]<\/p>\n","protected":false},"author":2,"featured_media":0,"parent":0,"menu_order":0,"comment_status":"closed","ping_status":"closed","template":"","meta":{"footnotes":""},"class_list":["post-7563","page","type-page","status-publish","hentry"],"yoast_head":"<!-- This site is optimized with the Yoast SEO plugin v27.3 - https:\/\/yoast.com\/product\/yoast-seo-wordpress\/ -->\n<title>Mus\u00e9es \u00e0 Almu\u00f1ecar<\/title>\n<meta name=\"robots\" content=\"index, follow, max-snippet:-1, max-image-preview:large, max-video-preview:-1\" \/>\n<link rel=\"canonical\" href=\"https:\/\/discoveralmunecar.com\/fr\/musees-a-almunecar\/\" \/>\n<meta property=\"og:locale\" content=\"fr_FR\" \/>\n<meta property=\"og:type\" content=\"article\" \/>\n<meta property=\"og:title\" content=\"Mus\u00e9es \u00e0 Almu\u00f1ecar\" \/>\n<meta property=\"og:description\" content=\"[vc_row][vc_column][vc_empty_space][\/vc_column][\/vc_row]\" \/>\n<meta property=\"og:url\" content=\"https:\/\/discoveralmunecar.com\/fr\/musees-a-almunecar\/\" \/>\n<meta name=\"twitter:card\" content=\"summary_large_image\" \/>\n<meta name=\"twitter:label1\" content=\"Dur\u00e9e de lecture estim\u00e9e\" \/>\n\t<meta name=\"twitter:data1\" content=\"1 minute\" \/>\n<script type=\"application\/ld+json\" class=\"yoast-schema-graph\">{\"@context\":\"https:\\\/\\\/schema.org\",\"@graph\":[{\"@type\":\"WebPage\",\"@id\":\"https:\\\/\\\/discoveralmunecar.com\\\/fr\\\/musees-a-almunecar\\\/\",\"url\":\"https:\\\/\\\/discoveralmunecar.com\\\/fr\\\/musees-a-almunecar\\\/\",\"name\":\"Mus\u00e9es \u00e0 Almu\u00f1ecar\",\"isPartOf\":{\"@id\":\"https:\\\/\\\/discoveralmunecar.com\\\/fr\\\/#website\"},\"datePublished\":\"2021-11-12T09:10:15+00:00\",\"breadcrumb\":{\"@id\":\"https:\\\/\\\/discoveralmunecar.com\\\/fr\\\/musees-a-almunecar\\\/#breadcrumb\"},\"inLanguage\":\"fr-FR\",\"potentialAction\":[{\"@type\":\"ReadAction\",\"target\":[\"https:\\\/\\\/discoveralmunecar.com\\\/fr\\\/musees-a-almunecar\\\/\"]}]},{\"@type\":\"BreadcrumbList\",\"@id\":\"https:\\\/\\\/discoveralmunecar.com\\\/fr\\\/musees-a-almunecar\\\/#breadcrumb\",\"itemListElement\":[{\"@type\":\"ListItem\",\"position\":1,\"name\":\"Home\",\"item\":\"https:\\\/\\\/discoveralmunecar.com\\\/fr\\\/\"},{\"@type\":\"ListItem\",\"position\":2,\"name\":\"Mus\u00e9es \u00e0 Almu\u00f1ecar\"}]},{\"@type\":\"WebSite\",\"@id\":\"https:\\\/\\\/discoveralmunecar.com\\\/fr\\\/#website\",\"url\":\"https:\\\/\\\/discoveralmunecar.com\\\/fr\\\/\",\"name\":\"\",\"description\":\"Just another WordPress site\\n\",\"potentialAction\":[{\"@type\":\"SearchAction\",\"target\":{\"@type\":\"EntryPoint\",\"urlTemplate\":\"https:\\\/\\\/discoveralmunecar.com\\\/fr\\\/?s={search_term_string}\"},\"query-input\":{\"@type\":\"PropertyValueSpecification\",\"valueRequired\":true,\"valueName\":\"search_term_string\"}}],\"inLanguage\":\"fr-FR\"}]}<\/script>\n<!-- \/ Yoast SEO plugin. -->","yoast_head_json":{"title":"Mus\u00e9es \u00e0 Almu\u00f1ecar","robots":{"index":"index","follow":"follow","max-snippet":"max-snippet:-1","max-image-preview":"max-image-preview:large","max-video-preview":"max-video-preview:-1"},"canonical":"https:\/\/discoveralmunecar.com\/fr\/musees-a-almunecar\/","og_locale":"fr_FR","og_type":"article","og_title":"Mus\u00e9es \u00e0 Almu\u00f1ecar","og_description":"[vc_row][vc_column][vc_empty_space][\/vc_column][\/vc_row]","og_url":"https:\/\/discoveralmunecar.com\/fr\/musees-a-almunecar\/","twitter_card":"summary_large_image","twitter_misc":{"Dur\u00e9e de lecture estim\u00e9e":"1 minute"},"schema":{"@context":"https:\/\/schema.org","@graph":[{"@type":"WebPage","@id":"https:\/\/discoveralmunecar.com\/fr\/musees-a-almunecar\/","url":"https:\/\/discoveralmunecar.com\/fr\/musees-a-almunecar\/","name":"Mus\u00e9es \u00e0 Almu\u00f1ecar","isPartOf":{"@id":"https:\/\/discoveralmunecar.com\/fr\/#website"},"datePublished":"2021-11-12T09:10:15+00:00","breadcrumb":{"@id":"https:\/\/discoveralmunecar.com\/fr\/musees-a-almunecar\/#breadcrumb"},"inLanguage":"fr-FR","potentialAction":[{"@type":"ReadAction","target":["https:\/\/discoveralmunecar.com\/fr\/musees-a-almunecar\/"]}]},{"@type":"BreadcrumbList","@id":"https:\/\/discoveralmunecar.com\/fr\/musees-a-almunecar\/#breadcrumb","itemListElement":[{"@type":"ListItem","position":1,"name":"Home","item":"https:\/\/discoveralmunecar.com\/fr\/"},{"@type":"ListItem","position":2,"name":"Mus\u00e9es \u00e0 Almu\u00f1ecar"}]},{"@type":"WebSite","@id":"https:\/\/discoveralmunecar.com\/fr\/#website","url":"https:\/\/discoveralmunecar.com\/fr\/","name":"","description":"Just another WordPress site\n","potentialAction":[{"@type":"SearchAction","target":{"@type":"EntryPoint","urlTemplate":"https:\/\/discoveralmunecar.com\/fr\/?s={search_term_string}"},"query-input":{"@type":"PropertyValueSpecification","valueRequired":true,"valueName":"search_term_string"}}],"inLanguage":"fr-FR"}]}},"_links":{"self":[{"href":"https:\/\/discoveralmunecar.com\/fr\/wp-json\/wp\/v2\/pages\/7563","targetHints":{"allow":["GET"]}}],"collection":[{"href":"https:\/\/discoveralmunecar.com\/fr\/wp-json\/wp\/v2\/pages"}],"about":[{"href":"https:\/\/discoveralmunecar.com\/fr\/wp-json\/wp\/v2\/types\/page"}],"author":[{"embeddable":true,"href":"https:\/\/discoveralmunecar.com\/fr\/wp-json\/wp\/v2\/users\/2"}],"replies":[{"embeddable":true,"href":"https:\/\/discoveralmunecar.com\/fr\/wp-json\/wp\/v2\/comments?post=7563"}],"version-history":[{"count":2,"href":"https:\/\/discoveralmunecar.com\/fr\/wp-json\/wp\/v2\/pages\/7563\/revisions"}],"predecessor-version":[{"id":7565,"href":"https:\/\/discoveralmunecar.com\/fr\/wp-json\/wp\/v2\/pages\/7563\/revisions\/7565"}],"wp:attachment":[{"href":"https:\/\/discoveralmunecar.com\/fr\/wp-json\/wp\/v2\/media?parent=7563"}],"curies":[{"name":"wp","href":"https:\/\/api.w.org\/{rel}","templated":true}]}}