{"id":8008,"date":"2022-04-26T13:17:34","date_gmt":"2022-04-26T13:17:34","guid":{"rendered":"https:\/\/discoveralmunecar.com\/?page_id=8008"},"modified":"2022-07-02T21:56:11","modified_gmt":"2022-07-02T21:56:11","slug":"gdzie-zjesc-w-almunecar","status":"publish","type":"page","link":"https:\/\/discoveralmunecar.com\/pl\/gdzie-zjesc-w-almunecar\/","title":{"rendered":"Gdzie zje\u015b\u0107 w Almu\u00f1\u00e9car, najlepsze restauracje"},"content":{"rendered":"<p>[vc_row][vc_column][vc_single_image image=&#8221;9133&#8243; img_size=&#8221;full&#8221;][vc_empty_space]<div class=\"text-block\" ><div class=\"simple-text \"><p>Jednym z najprzyjemniejszych moment\u00f3w naszych wakacji lub czasu wolnego mo\u017ce by\u0107 wyb\u00f3r miejsca, gdzie mo\u017cna zje\u015b\u0107 w Almu\u00f1\u00e9car.<\/p>\n<p>Dzi\u0119ki szerokiej gamie restauracji, bar\u00f3w pla\u017cowych i lokali serwuj\u0105cych tapas, gastronomia tego miasta oferuje wiele mo\u017cliwo\u015bci dla wszystkich, kt\u00f3rzy chc\u0105 skosztowa\u0107 pysznych da\u0144 i tapas z tego regionu.<\/p>\n<p>W Almu\u00f1\u00e9car znajdziecie restauracje, kt\u00f3re oferuj\u0105 klasyczne andaluzyjskie wn\u0119trza, ale tak\u017ce nowoczesne, kt\u00f3re dope\u0142niaj\u0105 charakter tego miejsca, jak na przyk\u0142ad wiele chiringuitos, kt\u00f3re zapraszaj\u0105 do korzystania z pla\u017cy i gastronomii w tym samym czasie.<\/p>\n<p>Oczywi\u015bcie, je\u015bli jeste\u015b osob\u0105, kt\u00f3ra lubi zmienia\u0107 miejsca, istniej\u0105 dobre trasy do bar\u00f3w tapas, kt\u00f3re b\u0119d\u0105 czeka\u0142y na Ciebie z otwartymi ramionami i ch\u0119tne, aby da\u0107 Ci spr\u00f3bowa\u0107 najlepszych przek\u0105sek Sexitano, jakie mo\u017cesz znale\u017a\u0107.<\/p>\n<p>Odkryj Almu\u00f1\u00e9car dzi\u0119ki naszym postom i dowiedz si\u0119, co ka\u017cde miejsce mo\u017ce wnie\u015b\u0107 do Twoich wakacji. Co masz ochot\u0119 dzi\u015b zje\u015b\u0107?<\/p>\n<\/div><\/div>[vc_empty_space]      <div class=\"row\">\n        <div class=\"post-grid-view\">\n                  <div class=\"col-sm-6 post-20669 post type-post status-publish format-standard has-post-thumbnail hentry category-gdzie-zjesc category-restauracje category-tapas\">\n\n            <div class=\"tt-post type-2\">\n                      <a class=\"tt-post-img custom-hover\" href=\"https:\/\/discoveralmunecar.com\/pl\/freiduria-lute-y-jesus-czasem-do-szczescia-wystarczy-papierowy-rozek\/\">\n      <img fetchpriority=\"high\" decoding=\"async\" width=\"537\" height=\"307\" src=\"https:\/\/discoveralmunecar.com\/wp-content\/uploads\/2026\/03\/Freiduria-3-537x307.webp\" class=\"img-responsive wp-post-image\" alt=\"\" \/>    <\/a>\n                <div class=\"tt-post-info\">\n                                    <a class=\"tt-post-title c-h4\" href=\"https:\/\/discoveralmunecar.com\/pl\/freiduria-lute-y-jesus-czasem-do-szczescia-wystarczy-papierowy-rozek\/\"><small>Freidur\u00eda Lute y Jes\u00fas: Czasem do szcz\u0119\u015bcia wystarczy papierowy ro\u017cek<\/small><\/a>\n                      <div class=\"tt-post-label\">\n                <\/div>\n                      <div class=\"simple-text\">\n      <p><\/p>\n    <\/div>\n                                    <\/div>\n            <\/div>\n            <div class=\"empty-space marg-xs-b30\"><\/div> \n          <\/div>\n            <div class=\"col-xs-6 col-sm-4 col-lg-2 post-handy-picked post-19332 post type-post status-publish format-standard has-post-thumbnail hentry category-gdzie-zjesc category-restauracje\">\n      <div class=\"tt-post type-3\">\n                <a class=\"tt-post-img custom-hover\" href=\"https:\/\/discoveralmunecar.com\/pl\/restauracja-antiguo-meson-w-almunecar\/\">\n      <img decoding=\"async\" width=\"183\" height=\"96\" src=\"https:\/\/discoveralmunecar.com\/wp-content\/uploads\/2021\/04\/29@0.5x-183x96.webp\" class=\"img-responsive wp-post-image\" alt=\"\" \/>    <\/a>\n            <div class=\"tt-post-info\">\n                <a class=\"tt-post-title c-h5\" href=\"https:\/\/discoveralmunecar.com\/pl\/restauracja-antiguo-meson-w-almunecar\/\">Restauracja Antiguo Meson w Almu\u00f1\u00e9car<\/a>\n                  <div class=\"tt-post-label\">\n              <span class=\"tt-post-author-name\"><a href=\"https:\/\/discoveralmunecar.com\/pl\/author\/pedro-espinosa\/\">Admin<\/a><\/span>\n                    <span class=\"tt-post-date\">24 lipca, 2025<\/span>\n          <\/div>\n            <\/div>\n      <\/div> \n      <div class=\"empty-space marg-lg-b25\"><\/div>                 \n    <\/div>\n      <div class=\"col-xs-6 col-sm-4 col-lg-2 post-handy-picked post-9006 post type-post status-publish format-standard has-post-thumbnail hentry category-chiringuitos-pl category-gdzie-zjesc category-restauracje\">\n      <div class=\"tt-post type-3\">\n                <a class=\"tt-post-img custom-hover\" href=\"https:\/\/discoveralmunecar.com\/pl\/restaurant-botos\/\">\n      <img decoding=\"async\" width=\"183\" height=\"96\" src=\"https:\/\/discoveralmunecar.com\/wp-content\/uploads\/2021\/04\/4-1-183x96.jpg\" class=\"img-responsive wp-post-image\" alt=\"\" \/>    <\/a>\n            <div class=\"tt-post-info\">\n                <a class=\"tt-post-title c-h5\" href=\"https:\/\/discoveralmunecar.com\/pl\/restaurant-botos\/\">Restaurant Boto&#8217;s<\/a>\n                  <div class=\"tt-post-label\">\n              <span class=\"tt-post-author-name\"><a href=\"https:\/\/discoveralmunecar.com\/pl\/author\/pedro-espinosa\/\">Admin<\/a><\/span>\n                    <span class=\"tt-post-date\">30 czerwca, 2022<\/span>\n          <\/div>\n            <\/div>\n      <\/div> \n      <div class=\"empty-space marg-lg-b25\"><\/div>                 \n    <\/div>\n      <div class=\"col-xs-6 col-sm-4 col-lg-2 post-handy-picked post-12524 post type-post status-publish format-standard has-post-thumbnail hentry category-bez-kategorii category-restauracje\">\n      <div class=\"tt-post type-3\">\n                <a class=\"tt-post-img custom-hover\" href=\"https:\/\/discoveralmunecar.com\/pl\/restauracja-azjatycka-almunecar\/\">\n      <img loading=\"lazy\" decoding=\"async\" width=\"183\" height=\"96\" src=\"https:\/\/discoveralmunecar.com\/wp-content\/uploads\/2022\/07\/Restaurante-Asia\u0301tico-Almun\u0303e\u0301car-183x96.webp\" class=\"img-responsive wp-post-image\" alt=\"\" \/>    <\/a>\n            <div class=\"tt-post-info\">\n                <a class=\"tt-post-title c-h5\" href=\"https:\/\/discoveralmunecar.com\/pl\/restauracja-azjatycka-almunecar\/\">Restauracja azjatycka Almu\u00f1\u00e9car<\/a>\n                  <div class=\"tt-post-label\">\n              <span class=\"tt-post-author-name\"><a href=\"https:\/\/discoveralmunecar.com\/pl\/author\/pedro-espinosa\/\">Admin<\/a><\/span>\n                    <span class=\"tt-post-date\">29 wrze\u015bnia, 2022<\/span>\n          <\/div>\n            <\/div>\n      <\/div> \n      <div class=\"empty-space marg-lg-b25\"><\/div>                 \n    <\/div>\n      <div class=\"col-xs-6 col-sm-4 col-lg-2 post-handy-picked post-20693 post type-post status-publish format-standard has-post-thumbnail hentry category-gdzie-zjesc category-restauracje\">\n      <div class=\"tt-post type-3\">\n                <a class=\"tt-post-img custom-hover\" href=\"https:\/\/discoveralmunecar.com\/pl\/restauracja-lute-y-jesus-w-almunecar-swieze-ryby-paella-i-kuchnia-srodziemnomorska\/\">\n      <img loading=\"lazy\" decoding=\"async\" width=\"183\" height=\"96\" src=\"https:\/\/discoveralmunecar.com\/wp-content\/uploads\/2026\/03\/Lute-6-183x96.webp\" class=\"img-responsive wp-post-image\" alt=\"\" \/>    <\/a>\n            <div class=\"tt-post-info\">\n                <a class=\"tt-post-title c-h5\" href=\"https:\/\/discoveralmunecar.com\/pl\/restauracja-lute-y-jesus-w-almunecar-swieze-ryby-paella-i-kuchnia-srodziemnomorska\/\">Restauracja Lute y Jes\u00fas w Almu\u00f1\u00e9car: \u015bwie\u017ce ryby, paella i kuchnia \u015br\u00f3dziemnomorska<\/a>\n                  <div class=\"tt-post-label\">\n              <span class=\"tt-post-author-name\"><a href=\"https:\/\/discoveralmunecar.com\/pl\/author\/pedro-espinosa\/\">Admin<\/a><\/span>\n                    <span class=\"tt-post-date\">8 kwietnia, 2026<\/span>\n          <\/div>\n            <\/div>\n      <\/div> \n      <div class=\"empty-space marg-lg-b25\"><\/div>                 \n    <\/div>\n      <div class=\"col-xs-6 col-sm-4 col-lg-2 post-handy-picked post-12492 post type-post status-publish format-standard has-post-thumbnail hentry category-gdzie-zjesc category-restauracje category-tapas\">\n      <div class=\"tt-post type-3\">\n                <a class=\"tt-post-img custom-hover\" href=\"https:\/\/discoveralmunecar.com\/pl\/restauracja-el-balcon-de-cotobro-w-almunecar\/\">\n      <img loading=\"lazy\" decoding=\"async\" width=\"183\" height=\"96\" src=\"https:\/\/discoveralmunecar.com\/wp-content\/uploads\/2022\/07\/Restaurante-Balcon-de-Cotobro-1-183x96.webp\" class=\"img-responsive wp-post-image\" alt=\"\" \/>    <\/a>\n            <div class=\"tt-post-info\">\n                <a class=\"tt-post-title c-h5\" href=\"https:\/\/discoveralmunecar.com\/pl\/restauracja-el-balcon-de-cotobro-w-almunecar\/\">Restauracja El Balcon de Cotobro w Almu\u00f1\u00e9car<\/a>\n                  <div class=\"tt-post-label\">\n              <span class=\"tt-post-author-name\"><a href=\"https:\/\/discoveralmunecar.com\/pl\/author\/pedro-espinosa\/\">Admin<\/a><\/span>\n                    <span class=\"tt-post-date\">29 wrze\u015bnia, 2022<\/span>\n          <\/div>\n            <\/div>\n      <\/div> \n      <div class=\"empty-space marg-lg-b25\"><\/div>                 \n    <\/div>\n      <div class=\"col-xs-6 col-sm-4 col-lg-2 post-handy-picked post-8811 post type-post status-publish format-standard has-post-thumbnail hentry category-gdzie-zjesc category-restauracje\">\n      <div class=\"tt-post type-3\">\n                <a class=\"tt-post-img custom-hover\" href=\"https:\/\/discoveralmunecar.com\/pl\/restaurante-lute-y-jesus\/\">\n      <img loading=\"lazy\" decoding=\"async\" width=\"183\" height=\"96\" src=\"https:\/\/discoveralmunecar.com\/wp-content\/uploads\/2022\/06\/MG_9806@0.5x-183x96.jpg\" class=\"img-responsive wp-post-image\" alt=\"Restaurante Lute y Jes\u00fas\" \/>    <\/a>\n            <div class=\"tt-post-info\">\n                <a class=\"tt-post-title c-h5\" href=\"https:\/\/discoveralmunecar.com\/pl\/restaurante-lute-y-jesus\/\">Restaurante Lute y Jes\u00fas<\/a>\n                  <div class=\"tt-post-label\">\n              <span class=\"tt-post-author-name\"><a href=\"https:\/\/discoveralmunecar.com\/pl\/author\/pedro-espinosa\/\">Admin<\/a><\/span>\n                    <span class=\"tt-post-date\">16 czerwca, 2022<\/span>\n          <\/div>\n            <\/div>\n      <\/div> \n      <div class=\"empty-space marg-lg-b25\"><\/div>                 \n    <\/div>\n      <div class=\"col-xs-6 col-sm-4 col-lg-2 post-handy-picked post-19240 post type-post status-publish format-standard has-post-thumbnail hentry category-gdzie-zjesc category-restauracje\">\n      <div class=\"tt-post type-3\">\n                <a class=\"tt-post-img custom-hover\" href=\"https:\/\/discoveralmunecar.com\/pl\/pizzeria-sapori-ditalia\/\">\n      <img loading=\"lazy\" decoding=\"async\" width=\"183\" height=\"96\" src=\"https:\/\/discoveralmunecar.com\/wp-content\/uploads\/2025\/07\/26-183x96.webp\" class=\"img-responsive wp-post-image\" alt=\"\" \/>    <\/a>\n            <div class=\"tt-post-info\">\n                <a class=\"tt-post-title c-h5\" href=\"https:\/\/discoveralmunecar.com\/pl\/pizzeria-sapori-ditalia\/\">Pizzeria Sapori d\u2019Italia<\/a>\n                  <div class=\"tt-post-label\">\n              <span class=\"tt-post-author-name\"><a href=\"https:\/\/discoveralmunecar.com\/pl\/author\/pedro-espinosa\/\">Admin<\/a><\/span>\n                    <span class=\"tt-post-date\">23 lipca, 2025<\/span>\n          <\/div>\n            <\/div>\n      <\/div> \n      <div class=\"empty-space marg-lg-b25\"><\/div>                 \n    <\/div>\n      <div class=\"col-xs-6 col-sm-4 col-lg-2 post-handy-picked post-19540 post type-post status-publish format-standard has-post-thumbnail hentry category-gdzie-zjesc category-restauracje\">\n      <div class=\"tt-post type-3\">\n                <a class=\"tt-post-img custom-hover\" href=\"https:\/\/discoveralmunecar.com\/pl\/meson-gala-almunecar\/\">\n      <img loading=\"lazy\" decoding=\"async\" width=\"183\" height=\"96\" src=\"https:\/\/discoveralmunecar.com\/wp-content\/uploads\/2025\/07\/20250729-_DSC7390-1@0.5x-183x96.webp\" class=\"img-responsive wp-post-image\" alt=\"\" \/>    <\/a>\n            <div class=\"tt-post-info\">\n                <a class=\"tt-post-title c-h5\" href=\"https:\/\/discoveralmunecar.com\/pl\/meson-gala-almunecar\/\">Mes\u00f3n Gala Almu\u00f1\u00e9car<\/a>\n                  <div class=\"tt-post-label\">\n              <span class=\"tt-post-author-name\"><a href=\"https:\/\/discoveralmunecar.com\/pl\/author\/pedro-espinosa\/\">Admin<\/a><\/span>\n                    <span class=\"tt-post-date\">30 lipca, 2025<\/span>\n          <\/div>\n            <\/div>\n      <\/div> \n      <div class=\"empty-space marg-lg-b25\"><\/div>                 \n    <\/div>\n      <div class=\"col-xs-6 col-sm-4 col-lg-2 post-handy-picked post-9903 post type-post status-publish format-standard has-post-thumbnail hentry category-gdzie-zjesc category-tapas\">\n      <div class=\"tt-post type-3\">\n                <a class=\"tt-post-img custom-hover\" href=\"https:\/\/discoveralmunecar.com\/pl\/browar-i-kawiarnia-al-bar\/\">\n      <img loading=\"lazy\" decoding=\"async\" width=\"183\" height=\"96\" src=\"https:\/\/discoveralmunecar.com\/wp-content\/uploads\/2022\/07\/1130020@0.5x-183x96.webp\" class=\"img-responsive wp-post-image\" alt=\"Al Bar Almu\u00f1\u00e9car\" \/>    <\/a>\n            <div class=\"tt-post-info\">\n                <a class=\"tt-post-title c-h5\" href=\"https:\/\/discoveralmunecar.com\/pl\/browar-i-kawiarnia-al-bar\/\">Browar i kawiarnia Al-bar<\/a>\n                  <div class=\"tt-post-label\">\n              <span class=\"tt-post-author-name\"><a href=\"https:\/\/discoveralmunecar.com\/pl\/author\/pedro-espinosa\/\">Admin<\/a><\/span>\n                    <span class=\"tt-post-date\">19 lipca, 2022<\/span>\n          <\/div>\n            <\/div>\n      <\/div> \n      <div class=\"empty-space marg-lg-b25\"><\/div>                 \n    <\/div>\n          <\/div>\n      <\/div>\n      \n  [\/vc_column][\/vc_row]<\/p>\n","protected":false},"excerpt":{"rendered":"<p>[vc_row][vc_column][vc_single_image image=&#8221;9133&#8243; img_size=&#8221;full&#8221;][vc_empty_space][vc_empty_space][\/vc_column][\/vc_row]<\/p>\n","protected":false},"author":2,"featured_media":0,"parent":0,"menu_order":0,"comment_status":"closed","ping_status":"closed","template":"","meta":{"footnotes":""},"class_list":["post-8008","page","type-page","status-publish","hentry"],"yoast_head":"<!-- This site is optimized with the Yoast SEO plugin v27.3 - https:\/\/yoast.com\/product\/yoast-seo-wordpress\/ -->\n<title>Gdzie zje\u015b\u0107 w Almu\u00f1\u00e9car, najlepsze restauracje -<\/title>\n<meta name=\"robots\" content=\"index, follow, max-snippet:-1, max-image-preview:large, max-video-preview:-1\" \/>\n<link rel=\"canonical\" href=\"https:\/\/discoveralmunecar.com\/pl\/gdzie-zjesc-w-almunecar\/\" \/>\n<meta property=\"og:locale\" content=\"pl_PL\" \/>\n<meta property=\"og:type\" content=\"article\" \/>\n<meta property=\"og:title\" content=\"Gdzie zje\u015b\u0107 w Almu\u00f1\u00e9car, najlepsze restauracje -\" \/>\n<meta property=\"og:description\" content=\"[vc_row][vc_column][vc_single_image image=&#8221;9133&#8243; img_size=&#8221;full&#8221;][vc_empty_space][vc_empty_space][\/vc_column][\/vc_row]\" \/>\n<meta property=\"og:url\" content=\"https:\/\/discoveralmunecar.com\/pl\/gdzie-zjesc-w-almunecar\/\" \/>\n<meta property=\"article:modified_time\" content=\"2022-07-02T21:56:11+00:00\" \/>\n<meta name=\"twitter:card\" content=\"summary_large_image\" \/>\n<meta name=\"twitter:label1\" content=\"Szacowany czas czytania\" \/>\n\t<meta name=\"twitter:data1\" content=\"1 minuta\" \/>\n<script type=\"application\/ld+json\" class=\"yoast-schema-graph\">{\"@context\":\"https:\\\/\\\/schema.org\",\"@graph\":[{\"@type\":\"WebPage\",\"@id\":\"https:\\\/\\\/discoveralmunecar.com\\\/pl\\\/gdzie-zjesc-w-almunecar\\\/\",\"url\":\"https:\\\/\\\/discoveralmunecar.com\\\/pl\\\/gdzie-zjesc-w-almunecar\\\/\",\"name\":\"Gdzie zje\u015b\u0107 w Almu\u00f1\u00e9car, najlepsze restauracje -\",\"isPartOf\":{\"@id\":\"https:\\\/\\\/discoveralmunecar.com\\\/pl\\\/#website\"},\"datePublished\":\"2022-04-26T13:17:34+00:00\",\"dateModified\":\"2022-07-02T21:56:11+00:00\",\"breadcrumb\":{\"@id\":\"https:\\\/\\\/discoveralmunecar.com\\\/pl\\\/gdzie-zjesc-w-almunecar\\\/#breadcrumb\"},\"inLanguage\":\"pl-PL\",\"potentialAction\":[{\"@type\":\"ReadAction\",\"target\":[\"https:\\\/\\\/discoveralmunecar.com\\\/pl\\\/gdzie-zjesc-w-almunecar\\\/\"]}]},{\"@type\":\"BreadcrumbList\",\"@id\":\"https:\\\/\\\/discoveralmunecar.com\\\/pl\\\/gdzie-zjesc-w-almunecar\\\/#breadcrumb\",\"itemListElement\":[{\"@type\":\"ListItem\",\"position\":1,\"name\":\"Home\",\"item\":\"https:\\\/\\\/discoveralmunecar.com\\\/pl\\\/\"},{\"@type\":\"ListItem\",\"position\":2,\"name\":\"Gdzie zje\u015b\u0107 w Almu\u00f1\u00e9car, najlepsze restauracje\"}]},{\"@type\":\"WebSite\",\"@id\":\"https:\\\/\\\/discoveralmunecar.com\\\/pl\\\/#website\",\"url\":\"https:\\\/\\\/discoveralmunecar.com\\\/pl\\\/\",\"name\":\"\",\"description\":\"Just another WordPress site\\n\",\"potentialAction\":[{\"@type\":\"SearchAction\",\"target\":{\"@type\":\"EntryPoint\",\"urlTemplate\":\"https:\\\/\\\/discoveralmunecar.com\\\/pl\\\/?s={search_term_string}\"},\"query-input\":{\"@type\":\"PropertyValueSpecification\",\"valueRequired\":true,\"valueName\":\"search_term_string\"}}],\"inLanguage\":\"pl-PL\"}]}<\/script>\n<!-- \/ Yoast SEO plugin. -->","yoast_head_json":{"title":"Gdzie zje\u015b\u0107 w Almu\u00f1\u00e9car, najlepsze restauracje -","robots":{"index":"index","follow":"follow","max-snippet":"max-snippet:-1","max-image-preview":"max-image-preview:large","max-video-preview":"max-video-preview:-1"},"canonical":"https:\/\/discoveralmunecar.com\/pl\/gdzie-zjesc-w-almunecar\/","og_locale":"pl_PL","og_type":"article","og_title":"Gdzie zje\u015b\u0107 w Almu\u00f1\u00e9car, najlepsze restauracje -","og_description":"[vc_row][vc_column][vc_single_image image=&#8221;9133&#8243; img_size=&#8221;full&#8221;][vc_empty_space][vc_empty_space][\/vc_column][\/vc_row]","og_url":"https:\/\/discoveralmunecar.com\/pl\/gdzie-zjesc-w-almunecar\/","article_modified_time":"2022-07-02T21:56:11+00:00","twitter_card":"summary_large_image","twitter_misc":{"Szacowany czas czytania":"1 minuta"},"schema":{"@context":"https:\/\/schema.org","@graph":[{"@type":"WebPage","@id":"https:\/\/discoveralmunecar.com\/pl\/gdzie-zjesc-w-almunecar\/","url":"https:\/\/discoveralmunecar.com\/pl\/gdzie-zjesc-w-almunecar\/","name":"Gdzie zje\u015b\u0107 w Almu\u00f1\u00e9car, najlepsze restauracje -","isPartOf":{"@id":"https:\/\/discoveralmunecar.com\/pl\/#website"},"datePublished":"2022-04-26T13:17:34+00:00","dateModified":"2022-07-02T21:56:11+00:00","breadcrumb":{"@id":"https:\/\/discoveralmunecar.com\/pl\/gdzie-zjesc-w-almunecar\/#breadcrumb"},"inLanguage":"pl-PL","potentialAction":[{"@type":"ReadAction","target":["https:\/\/discoveralmunecar.com\/pl\/gdzie-zjesc-w-almunecar\/"]}]},{"@type":"BreadcrumbList","@id":"https:\/\/discoveralmunecar.com\/pl\/gdzie-zjesc-w-almunecar\/#breadcrumb","itemListElement":[{"@type":"ListItem","position":1,"name":"Home","item":"https:\/\/discoveralmunecar.com\/pl\/"},{"@type":"ListItem","position":2,"name":"Gdzie zje\u015b\u0107 w Almu\u00f1\u00e9car, najlepsze restauracje"}]},{"@type":"WebSite","@id":"https:\/\/discoveralmunecar.com\/pl\/#website","url":"https:\/\/discoveralmunecar.com\/pl\/","name":"","description":"Just another WordPress site\n","potentialAction":[{"@type":"SearchAction","target":{"@type":"EntryPoint","urlTemplate":"https:\/\/discoveralmunecar.com\/pl\/?s={search_term_string}"},"query-input":{"@type":"PropertyValueSpecification","valueRequired":true,"valueName":"search_term_string"}}],"inLanguage":"pl-PL"}]}},"_links":{"self":[{"href":"https:\/\/discoveralmunecar.com\/pl\/wp-json\/wp\/v2\/pages\/8008","targetHints":{"allow":["GET"]}}],"collection":[{"href":"https:\/\/discoveralmunecar.com\/pl\/wp-json\/wp\/v2\/pages"}],"about":[{"href":"https:\/\/discoveralmunecar.com\/pl\/wp-json\/wp\/v2\/types\/page"}],"author":[{"embeddable":true,"href":"https:\/\/discoveralmunecar.com\/pl\/wp-json\/wp\/v2\/users\/2"}],"replies":[{"embeddable":true,"href":"https:\/\/discoveralmunecar.com\/pl\/wp-json\/wp\/v2\/comments?post=8008"}],"version-history":[{"count":3,"href":"https:\/\/discoveralmunecar.com\/pl\/wp-json\/wp\/v2\/pages\/8008\/revisions"}],"predecessor-version":[{"id":9137,"href":"https:\/\/discoveralmunecar.com\/pl\/wp-json\/wp\/v2\/pages\/8008\/revisions\/9137"}],"wp:attachment":[{"href":"https:\/\/discoveralmunecar.com\/pl\/wp-json\/wp\/v2\/media?parent=8008"}],"curies":[{"name":"wp","href":"https:\/\/api.w.org\/{rel}","templated":true}]}}