{"id":8040,"date":"2022-05-02T13:53:41","date_gmt":"2022-05-02T13:53:41","guid":{"rendered":"https:\/\/discoveralmunecar.com\/?page_id=8040"},"modified":"2022-07-08T23:29:07","modified_gmt":"2022-07-08T23:29:07","slug":"jedzenie-tapas-w-almunecar","status":"publish","type":"page","link":"https:\/\/discoveralmunecar.com\/pl\/jedzenie-tapas-w-almunecar\/","title":{"rendered":"Jedzenie tapas w Almu\u00f1\u00e9car, najlepsze bary do odwiedzenia w mie\u015bcie"},"content":{"rendered":"<p>[vc_row][vc_column][vc_single_image image=&#8221;9250&#8243; img_size=&#8221;full&#8221;][vc_empty_space]<div class=\"text-block\" ><div class=\"simple-text \"><p>Je\u015bli jest co\u015b charakterystycznego dla ca\u0142ej prowincji Granady, to jest to tapas, a Almu\u00f1\u00e9car i La Herradura na Costa del Sol Tropical, dzi\u0119ki swojemu uprzywilejowanemu klimatowi, a tak\u017ce hojno\u015bci tapas, s\u0105 jednymi z najlepszych miejsc na tapas o ka\u017cdej porze roku, kt\u00f3re nie cierpi\u0105 z powodu ogromnych t\u0142um\u00f3w turyst\u00f3w, jak to ma miejsce w innych, bardziej zachodnich, nadmorskich miejscowo\u015bciach Andaluzji.<\/p>\n<p>Tapas, czy te\u017c chodzenie na tapas, to do\u015bwiadczenie, kt\u00f3rego nie mo\u017cna przegapi\u0107.<br \/>\nTapas to ma\u0142a przek\u0105ska podawana bezp\u0142atnie do ka\u017cdego napoju.<\/p>\n<p>W zale\u017cno\u015bci od polityki danego lokalu mo\u017cna wybra\u0107 do dw\u00f3ch rodzaj\u00f3w tapas w ka\u017cdej rundzie na grup\u0119 klient\u00f3w, lub te\u017c obowi\u0105zuje ustalone zam\u00f3wienie na pierwsze, drugie&#8230;, kt\u00f3rych porcje zwykle zwi\u0119kszaj\u0105 si\u0119 wraz z kolejnymi rundami.<\/p>\n<p>Almu\u00f1\u00e9car i La Herradura s\u0142yn\u0105 z ogromnej ilo\u015bci tapas w bardzo dobrych cenach, wi\u0119c jedzenie tapas jest zawsze bardzo ekonomiczn\u0105 i urozmaicon\u0105 opcj\u0105. Piwo lub nap\u00f3j bezalkoholowy kosztuje oko\u0142o 2 euro we wszystkich barach w okolicy.<\/p>\n<p>Kilka drink\u00f3w z odpowiednimi tapas, lub trzy dla bardziej \u017car\u0142ocznych, to r\u00f3wnowarto\u015b\u0107 dania dnia w ka\u017cdym innym barze lub restauracji w pozosta\u0142ej cz\u0119\u015bci Hiszpanii.<\/p>\n<p>Tak wi\u0119c, je\u015bli odwiedzicie Almu\u00f1\u00e9car lub La Herradura, nie wahajcie si\u0119 wypi\u0107 kilka lub trzy piwa do obiadu lub kolacji, b\u0119dzie to bardzo ekonomiczne i pozwoli wam cieszy\u0107 si\u0119 lokaln\u0105 gastronomi\u0105. Ponadto, je\u017celi znudzi Wam si\u0119 picie lub nie b\u0119dziecie bardzo spragnieni, zawsze mo\u017cecie zam\u00f3wi\u0107 raciones lub dodatkowe tapa w dowolnym barze.<\/p>\n<p>Niekt\u00f3re, cho\u0107 nie wszystkie, bo oferta jest niemal nieograniczona, najbardziej charakterystyczne bary w Almu\u00f1\u00e9car i La Herradura to:<br \/>\nBar los Pajaritos, chocia\u017c jest to tradycyjny bar, jest r\u00f3wnie\u017c bardzo elegancki, poniewa\u017c odwiedzaj\u0105 go znane osobisto\u015bci, takie jak Eva Hache czy Jes\u00fas Quintero, Loco de la Colina.<\/p>\n<p>Po\u0142o\u017cony jest w centrum miasta, a w najwa\u017cniejsze dni zawsze jest wype\u0142niony po brzegi. A ich tapas to zawsze ryby i owoce morza.<\/p>\n<p>La Bodeguita, kolejny klasyk, kt\u00f3rego nie mo\u017ce zabrakn\u0105\u0107 na \u017cadnej szanuj\u0105cej si\u0119 li\u015bcie, r\u00f3wnie\u017c wi\u0119kszo\u015b\u0107 tapas to &#8220;pesca\u00edto frito&#8221; (sma\u017cone ryby), tak charakterystyczne dla tego regionu.<\/p>\n<p>Bar Higuitos, kt\u00f3ry posiada du\u017cy taras i \u015bwietnie nadaje si\u0119 na tapas paella.<br \/>\nRestaurante Andalus\u00ed, kt\u00f3ra pomimo tego, \u017ce jest restauracj\u0105, posiada r\u00f3wnie\u017c stref\u0119 tapas w swoim barze, bardzo blisko pla\u017cy.<\/p>\n<p>Pochodzenie tego zwyczaju jest niejasne i zagubione w historii, ale istnieje kilka hipotez, pocz\u0105wszy od tej, kt\u00f3ra m\u00f3wi, \u017ce by\u0142 to kr\u00f3l Alfons X M\u0105dry, kt\u00f3remu lekarz zaleci\u0142 popijanie wina z powodu choroby, a \u017ceby unikn\u0105\u0107 skutk\u00f3w picia alkoholu, zjada\u0142 ma\u0142\u0105 porcj\u0119 sera lub szynki pomi\u0119dzy \u0142ykami.<\/p>\n<p>Gdy wyzdrowia\u0142, nakaza\u0142, by w gospodach jego kr\u00f3lestwa nie podawano wina bez porcji jedzenia, aby nie wp\u0142ywa\u0107 tak bardzo na jadaj\u0105cych, maskuj\u0105c w ten spos\u00f3b skutki dzia\u0142ania alkoholu zawartego w winie.<\/p>\n<p>Istnieje r\u00f3wnie\u017c pogl\u0105d, \u017ce w \u015bredniowieczu, aby zapobiec przedostawaniu si\u0119 much do napoju, kieliszek przykrywano kawa\u0142kiem chleba lub szynki; inna wersja historii tapa g\u0142osi, \u017ce aby zapobiec b\u00f3jkom i awanturom w tawernach z powodu alkoholu, monarchowie katoliccy nakazywali podawanie do napoj\u00f3w porcji jedzenia, aby z\u0142agodzi\u0107 skutki pija\u0144stwa.<\/p>\n<\/div><\/div>[vc_empty_space]      <div class=\"row\">\n        <div class=\"post-grid-view\">\n                  <div class=\"col-sm-6 post-12492 post type-post status-publish format-standard has-post-thumbnail hentry category-gdzie-zjesc category-restauracje category-tapas\">\n\n            <div class=\"tt-post type-2\">\n                      <a class=\"tt-post-img custom-hover\" href=\"https:\/\/discoveralmunecar.com\/pl\/restauracja-el-balcon-de-cotobro-w-almunecar\/\">\n      <img fetchpriority=\"high\" decoding=\"async\" width=\"537\" height=\"307\" src=\"https:\/\/discoveralmunecar.com\/wp-content\/uploads\/2022\/07\/Restaurante-Balcon-de-Cotobro-1-537x307.webp\" class=\"img-responsive wp-post-image\" alt=\"\" \/>    <\/a>\n                <div class=\"tt-post-info\">\n                                    <a class=\"tt-post-title c-h4\" href=\"https:\/\/discoveralmunecar.com\/pl\/restauracja-el-balcon-de-cotobro-w-almunecar\/\"><small>Restauracja El Balcon de Cotobro w Almu\u00f1\u00e9car<\/small><\/a>\n                      <div class=\"tt-post-label\">\n                <\/div>\n                      <div class=\"simple-text\">\n      <p><\/p>\n    <\/div>\n                                    <\/div>\n            <\/div>\n            <div class=\"empty-space marg-xs-b30\"><\/div> \n          <\/div>\n            <div class=\"col-xs-6 col-sm-4 col-lg-2 post-handy-picked post-9903 post type-post status-publish format-standard has-post-thumbnail hentry category-gdzie-zjesc category-tapas\">\n      <div class=\"tt-post type-3\">\n                <a class=\"tt-post-img custom-hover\" href=\"https:\/\/discoveralmunecar.com\/pl\/browar-i-kawiarnia-al-bar\/\">\n      <img decoding=\"async\" width=\"183\" height=\"96\" src=\"https:\/\/discoveralmunecar.com\/wp-content\/uploads\/2022\/07\/1130020@0.5x-183x96.webp\" class=\"img-responsive wp-post-image\" alt=\"Al Bar Almu\u00f1\u00e9car\" \/>    <\/a>\n            <div class=\"tt-post-info\">\n                <a class=\"tt-post-title c-h5\" href=\"https:\/\/discoveralmunecar.com\/pl\/browar-i-kawiarnia-al-bar\/\">Browar i kawiarnia Al-bar<\/a>\n                  <div class=\"tt-post-label\">\n              <span class=\"tt-post-author-name\"><a href=\"https:\/\/discoveralmunecar.com\/pl\/author\/pedro-espinosa\/\">Admin<\/a><\/span>\n                    <span class=\"tt-post-date\">19 lipca, 2022<\/span>\n          <\/div>\n            <\/div>\n      <\/div> \n      <div class=\"empty-space marg-lg-b25\"><\/div>                 \n    <\/div>\n      <div class=\"col-xs-6 col-sm-4 col-lg-2 post-handy-picked post-20669 post type-post status-publish format-standard has-post-thumbnail hentry category-gdzie-zjesc category-restauracje category-tapas\">\n      <div class=\"tt-post type-3\">\n                <a class=\"tt-post-img custom-hover\" href=\"https:\/\/discoveralmunecar.com\/pl\/freiduria-lute-y-jesus-czasem-do-szczescia-wystarczy-papierowy-rozek\/\">\n      <img decoding=\"async\" width=\"183\" height=\"96\" src=\"https:\/\/discoveralmunecar.com\/wp-content\/uploads\/2026\/03\/Freiduria-3-183x96.webp\" class=\"img-responsive wp-post-image\" alt=\"\" \/>    <\/a>\n            <div class=\"tt-post-info\">\n                <a class=\"tt-post-title c-h5\" href=\"https:\/\/discoveralmunecar.com\/pl\/freiduria-lute-y-jesus-czasem-do-szczescia-wystarczy-papierowy-rozek\/\">Freidur\u00eda Lute y Jes\u00fas: Czasem do szcz\u0119\u015bcia wystarczy papierowy ro\u017cek<\/a>\n                  <div class=\"tt-post-label\">\n              <span class=\"tt-post-author-name\"><a href=\"https:\/\/discoveralmunecar.com\/pl\/author\/pedro-espinosa\/\">Admin<\/a><\/span>\n                    <span class=\"tt-post-date\">8 kwietnia, 2026<\/span>\n          <\/div>\n            <\/div>\n      <\/div> \n      <div class=\"empty-space marg-lg-b25\"><\/div>                 \n    <\/div>\n          <\/div>\n      <\/div>\n      \n  [vc_empty_space][\/vc_column][\/vc_row]<\/p>\n","protected":false},"excerpt":{"rendered":"<p>[vc_row][vc_column][vc_single_image image=&#8221;9250&#8243; img_size=&#8221;full&#8221;][vc_empty_space][vc_empty_space][vc_empty_space][\/vc_column][\/vc_row]<\/p>\n","protected":false},"author":2,"featured_media":0,"parent":0,"menu_order":0,"comment_status":"closed","ping_status":"closed","template":"","meta":{"footnotes":""},"class_list":["post-8040","page","type-page","status-publish","hentry"],"yoast_head":"<!-- This site is optimized with the Yoast SEO plugin v27.3 - https:\/\/yoast.com\/product\/yoast-seo-wordpress\/ -->\n<title>Jedzenie tapas w Almu\u00f1\u00e9car, najlepsze bary do odwiedzenia w mie\u015bcie -<\/title>\n<meta name=\"robots\" content=\"index, follow, max-snippet:-1, max-image-preview:large, max-video-preview:-1\" \/>\n<link rel=\"canonical\" href=\"https:\/\/discoveralmunecar.com\/pl\/jedzenie-tapas-w-almunecar\/\" \/>\n<meta property=\"og:locale\" content=\"pl_PL\" \/>\n<meta property=\"og:type\" content=\"article\" \/>\n<meta property=\"og:title\" content=\"Jedzenie tapas w Almu\u00f1\u00e9car, najlepsze bary do odwiedzenia w mie\u015bcie -\" \/>\n<meta property=\"og:description\" content=\"[vc_row][vc_column][vc_single_image image=&#8221;9250&#8243; img_size=&#8221;full&#8221;][vc_empty_space][vc_empty_space][vc_empty_space][\/vc_column][\/vc_row]\" \/>\n<meta property=\"og:url\" content=\"https:\/\/discoveralmunecar.com\/pl\/jedzenie-tapas-w-almunecar\/\" \/>\n<meta property=\"article:modified_time\" content=\"2022-07-08T23:29:07+00:00\" \/>\n<meta name=\"twitter:card\" content=\"summary_large_image\" \/>\n<meta name=\"twitter:label1\" content=\"Szacowany czas czytania\" \/>\n\t<meta name=\"twitter:data1\" content=\"3 minuty\" \/>\n<script type=\"application\/ld+json\" class=\"yoast-schema-graph\">{\"@context\":\"https:\\\/\\\/schema.org\",\"@graph\":[{\"@type\":\"WebPage\",\"@id\":\"https:\\\/\\\/discoveralmunecar.com\\\/pl\\\/jedzenie-tapas-w-almunecar\\\/\",\"url\":\"https:\\\/\\\/discoveralmunecar.com\\\/pl\\\/jedzenie-tapas-w-almunecar\\\/\",\"name\":\"Jedzenie tapas w Almu\u00f1\u00e9car, najlepsze bary do odwiedzenia w mie\u015bcie -\",\"isPartOf\":{\"@id\":\"https:\\\/\\\/discoveralmunecar.com\\\/pl\\\/#website\"},\"datePublished\":\"2022-05-02T13:53:41+00:00\",\"dateModified\":\"2022-07-08T23:29:07+00:00\",\"breadcrumb\":{\"@id\":\"https:\\\/\\\/discoveralmunecar.com\\\/pl\\\/jedzenie-tapas-w-almunecar\\\/#breadcrumb\"},\"inLanguage\":\"pl-PL\",\"potentialAction\":[{\"@type\":\"ReadAction\",\"target\":[\"https:\\\/\\\/discoveralmunecar.com\\\/pl\\\/jedzenie-tapas-w-almunecar\\\/\"]}]},{\"@type\":\"BreadcrumbList\",\"@id\":\"https:\\\/\\\/discoveralmunecar.com\\\/pl\\\/jedzenie-tapas-w-almunecar\\\/#breadcrumb\",\"itemListElement\":[{\"@type\":\"ListItem\",\"position\":1,\"name\":\"Home\",\"item\":\"https:\\\/\\\/discoveralmunecar.com\\\/pl\\\/\"},{\"@type\":\"ListItem\",\"position\":2,\"name\":\"Jedzenie tapas w Almu\u00f1\u00e9car, najlepsze bary do odwiedzenia w mie\u015bcie\"}]},{\"@type\":\"WebSite\",\"@id\":\"https:\\\/\\\/discoveralmunecar.com\\\/pl\\\/#website\",\"url\":\"https:\\\/\\\/discoveralmunecar.com\\\/pl\\\/\",\"name\":\"\",\"description\":\"Just another WordPress site\\n\",\"potentialAction\":[{\"@type\":\"SearchAction\",\"target\":{\"@type\":\"EntryPoint\",\"urlTemplate\":\"https:\\\/\\\/discoveralmunecar.com\\\/pl\\\/?s={search_term_string}\"},\"query-input\":{\"@type\":\"PropertyValueSpecification\",\"valueRequired\":true,\"valueName\":\"search_term_string\"}}],\"inLanguage\":\"pl-PL\"}]}<\/script>\n<!-- \/ Yoast SEO plugin. -->","yoast_head_json":{"title":"Jedzenie tapas w Almu\u00f1\u00e9car, najlepsze bary do odwiedzenia w mie\u015bcie -","robots":{"index":"index","follow":"follow","max-snippet":"max-snippet:-1","max-image-preview":"max-image-preview:large","max-video-preview":"max-video-preview:-1"},"canonical":"https:\/\/discoveralmunecar.com\/pl\/jedzenie-tapas-w-almunecar\/","og_locale":"pl_PL","og_type":"article","og_title":"Jedzenie tapas w Almu\u00f1\u00e9car, najlepsze bary do odwiedzenia w mie\u015bcie -","og_description":"[vc_row][vc_column][vc_single_image image=&#8221;9250&#8243; img_size=&#8221;full&#8221;][vc_empty_space][vc_empty_space][vc_empty_space][\/vc_column][\/vc_row]","og_url":"https:\/\/discoveralmunecar.com\/pl\/jedzenie-tapas-w-almunecar\/","article_modified_time":"2022-07-08T23:29:07+00:00","twitter_card":"summary_large_image","twitter_misc":{"Szacowany czas czytania":"3 minuty"},"schema":{"@context":"https:\/\/schema.org","@graph":[{"@type":"WebPage","@id":"https:\/\/discoveralmunecar.com\/pl\/jedzenie-tapas-w-almunecar\/","url":"https:\/\/discoveralmunecar.com\/pl\/jedzenie-tapas-w-almunecar\/","name":"Jedzenie tapas w Almu\u00f1\u00e9car, najlepsze bary do odwiedzenia w mie\u015bcie -","isPartOf":{"@id":"https:\/\/discoveralmunecar.com\/pl\/#website"},"datePublished":"2022-05-02T13:53:41+00:00","dateModified":"2022-07-08T23:29:07+00:00","breadcrumb":{"@id":"https:\/\/discoveralmunecar.com\/pl\/jedzenie-tapas-w-almunecar\/#breadcrumb"},"inLanguage":"pl-PL","potentialAction":[{"@type":"ReadAction","target":["https:\/\/discoveralmunecar.com\/pl\/jedzenie-tapas-w-almunecar\/"]}]},{"@type":"BreadcrumbList","@id":"https:\/\/discoveralmunecar.com\/pl\/jedzenie-tapas-w-almunecar\/#breadcrumb","itemListElement":[{"@type":"ListItem","position":1,"name":"Home","item":"https:\/\/discoveralmunecar.com\/pl\/"},{"@type":"ListItem","position":2,"name":"Jedzenie tapas w Almu\u00f1\u00e9car, najlepsze bary do odwiedzenia w mie\u015bcie"}]},{"@type":"WebSite","@id":"https:\/\/discoveralmunecar.com\/pl\/#website","url":"https:\/\/discoveralmunecar.com\/pl\/","name":"","description":"Just another WordPress site\n","potentialAction":[{"@type":"SearchAction","target":{"@type":"EntryPoint","urlTemplate":"https:\/\/discoveralmunecar.com\/pl\/?s={search_term_string}"},"query-input":{"@type":"PropertyValueSpecification","valueRequired":true,"valueName":"search_term_string"}}],"inLanguage":"pl-PL"}]}},"_links":{"self":[{"href":"https:\/\/discoveralmunecar.com\/pl\/wp-json\/wp\/v2\/pages\/8040","targetHints":{"allow":["GET"]}}],"collection":[{"href":"https:\/\/discoveralmunecar.com\/pl\/wp-json\/wp\/v2\/pages"}],"about":[{"href":"https:\/\/discoveralmunecar.com\/pl\/wp-json\/wp\/v2\/types\/page"}],"author":[{"embeddable":true,"href":"https:\/\/discoveralmunecar.com\/pl\/wp-json\/wp\/v2\/users\/2"}],"replies":[{"embeddable":true,"href":"https:\/\/discoveralmunecar.com\/pl\/wp-json\/wp\/v2\/comments?post=8040"}],"version-history":[{"count":4,"href":"https:\/\/discoveralmunecar.com\/pl\/wp-json\/wp\/v2\/pages\/8040\/revisions"}],"predecessor-version":[{"id":9255,"href":"https:\/\/discoveralmunecar.com\/pl\/wp-json\/wp\/v2\/pages\/8040\/revisions\/9255"}],"wp:attachment":[{"href":"https:\/\/discoveralmunecar.com\/pl\/wp-json\/wp\/v2\/media?parent=8040"}],"curies":[{"name":"wp","href":"https:\/\/api.w.org\/{rel}","templated":true}]}}