{"id":8062,"date":"2022-05-04T12:46:23","date_gmt":"2022-05-04T12:46:23","guid":{"rendered":"https:\/\/discoveralmunecar.com\/?page_id=8062"},"modified":"2022-05-04T12:46:23","modified_gmt":"2022-05-04T12:46:23","slug":"parki-i-przyroda-w-almunecar","status":"publish","type":"page","link":"https:\/\/discoveralmunecar.com\/pl\/parki-i-przyroda-w-almunecar\/","title":{"rendered":"Parki i przyroda w Almu\u00f1ecar"},"content":{"rendered":"<p>[vc_row][vc_column]      <div class=\"row\">\n        <div class=\"post-grid-view\">\n                  <div class=\"col-sm-6 post-17006 post type-post status-publish format-standard has-post-thumbnail hentry category-co-nalezy-zrobic category-parki-i-natura\">\n\n            <div class=\"tt-post type-2\">\n                      <a class=\"tt-post-img custom-hover\" href=\"https:\/\/discoveralmunecar.com\/pl\/akwarium-almunecar\/\">\n      <img fetchpriority=\"high\" decoding=\"async\" width=\"537\" height=\"307\" src=\"https:\/\/discoveralmunecar.com\/wp-content\/uploads\/2021\/05\/almunecar-aquarium-1-537x307.jpg\" class=\"img-responsive wp-post-image\" alt=\"\" \/>    <\/a>\n                <div class=\"tt-post-info\">\n                                    <a class=\"tt-post-title c-h4\" href=\"https:\/\/discoveralmunecar.com\/pl\/akwarium-almunecar\/\"><small>Akwarium Almu\u00f1ecar<\/small><\/a>\n                      <div class=\"tt-post-label\">\n                <\/div>\n                      <div class=\"simple-text\">\n      <p><\/p>\n    <\/div>\n                                    <\/div>\n            <\/div>\n            <div class=\"empty-space marg-xs-b30\"><\/div> \n          <\/div>\n                <\/div>\n      <\/div>\n      \n  [vc_empty_space]<div class=\"text-block\" ><div class=\"simple-text \"><h3>Park El Majuelo<\/h3>\n<p>Park El Majuelo znajduje si\u0119 w historycznym centrum Almu\u00f1\u00e9car, u podn\u00f3\u017ca Zamku San Miguel.<\/p>\n<p>Dzi\u0119ki uprzywilejowanemu klimatowi Almu\u00f1\u00e9car, park ten jest r\u00f3wnie\u017c wa\u017cnym rezerwatem botanicznym, w kt\u00f3rym mo\u017cna podziwia\u0107 ponad 180 gatunk\u00f3w ro\u015blin tropikalnych i subtropikalnych z r\u00f3\u017cnych cz\u0119\u015bci \u015bwiata.<\/p>\n<p>S\u0105 tu okazy z Ameryki \u015arodkowej i Po\u0142udniowej, Australii, Afryki i Madagaskaru, Filipin, Indii, Japonii, Chin, Wysp Malajskich, Indonezji, Nowej Gwinei, Nowej Zelandii, Mikronezji, Arabii i Polinezji. Opr\u00f3cz du\u017cej liczby drzew palmowych.<\/p>\n<p>Pami\u0119taj\u0105c jednak o tym, \u017ce Almu\u00f1\u00e9car jest najstarszym miastem hiszpa\u0144skiego basenu Morza \u015ar\u00f3dziemnego i \u017ce przewin\u0119\u0142y si\u0119 przez nie wszystkie kultury staro\u017cytno\u015bci, mo\u017cemy r\u00f3wnie\u017c podziwia\u0107 star\u0105 fabryk\u0119 soli rybnej, w kt\u00f3rej wytwarzano s\u0142ynne garum.<\/p>\n<p>Fabryka ta by\u0142a pierwotnie dzie\u0142em Fenicjan, ale w czasach Cesarstwa Rzymskiego rozros\u0142a si\u0119 i sta\u0142a si\u0119 bardzo wa\u017cnym o\u015brodkiem produkcyjnym dla \u00f3wczesnego miasta Almu\u00f1\u00e9car.<\/p>\n<p>Ponadto wewn\u0105trz parku znajduje si\u0119 audytorium zaprojektowane przez mistrza Timoteo Urrengoechea Gomeza.<br \/>\nA poniewa\u017c Almu\u00f1\u00e9car jest r\u00f3wnie\u017c o\u015brodkiem sztuki, w ca\u0142ym parku mo\u017cna odkry\u0107 rze\u017aby syryjskich artyst\u00f3w, dzi\u0119ki wsp\u00f3\u0142pracy miasta Almu\u00f1\u00e9car z tym krajem.<\/p>\n<h3>Park \u015ar\u00f3dziemnomorski, Taramay<\/h3>\n<p>Jest to szczeg\u00f3lny park, poniewa\u017c znajduje si\u0119 nad brzegiem morza, w otoczeniu li\u015bciastego gaju sosnowego i innych klasycznych gatunk\u00f3w klimatu \u015br\u00f3dziemnomorskiego, wzd\u0142u\u017c brzegu morza, co czyni go wyj\u0105tkowym miejscem do spacer\u00f3w i kontemplacji przyrody, przy jednoczesnym odczuwaniu delikatnej morskiej bryzy.<\/p>\n<p>Ponadto jej po\u0142o\u017cenie zapewnia odwiedzaj\u0105cym niezr\u00f3wnane widoki i jest doskona\u0142ym miejscem do robienia spektakularnych zdj\u0119\u0107, dlatego te\u017c wiele par wybiera to miejsce na zdj\u0119cia \u015blubne i inne uroczysto\u015bci.<br \/>\nNa jego trasie znajduje si\u0119 kilka punkt\u00f3w, kt\u00f3re s\u0105 prawdziwymi punktami widokowymi.<\/p>\n<p>Park prowadzi r\u00f3wnie\u017c do trzech r\u00f3\u017cnych pla\u017c na wybrze\u017cu Sexitano: Pla\u017ca Cabria, Pla\u017ca Calabaj\u00edo i Pla\u017ca Pozuelo.<\/p>\n<h3>Ogr\u00f3d-Muzeum Bonsai<\/h3>\n<p>Jest to muzeum o powierzchni oko\u0142o 2000 metr\u00f3w kwadratowych, po\u015bwi\u0119cone badaniu, rozpowszechnianiu i podziwianiu tych ma\u0142ych drzewek.<\/p>\n<p>Ten Ogr\u00f3d-Muzeum Bonsai jest najwa\u017cniejszy w Andaluzji i nale\u017cy do najlepszych w Hiszpanii i Europie.<\/p>\n<p>Mo\u017cna tu zobaczy\u0107 wiele gatunk\u00f3w pochodz\u0105cych z r\u00f3\u017cnych cz\u0119\u015bci \u015bwiata, przywiezionych z Azji i innych cz\u0119\u015bci Europy, a tak\u017ce oczywi\u015bcie rodzimych dla tej prowincji i wybrze\u017ca Morza \u015ar\u00f3dziemnego.<\/p>\n<p>Opr\u00f3cz bonsai w Ogrodzie-Muzeum mo\u017cna podziwia\u0107 staw ze \u015bwi\u0119tym karpiem, suchy ogr\u00f3d zen i kwiatowy ogr\u00f3d wilgotny, fontanny buddyjskie, niekt\u00f3re drzewa maj\u0105ce ponad sto lat i pi\u0119kne bramy z byk\u00f3w.<\/p>\n<h3>Park Pe\u00f1a Escrita<\/h3>\n<p>Kilka minut jazdy samochodem od historycznego centrum Almu\u00f1\u00e9car znajduje si\u0119 Park Przyrodniczy Pe\u00f1a Escrita. Jest to kompleks turystyczny dla mi\u0142o\u015bnik\u00f3w przyrody, ale tak\u017ce dla najodwa\u017cniejszych i mi\u0142o\u015bnik\u00f3w tak zwanej &#8220;turystyki aktywnej&#8221;.<\/p>\n<p>Jest to bowiem miejsce, w kt\u00f3rym mo\u017cna znale\u017a\u0107 kilka r\u00f3\u017cnych rze\u017ab geograficznych, takich jak: podn\u00f3\u017ca wysokich g\u00f3r Sierra Nevada, kt\u00f3re kontrastuj\u0105 z tropikaln\u0105 dolin\u0105 i po\u015brednim krajobrazem Alpujarra.<\/p>\n<p>Z tego wzgl\u0119du odwiedzaj\u0105cy mog\u0105 cieszy\u0107 si\u0119 spotkaniami z dzikimi zwierz\u0119tami, takimi jak kozy g\u00f3rskie i jelenie, \u015bwie\u017cym zapachem rozmarynu i tymianku oraz spektakularnymi widokami w otoczeniu typowej ro\u015blinno\u015bci \u015br\u00f3dziemnomorskiej.<\/p>\n<p>Ponadto mi\u0142o\u015bnicy pieszych w\u0119dr\u00f3wek mog\u0105 skorzysta\u0107 z dawnych szlak\u00f3w, kt\u00f3re \u0142\u0105czy\u0142y stolic\u0119 prowincji z wybrze\u017cem. Obecnie istnieje wiele tras pieszych, rowerowych i konnych, a ponadto w okolicy dzia\u0142aj\u0105 firmy organizuj\u0105ce loty paralotni\u0105.<\/p>\n<h3>Loro Sexi<\/h3>\n<p>Bardzo blisko Pe\u00f1ones del Santo, nieca\u0142e 100 metr\u00f3w od Morza \u015ar\u00f3dziemnego, znajduje si\u0119 park ptak\u00f3w Loro Sexi, obok Parque del Majuelo.<\/p>\n<p>W parku tym znajduje si\u0119 bardzo wa\u017cna kolekcja ponad 100 gatunk\u00f3w ptak\u00f3w, a tak\u017ce innych zwierz\u0105t, takich jak \u017c\u00f3\u0142wie, lemury&#8230; oraz pi\u0119kny ogr\u00f3d kaktus\u00f3w.<\/p>\n<p>Mo\u017cna tu znale\u017a\u0107 od go\u0142\u0119bia pocztowego, przez pawie, papugi, tukany, \u0142ab\u0119dzie, kaczki i wiele innych&#8230;<\/p>\n<p>Je\u015bli sp\u0119dzisz kilka dni w Almu\u00f1\u00e9car lub La Herradura, nie zapomnij odwiedzi\u0107 jednego lub kilku z tych park\u00f3w, jest to rekomendacja Descubre Almu\u00f1\u00e9car.<\/p>\n<\/div><\/div>[\/vc_column][\/vc_row]<\/p>\n","protected":false},"excerpt":{"rendered":"<p>[vc_row][vc_column][vc_empty_space][\/vc_column][\/vc_row]<\/p>\n","protected":false},"author":2,"featured_media":0,"parent":0,"menu_order":0,"comment_status":"closed","ping_status":"closed","template":"","meta":{"footnotes":""},"class_list":["post-8062","page","type-page","status-publish","hentry"],"yoast_head":"<!-- This site is optimized with the Yoast SEO plugin v27.3 - https:\/\/yoast.com\/product\/yoast-seo-wordpress\/ -->\n<title>Parki i przyroda w Almu\u00f1ecar -<\/title>\n<meta name=\"robots\" content=\"index, follow, max-snippet:-1, max-image-preview:large, max-video-preview:-1\" \/>\n<link rel=\"canonical\" href=\"https:\/\/discoveralmunecar.com\/pl\/parki-i-przyroda-w-almunecar\/\" \/>\n<meta property=\"og:locale\" content=\"pl_PL\" \/>\n<meta property=\"og:type\" content=\"article\" \/>\n<meta property=\"og:title\" content=\"Parki i przyroda w Almu\u00f1ecar -\" \/>\n<meta property=\"og:description\" content=\"[vc_row][vc_column][vc_empty_space][\/vc_column][\/vc_row]\" \/>\n<meta property=\"og:url\" content=\"https:\/\/discoveralmunecar.com\/pl\/parki-i-przyroda-w-almunecar\/\" \/>\n<meta name=\"twitter:card\" content=\"summary_large_image\" \/>\n<meta name=\"twitter:label1\" content=\"Szacowany czas czytania\" \/>\n\t<meta name=\"twitter:data1\" content=\"3 minuty\" \/>\n<script type=\"application\/ld+json\" class=\"yoast-schema-graph\">{\"@context\":\"https:\\\/\\\/schema.org\",\"@graph\":[{\"@type\":\"WebPage\",\"@id\":\"https:\\\/\\\/discoveralmunecar.com\\\/pl\\\/parki-i-przyroda-w-almunecar\\\/\",\"url\":\"https:\\\/\\\/discoveralmunecar.com\\\/pl\\\/parki-i-przyroda-w-almunecar\\\/\",\"name\":\"Parki i przyroda w Almu\u00f1ecar -\",\"isPartOf\":{\"@id\":\"https:\\\/\\\/discoveralmunecar.com\\\/pl\\\/#website\"},\"datePublished\":\"2022-05-04T12:46:23+00:00\",\"breadcrumb\":{\"@id\":\"https:\\\/\\\/discoveralmunecar.com\\\/pl\\\/parki-i-przyroda-w-almunecar\\\/#breadcrumb\"},\"inLanguage\":\"pl-PL\",\"potentialAction\":[{\"@type\":\"ReadAction\",\"target\":[\"https:\\\/\\\/discoveralmunecar.com\\\/pl\\\/parki-i-przyroda-w-almunecar\\\/\"]}]},{\"@type\":\"BreadcrumbList\",\"@id\":\"https:\\\/\\\/discoveralmunecar.com\\\/pl\\\/parki-i-przyroda-w-almunecar\\\/#breadcrumb\",\"itemListElement\":[{\"@type\":\"ListItem\",\"position\":1,\"name\":\"Home\",\"item\":\"https:\\\/\\\/discoveralmunecar.com\\\/pl\\\/\"},{\"@type\":\"ListItem\",\"position\":2,\"name\":\"Parki i przyroda w Almu\u00f1ecar\"}]},{\"@type\":\"WebSite\",\"@id\":\"https:\\\/\\\/discoveralmunecar.com\\\/pl\\\/#website\",\"url\":\"https:\\\/\\\/discoveralmunecar.com\\\/pl\\\/\",\"name\":\"\",\"description\":\"Just another WordPress site\\n\",\"potentialAction\":[{\"@type\":\"SearchAction\",\"target\":{\"@type\":\"EntryPoint\",\"urlTemplate\":\"https:\\\/\\\/discoveralmunecar.com\\\/pl\\\/?s={search_term_string}\"},\"query-input\":{\"@type\":\"PropertyValueSpecification\",\"valueRequired\":true,\"valueName\":\"search_term_string\"}}],\"inLanguage\":\"pl-PL\"}]}<\/script>\n<!-- \/ Yoast SEO plugin. -->","yoast_head_json":{"title":"Parki i przyroda w Almu\u00f1ecar -","robots":{"index":"index","follow":"follow","max-snippet":"max-snippet:-1","max-image-preview":"max-image-preview:large","max-video-preview":"max-video-preview:-1"},"canonical":"https:\/\/discoveralmunecar.com\/pl\/parki-i-przyroda-w-almunecar\/","og_locale":"pl_PL","og_type":"article","og_title":"Parki i przyroda w Almu\u00f1ecar -","og_description":"[vc_row][vc_column][vc_empty_space][\/vc_column][\/vc_row]","og_url":"https:\/\/discoveralmunecar.com\/pl\/parki-i-przyroda-w-almunecar\/","twitter_card":"summary_large_image","twitter_misc":{"Szacowany czas czytania":"3 minuty"},"schema":{"@context":"https:\/\/schema.org","@graph":[{"@type":"WebPage","@id":"https:\/\/discoveralmunecar.com\/pl\/parki-i-przyroda-w-almunecar\/","url":"https:\/\/discoveralmunecar.com\/pl\/parki-i-przyroda-w-almunecar\/","name":"Parki i przyroda w Almu\u00f1ecar -","isPartOf":{"@id":"https:\/\/discoveralmunecar.com\/pl\/#website"},"datePublished":"2022-05-04T12:46:23+00:00","breadcrumb":{"@id":"https:\/\/discoveralmunecar.com\/pl\/parki-i-przyroda-w-almunecar\/#breadcrumb"},"inLanguage":"pl-PL","potentialAction":[{"@type":"ReadAction","target":["https:\/\/discoveralmunecar.com\/pl\/parki-i-przyroda-w-almunecar\/"]}]},{"@type":"BreadcrumbList","@id":"https:\/\/discoveralmunecar.com\/pl\/parki-i-przyroda-w-almunecar\/#breadcrumb","itemListElement":[{"@type":"ListItem","position":1,"name":"Home","item":"https:\/\/discoveralmunecar.com\/pl\/"},{"@type":"ListItem","position":2,"name":"Parki i przyroda w Almu\u00f1ecar"}]},{"@type":"WebSite","@id":"https:\/\/discoveralmunecar.com\/pl\/#website","url":"https:\/\/discoveralmunecar.com\/pl\/","name":"","description":"Just another WordPress site\n","potentialAction":[{"@type":"SearchAction","target":{"@type":"EntryPoint","urlTemplate":"https:\/\/discoveralmunecar.com\/pl\/?s={search_term_string}"},"query-input":{"@type":"PropertyValueSpecification","valueRequired":true,"valueName":"search_term_string"}}],"inLanguage":"pl-PL"}]}},"_links":{"self":[{"href":"https:\/\/discoveralmunecar.com\/pl\/wp-json\/wp\/v2\/pages\/8062","targetHints":{"allow":["GET"]}}],"collection":[{"href":"https:\/\/discoveralmunecar.com\/pl\/wp-json\/wp\/v2\/pages"}],"about":[{"href":"https:\/\/discoveralmunecar.com\/pl\/wp-json\/wp\/v2\/types\/page"}],"author":[{"embeddable":true,"href":"https:\/\/discoveralmunecar.com\/pl\/wp-json\/wp\/v2\/users\/2"}],"replies":[{"embeddable":true,"href":"https:\/\/discoveralmunecar.com\/pl\/wp-json\/wp\/v2\/comments?post=8062"}],"version-history":[{"count":1,"href":"https:\/\/discoveralmunecar.com\/pl\/wp-json\/wp\/v2\/pages\/8062\/revisions"}],"predecessor-version":[{"id":8065,"href":"https:\/\/discoveralmunecar.com\/pl\/wp-json\/wp\/v2\/pages\/8062\/revisions\/8065"}],"wp:attachment":[{"href":"https:\/\/discoveralmunecar.com\/pl\/wp-json\/wp\/v2\/media?parent=8062"}],"curies":[{"name":"wp","href":"https:\/\/api.w.org\/{rel}","templated":true}]}}