{"id":8063,"date":"2023-07-26T14:05:46","date_gmt":"2023-07-26T14:05:46","guid":{"rendered":"https:\/\/discoveralmunecar.com\/?page_id=8063"},"modified":"2023-07-26T14:05:47","modified_gmt":"2023-07-26T14:05:47","slug":"pogoda-w-almunecar","status":"publish","type":"page","link":"https:\/\/discoveralmunecar.com\/pl\/pogoda-w-almunecar\/","title":{"rendered":"Pogoda w Almu\u00f1\u00e9car, s\u0142o\u0144ce i dobra pogoda przez ca\u0142y rok"},"content":{"rendered":"<p>[vc_row][vc_column][vc_row_inner][vc_column_inner]<div class=\"text-block\" ><div class=\"simple-text \"><p>S\u0142o\u0144ce i dobra pogoda to og\u00f3lna tendencja przez ca\u0142y rok. Klimat w Almu\u00f1\u00e9car oscyluje wok\u00f3\u0142 \u015bredniej rocznej temperatury oko\u0142o 18\u00b0C. Pogoda sprzyja uprawianiu wszelkich aktywno\u015bci na \u015bwie\u017cym powietrzu, ciesz\u0105c si\u0119 s\u0142o\u0144cem praktycznie przez ca\u0142y rok.<\/p>\n<\/div><\/div><div  class=\"empty-space  marg-lg-b20\"><\/div><div class=\"text-block\" ><div class=\"simple-text \"><table>\n<tbody>\n<tr>\n<td><\/td>\n<td><strong>Minimalna temperatura<\/strong><\/td>\n<td><strong>Maksymalna temperatura<\/strong><\/td>\n<td><strong>\u015arednia temperatura<\/strong><\/td>\n<\/tr>\n<tr>\n<td>Zima<\/td>\n<td>8\u00b0<\/td>\n<td>14\u00b0<\/td>\n<td>10\u00b0<\/td>\n<\/tr>\n<tr>\n<td>Wiosna<\/td>\n<td>11\u00b0<\/td>\n<td>18\u00b0<\/td>\n<td>14\u00b0<\/td>\n<\/tr>\n<tr>\n<td>Lato<\/td>\n<td>16\u00b0<\/td>\n<td>28\u00b0<\/td>\n<td>24\u00b0<\/td>\n<\/tr>\n<tr>\n<td>Jesie\u0144<\/td>\n<td>16\u00b0<\/td>\n<td>24\u00b0<\/td>\n<td>10\u00b0<\/td>\n<\/tr>\n<\/tbody>\n<\/table>\n<\/div><\/div><div  class=\"empty-space  marg-lg-b20\"><\/div><div class=\"text-block\" ><div class=\"simple-text \"><p>Dowodem na dobr\u0105 pogod\u0119 w Almu\u00f1\u00e9car s\u0105 uprawy ro\u015blin tropikalnych, kt\u00f3re s\u0105 eksploatowane na tym obszarze. Jab\u0142onie, awokado i mango, kt\u00f3re nie mog\u0142yby przetrwa\u0107, gdyby nie \u0142agodny klimat panuj\u0105cy tu przez ca\u0142y rok. Na przyk\u0142ad kwitnienie rajskiego ptaka. Ten kwiat mo\u017ce by\u0107 uprawiany tylko w ciep\u0142ym, subtropikalnym i \u015br\u00f3dziemnomorskim klimacie, nie przetrwa\u0142by w ch\u0142odniejszym.<\/p>\n<p>\u0141agodne temperatury zach\u0119caj\u0105 do spacer\u00f3w ulicami miasta, picia kawy na tarasie i cieszenia si\u0119 s\u0142o\u0144cem.<\/p>\n<\/div><\/div>[\/vc_column_inner][\/vc_row_inner][\/vc_column][\/vc_row][vc_row][vc_column]<div  class=\"empty-space  marg-lg-b35\"><\/div>[vc_row_inner][vc_column_inner width=&#8221;1\/2&#8243;][vc_custom_heading text=&#8221;Ciesz si\u0119 pogod\u0105 w Almu\u00f1\u00e9car podczas spaceru wzd\u0142u\u017c wybrze\u017ca&#8221; font_container=&#8221;tag:h2|font_size:20|text_align:left&#8221; use_theme_fonts=&#8221;yes&#8221;]<div  class=\"empty-space  marg-lg-b20\"><\/div>[vc_single_image image=&#8221;11376&#8243; img_size=&#8221;full&#8221;]<div  class=\"empty-space  marg-lg-b20\"><\/div><div class=\"text-block\" ><div class=\"simple-text \"><p>Spacery brzegiem morza poprawiaj\u0105 nasze zdrowie, chodzenie w pobli\u017cu wody morskiej przynosi nam korzy\u015bci dla naszego zdrowia dzi\u0119ki zawarto\u015bci jodu. Opr\u00f3cz efektu terapeutycznego. Spacery w pobli\u017cu morza s\u0105 dobre dla serca i umys\u0142u.<\/p>\n<\/div><\/div>[\/vc_column_inner][vc_column_inner width=&#8221;1\/2&#8243;][vc_custom_heading text=&#8221;Smakuj wspania\u0142e przek\u0105ski&#8221; font_container=&#8221;tag:h2|font_size:20|text_align:left&#8221; use_theme_fonts=&#8221;yes&#8221;]<div  class=\"empty-space  marg-lg-b20\"><\/div>[vc_single_image image=&#8221;11379&#8243; img_size=&#8221;full&#8221;]<div  class=\"empty-space  marg-lg-b20\"><\/div><div class=\"text-block\" ><div class=\"simple-text \"><p>Delektowanie si\u0119 tapas to hiszpa\u0144ski zwyczaj, kt\u00f3ry sta\u0142 si\u0119 symbolem gastronomii. Tapas s\u0105 serwowane jako ma\u0142a pr\u00f3bka dla klienta dobrej pracy w kuchni. I wiele razy mo\u017cna cieszy\u0107 si\u0119 aperitifem bardziej ni\u017c samym jedzeniem.<\/p>\n<\/div><\/div>[\/vc_column_inner][\/vc_row_inner][vc_row_inner][vc_column_inner width=&#8221;1\/2&#8243;][vc_custom_heading text=&#8221;Spacer po pi\u0119knych parkach&#8221; font_container=&#8221;tag:h2|font_size:20|text_align:left&#8221; use_theme_fonts=&#8221;yes&#8221;]<div  class=\"empty-space  marg-lg-b20\"><\/div>[vc_single_image image=&#8221;11382&#8243; img_size=&#8221;full&#8221;]<div  class=\"empty-space  marg-lg-b20\"><\/div><div class=\"text-block\" ><div class=\"simple-text \"><p>W parkach takich jak El Majuelo mo\u017cna spacerowa\u0107 i podziwia\u0107 faun\u0119 ro\u015blinn\u0105 z r\u00f3\u017cnych kontynent\u00f3w.<\/p>\n<\/div><\/div>[\/vc_column_inner][vc_column_inner width=&#8221;1\/2&#8243;][\/vc_column_inner][\/vc_row_inner][\/vc_column][\/vc_row]<\/p>\n","protected":false},"excerpt":{"rendered":"<p>[vc_row][vc_column][vc_row_inner][vc_column_inner][\/vc_column_inner][\/vc_row_inner][\/vc_column][\/vc_row][vc_row][vc_column][vc_row_inner][vc_column_inner width=&#8221;1\/2&#8243;][vc_custom_heading text=&#8221;Ciesz si\u0119 pogod\u0105 w Almu\u00f1\u00e9car podczas spaceru wzd\u0142u\u017c wybrze\u017ca&#8221; font_container=&#8221;tag:h2|font_size:20|text_align:left&#8221; use_theme_fonts=&#8221;yes&#8221;][vc_single_image image=&#8221;11376&#8243; img_size=&#8221;full&#8221;][\/vc_column_inner][vc_column_inner width=&#8221;1\/2&#8243;][vc_custom_heading text=&#8221;Smakuj wspania\u0142e przek\u0105ski&#8221; font_container=&#8221;tag:h2|font_size:20|text_align:left&#8221; use_theme_fonts=&#8221;yes&#8221;][vc_single_image image=&#8221;11379&#8243; img_size=&#8221;full&#8221;][\/vc_column_inner][\/vc_row_inner][vc_row_inner][vc_column_inner width=&#8221;1\/2&#8243;][vc_custom_heading text=&#8221;Spacer po pi\u0119knych parkach&#8221; font_container=&#8221;tag:h2|font_size:20|text_align:left&#8221; use_theme_fonts=&#8221;yes&#8221;][vc_single_image image=&#8221;11382&#8243; img_size=&#8221;full&#8221;][\/vc_column_inner][vc_column_inner width=&#8221;1\/2&#8243;][\/vc_column_inner][\/vc_row_inner][\/vc_column][\/vc_row]<\/p>\n","protected":false},"author":2,"featured_media":0,"parent":0,"menu_order":0,"comment_status":"closed","ping_status":"closed","template":"","meta":{"footnotes":""},"class_list":["post-8063","page","type-page","status-publish","hentry"],"yoast_head":"<!-- This site is optimized with the Yoast SEO plugin v27.3 - https:\/\/yoast.com\/product\/yoast-seo-wordpress\/ -->\n<title>Pogoda w Almu\u00f1\u00e9car, s\u0142o\u0144ce i dobra pogoda przez ca\u0142y rok -<\/title>\n<meta name=\"robots\" content=\"index, follow, max-snippet:-1, max-image-preview:large, max-video-preview:-1\" \/>\n<link rel=\"canonical\" href=\"https:\/\/discoveralmunecar.com\/pl\/pogoda-w-almunecar\/\" \/>\n<meta property=\"og:locale\" content=\"pl_PL\" \/>\n<meta property=\"og:type\" content=\"article\" \/>\n<meta property=\"og:title\" content=\"Pogoda w Almu\u00f1\u00e9car, s\u0142o\u0144ce i dobra pogoda przez ca\u0142y rok -\" \/>\n<meta property=\"og:description\" content=\"[vc_row][vc_column][vc_row_inner][vc_column_inner][\/vc_column_inner][\/vc_row_inner][\/vc_column][\/vc_row][vc_row][vc_column][vc_row_inner][vc_column_inner width=&#8221;1\/2&#8243;][vc_custom_heading text=&#8221;Ciesz si\u0119 pogod\u0105 w Almu\u00f1\u00e9car podczas spaceru wzd\u0142u\u017c wybrze\u017ca&#8221; font_container=&#8221;tag:h2|font_size:20|text_align:left&#8221; use_theme_fonts=&#8221;yes&#8221;][vc_single_image image=&#8221;11376&#8243; img_size=&#8221;full&#8221;][\/vc_column_inner][vc_column_inner width=&#8221;1\/2&#8243;][vc_custom_heading text=&#8221;Smakuj wspania\u0142e przek\u0105ski&#8221; font_container=&#8221;tag:h2|font_size:20|text_align:left&#8221; use_theme_fonts=&#8221;yes&#8221;][vc_single_image image=&#8221;11379&#8243; img_size=&#8221;full&#8221;][\/vc_column_inner][\/vc_row_inner][vc_row_inner][vc_column_inner width=&#8221;1\/2&#8243;][vc_custom_heading text=&#8221;Spacer po pi\u0119knych parkach&#8221; font_container=&#8221;tag:h2|font_size:20|text_align:left&#8221; use_theme_fonts=&#8221;yes&#8221;][vc_single_image image=&#8221;11382&#8243; img_size=&#8221;full&#8221;][\/vc_column_inner][vc_column_inner width=&#8221;1\/2&#8243;][\/vc_column_inner][\/vc_row_inner][\/vc_column][\/vc_row]\" \/>\n<meta property=\"og:url\" content=\"https:\/\/discoveralmunecar.com\/pl\/pogoda-w-almunecar\/\" \/>\n<meta property=\"article:modified_time\" content=\"2023-07-26T14:05:47+00:00\" \/>\n<meta name=\"twitter:card\" content=\"summary_large_image\" \/>\n<meta name=\"twitter:label1\" content=\"Szacowany czas czytania\" \/>\n\t<meta name=\"twitter:data1\" content=\"2 minuty\" \/>\n<script type=\"application\/ld+json\" class=\"yoast-schema-graph\">{\"@context\":\"https:\\\/\\\/schema.org\",\"@graph\":[{\"@type\":\"WebPage\",\"@id\":\"https:\\\/\\\/discoveralmunecar.com\\\/pl\\\/pogoda-w-almunecar\\\/\",\"url\":\"https:\\\/\\\/discoveralmunecar.com\\\/pl\\\/pogoda-w-almunecar\\\/\",\"name\":\"Pogoda w Almu\u00f1\u00e9car, s\u0142o\u0144ce i dobra pogoda przez ca\u0142y rok -\",\"isPartOf\":{\"@id\":\"https:\\\/\\\/discoveralmunecar.com\\\/pl\\\/#website\"},\"datePublished\":\"2023-07-26T14:05:46+00:00\",\"dateModified\":\"2023-07-26T14:05:47+00:00\",\"breadcrumb\":{\"@id\":\"https:\\\/\\\/discoveralmunecar.com\\\/pl\\\/pogoda-w-almunecar\\\/#breadcrumb\"},\"inLanguage\":\"pl-PL\",\"potentialAction\":[{\"@type\":\"ReadAction\",\"target\":[\"https:\\\/\\\/discoveralmunecar.com\\\/pl\\\/pogoda-w-almunecar\\\/\"]}]},{\"@type\":\"BreadcrumbList\",\"@id\":\"https:\\\/\\\/discoveralmunecar.com\\\/pl\\\/pogoda-w-almunecar\\\/#breadcrumb\",\"itemListElement\":[{\"@type\":\"ListItem\",\"position\":1,\"name\":\"Home\",\"item\":\"https:\\\/\\\/discoveralmunecar.com\\\/pl\\\/\"},{\"@type\":\"ListItem\",\"position\":2,\"name\":\"Pogoda w Almu\u00f1\u00e9car, s\u0142o\u0144ce i dobra pogoda przez ca\u0142y rok\"}]},{\"@type\":\"WebSite\",\"@id\":\"https:\\\/\\\/discoveralmunecar.com\\\/pl\\\/#website\",\"url\":\"https:\\\/\\\/discoveralmunecar.com\\\/pl\\\/\",\"name\":\"\",\"description\":\"Just another WordPress site\\n\",\"potentialAction\":[{\"@type\":\"SearchAction\",\"target\":{\"@type\":\"EntryPoint\",\"urlTemplate\":\"https:\\\/\\\/discoveralmunecar.com\\\/pl\\\/?s={search_term_string}\"},\"query-input\":{\"@type\":\"PropertyValueSpecification\",\"valueRequired\":true,\"valueName\":\"search_term_string\"}}],\"inLanguage\":\"pl-PL\"}]}<\/script>\n<!-- \/ Yoast SEO plugin. -->","yoast_head_json":{"title":"Pogoda w Almu\u00f1\u00e9car, s\u0142o\u0144ce i dobra pogoda przez ca\u0142y rok -","robots":{"index":"index","follow":"follow","max-snippet":"max-snippet:-1","max-image-preview":"max-image-preview:large","max-video-preview":"max-video-preview:-1"},"canonical":"https:\/\/discoveralmunecar.com\/pl\/pogoda-w-almunecar\/","og_locale":"pl_PL","og_type":"article","og_title":"Pogoda w Almu\u00f1\u00e9car, s\u0142o\u0144ce i dobra pogoda przez ca\u0142y rok -","og_description":"[vc_row][vc_column][vc_row_inner][vc_column_inner][\/vc_column_inner][\/vc_row_inner][\/vc_column][\/vc_row][vc_row][vc_column][vc_row_inner][vc_column_inner width=&#8221;1\/2&#8243;][vc_custom_heading text=&#8221;Ciesz si\u0119 pogod\u0105 w Almu\u00f1\u00e9car podczas spaceru wzd\u0142u\u017c wybrze\u017ca&#8221; font_container=&#8221;tag:h2|font_size:20|text_align:left&#8221; use_theme_fonts=&#8221;yes&#8221;][vc_single_image image=&#8221;11376&#8243; img_size=&#8221;full&#8221;][\/vc_column_inner][vc_column_inner width=&#8221;1\/2&#8243;][vc_custom_heading text=&#8221;Smakuj wspania\u0142e przek\u0105ski&#8221; font_container=&#8221;tag:h2|font_size:20|text_align:left&#8221; use_theme_fonts=&#8221;yes&#8221;][vc_single_image image=&#8221;11379&#8243; img_size=&#8221;full&#8221;][\/vc_column_inner][\/vc_row_inner][vc_row_inner][vc_column_inner width=&#8221;1\/2&#8243;][vc_custom_heading text=&#8221;Spacer po pi\u0119knych parkach&#8221; font_container=&#8221;tag:h2|font_size:20|text_align:left&#8221; use_theme_fonts=&#8221;yes&#8221;][vc_single_image image=&#8221;11382&#8243; img_size=&#8221;full&#8221;][\/vc_column_inner][vc_column_inner width=&#8221;1\/2&#8243;][\/vc_column_inner][\/vc_row_inner][\/vc_column][\/vc_row]","og_url":"https:\/\/discoveralmunecar.com\/pl\/pogoda-w-almunecar\/","article_modified_time":"2023-07-26T14:05:47+00:00","twitter_card":"summary_large_image","twitter_misc":{"Szacowany czas czytania":"2 minuty"},"schema":{"@context":"https:\/\/schema.org","@graph":[{"@type":"WebPage","@id":"https:\/\/discoveralmunecar.com\/pl\/pogoda-w-almunecar\/","url":"https:\/\/discoveralmunecar.com\/pl\/pogoda-w-almunecar\/","name":"Pogoda w Almu\u00f1\u00e9car, s\u0142o\u0144ce i dobra pogoda przez ca\u0142y rok -","isPartOf":{"@id":"https:\/\/discoveralmunecar.com\/pl\/#website"},"datePublished":"2023-07-26T14:05:46+00:00","dateModified":"2023-07-26T14:05:47+00:00","breadcrumb":{"@id":"https:\/\/discoveralmunecar.com\/pl\/pogoda-w-almunecar\/#breadcrumb"},"inLanguage":"pl-PL","potentialAction":[{"@type":"ReadAction","target":["https:\/\/discoveralmunecar.com\/pl\/pogoda-w-almunecar\/"]}]},{"@type":"BreadcrumbList","@id":"https:\/\/discoveralmunecar.com\/pl\/pogoda-w-almunecar\/#breadcrumb","itemListElement":[{"@type":"ListItem","position":1,"name":"Home","item":"https:\/\/discoveralmunecar.com\/pl\/"},{"@type":"ListItem","position":2,"name":"Pogoda w Almu\u00f1\u00e9car, s\u0142o\u0144ce i dobra pogoda przez ca\u0142y rok"}]},{"@type":"WebSite","@id":"https:\/\/discoveralmunecar.com\/pl\/#website","url":"https:\/\/discoveralmunecar.com\/pl\/","name":"","description":"Just another WordPress site\n","potentialAction":[{"@type":"SearchAction","target":{"@type":"EntryPoint","urlTemplate":"https:\/\/discoveralmunecar.com\/pl\/?s={search_term_string}"},"query-input":{"@type":"PropertyValueSpecification","valueRequired":true,"valueName":"search_term_string"}}],"inLanguage":"pl-PL"}]}},"_links":{"self":[{"href":"https:\/\/discoveralmunecar.com\/pl\/wp-json\/wp\/v2\/pages\/8063","targetHints":{"allow":["GET"]}}],"collection":[{"href":"https:\/\/discoveralmunecar.com\/pl\/wp-json\/wp\/v2\/pages"}],"about":[{"href":"https:\/\/discoveralmunecar.com\/pl\/wp-json\/wp\/v2\/types\/page"}],"author":[{"embeddable":true,"href":"https:\/\/discoveralmunecar.com\/pl\/wp-json\/wp\/v2\/users\/2"}],"replies":[{"embeddable":true,"href":"https:\/\/discoveralmunecar.com\/pl\/wp-json\/wp\/v2\/comments?post=8063"}],"version-history":[{"count":5,"href":"https:\/\/discoveralmunecar.com\/pl\/wp-json\/wp\/v2\/pages\/8063\/revisions"}],"predecessor-version":[{"id":16852,"href":"https:\/\/discoveralmunecar.com\/pl\/wp-json\/wp\/v2\/pages\/8063\/revisions\/16852"}],"wp:attachment":[{"href":"https:\/\/discoveralmunecar.com\/pl\/wp-json\/wp\/v2\/media?parent=8063"}],"curies":[{"name":"wp","href":"https:\/\/api.w.org\/{rel}","templated":true}]}}