{"id":8073,"date":"2022-05-10T06:43:39","date_gmt":"2022-05-10T06:43:39","guid":{"rendered":"https:\/\/discoveralmunecar.com\/?page_id=8073"},"modified":"2022-05-10T06:43:39","modified_gmt":"2022-05-10T06:43:39","slug":"gdzie-spac-w-almunecar","status":"publish","type":"page","link":"https:\/\/discoveralmunecar.com\/pl\/gdzie-spac-w-almunecar\/","title":{"rendered":"Gdzie spa\u0107 w Almu\u00f1\u00e9car, najlepsze hotele"},"content":{"rendered":"<p>[vc_row][vc_column]      <div class=\"row\">\n        <div class=\"post-grid-view\">\n                  <div class=\"col-sm-6 post-12500 post type-post status-publish format-standard has-post-thumbnail hentry category-gdzie-spac\">\n\n            <div class=\"tt-post type-2\">\n                      <a class=\"tt-post-img custom-hover\" href=\"https:\/\/discoveralmunecar.com\/pl\/hotel-n-w-almunecar\/\">\n      <img fetchpriority=\"high\" decoding=\"async\" width=\"537\" height=\"307\" src=\"https:\/\/discoveralmunecar.com\/wp-content\/uploads\/2022\/07\/Hotel-Noy-Fachada-537x307.webp\" class=\"img-responsive wp-post-image\" alt=\"\" \/>    <\/a>\n                <div class=\"tt-post-info\">\n                                    <a class=\"tt-post-title c-h4\" href=\"https:\/\/discoveralmunecar.com\/pl\/hotel-n-w-almunecar\/\"><small>Hotel N w Almu\u00f1\u00e9car<\/small><\/a>\n                      <div class=\"tt-post-label\">\n                <\/div>\n                      <div class=\"simple-text\">\n      <p><\/p>\n    <\/div>\n                                    <\/div>\n            <\/div>\n            <div class=\"empty-space marg-xs-b30\"><\/div> \n          <\/div>\n            <div class=\"col-xs-6 col-sm-4 col-lg-2 post-handy-picked post-17664 post type-post status-publish format-standard has-post-thumbnail hentry category-biznes category-firmy category-gdzie-spac\">\n      <div class=\"tt-post type-3\">\n                <a class=\"tt-post-img custom-hover\" href=\"https:\/\/discoveralmunecar.com\/pl\/osrodek-wiejski-cortijo-fandango\/\">\n      <img decoding=\"async\" width=\"183\" height=\"96\" src=\"https:\/\/discoveralmunecar.com\/wp-content\/uploads\/2024\/06\/DSC_9829@0.5x-183x96.webp\" class=\"img-responsive wp-post-image\" alt=\"\" \/>    <\/a>\n            <div class=\"tt-post-info\">\n                <a class=\"tt-post-title c-h5\" href=\"https:\/\/discoveralmunecar.com\/pl\/osrodek-wiejski-cortijo-fandango\/\">O\u015brodek wiejski Cortijo Fandango<\/a>\n                  <div class=\"tt-post-label\">\n              <span class=\"tt-post-author-name\"><a href=\"https:\/\/discoveralmunecar.com\/pl\/author\/pedro-espinosa\/\">Admin<\/a><\/span>\n                    <span class=\"tt-post-date\">5 czerwca, 2024<\/span>\n          <\/div>\n            <\/div>\n      <\/div> \n      <div class=\"empty-space marg-lg-b25\"><\/div>                 \n    <\/div>\n          <\/div>\n      <\/div>\n      \n  [vc_empty_space]<div class=\"text-block\" ><div class=\"simple-text \"><p>Almu\u00f1\u00e9car, po\u0142o\u017cone w sercu regionu Costal del Sol Tropical, jest miastem w prowincji Granada o najwi\u0119kszym nap\u0142ywie turyst\u00f3w.<\/p>\n<p>Z tego powodu posiada du\u017c\u0105 liczb\u0119 hoteli i obiekt\u00f3w noclegowych o szerokim zakresie us\u0142ug, dzi\u0119ki czemu mo\u017cna \u015bmia\u0142o powiedzie\u0107, \u017ce znajdzie si\u0119 tu hotel dla ka\u017cdego rodzaju turysty, od hoteli akceptuj\u0105cych zwierz\u0119ta domowe, po takie, kt\u00f3re mog\u0105 pomie\u015bci\u0107 tylko osoby doros\u0142e, od najbardziej luksusowych hoteli czterogwiazdkowych z basenem i widokiem na Morze \u015ar\u00f3dziemne, po wszelkiego rodzaju hostele i kempingi.<\/p>\n<p>Je\u015bli chodzi o baz\u0119 hotelow\u0105, Almu\u00f1\u00e9car dysponuje nie mniej ni\u017c 6 000 miejsc noclegowych.<\/p>\n<p>Nale\u017cy zauwa\u017cy\u0107, \u017ce w latach poprzedzaj\u0105cych pandemi\u0119 Almu\u00f1\u00e9car odnotowa\u0142 ponad milion nocleg\u00f3w i zosta\u0142 odwiedzony przez ponad 235 000 turyst\u00f3w, z czego ponad 30% pochodzi\u0142o spoza Hiszpanii (g\u0142\u00f3wnie z Wielkiej Brytanii, Niemiec, Francji, Belgii i Holandii).<\/p>\n<p>Nale\u017cy r\u00f3wnie\u017c zaznaczy\u0107, \u017ce w samym Almu\u00f1\u00e9car znajduje si\u0119 25% miejsc noclegowych w ca\u0142ej prowincji Granada. Jest to jedyna oficjalnie uznana gmina turystyczna i stanowi g\u0142\u00f3wny motor gospodarczy ca\u0142ego wybrze\u017ca prowincji Granada.<\/p>\n<p>Nale\u017cy r\u00f3wnie\u017c zauwa\u017cy\u0107, \u017ce wszystkie sektory i organy administracji publicznej uwa\u017caj\u0105 przemys\u0142 hotelarski Almu\u00f1\u00e9car za &#8220;najnowocze\u015bniejszy i o najwy\u017cszej jako\u015bci na wybrze\u017cu andaluzyjskim&#8221;, &#8220;ale ostrzegaj\u0105 r\u00f3wnie\u017c, \u017ce nale\u017cy by\u0107 wyczulonym na zmiany i skupi\u0107 si\u0119 na jako\u015bci i szkoleniach, aby nadal czyni\u0107 post\u0119py&#8221;.<\/p>\n<p>Z tego powodu wszystkie firmy zajmuj\u0105ce si\u0119 turystyk\u0105, w tym wszystkie hotele, schroniska, kempingi i mieszkania turystyczne w Almu\u00f1\u00e9car s\u0105 mocno zaanga\u017cowane w szkolenia, innowacje, doskona\u0142o\u015b\u0107 i zr\u00f3wnowa\u017cony rozw\u00f3j, poniewa\u017c te elementy s\u0105 kluczem do przysz\u0142o\u015bci, zawsze z my\u015bl\u0105 o dalszym rozwoju i doskonaleniu si\u0119 jako destynacja turystyczna, ale zawsze z zachowaniem swoich charakterystycznych cech, kt\u00f3re czyni\u0105 Almu\u00f1\u00e9car wyj\u0105tkow\u0105 destynacj\u0105.<\/p>\n<p>Po pandemii liczba odwiedzaj\u0105cych oczywi\u015bcie spad\u0142a, jednak dzi\u0119ki ci\u0119\u017ckiej pracy wszystkich zaanga\u017cowanych sektor\u00f3w, Almu\u00f1\u00e9car pozosta\u0142 najwa\u017cniejszym o\u015brodkiem turystycznym w prowincji Granada, a ponadto \u015bci\u015ble przestrzega wszystkich protoko\u0142\u00f3w jako\u015bci, tworz\u0105c ca\u0142kowicie bezpieczne \u015brodowisko dla wszystkich mieszka\u0144c\u00f3w i odwiedzaj\u0105cych.<\/p>\n<p>Almu\u00f1\u00e9car posiada obecnie bardzo nowoczesne obiekty o najwy\u017cszej jako\u015bci, z hotelami cztero- i trzygwiazdkowymi stanowi\u0105cymi prawie 60% ca\u0142kowitej dost\u0119pnej oferty, roz\u0142o\u017conej w nast\u0119puj\u0105cy spos\u00f3b:<\/p>\n<p>9 4-star hotels.<\/p>\n<p>6 3-star hotels.<\/p>\n<p>1 2-star hotel.<\/p>\n<p>And 4 1-star hotels.<\/p>\n<p>1 kemping w Almu\u00f1\u00e9car i 2 w La Herradura.<\/p>\n<p>15 tourist flats.<\/p>\n<p>Oraz prawie dwadzie\u015bcia hosteli i pensjonat\u00f3w.<\/p>\n<p>Nie czekaj, a\u017c kto\u015b Ci o tym powie, przyjed\u017a i ciesz si\u0119 sam, z przyjaci\u00f3\u0142mi lub rodzin\u0105, tym wszystkim, co Almu\u00f1\u00e9car ma do zaoferowania na wspania\u0142e wakacje o ka\u017cdej porze roku.<\/p>\n<\/div><\/div>[\/vc_column][\/vc_row]<\/p>\n","protected":false},"excerpt":{"rendered":"<p>[vc_row][vc_column][vc_empty_space][\/vc_column][\/vc_row]<\/p>\n","protected":false},"author":2,"featured_media":0,"parent":0,"menu_order":0,"comment_status":"closed","ping_status":"closed","template":"","meta":{"footnotes":""},"class_list":["post-8073","page","type-page","status-publish","hentry"],"yoast_head":"<!-- This site is optimized with the Yoast SEO plugin v27.3 - https:\/\/yoast.com\/product\/yoast-seo-wordpress\/ -->\n<title>Gdzie spa\u0107 w Almu\u00f1\u00e9car, najlepsze hotele -<\/title>\n<meta name=\"robots\" content=\"index, follow, max-snippet:-1, max-image-preview:large, max-video-preview:-1\" \/>\n<link rel=\"canonical\" href=\"https:\/\/discoveralmunecar.com\/pl\/gdzie-spac-w-almunecar\/\" \/>\n<meta property=\"og:locale\" content=\"pl_PL\" \/>\n<meta property=\"og:type\" content=\"article\" \/>\n<meta property=\"og:title\" content=\"Gdzie spa\u0107 w Almu\u00f1\u00e9car, najlepsze hotele -\" \/>\n<meta property=\"og:description\" content=\"[vc_row][vc_column][vc_empty_space][\/vc_column][\/vc_row]\" \/>\n<meta property=\"og:url\" content=\"https:\/\/discoveralmunecar.com\/pl\/gdzie-spac-w-almunecar\/\" \/>\n<meta name=\"twitter:card\" content=\"summary_large_image\" \/>\n<meta name=\"twitter:label1\" content=\"Szacowany czas czytania\" \/>\n\t<meta name=\"twitter:data1\" content=\"2 minuty\" \/>\n<script type=\"application\/ld+json\" class=\"yoast-schema-graph\">{\"@context\":\"https:\\\/\\\/schema.org\",\"@graph\":[{\"@type\":\"WebPage\",\"@id\":\"https:\\\/\\\/discoveralmunecar.com\\\/pl\\\/gdzie-spac-w-almunecar\\\/\",\"url\":\"https:\\\/\\\/discoveralmunecar.com\\\/pl\\\/gdzie-spac-w-almunecar\\\/\",\"name\":\"Gdzie spa\u0107 w Almu\u00f1\u00e9car, najlepsze hotele -\",\"isPartOf\":{\"@id\":\"https:\\\/\\\/discoveralmunecar.com\\\/pl\\\/#website\"},\"datePublished\":\"2022-05-10T06:43:39+00:00\",\"breadcrumb\":{\"@id\":\"https:\\\/\\\/discoveralmunecar.com\\\/pl\\\/gdzie-spac-w-almunecar\\\/#breadcrumb\"},\"inLanguage\":\"pl-PL\",\"potentialAction\":[{\"@type\":\"ReadAction\",\"target\":[\"https:\\\/\\\/discoveralmunecar.com\\\/pl\\\/gdzie-spac-w-almunecar\\\/\"]}]},{\"@type\":\"BreadcrumbList\",\"@id\":\"https:\\\/\\\/discoveralmunecar.com\\\/pl\\\/gdzie-spac-w-almunecar\\\/#breadcrumb\",\"itemListElement\":[{\"@type\":\"ListItem\",\"position\":1,\"name\":\"Home\",\"item\":\"https:\\\/\\\/discoveralmunecar.com\\\/pl\\\/\"},{\"@type\":\"ListItem\",\"position\":2,\"name\":\"Gdzie spa\u0107 w Almu\u00f1\u00e9car, najlepsze hotele\"}]},{\"@type\":\"WebSite\",\"@id\":\"https:\\\/\\\/discoveralmunecar.com\\\/pl\\\/#website\",\"url\":\"https:\\\/\\\/discoveralmunecar.com\\\/pl\\\/\",\"name\":\"\",\"description\":\"Just another WordPress site\\n\",\"potentialAction\":[{\"@type\":\"SearchAction\",\"target\":{\"@type\":\"EntryPoint\",\"urlTemplate\":\"https:\\\/\\\/discoveralmunecar.com\\\/pl\\\/?s={search_term_string}\"},\"query-input\":{\"@type\":\"PropertyValueSpecification\",\"valueRequired\":true,\"valueName\":\"search_term_string\"}}],\"inLanguage\":\"pl-PL\"}]}<\/script>\n<!-- \/ Yoast SEO plugin. -->","yoast_head_json":{"title":"Gdzie spa\u0107 w Almu\u00f1\u00e9car, najlepsze hotele -","robots":{"index":"index","follow":"follow","max-snippet":"max-snippet:-1","max-image-preview":"max-image-preview:large","max-video-preview":"max-video-preview:-1"},"canonical":"https:\/\/discoveralmunecar.com\/pl\/gdzie-spac-w-almunecar\/","og_locale":"pl_PL","og_type":"article","og_title":"Gdzie spa\u0107 w Almu\u00f1\u00e9car, najlepsze hotele -","og_description":"[vc_row][vc_column][vc_empty_space][\/vc_column][\/vc_row]","og_url":"https:\/\/discoveralmunecar.com\/pl\/gdzie-spac-w-almunecar\/","twitter_card":"summary_large_image","twitter_misc":{"Szacowany czas czytania":"2 minuty"},"schema":{"@context":"https:\/\/schema.org","@graph":[{"@type":"WebPage","@id":"https:\/\/discoveralmunecar.com\/pl\/gdzie-spac-w-almunecar\/","url":"https:\/\/discoveralmunecar.com\/pl\/gdzie-spac-w-almunecar\/","name":"Gdzie spa\u0107 w Almu\u00f1\u00e9car, najlepsze hotele -","isPartOf":{"@id":"https:\/\/discoveralmunecar.com\/pl\/#website"},"datePublished":"2022-05-10T06:43:39+00:00","breadcrumb":{"@id":"https:\/\/discoveralmunecar.com\/pl\/gdzie-spac-w-almunecar\/#breadcrumb"},"inLanguage":"pl-PL","potentialAction":[{"@type":"ReadAction","target":["https:\/\/discoveralmunecar.com\/pl\/gdzie-spac-w-almunecar\/"]}]},{"@type":"BreadcrumbList","@id":"https:\/\/discoveralmunecar.com\/pl\/gdzie-spac-w-almunecar\/#breadcrumb","itemListElement":[{"@type":"ListItem","position":1,"name":"Home","item":"https:\/\/discoveralmunecar.com\/pl\/"},{"@type":"ListItem","position":2,"name":"Gdzie spa\u0107 w Almu\u00f1\u00e9car, najlepsze hotele"}]},{"@type":"WebSite","@id":"https:\/\/discoveralmunecar.com\/pl\/#website","url":"https:\/\/discoveralmunecar.com\/pl\/","name":"","description":"Just another WordPress site\n","potentialAction":[{"@type":"SearchAction","target":{"@type":"EntryPoint","urlTemplate":"https:\/\/discoveralmunecar.com\/pl\/?s={search_term_string}"},"query-input":{"@type":"PropertyValueSpecification","valueRequired":true,"valueName":"search_term_string"}}],"inLanguage":"pl-PL"}]}},"_links":{"self":[{"href":"https:\/\/discoveralmunecar.com\/pl\/wp-json\/wp\/v2\/pages\/8073","targetHints":{"allow":["GET"]}}],"collection":[{"href":"https:\/\/discoveralmunecar.com\/pl\/wp-json\/wp\/v2\/pages"}],"about":[{"href":"https:\/\/discoveralmunecar.com\/pl\/wp-json\/wp\/v2\/types\/page"}],"author":[{"embeddable":true,"href":"https:\/\/discoveralmunecar.com\/pl\/wp-json\/wp\/v2\/users\/2"}],"replies":[{"embeddable":true,"href":"https:\/\/discoveralmunecar.com\/pl\/wp-json\/wp\/v2\/comments?post=8073"}],"version-history":[{"count":3,"href":"https:\/\/discoveralmunecar.com\/pl\/wp-json\/wp\/v2\/pages\/8073\/revisions"}],"predecessor-version":[{"id":8079,"href":"https:\/\/discoveralmunecar.com\/pl\/wp-json\/wp\/v2\/pages\/8073\/revisions\/8079"}],"wp:attachment":[{"href":"https:\/\/discoveralmunecar.com\/pl\/wp-json\/wp\/v2\/media?parent=8073"}],"curies":[{"name":"wp","href":"https:\/\/api.w.org\/{rel}","templated":true}]}}