{"id":8074,"date":"2022-05-10T06:40:02","date_gmt":"2022-05-10T06:40:02","guid":{"rendered":"https:\/\/discoveralmunecar.com\/?page_id=8074"},"modified":"2022-05-10T06:40:03","modified_gmt":"2022-05-10T06:40:03","slug":"gdzie-spac-w-la-herradura","status":"publish","type":"page","link":"https:\/\/discoveralmunecar.com\/pl\/gdzie-spac-w-la-herradura\/","title":{"rendered":"Gdzie spa\u0107 w La Herradura, najlepsze hotele"},"content":{"rendered":"<p>[vc_row][vc_column][vc_empty_space]<div class=\"text-block\" ><div class=\"simple-text \"><p>Wiadomo, \u017ce La Herradura, miasto le\u017c\u0105ce na granicy prowincji Granada (do kt\u00f3rej nale\u017cy) i Malaga, w samym sercu Costa del Sol Tropical, cho\u0107 mo\u017ce wydawa\u0107 si\u0119 ma\u0142\u0105 wiosk\u0105 ryback\u0105, jest wspania\u0142ym rajem dla mi\u0142o\u015bnik\u00f3w s\u0142o\u0144ca i pla\u017c. Dzi\u0119ki swojemu klimatowi i uprzywilejowanej lokalizacji pomi\u0119dzy klifami Maro Cerro Gordo i Punta de la Mona. Jest bardzo dobrze przygotowana do przyjmowania turyst\u00f3w przez ca\u0142y rok. Znajduje si\u0119 tu r\u00f3wnie\u017c wiele wspania\u0142ych miejsc noclegowych.<\/p>\n<p>Dlatego te\u017c, nie b\u0119d\u0105c przesi\u0105kni\u0119tym i pozbawionym dusz\u0105cej presji masowej turystyki s\u0105siedniego wybrze\u017ca Malagi czy hiszpa\u0144skiego Levante, znajdziemy tu bardzo blisk\u0105 i spokojn\u0105 baz\u0119 hotelow\u0105, odpowiadaj\u0105c\u0105 wszelkim gustom. Znajdziemy tu zar\u00f3wno kempingi, na kt\u00f3rych mo\u017cna cieszy\u0107 si\u0119 natur\u0105 we wszystkich jej zmys\u0142ach, jak i hotele czterogwiazdkowe, pensjonaty i luksusowe wille.<\/p>\n<p>W\u015br\u00f3d hoteli znajdziemy wiele po\u0142o\u017conych bezpo\u015brednio przy pla\u017cy lub w centrum miasta, ale wszystkie bardzo blisko wspania\u0142ej pla\u017cy i, w wi\u0119kszo\u015bci przypadk\u00f3w, z wyj\u0105tkowym widokiem na wybrze\u017ce.<\/p>\n<p>Ponadto, bogat\u0105 ofert\u0119 zakwaterowania uzupe\u0142niaj\u0105 mieszkania turystyczne, kt\u00f3re ciesz\u0105 si\u0119 du\u017c\u0105 popularno\u015bci\u0105 i mo\u017cna je znale\u017a\u0107 w luksusowych urbanizacjach, z r\u00f3\u017cnego rodzaju us\u0142ugami i udogodnieniami, od basen\u00f3w po ogrody i place zabaw dla dzieci, w centrum miasta lub zaledwie kilka metr\u00f3w od pla\u017cy. Ponadto wi\u0119kszo\u015b\u0107 z tych obiekt\u00f3w posiada nowoczesne i dobrze utrzymane wyposa\u017cenie, dzi\u0119ki czemu stanowi\u0105 doskona\u0142\u0105 propozycj\u0119 dla rodzin.<\/p>\n<p>Nale\u017cy pami\u0119ta\u0107, \u017ce je\u015bli chcesz sp\u0119dzi\u0107 kilka dni w La Herradura w szczycie sezonu, od czerwca do wrze\u015bnia, zaleca si\u0119 dokonanie rezerwacji w jednym z tych miejsc noclegowych z du\u017cym wyprzedzeniem.<\/p>\n<p>Najpopularniejsze miejsca noclegowe to:<\/p>\n<ul>\n<li>Marina del Este\/Berengueles, niewielka, ale luksusowa marina oraz pla\u017ca bardzo blisko portu, kt\u00f3ra dzi\u0119ki skalistemu dnu i \u015bcianom jest rajem dla mi\u0142o\u015bnik\u00f3w nurkowania i snorkelingu.<\/li>\n<li>Punta de la Mona: s\u0142ynna urbanizacja po\u0142o\u017cona w miejscu o tej samej nazwie, kt\u00f3re by\u0142o domem wirtuoza gitary Andr\u00e9sa Segovii, uwa\u017canego za ojca wsp\u00f3\u0142czesnego ruchu gitary klasycznej, a La Herradura odda\u0142a mu ho\u0142d, nazywaj\u0105c jego imieniem promenad\u0119 miasta, kt\u00f3ra jest jedn\u0105 z jego g\u0142\u00f3wnych arterii.<\/li>\n<li>Miasto.<\/li>\n<li>Wschodnia i zachodnia cz\u0119\u015b\u0107 nadbrze\u017ca La Herradura.<\/li>\n<\/ul>\n<p>A w\u015br\u00f3d hoteli i pensjonat\u00f3w mo\u017cemy wyr\u00f3\u017cni\u0107, cho\u0107 jest ich znacznie wi\u0119cej:<\/p>\n<ul>\n<li>Best Alcazar.<\/li>\n<li>H Boutique Pe\u00f1a Parda Bay.<\/li>\n<li>Oyo Almijara.<\/li>\n<li>Sol Los Fenicios.<\/li>\n<li>Caleta Bay.<\/li>\n<li>Pension La Herradura<\/li>\n<\/ul>\n<p>Nie daj sobie wm\u00f3wi\u0107, odwied\u017a La Herradura i zatrzymaj si\u0119 w jednym z jej wspania\u0142ych obiekt\u00f3w po\u0142o\u017conych nad Morzem \u015ar\u00f3dziemnym.<\/p>\n<\/div><\/div>[\/vc_column][\/vc_row]<\/p>\n","protected":false},"excerpt":{"rendered":"<p>[vc_row][vc_column][vc_empty_space][\/vc_column][\/vc_row]<\/p>\n","protected":false},"author":2,"featured_media":0,"parent":0,"menu_order":0,"comment_status":"closed","ping_status":"closed","template":"","meta":{"footnotes":""},"class_list":["post-8074","page","type-page","status-publish","hentry"],"yoast_head":"<!-- This site is optimized with the Yoast SEO plugin v27.3 - https:\/\/yoast.com\/product\/yoast-seo-wordpress\/ -->\n<title>Gdzie spa\u0107 w La Herradura, najlepsze hotele -<\/title>\n<meta name=\"robots\" content=\"index, follow, max-snippet:-1, max-image-preview:large, max-video-preview:-1\" \/>\n<link rel=\"canonical\" href=\"https:\/\/discoveralmunecar.com\/pl\/gdzie-spac-w-la-herradura\/\" \/>\n<meta property=\"og:locale\" content=\"pl_PL\" \/>\n<meta property=\"og:type\" content=\"article\" \/>\n<meta property=\"og:title\" content=\"Gdzie spa\u0107 w La Herradura, najlepsze hotele -\" \/>\n<meta property=\"og:description\" content=\"[vc_row][vc_column][vc_empty_space][\/vc_column][\/vc_row]\" \/>\n<meta property=\"og:url\" content=\"https:\/\/discoveralmunecar.com\/pl\/gdzie-spac-w-la-herradura\/\" \/>\n<meta property=\"article:modified_time\" content=\"2022-05-10T06:40:03+00:00\" \/>\n<meta name=\"twitter:card\" content=\"summary_large_image\" \/>\n<meta name=\"twitter:label1\" content=\"Szacowany czas czytania\" \/>\n\t<meta name=\"twitter:data1\" content=\"2 minuty\" \/>\n<script type=\"application\/ld+json\" class=\"yoast-schema-graph\">{\"@context\":\"https:\\\/\\\/schema.org\",\"@graph\":[{\"@type\":\"WebPage\",\"@id\":\"https:\\\/\\\/discoveralmunecar.com\\\/pl\\\/gdzie-spac-w-la-herradura\\\/\",\"url\":\"https:\\\/\\\/discoveralmunecar.com\\\/pl\\\/gdzie-spac-w-la-herradura\\\/\",\"name\":\"Gdzie spa\u0107 w La Herradura, najlepsze hotele -\",\"isPartOf\":{\"@id\":\"https:\\\/\\\/discoveralmunecar.com\\\/pl\\\/#website\"},\"datePublished\":\"2022-05-10T06:40:02+00:00\",\"dateModified\":\"2022-05-10T06:40:03+00:00\",\"breadcrumb\":{\"@id\":\"https:\\\/\\\/discoveralmunecar.com\\\/pl\\\/gdzie-spac-w-la-herradura\\\/#breadcrumb\"},\"inLanguage\":\"pl-PL\",\"potentialAction\":[{\"@type\":\"ReadAction\",\"target\":[\"https:\\\/\\\/discoveralmunecar.com\\\/pl\\\/gdzie-spac-w-la-herradura\\\/\"]}]},{\"@type\":\"BreadcrumbList\",\"@id\":\"https:\\\/\\\/discoveralmunecar.com\\\/pl\\\/gdzie-spac-w-la-herradura\\\/#breadcrumb\",\"itemListElement\":[{\"@type\":\"ListItem\",\"position\":1,\"name\":\"Home\",\"item\":\"https:\\\/\\\/discoveralmunecar.com\\\/pl\\\/\"},{\"@type\":\"ListItem\",\"position\":2,\"name\":\"Gdzie spa\u0107 w La Herradura, najlepsze hotele\"}]},{\"@type\":\"WebSite\",\"@id\":\"https:\\\/\\\/discoveralmunecar.com\\\/pl\\\/#website\",\"url\":\"https:\\\/\\\/discoveralmunecar.com\\\/pl\\\/\",\"name\":\"\",\"description\":\"Just another WordPress site\\n\",\"potentialAction\":[{\"@type\":\"SearchAction\",\"target\":{\"@type\":\"EntryPoint\",\"urlTemplate\":\"https:\\\/\\\/discoveralmunecar.com\\\/pl\\\/?s={search_term_string}\"},\"query-input\":{\"@type\":\"PropertyValueSpecification\",\"valueRequired\":true,\"valueName\":\"search_term_string\"}}],\"inLanguage\":\"pl-PL\"}]}<\/script>\n<!-- \/ Yoast SEO plugin. -->","yoast_head_json":{"title":"Gdzie spa\u0107 w La Herradura, najlepsze hotele -","robots":{"index":"index","follow":"follow","max-snippet":"max-snippet:-1","max-image-preview":"max-image-preview:large","max-video-preview":"max-video-preview:-1"},"canonical":"https:\/\/discoveralmunecar.com\/pl\/gdzie-spac-w-la-herradura\/","og_locale":"pl_PL","og_type":"article","og_title":"Gdzie spa\u0107 w La Herradura, najlepsze hotele -","og_description":"[vc_row][vc_column][vc_empty_space][\/vc_column][\/vc_row]","og_url":"https:\/\/discoveralmunecar.com\/pl\/gdzie-spac-w-la-herradura\/","article_modified_time":"2022-05-10T06:40:03+00:00","twitter_card":"summary_large_image","twitter_misc":{"Szacowany czas czytania":"2 minuty"},"schema":{"@context":"https:\/\/schema.org","@graph":[{"@type":"WebPage","@id":"https:\/\/discoveralmunecar.com\/pl\/gdzie-spac-w-la-herradura\/","url":"https:\/\/discoveralmunecar.com\/pl\/gdzie-spac-w-la-herradura\/","name":"Gdzie spa\u0107 w La Herradura, najlepsze hotele -","isPartOf":{"@id":"https:\/\/discoveralmunecar.com\/pl\/#website"},"datePublished":"2022-05-10T06:40:02+00:00","dateModified":"2022-05-10T06:40:03+00:00","breadcrumb":{"@id":"https:\/\/discoveralmunecar.com\/pl\/gdzie-spac-w-la-herradura\/#breadcrumb"},"inLanguage":"pl-PL","potentialAction":[{"@type":"ReadAction","target":["https:\/\/discoveralmunecar.com\/pl\/gdzie-spac-w-la-herradura\/"]}]},{"@type":"BreadcrumbList","@id":"https:\/\/discoveralmunecar.com\/pl\/gdzie-spac-w-la-herradura\/#breadcrumb","itemListElement":[{"@type":"ListItem","position":1,"name":"Home","item":"https:\/\/discoveralmunecar.com\/pl\/"},{"@type":"ListItem","position":2,"name":"Gdzie spa\u0107 w La Herradura, najlepsze hotele"}]},{"@type":"WebSite","@id":"https:\/\/discoveralmunecar.com\/pl\/#website","url":"https:\/\/discoveralmunecar.com\/pl\/","name":"","description":"Just another WordPress site\n","potentialAction":[{"@type":"SearchAction","target":{"@type":"EntryPoint","urlTemplate":"https:\/\/discoveralmunecar.com\/pl\/?s={search_term_string}"},"query-input":{"@type":"PropertyValueSpecification","valueRequired":true,"valueName":"search_term_string"}}],"inLanguage":"pl-PL"}]}},"_links":{"self":[{"href":"https:\/\/discoveralmunecar.com\/pl\/wp-json\/wp\/v2\/pages\/8074","targetHints":{"allow":["GET"]}}],"collection":[{"href":"https:\/\/discoveralmunecar.com\/pl\/wp-json\/wp\/v2\/pages"}],"about":[{"href":"https:\/\/discoveralmunecar.com\/pl\/wp-json\/wp\/v2\/types\/page"}],"author":[{"embeddable":true,"href":"https:\/\/discoveralmunecar.com\/pl\/wp-json\/wp\/v2\/users\/2"}],"replies":[{"embeddable":true,"href":"https:\/\/discoveralmunecar.com\/pl\/wp-json\/wp\/v2\/comments?post=8074"}],"version-history":[{"count":2,"href":"https:\/\/discoveralmunecar.com\/pl\/wp-json\/wp\/v2\/pages\/8074\/revisions"}],"predecessor-version":[{"id":8077,"href":"https:\/\/discoveralmunecar.com\/pl\/wp-json\/wp\/v2\/pages\/8074\/revisions\/8077"}],"wp:attachment":[{"href":"https:\/\/discoveralmunecar.com\/pl\/wp-json\/wp\/v2\/media?parent=8074"}],"curies":[{"name":"wp","href":"https:\/\/api.w.org\/{rel}","templated":true}]}}